{"id":1611,"date":"2025-01-15T12:44:44","date_gmt":"2025-01-15T12:44:44","guid":{"rendered":"https:\/\/staging.capozzoinn.com\/kulturrouten\/felix-itinerary\/"},"modified":"2026-03-18T14:34:11","modified_gmt":"2026-03-18T14:34:11","slug":"felix-itinerary","status":"publish","type":"page","link":"https:\/\/capozzoinn.com\/de\/kulturrouten\/felix-itinerary\/","title":{"rendered":"Felix Itinerary"},"content":{"rendered":"\n<p>Was ist das? \u2026 Eine kulturelle Route, die Sie durch ein mysteri\u00f6ses Venedig und abseits der ausgetretenen Pfade f\u00fchrt. Ein Venedig, das immer wieder ein aufmerksames und neugieriges Auge in Erstaunen versetzt.<\/p>\n\n\n\n<p><strong>L\u00e4nge:<\/strong><br>1,8 km<\/p>\n\n\n\n<p><strong>Durchschnittliche Reisezeit:<\/strong><br>45 Minuten \/ 1 Stunde<\/p>\n\n\n\n<div class=\"wp-block-buttons is-layout-flex wp-block-buttons-is-layout-flex\">\n<div class=\"wp-block-button\"><a class=\"wp-block-button__link has-white-color has-text-color has-background has-link-color wp-element-button\" href=\"https:\/\/capozzoinn.com\/wp-content\/uploads\/2025\/07\/CaPozzoInnVenice_FELIX_2021_DEU.pdf\" style=\"background-color:#a80532\" target=\"_blank\" rel=\"noreferrer noopener\"><strong>REISEROUTE HERUNTERLADEN<\/strong><\/a><\/div>\n<\/div>\n\n\n\n<figure class=\"wp-block-embed is-type-video is-provider-vimeo wp-block-embed-vimeo wp-embed-aspect-9-16 wp-has-aspect-ratio\"><div class=\"wp-block-embed__wrapper\">\n<iframe loading=\"lazy\" title=\"ITINERARIO_FELIX_eng\" src=\"https:\/\/player.vimeo.com\/video\/1174774854?dnt=1&amp;app_id=122963\" width=\"422\" height=\"750\" frameborder=\"0\" allow=\"autoplay; fullscreen; picture-in-picture; clipboard-write; encrypted-media; web-share\" referrerpolicy=\"strict-origin-when-cross-origin\"><\/iframe>\n<\/div><\/figure>\n\n\n\n<figure class=\"wp-block-embed is-type-video is-provider-vimeo wp-block-embed-vimeo wp-embed-aspect-16-9 wp-has-aspect-ratio\"><div class=\"wp-block-embed__wrapper\">\n<iframe loading=\"lazy\" title=\"FELIX\" src=\"https:\/\/player.vimeo.com\/video\/497287337?dnt=1&amp;app_id=122963\" width=\"500\" height=\"275\" frameborder=\"0\" allow=\"autoplay; fullscreen; picture-in-picture; clipboard-write; encrypted-media\"><\/iframe>\n<\/div><\/figure>\n\n\n\n<h3 class=\"wp-block-heading\"><\/h3>\n\n\n\n<p><strong>Pfad<\/strong><br>Diese Route entwickelt sich im Bezirk Cannaregio mit dem Startpunkt in Ponte Guglie und endet mit der \u00dcberquerung des Campo San Felice in der Calle del Traghetto.<\/p>\n","protected":false},"excerpt":{"rendered":"<p>Was ist das? \u2026 Eine kulturelle Route, die Sie durch ein mysteri\u00f6ses Venedig und abseits der ausgetretenen Pfade f\u00fchrt. Ein Venedig, das immer wieder ein aufmerksames und neugieriges Auge in Erstaunen versetzt. L\u00e4nge:1,8 km Durchschnittliche Reisezeit:45 Minuten \/ 1 Stunde PfadDiese Route entwickelt sich im Bezirk Cannaregio mit dem Startpunkt in Ponte Guglie und endet [&hellip;]<\/p>\n","protected":false},"author":1,"featured_media":1858,"parent":787,"menu_order":0,"comment_status":"closed","ping_status":"closed","template":"templates\/lista-figlio.php","meta":{"_acf_changed":false,"footnotes":""},"class_list":["post-1611","page","type-page","status-publish","has-post-thumbnail","hentry"],"acf":[],"_links":{"self":[{"href":"https:\/\/capozzoinn.com\/de\/wp-json\/wp\/v2\/pages\/1611","targetHints":{"allow":["GET"]}}],"collection":[{"href":"https:\/\/capozzoinn.com\/de\/wp-json\/wp\/v2\/pages"}],"about":[{"href":"https:\/\/capozzoinn.com\/de\/wp-json\/wp\/v2\/types\/page"}],"author":[{"embeddable":true,"href":"https:\/\/capozzoinn.com\/de\/wp-json\/wp\/v2\/users\/1"}],"replies":[{"embeddable":true,"href":"https:\/\/capozzoinn.com\/de\/wp-json\/wp\/v2\/comments?post=1611"}],"version-history":[{"count":6,"href":"https:\/\/capozzoinn.com\/de\/wp-json\/wp\/v2\/pages\/1611\/revisions"}],"predecessor-version":[{"id":5557,"href":"https:\/\/capozzoinn.com\/de\/wp-json\/wp\/v2\/pages\/1611\/revisions\/5557"}],"up":[{"embeddable":true,"href":"https:\/\/capozzoinn.com\/de\/wp-json\/wp\/v2\/pages\/787"}],"wp:featuredmedia":[{"embeddable":true,"href":"https:\/\/capozzoinn.com\/de\/wp-json\/wp\/v2\/media\/1858"}],"wp:attachment":[{"href":"https:\/\/capozzoinn.com\/de\/wp-json\/wp\/v2\/media?parent=1611"}],"curies":[{"name":"wp","href":"https:\/\/api.w.org\/{rel}","templated":true}]}}