{"id":3415,"date":"2025-03-25T07:39:33","date_gmt":"2025-03-25T07:39:33","guid":{"rendered":"https:\/\/staging.capozzoinn.com\/?page_id=3415"},"modified":"2025-06-23T13:31:27","modified_gmt":"2025-06-23T13:31:27","slug":"fruehstueck","status":"publish","type":"page","link":"https:\/\/capozzoinn.com\/de\/fruehstueck\/","title":{"rendered":"Fr\u00fchst\u00fcck"},"content":{"rendered":"\n<p><strong>Ca\u2018 Pozzo bietet einen Fr\u00fchst\u00fccksbuffetservice im Hauptraum<\/strong> in der N\u00e4he der Rezeption an, zu dem bei Bedarf einige Tische im kleinen Raum in der N\u00e4he des Eingangs hinzugef\u00fcgt werden.<\/p>\n\n\n\n<p>Im Sommer fr\u00fchst\u00fccken unsere G\u00e4ste gerne drau\u00dfen im Haupthof, gesch\u00fctzt durch die gro\u00dfe Markise vor der Sonne und dem gelegentlichen Nieselregen, der im Sommer etwas von der Hitze abk\u00fchlt.<\/p>\n\n\n\n<p><strong>Das Buffet <\/strong>besteht aus einem ersten herzhaften Teil, der aus warmen Gerichten (R\u00fchrei, hartgekochte Eier und ger\u00e4ucherter Speck) besteht, und einem Teil mit kalten Speisen mit verschiedenen K\u00e4sesorten, darunter Frischk\u00e4se verschiedener Sorten wie Mozzarella, Frischk\u00e4se in Scheiben und Dreiecken, gemischter Aufschnitt und eine Auswahl an Joghurts. All dies, ohne unsere Backwaren wie verschiedene Brotsorten, darunter Sandwichbrot, Cracker und Zwieback, zu vergessen.<\/p>\n\n\n\n<p>Der s\u00fc\u00dfe Buffetteil umfasst warme Gerichte wie Pfannkuchen, Muffins und Waffeln, die jeden Morgen zubereitet werden, ohne die Kuchen, M\u00fcsli verschiedener Auswahl, Marmeladen und Kekse zu vergessen, von denen einige typisch f\u00fcr das Lokal sind.<\/p>\n\n\n\n<p>F\u00fcr Obstliebhaber d\u00fcrfen wir die Obstk\u00f6rbe nicht vergessen, die je nach Saisonobst variieren, und das Carpaccio, das morgens mit Liebe vom Personal im Speisesaal geschnitten wird.<\/p>\n\n\n\n<p>Zu all dem kommt der Tischservice f\u00fcr alle Getr\u00e4nke hinzu, die Sie zu sch\u00e4tzen wissen, einschlie\u00dflich eines frischen Orangensafts.<\/p>\n\n\n\n<p>Erw\u00e4hnenswert sind vor allem die <strong>\u201eglutenfreien\u201c<\/strong> Produkte am Buffet: ein kleiner Korb mit verschiedenen s\u00fc\u00dfen oder herzhaften Paketen und dann die <strong>\u201eveganen\u201c<\/strong> Kuchen, die jeden Tag diejenigen mit besonderen Ern\u00e4hrungsbed\u00fcrfnissen zufriedenstellen.<\/p>\n\n\n\n<p>F\u00fcr diejenigen, die im Zimmer faulenzen und nicht in den Fr\u00fchst\u00fccksraum gehen m\u00f6chten, bieten wir den Service im Zimmer gegen einen kleinen Aufpreis zum Tagespreis an. Sie k\u00f6nnen das Fr\u00fchst\u00fcck in der Privatsph\u00e4re Ihres eigenen Zimmers genie\u00dfen.<\/p>\n\n\n\n<p>F\u00fcr diejenigen, die fr\u00fchmorgens abreisen m\u00fcssen oder einen Ausflug zu den venezianischen Inseln machen und das Fr\u00fchst\u00fcck mitnehmen m\u00f6chten, bieten wir unser <strong>Take-away-Angebot<\/strong> kostenlos an: eine kleine T\u00fcte oder eine praktische Schachtel voller vieler Leckereien, die vom Buffet genommen und von unserem Personal im Fr\u00fchst\u00fccksraum zubereitet werden.<\/p>\n","protected":false},"excerpt":{"rendered":"<p>Ca\u2018 Pozzo bietet einen Fr\u00fchst\u00fccksbuffetservice im Hauptraum in der N\u00e4he der Rezeption an, zu dem bei Bedarf einige Tische im kleinen Raum in der N\u00e4he des Eingangs hinzugef\u00fcgt werden. Im Sommer fr\u00fchst\u00fccken unsere G\u00e4ste gerne drau\u00dfen im Haupthof, gesch\u00fctzt durch die gro\u00dfe Markise vor der Sonne und dem gelegentlichen Nieselregen, der im Sommer etwas von [&hellip;]<\/p>\n","protected":false},"author":1,"featured_media":4639,"parent":0,"menu_order":0,"comment_status":"closed","ping_status":"closed","template":"","meta":{"_acf_changed":false,"footnotes":""},"class_list":["post-3415","page","type-page","status-publish","has-post-thumbnail","hentry"],"acf":[],"_links":{"self":[{"href":"https:\/\/capozzoinn.com\/de\/wp-json\/wp\/v2\/pages\/3415","targetHints":{"allow":["GET"]}}],"collection":[{"href":"https:\/\/capozzoinn.com\/de\/wp-json\/wp\/v2\/pages"}],"about":[{"href":"https:\/\/capozzoinn.com\/de\/wp-json\/wp\/v2\/types\/page"}],"author":[{"embeddable":true,"href":"https:\/\/capozzoinn.com\/de\/wp-json\/wp\/v2\/users\/1"}],"replies":[{"embeddable":true,"href":"https:\/\/capozzoinn.com\/de\/wp-json\/wp\/v2\/comments?post=3415"}],"version-history":[{"count":2,"href":"https:\/\/capozzoinn.com\/de\/wp-json\/wp\/v2\/pages\/3415\/revisions"}],"predecessor-version":[{"id":4622,"href":"https:\/\/capozzoinn.com\/de\/wp-json\/wp\/v2\/pages\/3415\/revisions\/4622"}],"wp:featuredmedia":[{"embeddable":true,"href":"https:\/\/capozzoinn.com\/de\/wp-json\/wp\/v2\/media\/4639"}],"wp:attachment":[{"href":"https:\/\/capozzoinn.com\/de\/wp-json\/wp\/v2\/media?parent=3415"}],"curies":[{"name":"wp","href":"https:\/\/api.w.org\/{rel}","templated":true}]}}