{"id":3417,"date":"2025-03-25T07:41:33","date_gmt":"2025-03-25T07:41:33","guid":{"rendered":"https:\/\/staging.capozzoinn.com\/?page_id=3417"},"modified":"2025-06-26T16:11:27","modified_gmt":"2025-06-26T16:11:27","slug":"aussenhof","status":"publish","type":"page","link":"https:\/\/capozzoinn.com\/de\/aussenhof\/","title":{"rendered":"Au\u00dfenhof, Terrasse und Zimmer mit privaten Innenh\u00f6fen"},"content":{"rendered":"\n<p><strong>Ca\u2018 Pozzo entstand in einem gro\u00dfen Au\u00dfenhof, wo Sie die Ruhe und den Frieden eines etwas ungew\u00f6hnlichen Venedigs genie\u00dfen k\u00f6nnen,<\/strong> nur zwei Schritte von der Ponte delle Guglie und dem Geplapper der zahlreichen Touristen entfernt, die ihn jeden Tag \u00fcberqueren, um nach Rialto oder San Marco zu fahren.<\/p>\n\n\n\n<p>Unsere gro\u00dfe Terrasse bietet Ihnen die M\u00f6glichkeit, morgens im Haupthof zu fr\u00fchst\u00fccken oder nach einem langen Spaziergang durch die venezianischen Stra\u00dfen drau\u00dfen zu sitzen und ein Getr\u00e4nk zu genie\u00dfen.<\/p>\n\n\n\n<p>Wenn Ihnen der Innenhof nicht ausreicht, bietet Ihnen Ca\u2018 Pozzo die M\u00f6glichkeit, eine riesige Terrasse zu nutzen, die sich im h\u00f6chsten Teil des Geb\u00e4udes befindet und einen Blick auf die umliegenden Geb\u00e4ude bietet. Hier k\u00f6nnen Sie auch in den sp\u00e4ten Nachmittagsstunden sitzen und ein gutes Buch lesen, wenn Sie die M\u00fcdigkeit eines Tages in Museen und bei Spazierg\u00e4ngen sp\u00fcren.<\/p>\n\n\n\n<p>Einige Zimmer verf\u00fcgen auch \u00fcber einen kleinen <strong>privaten Innenhof<\/strong> mit Gartenm\u00f6beln, wo Sie ein wenig Ruhe und Privatsph\u00e4re genie\u00dfen k\u00f6nnen. Die privaten Innenh\u00f6fe sind Teil einiger Zimmer mit besonderem Komfort und k\u00f6nnen auf Anfrage gebucht werden.<\/p>\n\n\n\n<figure class=\"wp-block-gallery has-nested-images columns-default is-cropped wp-block-gallery-1 is-layout-flex wp-block-gallery-is-layout-flex\">\n<figure class=\"wp-block-image size-large\"><img loading=\"lazy\" decoding=\"async\" width=\"1024\" height=\"538\" data-id=\"4603\" src=\"https:\/\/capozzoinn.com\/wp-content\/uploads\/2025\/06\/Capozzo-Venice-1024x538.webp\" alt=\"Capozzo-Venice\" class=\"wp-image-4603\" srcset=\"https:\/\/capozzoinn.com\/wp-content\/uploads\/2025\/06\/Capozzo-Venice-1024x538.webp 1024w, https:\/\/capozzoinn.com\/wp-content\/uploads\/2025\/06\/Capozzo-Venice-300x158.webp 300w, https:\/\/capozzoinn.com\/wp-content\/uploads\/2025\/06\/Capozzo-Venice-768x403.webp 768w, https:\/\/capozzoinn.com\/wp-content\/uploads\/2025\/06\/Capozzo-Venice.webp 1200w\" sizes=\"auto, (max-width: 1024px) 100vw, 1024px\" \/><\/figure>\n\n\n\n<figure class=\"wp-block-image size-large\"><img loading=\"lazy\" decoding=\"async\" width=\"1000\" height=\"833\" data-id=\"4578\" src=\"https:\/\/capozzoinn.com\/wp-content\/uploads\/2025\/06\/Rooftop.webp\" alt=\"Rooftop\" class=\"wp-image-4578\" srcset=\"https:\/\/capozzoinn.com\/wp-content\/uploads\/2025\/06\/Rooftop.webp 1000w, https:\/\/capozzoinn.com\/wp-content\/uploads\/2025\/06\/Rooftop-300x250.webp 300w, https:\/\/capozzoinn.com\/wp-content\/uploads\/2025\/06\/Rooftop-768x640.webp 768w\" sizes=\"auto, (max-width: 1000px) 100vw, 1000px\" \/><\/figure>\n\n\n\n<figure class=\"wp-block-image size-large\"><img loading=\"lazy\" decoding=\"async\" width=\"1000\" height=\"833\" data-id=\"4588\" src=\"https:\/\/capozzoinn.com\/wp-content\/uploads\/2025\/06\/courtyard.webp\" alt=\"Courtyard\" class=\"wp-image-4588\" srcset=\"https:\/\/capozzoinn.com\/wp-content\/uploads\/2025\/06\/courtyard.webp 1000w, https:\/\/capozzoinn.com\/wp-content\/uploads\/2025\/06\/courtyard-300x250.webp 300w, https:\/\/capozzoinn.com\/wp-content\/uploads\/2025\/06\/courtyard-768x640.webp 768w\" sizes=\"auto, (max-width: 1000px) 100vw, 1000px\" \/><\/figure>\n<\/figure>\n","protected":false},"excerpt":{"rendered":"<p>Ca\u2018 Pozzo entstand in einem gro\u00dfen Au\u00dfenhof, wo Sie die Ruhe und den Frieden eines etwas ungew\u00f6hnlichen Venedigs genie\u00dfen k\u00f6nnen, nur zwei Schritte von der Ponte delle Guglie und dem Geplapper der zahlreichen Touristen entfernt, die ihn jeden Tag \u00fcberqueren, um nach Rialto oder San Marco zu fahren. Unsere gro\u00dfe Terrasse bietet Ihnen die M\u00f6glichkeit, [&hellip;]<\/p>\n","protected":false},"author":1,"featured_media":0,"parent":0,"menu_order":0,"comment_status":"closed","ping_status":"closed","template":"","meta":{"_acf_changed":false,"footnotes":""},"class_list":["post-3417","page","type-page","status-publish","hentry"],"acf":[],"_links":{"self":[{"href":"https:\/\/capozzoinn.com\/de\/wp-json\/wp\/v2\/pages\/3417","targetHints":{"allow":["GET"]}}],"collection":[{"href":"https:\/\/capozzoinn.com\/de\/wp-json\/wp\/v2\/pages"}],"about":[{"href":"https:\/\/capozzoinn.com\/de\/wp-json\/wp\/v2\/types\/page"}],"author":[{"embeddable":true,"href":"https:\/\/capozzoinn.com\/de\/wp-json\/wp\/v2\/users\/1"}],"replies":[{"embeddable":true,"href":"https:\/\/capozzoinn.com\/de\/wp-json\/wp\/v2\/comments?post=3417"}],"version-history":[{"count":4,"href":"https:\/\/capozzoinn.com\/de\/wp-json\/wp\/v2\/pages\/3417\/revisions"}],"predecessor-version":[{"id":5263,"href":"https:\/\/capozzoinn.com\/de\/wp-json\/wp\/v2\/pages\/3417\/revisions\/5263"}],"wp:attachment":[{"href":"https:\/\/capozzoinn.com\/de\/wp-json\/wp\/v2\/media?parent=3417"}],"curies":[{"name":"wp","href":"https:\/\/api.w.org\/{rel}","templated":true}]}}