{"id":3543,"date":"2025-01-10T08:51:39","date_gmt":"2025-01-10T08:51:39","guid":{"rendered":"https:\/\/staging.capozzoinn.com\/?page_id=3543"},"modified":"2025-06-26T13:14:14","modified_gmt":"2025-06-26T13:14:14","slug":"richtungen-lage","status":"publish","type":"page","link":"https:\/\/capozzoinn.com\/de\/richtungen-lage\/","title":{"rendered":"Richtungen \u2013 Lage"},"content":{"rendered":"\n<p>Ca&#8216; Pozzo erreichen Sie vom Busbahnhof Piazzale Roma aus f\u00fcr ca. 10 Minuten, nur um die bekannte Br\u00fccke &#8222;Calatrava&#8220; zu \u00fcberqueren, die Denkbr\u00fccke hei\u00dft.<\/p>\n\n\n\n<p>Vom Hotel aus erreichen Sie den Markusplatz\/Piazza San Marco zu Fu\u00df oder mit dem Boot.<\/p>\n","protected":false},"excerpt":{"rendered":"<p>Ca&#8216; Pozzo erreichen Sie vom Busbahnhof Piazzale Roma aus f\u00fcr ca. 10 Minuten, nur um die bekannte Br\u00fccke &#8222;Calatrava&#8220; zu \u00fcberqueren, die Denkbr\u00fccke hei\u00dft. Vom Hotel aus erreichen Sie den Markusplatz\/Piazza San Marco zu Fu\u00df oder mit dem Boot.<\/p>\n","protected":false},"author":1,"featured_media":0,"parent":0,"menu_order":0,"comment_status":"closed","ping_status":"closed","template":"templates\/dove-siamo.php","meta":{"_acf_changed":false,"footnotes":""},"class_list":["post-3543","page","type-page","status-publish","hentry"],"acf":[],"_links":{"self":[{"href":"https:\/\/capozzoinn.com\/de\/wp-json\/wp\/v2\/pages\/3543","targetHints":{"allow":["GET"]}}],"collection":[{"href":"https:\/\/capozzoinn.com\/de\/wp-json\/wp\/v2\/pages"}],"about":[{"href":"https:\/\/capozzoinn.com\/de\/wp-json\/wp\/v2\/types\/page"}],"author":[{"embeddable":true,"href":"https:\/\/capozzoinn.com\/de\/wp-json\/wp\/v2\/users\/1"}],"replies":[{"embeddable":true,"href":"https:\/\/capozzoinn.com\/de\/wp-json\/wp\/v2\/comments?post=3543"}],"version-history":[{"count":7,"href":"https:\/\/capozzoinn.com\/de\/wp-json\/wp\/v2\/pages\/3543\/revisions"}],"predecessor-version":[{"id":5257,"href":"https:\/\/capozzoinn.com\/de\/wp-json\/wp\/v2\/pages\/3543\/revisions\/5257"}],"wp:attachment":[{"href":"https:\/\/capozzoinn.com\/de\/wp-json\/wp\/v2\/media?parent=3543"}],"curies":[{"name":"wp","href":"https:\/\/api.w.org\/{rel}","templated":true}]}}