{"id":361,"date":"2025-01-09T02:34:59","date_gmt":"2025-01-09T02:34:59","guid":{"rendered":"https:\/\/staging.capozzoinn.com\/events\/feast-of-the-redeemer\/"},"modified":"2025-06-24T07:28:08","modified_gmt":"2025-06-24T07:28:08","slug":"erloeserfest","status":"publish","type":"page","link":"https:\/\/capozzoinn.com\/de\/ereignisse\/erloeserfest\/","title":{"rendered":"Erl\u00f6serfest"},"content":{"rendered":"\n<p>Das\u00a0<strong>Erl\u00f6serfest<\/strong>\u00a0ist eines der wichtigsten Feste in Venedig, das sowohl Touristen als auch Menschen anzieht, die in Venedig und auf dem Festland leben.<\/p>\n\n\n\n<p>Am dritten Sonntag im Juli bauen venezianische Menschen eine Br\u00fccke, um die Insel Venedig (Fondamenta delle Zattere) mit der Paladian Basilika des Erl\u00f6sers auf der Insel Giudecca zu verbinden. Die Insel Giudecca liegt direkt vor Venedig. Die Br\u00fccke ist gebaut, um die Pilger das Meer \u00fcberqueren und die Basilika erreichen zu lassen.<\/p>\n\n\n\n<p>Die Basilika wurde gebaut, um an das Ende der Pest zu erinnern, die 1576 stattfand. Folglich wird die Br\u00fccke jedes Jahr als Gel\u00fcbde gebaut und die Venezianer erinnern sich an das wichtige Ereignis, indem sie das Fest des Erl\u00f6sers feiern.<\/p>\n\n\n\n<p>Tats\u00e4chlich versammeln sich am Samstagabend viele geschm\u00fcckte Boote in der N\u00e4he des Markusbeckens und warten auf das Feuerwerk, das gegen Mitternacht stattfindet. In dieser Nacht singen, tanzen und essen die Venezianer normalerweise, w\u00e4hrend sie darauf warten, das Feuerwerk zu genie\u00dfen.<\/p>\n\n\n\n<p><\/p>\n","protected":false},"excerpt":{"rendered":"<p>Das\u00a0Erl\u00f6serfest\u00a0ist eines der wichtigsten Feste in Venedig, das sowohl Touristen als auch Menschen anzieht, die in Venedig und auf dem Festland leben. Am dritten Sonntag im Juli bauen venezianische Menschen eine Br\u00fccke, um die Insel Venedig (Fondamenta delle Zattere) mit der Paladian Basilika des Erl\u00f6sers auf der Insel Giudecca zu verbinden. Die Insel Giudecca liegt [&hellip;]<\/p>\n","protected":false},"author":1,"featured_media":356,"parent":289,"menu_order":0,"comment_status":"closed","ping_status":"closed","template":"templates\/lista-figlio.php","meta":{"_acf_changed":false,"footnotes":""},"class_list":["post-361","page","type-page","status-publish","has-post-thumbnail","hentry"],"acf":[],"_links":{"self":[{"href":"https:\/\/capozzoinn.com\/de\/wp-json\/wp\/v2\/pages\/361","targetHints":{"allow":["GET"]}}],"collection":[{"href":"https:\/\/capozzoinn.com\/de\/wp-json\/wp\/v2\/pages"}],"about":[{"href":"https:\/\/capozzoinn.com\/de\/wp-json\/wp\/v2\/types\/page"}],"author":[{"embeddable":true,"href":"https:\/\/capozzoinn.com\/de\/wp-json\/wp\/v2\/users\/1"}],"replies":[{"embeddable":true,"href":"https:\/\/capozzoinn.com\/de\/wp-json\/wp\/v2\/comments?post=361"}],"version-history":[{"count":3,"href":"https:\/\/capozzoinn.com\/de\/wp-json\/wp\/v2\/pages\/361\/revisions"}],"predecessor-version":[{"id":4681,"href":"https:\/\/capozzoinn.com\/de\/wp-json\/wp\/v2\/pages\/361\/revisions\/4681"}],"up":[{"embeddable":true,"href":"https:\/\/capozzoinn.com\/de\/wp-json\/wp\/v2\/pages\/289"}],"wp:featuredmedia":[{"embeddable":true,"href":"https:\/\/capozzoinn.com\/de\/wp-json\/wp\/v2\/media\/356"}],"wp:attachment":[{"href":"https:\/\/capozzoinn.com\/de\/wp-json\/wp\/v2\/media?parent=361"}],"curies":[{"name":"wp","href":"https:\/\/api.w.org\/{rel}","templated":true}]}}