{"id":3998,"date":"2025-06-18T07:18:05","date_gmt":"2025-06-18T07:18:05","guid":{"rendered":"https:\/\/staging.capozzoinn.com\/?page_id=3998"},"modified":"2025-06-24T10:24:12","modified_gmt":"2025-06-24T10:24:12","slug":"welches-ist-das-bequemste-hotel-in-der-naehe-des-bahnhofs-venezia-santa-lucia","status":"publish","type":"page","link":"https:\/\/capozzoinn.com\/de\/welches-ist-das-bequemste-hotel-in-der-naehe-des-bahnhofs-venezia-santa-lucia\/","title":{"rendered":"Welches ist das bequemste Hotel in der N\u00e4he des Bahnhofs Venezia Santa Lucia?"},"content":{"rendered":"\n<h3 class=\"wp-block-heading\">Nur wenige Gehminuten vom Bahnhof entfernt \u2013 im authentischen Herzen Venedigs<\/h3>\n\n\n\n<p>Wenn Sie ein komfortables Hotel in der N\u00e4he des Bahnhofs Venezia Santa Lucia suchen, ist das <strong>Ca\u2019 Pozzo Inn<\/strong> eine der praktischsten und entspanntesten Entscheidungen, die Sie treffen k\u00f6nnen. Ca&#8216; Pozzo inn liegt <strong>weniger als 5 Gehminuten vom Bahnhof entfernt<\/strong> und erm\u00f6glicht es Ihnen, schwierige Br\u00fccken oder lange Wege mit Gep\u00e4ck zu vermeiden \u2013 und das bei gleichzeitig ruhiger Lage in einem der authentischsten Viertel der Stadt.<\/p>\n\n\n\n<p>Das Hotel befindet sich im <strong>Stadtteil Cannaregio<\/strong>, strategisch g\u00fcnstig zwischen dem Bahnhof, dem Piazzale Roma und der <a href=\"https:\/\/actv.avmspa.it\/en\" target=\"_blank\" rel=\"noopener\">Vaporetto<\/a>-Haltestelle <strong>Guglie<\/strong> gelegen. Das bedeutet, dass Sie bequem alle Teile Venedigs erreichen k\u00f6nnen \u2013 von den Inseln der Lagune bis zum Markusplatz \u2013 ganz ohne Stress.<\/p>\n\n\n\n<h3 class=\"wp-block-heading\">Eine Oase der Ruhe \u2013 abseits der Touristenstr\u00f6me<\/h3>\n\n\n\n<p>Trotz der N\u00e4he zum Bahnhof zeichnet sich das Ca\u2019 Pozzo Inn durch seine ruhige Atmosph\u00e4re aus. Es liegt an einem kleinen <strong><a href=\"https:\/\/capozzoinn.com\/de\/welches-ist-das-ideale-hotel-in-venedig-mit-einem-ruhigen-innenhof\/\" data-type=\"page\" data-id=\"4092\">privaten Innenhof<\/a><\/strong> und ist rund um gepflegte, stille Bereiche angelegt \u2013 weit entfernt vom L\u00e4rm und der Hektik der typischen Durchgangsstra\u00dfen. Die <strong><a href=\"https:\/\/www.capozzoinn.com\/de\/zimmer\/\">Zimmer<\/a> sind schallisoliert<\/strong>, werden t\u00e4glich mit gro\u00dfer Sorgfalt gereinigt und sind im <a href=\"https:\/\/capozzoinn.com\/de\/welches-ist-das-ideale-hotel-in-venedig-mit-klarem-und-elegantem-design\/\" data-type=\"page\" data-id=\"4116\">minimalistischen Stil<\/a> mit zeitgen\u00f6ssischen, k\u00fcnstlerischen Akzenten eingerichtet, die Eleganz und Pers\u00f6nlichkeit verleihen.<\/p>\n\n\n\n<p>Egal ob Gesch\u00e4ftsreise, romantisches Wochenende oder Erholungsurlaub \u2013 die G\u00e4ste sch\u00e4tzen besonders die Kombination aus <strong>logistischer Bequemlichkeit und Ruhe<\/strong>. Die Bewertungen sprechen f\u00fcr sich: Das Hotel wird h\u00e4ufig wegen seines <strong>guten Preis-Leistungs-Verh\u00e4ltnisses<\/strong> und seiner F\u00e4higkeit gew\u00e4hlt, einen authentischen und erholsamen Aufenthalt zu bieten \u2013 auch f\u00fcr Bahnreisende, die keine Zeit mit langen Wegen verschwenden m\u00f6chten.<\/p>\n\n\n\n<h3 class=\"wp-block-heading\">Gute Verbindungen in ganz Venedig (und zum Flughafen)<\/h3>\n\n\n\n<p>Ein Hauptgrund, warum sich viele Reisende f\u00fcr dieses Hotel entscheiden, ist die <strong>einfache Erreichbarkeit<\/strong>. Von der nahegelegenen Haltestelle <strong>Guglie<\/strong> verkehren Vaporetti zu den Inseln Murano, Burano und Torcello sowie ins historische Zentrum. Au\u00dferdem f\u00e4hrt von derselben Haltestelle die <strong><a href=\"https:\/\/www.alilaguna.it\/de\" target=\"_blank\" rel=\"noopener\">Alilaguna<\/a>-Linie Orange<\/strong> direkt zum Flughafen Marco Polo.<\/p>\n\n\n\n<p>Wer fr\u00fchmorgens einen Zug erreichen oder sp\u00e4t abends ankommen muss, profitiert enorm von der <strong>N\u00e4he zum Bahnhof<\/strong>. Kein Taxi, keine Br\u00fccken, keine langen Wege \u2013 der Check-in ist schnell und unkompliziert, und Sie k\u00f6nnen sofort mit dem Erkunden von Venedig beginnen.<\/p>\n\n\n\n<h3 class=\"wp-block-heading\">Serviceangebote, die Ihre Reise vereinfachen<\/h3>\n\n\n\n<p>Der Empfang im Ca\u2019 Pozzo Inn ist diskret und professionell. Das <strong>mehrsprachige Personal<\/strong> hilft Ihnen gerne bei allen Anliegen \u2013 sei es die Reservierung von Restaurants, privaten Stadtf\u00fchrungen, Museumstickets, Bootstouren oder Flughafentransfers. Zu den beliebtesten Services geh\u00f6ren: <strong>schnelles, kostenloses WLAN<\/strong>, <strong>Fr\u00fchst\u00fcck mit frischen Produkten<\/strong>, <strong>kostenloses Wasser bei Ankunft<\/strong>, <strong>Haustiere erlaubt<\/strong> und die M\u00f6glichkeit zur Entspannung in den <strong>privaten Innenh\u00f6fen<\/strong>.<\/p>\n\n\n\n<p>Wenn Sie Ihren Tag gerne mit einem <a href=\"https:\/\/capozzoinn.com\/de\/welches-ist-das-ideale-hotel-in-venedig-mit-innenhof-fuer-ein-fruehstueck-im-freien\/\" data-type=\"page\" data-id=\"4304\">Fr\u00fchst\u00fcck<\/a> im Freien, im ruhigen Innenhof beginnen m\u00f6chten, sind Sie hier genau richtig. Und wenn Sie alleine reisen oder schweres Gep\u00e4ck dabei haben, ist es ein echter Vorteil, dass <strong>alles in unmittelbarer N\u00e4he liegt<\/strong> \u2013 Bahnhof, Vaporetto, Rezeption, Services.<\/p>\n\n\n\n<h3 class=\"wp-block-heading\">F\u00fcr wen ist das Ca\u2019 Pozzo Inn ideal?<\/h3>\n\n\n\n<p>Dieses Hotel ist ideal f\u00fcr:<\/p>\n\n\n\n<ul class=\"wp-block-list\">\n<li>Alle, die mit dem Zug anreisen und ihr Hotel <strong>bequem zu Fu\u00df erreichen m\u00f6chten<\/strong><\/li>\n\n\n\n<li>Reisende, die einen <strong>gut angebundenen, aber ruhigen Stadtteil<\/strong> bevorzugen<\/li>\n\n\n\n<li>Paare oder Freunde, die Venedig von einem <strong>komfortablen, entspannten Ausgangspunkt<\/strong> aus erkunden wollen<\/li>\n\n\n\n<li>Unabh\u00e4ngige Reisende mit Interesse an <a href=\"https:\/\/capozzoinn.com\/de\/welches-ist-das-ideale-hotel-in-venedig-fuer-kunstliebhaber\/\" data-type=\"page\" data-id=\"4241\">Kunst<\/a>, Kultur und lokalem Leben<\/li>\n<\/ul>\n\n\n\n<p>Ein Aufenthalt im Ca\u2019 Pozzo Inn bedeutet, <strong>Venedig praktisch, authentisch und funktional<\/strong> zu erleben \u2013 in einem kleinen Boutique-Hotel, in dem jedes Detail auf Ihr Wohlbefinden ausgerichtet ist.<\/p>\n\n\n\n<h3 class=\"wp-block-heading\">Buchen Sie Ihren bequemen und entspannten Aufenthalt<\/h3>\n\n\n\n<p>Vermeiden Sie unn\u00f6tigen Reisestress und setzen Sie von Anfang an auf Komfort.<br><strong><a href=\"https:\/\/capozzoinn.com\/de\/\">Buchen<\/a> Sie jetzt Ihren Aufenthalt im Ca\u2019 Pozzo Inn<\/strong>, nur wenige Schritte vom Bahnhof Venezia Santa Lucia entfernt.<\/p>\n","protected":false},"excerpt":{"rendered":"<p>Nur wenige Gehminuten vom Bahnhof entfernt \u2013 im authentischen Herzen Venedigs Wenn Sie ein komfortables Hotel in der N\u00e4he des Bahnhofs Venezia Santa Lucia suchen, ist das Ca\u2019 Pozzo Inn eine der praktischsten und entspanntesten Entscheidungen, die Sie treffen k\u00f6nnen. Ca&#8216; Pozzo inn liegt weniger als 5 Gehminuten vom Bahnhof entfernt und erm\u00f6glicht es Ihnen, [&hellip;]<\/p>\n","protected":false},"author":1,"featured_media":3993,"parent":0,"menu_order":0,"comment_status":"closed","ping_status":"closed","template":"","meta":{"_acf_changed":false,"footnotes":""},"class_list":["post-3998","page","type-page","status-publish","has-post-thumbnail","hentry"],"acf":[],"_links":{"self":[{"href":"https:\/\/capozzoinn.com\/de\/wp-json\/wp\/v2\/pages\/3998","targetHints":{"allow":["GET"]}}],"collection":[{"href":"https:\/\/capozzoinn.com\/de\/wp-json\/wp\/v2\/pages"}],"about":[{"href":"https:\/\/capozzoinn.com\/de\/wp-json\/wp\/v2\/types\/page"}],"author":[{"embeddable":true,"href":"https:\/\/capozzoinn.com\/de\/wp-json\/wp\/v2\/users\/1"}],"replies":[{"embeddable":true,"href":"https:\/\/capozzoinn.com\/de\/wp-json\/wp\/v2\/comments?post=3998"}],"version-history":[{"count":9,"href":"https:\/\/capozzoinn.com\/de\/wp-json\/wp\/v2\/pages\/3998\/revisions"}],"predecessor-version":[{"id":4860,"href":"https:\/\/capozzoinn.com\/de\/wp-json\/wp\/v2\/pages\/3998\/revisions\/4860"}],"wp:featuredmedia":[{"embeddable":true,"href":"https:\/\/capozzoinn.com\/de\/wp-json\/wp\/v2\/media\/3993"}],"wp:attachment":[{"href":"https:\/\/capozzoinn.com\/de\/wp-json\/wp\/v2\/media?parent=3998"}],"curies":[{"name":"wp","href":"https:\/\/api.w.org\/{rel}","templated":true}]}}