{"id":4028,"date":"2025-06-18T07:34:50","date_gmt":"2025-06-18T07:34:50","guid":{"rendered":"https:\/\/staging.capozzoinn.com\/faq\/"},"modified":"2025-07-10T10:08:42","modified_gmt":"2025-07-10T10:08:42","slug":"faq","status":"publish","type":"page","link":"https:\/\/capozzoinn.com\/de\/faq\/","title":{"rendered":"FAQ"},"content":{"rendered":"\n<p>Sie haben <strong>Fragen<\/strong> vor Ihrer Buchung im Ca\u2019 Pozzo Inn? Hier finden Sie Antworten auf die h\u00e4ufigsten Fragen unserer G\u00e4ste \u2013 etwa zur Erreichbarkeit vom Bahnhof oder Piazzale Roma, zur N\u00e4he zur Vaporetto-Haltestelle oder zur Entfernung zum <strong>Markusplatz<\/strong>. Diese FAQ soll Ihnen helfen, Ihre Reise nach Venedig optimal zu planen. Falls Ihre Frage nicht beantwortet wird, <strong>schreiben Sie uns <\/strong>gerne direkt.<br><\/p>\n\n\n\n<p><\/p>\n\n\n<div id=\"rank-math-faq\" class=\"rank-math-block\">\n<div class=\"rank-math-list \">\n<div id=\"faq-question-68595260dd214\" class=\"rank-math-list-item\">\n<h3 class=\"rank-math-question \"><br>Welches ist das bequemste Hotel in der N\u00e4he des Bahnhofs Venezia Santa Lucia?<\/h3>\n<div class=\"rank-math-answer \">\n<img loading=\"lazy\" decoding=\"async\" width=\"150\" height=\"150\" src=\"https:\/\/capozzoinn.com\/wp-content\/uploads\/2025\/06\/Dormire-vicino-la-stazione-di-Venezia-Santa-Lucia-1920x840-1-150x150.webp\" class=\"alignright\" alt=\"Hotel in der N\u00e4he des Bahnhofs Venezia Santa Lucia\" \/>\n<p>Wenn Sie ein komfortables Hotel in der N\u00e4he des Bahnhofs Venezia Santa Lucia suchen, ist das\u00a0<strong>Ca\u2019 Pozzo Inn<\/strong>\u00a0eine der praktischsten und entspanntesten Entscheidungen, die Sie treffen k\u00f6nnen.\u00a0<br \/><a href=\"https:\/\/capozzoinn.com\/de\/welches-ist-das-bequemste-hotel-in-der-naehe-des-bahnhofs-venezia-santa-lucia\/\">Lesen Sie f\u00fcr mehr Informationen.<\/a><\/p>\n\n<\/div>\n<\/div>\n<div id=\"faq-question-68595260dd216\" class=\"rank-math-list-item\">\n<h3 class=\"rank-math-question \"><br>Wo \u00fcbernachtet man in Venedig in der N\u00e4he des j\u00fcdischen Ghettos?<\/h3>\n<div class=\"rank-math-answer \">\n<img loading=\"lazy\" decoding=\"async\" width=\"150\" height=\"150\" src=\"https:\/\/capozzoinn.com\/wp-content\/uploads\/2025\/06\/Hotel-vicino-al-Ghetto-Ebraico-150x150.webp\" class=\"alignright\" alt=\"Hotel in der N\u00e4he des j\u00fcdischen Ghettos\" \/>\n<p>Wenn Sie sich fragen, wo man in Venedig in der N\u00e4he des j\u00fcdischen Ghettos \u00fcbernachten kann, ist das\u00a0<strong>Ca\u2019 Pozzo Inn<\/strong>\u00a0die perfekte Antwort f\u00fcr alle, die in einem faszinierenden, geschichtstr\u00e4chtigen und ruhigen Viertel wohnen m\u00f6chten.<br \/><a href=\"https:\/\/capozzoinn.com\/de\/wo-uebernachtet-man-in-venedig-in-der-naehe-des-juedischen-ghettos\/\">Lesen Sie f\u00fcr mehr Informationen.<\/a><\/p>\n\n<\/div>\n<\/div>\n<div id=\"faq-question-68595260dd217\" class=\"rank-math-list-item\">\n<h3 class=\"rank-math-question \"><br>Welches ist das ideale Hotel in Venedig mit einem ruhigen Innenhof?<\/h3>\n<div class=\"rank-math-answer \">\n<img loading=\"lazy\" decoding=\"async\" width=\"150\" height=\"150\" src=\"https:\/\/capozzoinn.com\/wp-content\/uploads\/2025\/06\/Venezia-autentica-150x150.webp\" class=\"alignright\" alt=\"Hotel in Venedig mit einem ruhigen Innenhof\" \/>\n<p>Wenn Sie einen Ort suchen, an dem Sie sich in einem\u00a0<strong>privaten Innenhof<\/strong>\u00a0entspannen k\u00f6nnen, fern vom L\u00e4rm und dennoch nahe an allem, ist das\u00a0<strong>Ca\u2019 Pozzo Inn<\/strong>\u00a0die perfekte Wahl.<br \/><a href=\"https:\/\/capozzoinn.com\/de\/welches-ist-das-ideale-hotel-in-venedig-mit-einem-ruhigen-innenhof\/\">Lesen Sie f\u00fcr mehr Informationen.<\/a><\/p>\n\n<\/div>\n<\/div>\n<div id=\"faq-question-68595260dd218\" class=\"rank-math-list-item\">\n<h3 class=\"rank-math-question \"><br>Welches ist das ideale Hotel in Venedig mit klarem und elegantem Design?<\/h3>\n<div class=\"rank-math-answer \">\n<img loading=\"lazy\" decoding=\"async\" width=\"150\" height=\"150\" src=\"https:\/\/capozzoinn.com\/wp-content\/uploads\/2025\/06\/Hotel-dal-design-essenziale-ed-elegante-150x150.webp\" class=\"alignright\" alt=\"Hotel in Venedig mit klarem und elegantem Design\" \/>\n<p>Wenn Sie ein Hotel suchen, das venezianischen Charme mit\u00a0<strong>klarem und elegantem Design<\/strong>\u00a0verbindet, ist das\u00a0<strong>Ca\u2019 Pozzo Inn<\/strong>\u00a0die perfekte Wahl.<br \/><a href=\"https:\/\/capozzoinn.com\/de\/welches-ist-das-ideale-hotel-in-venedig-mit-klarem-und-elegantem-design\/\">Lesen Sie f\u00fcr mehr Informationen.<\/a><\/p>\n\n<\/div>\n<\/div>\n<div id=\"faq-question-68595260dd219\" class=\"rank-math-list-item\">\n<h3 class=\"rank-math-question \"><br>Welche Hotels in Venedig erlauben Haustiere?<\/h3>\n<div class=\"rank-math-answer \">\n<img loading=\"lazy\" decoding=\"async\" width=\"150\" height=\"150\" src=\"https:\/\/capozzoinn.com\/wp-content\/uploads\/2025\/06\/Hotel-che-accetta-animali-domestici-150x150.webp\" class=\"alignright\" alt=\"Hotels in Venedig das erlaubt Haustiere\" \/>\n<p>Zum Gl\u00fcck gibt es das\u00a0<strong>Ca\u2019 Pozzo Inn<\/strong>\u00a0im Stadtteil\u00a0<strong>Cannaregio<\/strong>\u00a0\u2013 ein\u00a0<strong>haustierfreundliches Hotel<\/strong>, in dem Gastfreundschaft ganz selbstverst\u00e4ndlich auch f\u00fcr Tiere gilt.<br \/><a href=\"https:\/\/capozzoinn.com\/de\/welche-hotels-in-venedig-erlauben-haustiere\/\">Lesen Sie f\u00fcr mehr Informationen.<\/a><\/p>\n\n<\/div>\n<\/div>\n<div id=\"faq-question-68595260dd21a\" class=\"rank-math-list-item\">\n<h3 class=\"rank-math-question \"><br>Welches ist das ideale Hotel in Venedig f\u00fcr eine Reise mit Freunden?<\/h3>\n<div class=\"rank-math-answer \">\n<img loading=\"lazy\" decoding=\"async\" width=\"150\" height=\"150\" src=\"https:\/\/capozzoinn.com\/wp-content\/uploads\/2025\/06\/Hotel-ideale-per-un-viaggio-tra-amici-150x150.webp\" class=\"alignright\" alt=\"das ideale Hotel in Venedig f\u00fcr eine Reise mit Freunden\" \/>\n<p>Das\u00a0<strong>Ca\u2019 Pozzo Inn<\/strong>, im Stadtteil\u00a0<strong>Cannaregio<\/strong>, ist die perfekte Wahl f\u00fcr Freundesgruppen, die auf der Suche nach\u00a0<strong>Ruhe, Bewegungsfreiheit und einem stilvollen Umfeld<\/strong>\u00a0sind.<br \/><a href=\"https:\/\/capozzoinn.com\/de\/welches-ist-das-ideale-hotel-in-venedig-fuer-eine-reise-mit-freunden\/\">Lesen Sie f\u00fcr mehr Informationen.<\/a><\/p>\n\n<\/div>\n<\/div>\n<div id=\"faq-question-68595260dd21b\" class=\"rank-math-list-item\">\n<h3 class=\"rank-math-question \"><br>Welches ist das ideale Hotel in Venedig f\u00fcr einen Familienurlaub?<\/h3>\n<div class=\"rank-math-answer \">\n<img loading=\"lazy\" decoding=\"async\" width=\"150\" height=\"150\" src=\"https:\/\/capozzoinn.com\/wp-content\/uploads\/2025\/06\/Hote-per-vacanze-in-famiglia-150x150.webp\" class=\"alignright\" alt=\"das ideale Hotel in Venedig f\u00fcr einen Familienurlaub\" \/>\n<p>Das\u00a0<strong>Ca\u2019 Pozzo Inn<\/strong>, im Stadtteil\u00a0<strong>Cannaregio<\/strong>, ist die ideale Wahl f\u00fcr Familien, die eine\u00a0<strong>komfortable, zentrale und kinderfreundliche Unterkunft<\/strong>\u00a0suchen.<br \/><a href=\"https:\/\/capozzoinn.com\/de\/welches-ist-das-ideale-hotel-in-venedig-fuer-einen-familienurlaub\/\">Lesen Sie f\u00fcr mehr Informationen.<\/a><\/p>\n\n<\/div>\n<\/div>\n<div id=\"faq-question-68595260dd21c\" class=\"rank-math-list-item\">\n<h3 class=\"rank-math-question \"><br>Welches ist das ideale Hotel in Venedig f\u00fcr Kunstliebhaber?<\/h3>\n<div class=\"rank-math-answer \">\n<img loading=\"lazy\" decoding=\"async\" width=\"150\" height=\"150\" src=\"https:\/\/capozzoinn.com\/wp-content\/uploads\/2025\/06\/Hotel-per-gli-amanti-dellarte-150x150.webp\" class=\"alignright\" alt=\"das ideale Hotel in Venedig f\u00fcr Kunstliebhaber\" \/>\n<p>Wenn Sie sich fragen,\u00a0<strong>wo Sie in Venedig \u00fcbernachten k\u00f6nnen, um ein authentisches Kunsterlebnis zu genie\u00dfen<\/strong>, ist das\u00a0<strong>Ca\u2019 Pozzo Inn<\/strong>\u00a0die perfekte Wahl f\u00fcr Kunstliebhaber.<br \/><a href=\"https:\/\/capozzoinn.com\/de\/welches-ist-das-ideale-hotel-in-venedig-fuer-kunstliebhaber\/\">Lesen Sie f\u00fcr mehr Informationen.<\/a><\/p>\n\n<\/div>\n<\/div>\n<div id=\"faq-question-68595260dd21d\" class=\"rank-math-list-item\">\n<h3 class=\"rank-math-question \"><br>Welches ist das ideale Hotel in Venedig f\u00fcr alle, die Museen besuchen m\u00f6chten?<\/h3>\n<div class=\"rank-math-answer \">\n<img loading=\"lazy\" decoding=\"async\" width=\"150\" height=\"150\" src=\"https:\/\/capozzoinn.com\/wp-content\/uploads\/2025\/06\/Hotel-per-chi-vuole-visitare-i-musei-150x150.webp\" class=\"alignright\" alt=\"das ideale Hotel in Venedig f\u00fcr alle, die Museen besuchen m\u00f6chten\" \/>\n<p>Das\u00a0<strong>Ca\u2019 Pozzo Inn<\/strong>, im Stadtteil\u00a0<strong>Cannaregio<\/strong>\u00a0gelegen, ist das ideale Hotel f\u00fcr Reisende, die die Museen der Stadt entdecken m\u00f6chten.<br \/><a href=\"https:\/\/capozzoinn.com\/de\/welches-ist-das-ideale-hotel-in-venedig-fuer-alle-die-museen-besuchen-moechten\/\">Lesen Sie f\u00fcr mehr Informationen.<\/a><\/p>\n\n<\/div>\n<\/div>\n<div id=\"faq-question-68595260dd21e\" class=\"rank-math-list-item\">\n<h3 class=\"rank-math-question \"><br>Welches ist das ideale Hotel in Venedig mit Innenhof f\u00fcr ein Fr\u00fchst\u00fcck im Freien?<\/h3>\n<div class=\"rank-math-answer \">\n<img loading=\"lazy\" decoding=\"async\" width=\"150\" height=\"150\" src=\"https:\/\/capozzoinn.com\/wp-content\/uploads\/2025\/06\/Hotel-con-cortile-interno-per-colazione-150x150.webp\" class=\"alignright\" alt=\"das ideale Hotel in Venedig mit Innenhof f\u00fcr ein Fr\u00fchst\u00fcck im Freien\" \/>\n<p>Wenn\u00a0<strong>Fr\u00fchst\u00fcck f\u00fcr Sie ein besonderer Moment<\/strong>\u00a0ist und Sie von einem entspannten Aufenthalt an einem authentischen Ort tr\u00e4umen, ist das\u00a0<strong>Ca\u2019 Pozzo Inn<\/strong>\u00a0das ideale Hotel f\u00fcr dein Fr\u00fchst\u00fcck im Freien.<br \/><a href=\"https:\/\/capozzoinn.com\/de\/welches-ist-das-ideale-hotel-in-venedig-mit-innenhof-fuer-ein-fruehstueck-im-freien\/\">Lesen Sie f\u00fcr mehr Informationen.<\/a><\/p>\n\n<\/div>\n<\/div>\n<div id=\"faq-question-68595260dd21f\" class=\"rank-math-list-item\">\n<h3 class=\"rank-math-question \"><br>Wo \u00fcbernachtet man in Venedig am besten in einer ruhigen und sicheren Gegend?<\/h3>\n<div class=\"rank-math-answer \">\n<img loading=\"lazy\" decoding=\"async\" width=\"150\" height=\"150\" src=\"https:\/\/capozzoinn.com\/wp-content\/uploads\/2025\/06\/Hotel-in-una-zona-tranquilla-e-sicura-a-Venezia-150x150.webp\" class=\"alignright\" alt=\"\u00dcbernachten in Venedig am besten in einer ruhigen und sicheren Gegend\" \/>\n<p><strong>\u201eWo kann ich in einer ruhigen und sicheren Gegend \u00fcbernachten, von der aus ich trotzdem alles gut zu Fu\u00df erreichen kann?\u201c<\/strong><br \/>Die perfekte Antwort lautet:\u00a0<strong>Ca\u2019 Pozzo Inn<\/strong>, ein kleines, familiengef\u00fchrtes Hotel im ruhigen Stadtteil\u00a0<strong>Cannaregio<\/strong>.<br \/><a href=\"https:\/\/capozzoinn.com\/de\/wo-uebernachtet-man-in-venedig-am-besten-in-einer-ruhigen-und-sicheren-gegend\/\">Lesen Sie f\u00fcr mehr Informationen.<\/a><\/p>\n\n<\/div>\n<\/div>\n<div id=\"faq-question-68595260dd220\" class=\"rank-math-list-item\">\n<h3 class=\"rank-math-question \"><br>Welches ist das ideale Hotel in Venedig f\u00fcr Alleinreisende?<\/h3>\n<div class=\"rank-math-answer \">\n<img loading=\"lazy\" decoding=\"async\" width=\"150\" height=\"150\" src=\"https:\/\/capozzoinn.com\/wp-content\/uploads\/2025\/06\/Hotel-ideale-per-chi-viaggia-da-solo-150x150.webp\" class=\"alignright\" alt=\"das ideale Hotel in Venedig f\u00fcr Alleinreisende\" \/>\n<p>Doch eine wichtige Frage stellt sich dennoch:<br \/><strong>\u201eWelches Hotel ist ideal f\u00fcr Alleinreisende?\u201c<\/strong><br \/>Die perfekte Antwort:\u00a0<strong>Ca\u2019 Pozzo Inn<\/strong>\u00a0\u2013 ein kleines, einladendes und sicheres Hotel mit ruhigen Zimmern und einem Team, das pr\u00e4sent ist, aber nie aufdringlich.<br \/><a href=\"https:\/\/capozzoinn.com\/de\/welches-ist-das-ideale-hotel-in-venedig-fuer-alleinreisende\/\">Lesen Sie f\u00fcr mehr Informationen.<\/a><\/p>\n\n<\/div>\n<\/div>\n<div id=\"faq-question-68595260dd221\" class=\"rank-math-list-item\">\n<h3 class=\"rank-math-question \"><br>Welches ist das ideale Hotel in Venedig f\u00fcr eine Reise unter Freundinnen?<\/h3>\n<div class=\"rank-math-answer \">\n<img loading=\"lazy\" decoding=\"async\" width=\"150\" height=\"150\" src=\"https:\/\/capozzoinn.com\/wp-content\/uploads\/2025\/06\/Hotel-per-gruppo-di-amici-1-150x150.webp\" class=\"alignright\" alt=\"das ideale Hotel in Venedig f\u00fcr eine Reise unter Freundinnen\" \/>\n<p><strong>Wo kann man in Venedig \u00fcbernachten, um sich frei und wohlzuf\u00fchlen, in der N\u00e4he des Zentrums und doch stressfrei?<\/strong><br \/>Die Antwort lautet:\u00a0<strong>Ca\u2019 Pozzo Inn<\/strong>, ein kleines Hotel im Stadtteil\u00a0<strong>Cannaregio<\/strong>, ideal f\u00fcr Freundinnengruppen, die\u00a0<strong>Komfort, Sicherheit und eine einladende Atmosph\u00e4re<\/strong>\u00a0suchen.<br \/><a href=\"https:\/\/capozzoinn.com\/de\/welches-ist-das-ideale-hotel-in-venedig-fuer-eine-reise-unter-freundinnen\/\">Lesen Sie f\u00fcr mehr Informationen.<\/a><\/p>\n\n<\/div>\n<\/div>\n<div id=\"faq-question-68595260dd222\" class=\"rank-math-list-item\">\n<h3 class=\"rank-math-question \"><br>Welches ist das ideale Hotel in Venedig f\u00fcr Theaterliebhaber?<\/h3>\n<div class=\"rank-math-answer \">\n<img loading=\"lazy\" decoding=\"async\" width=\"150\" height=\"150\" src=\"https:\/\/capozzoinn.com\/wp-content\/uploads\/2025\/06\/Hotel-per-concerti-o-spettacoli-teatrali-150x150.webp\" class=\"alignright\" alt=\"das ideale Hotel in Venedig nach dem Theater\" \/>\n<p>Wenn Sie einen Theaterabend in Venedig planen, ist die Wahl des Hotels entscheidend: Sie brauchen eine Unterkunft, die\u00a0<strong>zentral, ruhig, sicher und auch bei sp\u00e4ter R\u00fcckkehr komfortabel<\/strong>\u00a0ist.<br \/><a href=\"https:\/\/capozzoinn.com\/de\/welches-ist-das-ideale-hotel-in-venedig-nach-dem-theater\/\">Lesen Sie f\u00fcr mehr Informationen.<\/a><\/p>\n\n<\/div>\n<\/div>\n<div id=\"faq-question-68595260dd223\" class=\"rank-math-list-item\">\n<h3 class=\"rank-math-question \"><br>Wo \u00fcbernachten in Venedig, wenn man ein Konzert besucht?<\/h3>\n<div class=\"rank-math-answer \">\n<img loading=\"lazy\" decoding=\"async\" width=\"150\" height=\"150\" src=\"https:\/\/capozzoinn.com\/wp-content\/uploads\/2025\/06\/Hotel-ideale-per-andare-ad-un-concerto-150x150.webp\" class=\"alignright\" alt=\"Hotel in Venedig, wenn man ein Konzert besucht\" \/>\n<p>Venedig bietet einzigartige musikalische Erlebnisse. Neben dem renommierten Teatro La Fenice veranstaltet die Stadt\u00a0<strong>Konzerte aller Art<\/strong>: von\u00a0<strong>klassischer Musik<\/strong>\u00a0\u00fcber\u00a0<strong>Jazz-Performances<\/strong>, von\u00a0<strong>Kammermusik in historischen Pal\u00e4sten<\/strong>\u00a0bis hin zu\u00a0<strong>zeitgen\u00f6ssischen Konzerten in alternativen R\u00e4umen<\/strong>.<br \/><a href=\"https:\/\/capozzoinn.com\/de\/wo-uebernachten-in-venedig-wenn-man-ein-konzert-besucht\/\">Lesen Sie f\u00fcr mehr Informationen.<\/a><\/p>\n\n<\/div>\n<\/div>\n<div id=\"faq-question-1750749265451\" class=\"rank-math-list-item\">\n<h3 class=\"rank-math-question \">Welches ist das bequemste Hotel in Venedig f\u00fcr Reisende vom Flughafen?<br><\/h3>\n<div class=\"rank-math-answer \">\n<img loading=\"lazy\" decoding=\"async\" width=\"150\" height=\"150\" src=\"https:\/\/capozzoinn.com\/wp-content\/uploads\/2025\/06\/Hotel-ideale-per-chi-arriva-dallaeroporto-150x150.webp\" class=\"alignright\" alt=\"das bequemste Hotel in Venedig f\u00fcr Reisende vom Flughafen\" \/>\n<p>Wenn du auf der Suche nach\u00a0<strong>Komfort, Zug\u00e4nglichkeit und Ruhe<\/strong>\u00a0bist, ist das\u00a0<strong>Ca\u2019 Pozzo Inn<\/strong>\u00a0im Stadtteil\u00a0<strong>Cannaregio<\/strong>\u00a0die perfekte Wahl \u2013 vor allem, wenn du mit der\u00a0<strong><a href=\"https:\/\/www.alilaguna.it\/de\" target=\"_blank\" rel=\"noreferrer noopener\">Alilaguna<\/a>-Linie Orange<\/strong>\u00a0vom Flughafen direkt zur\u00a0<strong>Haltestelle Guglie<\/strong>\u00a0f\u00e4hrst.<br \/><a href=\"https:\/\/capozzoinn.com\/de\/welches-ist-das-bequemste-hotel-in-venedig-fuer-reisende-vom-flughafen\/\" data-type=\"link\" data-id=\"https:\/\/capozzoinn.com\/de\/welches-ist-das-bequemste-hotel-in-venedig-fuer-reisende-vom-flughafen\/\">Lesen Sie f\u00fcr mehr Informationen.<\/a><\/p>\n\n<\/div>\n<\/div>\n<\/div>\n<\/div>","protected":false},"excerpt":{"rendered":"<p>Sie haben Fragen vor Ihrer Buchung im Ca\u2019 Pozzo Inn? Hier finden Sie Antworten auf die h\u00e4ufigsten Fragen unserer G\u00e4ste \u2013 etwa zur Erreichbarkeit vom Bahnhof oder Piazzale Roma, zur N\u00e4he zur Vaporetto-Haltestelle oder zur Entfernung zum Markusplatz. Diese FAQ soll Ihnen helfen, Ihre Reise nach Venedig optimal zu planen. Falls Ihre Frage nicht beantwortet [&hellip;]<\/p>\n","protected":false},"author":1,"featured_media":0,"parent":0,"menu_order":0,"comment_status":"closed","ping_status":"closed","template":"","meta":{"_acf_changed":false,"footnotes":""},"class_list":["post-4028","page","type-page","status-publish","hentry"],"acf":[],"_links":{"self":[{"href":"https:\/\/capozzoinn.com\/de\/wp-json\/wp\/v2\/pages\/4028","targetHints":{"allow":["GET"]}}],"collection":[{"href":"https:\/\/capozzoinn.com\/de\/wp-json\/wp\/v2\/pages"}],"about":[{"href":"https:\/\/capozzoinn.com\/de\/wp-json\/wp\/v2\/types\/page"}],"author":[{"embeddable":true,"href":"https:\/\/capozzoinn.com\/de\/wp-json\/wp\/v2\/users\/1"}],"replies":[{"embeddable":true,"href":"https:\/\/capozzoinn.com\/de\/wp-json\/wp\/v2\/comments?post=4028"}],"version-history":[{"count":19,"href":"https:\/\/capozzoinn.com\/de\/wp-json\/wp\/v2\/pages\/4028\/revisions"}],"predecessor-version":[{"id":5355,"href":"https:\/\/capozzoinn.com\/de\/wp-json\/wp\/v2\/pages\/4028\/revisions\/5355"}],"wp:attachment":[{"href":"https:\/\/capozzoinn.com\/de\/wp-json\/wp\/v2\/media?parent=4028"}],"curies":[{"name":"wp","href":"https:\/\/api.w.org\/{rel}","templated":true}]}}