{"id":4053,"date":"2025-06-18T08:28:41","date_gmt":"2025-06-18T08:28:41","guid":{"rendered":"https:\/\/staging.capozzoinn.com\/dove-dormire-a-venezia-vicino-al-ghetto-ebraico\/"},"modified":"2025-06-24T11:46:46","modified_gmt":"2025-06-24T11:46:46","slug":"wo-uebernachtet-man-in-venedig-in-der-naehe-des-juedischen-ghettos","status":"publish","type":"page","link":"https:\/\/capozzoinn.com\/de\/wo-uebernachtet-man-in-venedig-in-der-naehe-des-juedischen-ghettos\/","title":{"rendered":"Wo \u00fcbernachtet man in Venedig in der N\u00e4he des j\u00fcdischen Ghettos?"},"content":{"rendered":"\n<h3 class=\"wp-block-heading\">Ein authentisches Hotel zwischen Geschichte, Kultur und Ruhe<\/h3>\n\n\n\n<p>Wenn Sie sich fragen, wo man in Venedig in der N\u00e4he des j\u00fcdischen Ghettos \u00fcbernachten kann, ist das <strong>Ca\u2019 Pozzo Inn<\/strong> die perfekte Antwort f\u00fcr alle, die in einem faszinierenden, geschichtstr\u00e4chtigen und ruhigen Viertel wohnen m\u00f6chten. Das Hotel liegt nur wenige Gehminuten vom Herzen des Ghettos entfernt im <strong>Stadtteil Cannaregio<\/strong>, einem der authentischsten und lebendigsten Stadtteile Venedigs.<\/p>\n\n\n\n<p>In der N\u00e4he des j\u00fcdischen Ghettos zu \u00fcbernachten bedeutet, in eine einzigartige Atmosph\u00e4re einzutauchen: Synagogen, Museen, koschere Restaurants und ruhige Gassen bieten ein venezianisches Erlebnis abseits der \u00fcberf\u00fcllten Touristenpfade. Das <strong>Ca\u2019 Pozzo Inn<\/strong>, mit seinen eleganten und ruhigen Zimmern, f\u00fcgt sich perfekt in dieses Umfeld ein.<\/p>\n\n\n\n<h3 class=\"wp-block-heading\">Eine strategische Lage, um Venedig zu erkunden<\/h3>\n\n\n\n<p>Das Hotel befindet sich in idealer Lage, um <strong>das Ghetto<\/strong> zu besichtigen und sich gleichzeitig bequem in der Stadt zu bewegen. Nur wenige Minuten entfernt liegen die <strong><a href=\"https:\/\/actv.avmspa.it\/en\" target=\"_blank\" rel=\"noopener\">Vaporetto<\/a>-Haltestelle Guglie<\/strong>, der <strong><a href=\"https:\/\/capozzoinn.com\/de\/welches-ist-das-bequemste-hotel-in-der-naehe-des-bahnhofs-venezia-santa-lucia\/\">Bahnhof Santa Lucia<\/a><\/strong> und der <strong>Piazzale Roma<\/strong>, was die An- und Abreise sowie die Fortbewegung \u2013 auch zu den Inseln der Lagune \u2013 erleichtert.<\/p>\n\n\n\n<p>Ein Aufenthalt im Ca\u2019 Pozzo bedeutet auch, <strong>nur wenige Schritte von ruhigen Uferpromenaden<\/strong>, lokalen Restaurants, Bars, die von Venezianern besucht werden, und kleinen Handwerksl\u00e4den entfernt zu sein. Ein echtes Venedig, das man in aller Ruhe erleben kann, weit weg vom Trubel rund um Rialto oder den Markusplatz.<\/p>\n\n\n\n<h3 class=\"wp-block-heading\">Ruhige Zimmer, Innenh\u00f6fe und Fr\u00fchst\u00fcck im Freien<\/h3>\n\n\n\n<p>Das Ca\u2019 Pozzo Inn ist ein <strong>modernes und famili\u00e4res Hotel<\/strong> mit <strong>nur 14 Zimmern<\/strong>, die um private <a href=\"https:\/\/capozzoinn.com\/de\/welches-ist-das-ideale-hotel-in-venedig-mit-einem-ruhigen-innenhof\/\" data-type=\"page\" data-id=\"4092\">Innenh\u00f6fe<\/a> herum angeordnet sind. Diese \u00fcberschaubare Struktur garantiert eine <strong>entspannte, famili\u00e4re Atmosph\u00e4re<\/strong>, ideal zum Ausruhen nach einem Tag voller Erkundungen. Die <a href=\"https:\/\/www.capozzoinn.com\/de\/zimmer\/\">Zimmer<\/a> sind schallisoliert, geschmackvoll im <a href=\"https:\/\/capozzoinn.com\/de\/welches-ist-das-ideale-hotel-in-venedig-mit-klarem-und-elegantem-design\/\" data-type=\"page\" data-id=\"4116\">minimalistischen Stil<\/a> eingerichtet und bis ins kleinste Detail gepflegt. Das <strong><a href=\"https:\/\/capozzoinn.com\/de\/welches-ist-das-ideale-hotel-in-venedig-mit-innenhof-fuer-ein-fruehstueck-im-freien\/\" data-type=\"page\" data-id=\"4304\">Fr\u00fchst\u00fcck<\/a><\/strong>, das jeden Morgen mit frischen Zutaten zubereitet wird, kann in der warmen Jahreszeit auch im Freien \u2013 direkt im Innenhof \u2013 eingenommen werden.<\/p>\n\n\n\n<p>Die <strong>ruhige Umgebung<\/strong>, die makellose Sauberkeit und das schlichte, aber elegante Design sorgen f\u00fcr ein perfektes Gleichgewicht zwischen Funktionalit\u00e4t und Gastlichkeit.<\/p>\n\n\n\n<h3 class=\"wp-block-heading\">Nur wenige Schritte von Erinnerung und Kultur entfernt<\/h3>\n\n\n\n<p>Das <strong>venezianische Ghetto<\/strong> ist das \u00e4lteste Europas und bewahrt ein au\u00dfergew\u00f6hnliches historisches und kulturelles Erbe. Die f\u00fcnf Synagogen, das <strong>j\u00fcdische Museum<\/strong>, Inschriften an den W\u00e4nden, j\u00fcdische Buchhandlungen und Einrichtungen der lokalen Gemeinde erz\u00e4hlen eine eindrucksvolle, bewegende und noch heute lebendige Geschichte.<\/p>\n\n\n\n<p>Ein Aufenthalt in dieser N\u00e4he erm\u00f6glicht es Ihnen, <strong>an F\u00fchrungen teilzunehmen<\/strong>, kulturelle Veranstaltungen zu besuchen und die tiefe Spiritualit\u00e4t und W\u00fcrde dieses einzigartigen Ortes zu erleben. Ein Erlebnis, das jeden Reisenden bereichert.<\/p>\n\n\n\n<h3 class=\"wp-block-heading\">Service f\u00fcr alle, die Authentizit\u00e4t und Komfort suchen<\/h3>\n\n\n\n<p>Neben der privilegierten Lage bietet das Ca\u2019 Pozzo Inn eine Reihe von <strong>Dienstleistungen, die von kulturinteressierten Reisenden besonders gesch\u00e4tzt werden<\/strong>:<\/p>\n\n\n\n<ul class=\"wp-block-list\">\n<li>Mehrsprachiges Personal, das jederzeit zur Verf\u00fcgung steht<\/li>\n\n\n\n<li>Reservierungen f\u00fcr private F\u00fchrungen, Museumsbesuche und Restaurants<\/li>\n\n\n\n<li>Kostenloses Highspeed-WLAN<\/li>\n\n\n\n<li>Ruhiger Innenhof f\u00fcr entspannte Momente<\/li>\n\n\n\n<li><a href=\"https:\/\/capozzoinn.com\/de\/welche-hotels-in-venedig-erlauben-haustiere\/\" data-type=\"page\" data-id=\"4153\">Haustiere<\/a> erlaubt<\/li>\n\n\n\n<li>Flughafentransfers und Bahnhofstransfers auf Anfrage<\/li>\n<\/ul>\n\n\n\n<p>Jeder Aufenthalt ist darauf ausgerichtet, Ihnen einen herzlichen und diskreten Empfang mit Professionalit\u00e4t zu bieten.<\/p>\n\n\n\n<h3 class=\"wp-block-heading\">Ihr Ausgangspunkt zur Entdeckung des j\u00fcdischen Ghettos<\/h3>\n\n\n\n<p>Ob Sie Geschichtsliebhaber sind, ein neugieriger Reisender oder einfach eine andere Seite Venedigs entdecken m\u00f6chten \u2013 das Ca\u2019 Pozzo Inn ist <strong>der ideale Ort, um in der N\u00e4he des j\u00fcdischen Ghettos zu \u00fcbernachten<\/strong>. Ein komfortables, ruhiges und stilvolles Hotel im authentischsten Herzen der Stadt.<\/p>\n\n\n\n<p><a href=\"https:\/\/capozzoinn.com\/de\/\">Buchen<\/a> Sie jetzt \u00fcber die offizielle Website und genie\u00dfen Sie ein einzigartiges Erlebnis nur wenige Schritte von einem der eindrucksvollsten Orte Venedigs entfernt.<\/p>\n","protected":false},"excerpt":{"rendered":"<p>Ein authentisches Hotel zwischen Geschichte, Kultur und Ruhe Wenn Sie sich fragen, wo man in Venedig in der N\u00e4he des j\u00fcdischen Ghettos \u00fcbernachten kann, ist das Ca\u2019 Pozzo Inn die perfekte Antwort f\u00fcr alle, die in einem faszinierenden, geschichtstr\u00e4chtigen und ruhigen Viertel wohnen m\u00f6chten. Das Hotel liegt nur wenige Gehminuten vom Herzen des Ghettos entfernt [&hellip;]<\/p>\n","protected":false},"author":1,"featured_media":4048,"parent":0,"menu_order":0,"comment_status":"closed","ping_status":"closed","template":"","meta":{"_acf_changed":false,"footnotes":""},"class_list":["post-4053","page","type-page","status-publish","has-post-thumbnail","hentry"],"acf":[],"_links":{"self":[{"href":"https:\/\/capozzoinn.com\/de\/wp-json\/wp\/v2\/pages\/4053","targetHints":{"allow":["GET"]}}],"collection":[{"href":"https:\/\/capozzoinn.com\/de\/wp-json\/wp\/v2\/pages"}],"about":[{"href":"https:\/\/capozzoinn.com\/de\/wp-json\/wp\/v2\/types\/page"}],"author":[{"embeddable":true,"href":"https:\/\/capozzoinn.com\/de\/wp-json\/wp\/v2\/users\/1"}],"replies":[{"embeddable":true,"href":"https:\/\/capozzoinn.com\/de\/wp-json\/wp\/v2\/comments?post=4053"}],"version-history":[{"count":4,"href":"https:\/\/capozzoinn.com\/de\/wp-json\/wp\/v2\/pages\/4053\/revisions"}],"predecessor-version":[{"id":4873,"href":"https:\/\/capozzoinn.com\/de\/wp-json\/wp\/v2\/pages\/4053\/revisions\/4873"}],"wp:featuredmedia":[{"embeddable":true,"href":"https:\/\/capozzoinn.com\/de\/wp-json\/wp\/v2\/media\/4048"}],"wp:attachment":[{"href":"https:\/\/capozzoinn.com\/de\/wp-json\/wp\/v2\/media?parent=4053"}],"curies":[{"name":"wp","href":"https:\/\/api.w.org\/{rel}","templated":true}]}}