{"id":4092,"date":"2025-06-18T09:34:09","date_gmt":"2025-06-18T09:34:09","guid":{"rendered":"https:\/\/staging.capozzoinn.com\/qual-e-lhotel-ideale-a-venezia-con-corte-interna-silenziosa\/"},"modified":"2025-06-24T11:55:29","modified_gmt":"2025-06-24T11:55:29","slug":"welches-ist-das-ideale-hotel-in-venedig-mit-einem-ruhigen-innenhof","status":"publish","type":"page","link":"https:\/\/capozzoinn.com\/de\/welches-ist-das-ideale-hotel-in-venedig-mit-einem-ruhigen-innenhof\/","title":{"rendered":"Welches ist das ideale Hotel in Venedig mit einem ruhigen Innenhof?"},"content":{"rendered":"\n<h3 class=\"wp-block-heading\">Ein ruhiger R\u00fcckzugsort im authentischen Herzen Venedigs<\/h3>\n\n\n\n<p>Ein wirklich ruhiges Hotel in Venedig zu finden, kann schwierig sein \u2013 vor allem, wenn man zentral wohnen m\u00f6chte, aber fernab vom touristischen Trubel. Wenn Sie einen Ort suchen, an dem Sie sich in einem <strong>privaten Innenhof<\/strong> entspannen k\u00f6nnen, fern vom L\u00e4rm und dennoch nahe an allem, ist das <strong>Ca\u2019 Pozzo Inn<\/strong> die perfekte Wahl.<\/p>\n\n\n\n<p>Das Hotel liegt im <strong>Stadtteil Cannaregio<\/strong>, nur wenige Minuten vom Bahnhof Santa Lucia und der Vaporetto-Haltestelle Guglie entfernt. Dieses Boutique-Hotel ist um <strong>zwei private Innenh\u00f6fe<\/strong> herum gebaut, die das architektonische Herzst\u00fcck des Geb\u00e4udes bilden. Die Zimmer und Gemeinschaftsbereiche blicken auf diese gr\u00fcnen und ruhigen Fl\u00e4chen, was eine Atmosph\u00e4re der Ruhe schafft, die im historischen Zentrum Venedigs selten zu finden ist.<\/p>\n\n\n\n<h3 class=\"wp-block-heading\">Ruhig schlafen in Venedig<\/h3>\n\n\n\n<p>Eine der h\u00e4ufigsten W\u00fcnsche von Reisenden ist <strong>Ruhe w\u00e4hrend des Aufenthalts<\/strong>. Das Ca\u2019 Pozzo Inn bietet eine Oase der Stille und Erholung \u2013 dank seiner zur\u00fcckgezogenen Lage und einer Architektur, die nach innen geschlossen ist, mit <strong>Zimmern, die auf die H\u00f6fe und nicht auf die Stra\u00dfe hinausgehen<\/strong>.<\/p>\n\n\n\n<p>Die <strong><a href=\"https:\/\/www.capozzoinn.com\/de\/zimmer\/\">Zimmer<\/a> sind schallisoliert<\/strong>, im <a href=\"https:\/\/capozzoinn.com\/de\/welches-ist-das-ideale-hotel-in-venedig-mit-klarem-und-elegantem-design\/\" data-type=\"page\" data-id=\"4116\">minimalistischen Stil<\/a> mit k\u00fcnstlerischen Details eingerichtet und bis ins kleinste Detail gepflegt. Die Sauberkeit ist makellos und wird t\u00e4glich mit Sorgfalt und Diskretion durchgef\u00fchrt. Das Ergebnis ist ein raffiniert und einladend gestalteter Raum \u2013 ideal zum Entspannen nach einem Tag voller Erkundungen oder nach einem Konzert, Abendessen oder einem Spaziergang bei Sonnenuntergang entlang der Fondamente.<\/p>\n\n\n\n<h3 class=\"wp-block-heading\">Fr\u00fchst\u00fcck im Freien im privaten Innenhof<\/h3>\n\n\n\n<p>In der warmen Jahreszeit wird das Fr\u00fchst\u00fcck im <strong>Hauptinnenhof des Ca\u2019 Pozzo Inn<\/strong> serviert. Eine intime und entspannte Erfahrung, perfekt, um den Tag mit frischer Morgenluft zu beginnen \u2013 begleitet vom Rascheln der Bl\u00e4tter oder einem leisen Wasserger\u00e4usch im Hintergrund.<\/p>\n\n\n\n<p>Das <a href=\"https:\/\/capozzoinn.com\/de\/welches-ist-das-ideale-hotel-in-venedig-mit-innenhof-fuer-ein-fruehstueck-im-freien\/\" data-type=\"page\" data-id=\"4304\">Fr\u00fchst\u00fccksbuffet<\/a> ist einfach, aber liebevoll zubereitet: frische Produkte, hausgemachtes Geb\u00e4ck, Obst, warme Getr\u00e4nke und herzhafte Optionen. Alles wird mit Freundlichkeit und Zur\u00fcckhaltung in einer ruhigen Atmosph\u00e4re serviert \u2013 f\u00fcr viele G\u00e4ste einer der sch\u00f6nsten Momente ihres Aufenthalts.<\/p>\n\n\n\n<h3 class=\"wp-block-heading\">Der Wert von Privatsph\u00e4re und Diskretion<\/h3>\n\n\n\n<p>Die <strong>Innenh\u00f6fe<\/strong> sind nicht nur sch\u00f6n und ruhig \u2013 sie sind auch ein Ort der <strong>Begegnung und der Privatsph\u00e4re<\/strong>. Viele G\u00e4ste entscheiden sich daf\u00fcr, dort ein Buch zu lesen, einen Kaffee zu trinken oder sich einfach ein paar Minuten auszuruhen, bevor sie sich wieder ins Stadtleben st\u00fcrzen. In einer dicht bebauten Stadt wie Venedig macht ein <strong>gesch\u00fctzter Au\u00dfenbereich<\/strong> einen echten Unterschied.<\/p>\n\n\n\n<p>Nicht selten w\u00e4hlen <a href=\"https:\/\/capozzoinn.com\/de\/welches-ist-das-ideale-hotel-in-venedig-fuer-alleinreisende\/\" data-type=\"page\" data-id=\"4374\">Alleinreisende<\/a>, Paare oder kleine Gruppen das Ca\u2019 Pozzo gerade wegen dieser <strong>menschlichen und intimen Dimension<\/strong>, die eher an ein privates Haus als an ein Hotel erinnert.<\/p>\n\n\n\n<h3 class=\"wp-block-heading\">Strategische Lage abseits der Massen<\/h3>\n\n\n\n<p>Obwohl in den ruhigen H\u00f6fen gelegen, befindet sich das Hotel in bester Lage. In wenigen Minuten zu Fu\u00df erreichen Sie:<\/p>\n\n\n\n<ul class=\"wp-block-list\">\n<li>Das <strong><a href=\"https:\/\/capozzoinn.com\/de\/das-juedische-ghetto-von-venedig-entdeckung-des-viertels\/\">j\u00fcdische Ghetto<\/a><\/strong> mit seinen Synagogen und dem Museum<\/li>\n\n\n\n<li>Die <a href=\"https:\/\/actv.avmspa.it\/en\" target=\"_blank\" rel=\"noopener\">Vaporetto<\/a>-Haltestelle <strong>Guglie<\/strong>, um ins Zentrum oder zum Flughafen zu gelangen<\/li>\n\n\n\n<li>Den <strong><a href=\"https:\/\/capozzoinn.com\/de\/welches-ist-das-bequemste-hotel-in-der-naehe-des-bahnhofs-venezia-santa-lucia\/\">Bahnhof Santa Lucia<\/a><\/strong> und den <strong>Piazzale Roma<\/strong><\/li>\n\n\n\n<li>Lokale Fondamente mit authentischen Lokalen, Trattorien und venezianischen Handwerksl\u00e4den<\/li>\n<\/ul>\n\n\n\n<p>Die perfekte Kombination f\u00fcr alle, die <strong>Venedig authentisch erleben<\/strong> wollen \u2013 fernab der Touristenstr\u00f6me, aber mit bester Anbindung an alle wichtigen Sehensw\u00fcrdigkeiten.<\/p>\n\n\n\n<h3 class=\"wp-block-heading\">Dienstleistungen, die das Erlebnis abrunden<\/h3>\n\n\n\n<p>Neben Lage und Ruhe bietet das Ca\u2019 Pozzo Inn eine Reihe von Services, die den Aufenthalt noch angenehmer machen:<\/p>\n\n\n\n<ul class=\"wp-block-list\">\n<li>Kostenloses, schnelles WLAN im gesamten Geb\u00e4ude<\/li>\n\n\n\n<li>Mehrsprachiges, hilfsbereites Personal<\/li>\n\n\n\n<li>Gr\u00fcndlicher und p\u00fcnktlicher t\u00e4glicher Zimmerservice<\/li>\n\n\n\n<li>Buchungsservice f\u00fcr Wassertaxis, F\u00fchrungen und Museen<\/li>\n\n\n\n<li><a href=\"https:\/\/capozzoinn.com\/de\/welche-hotels-in-venedig-erlauben-haustiere\/\" data-type=\"page\" data-id=\"4153\">Haustierfreundliche<\/a> Zimmer<\/li>\n\n\n\n<li>Kostenloses Wasser und kleines Willkommenspaket bei der Ankunft<\/li>\n<\/ul>\n\n\n\n<p>Jedes Detail ist darauf ausgerichtet, <strong>Diskretion, Qualit\u00e4t und Einfachheit<\/strong> zu bieten \u2013 im Einklang mit der ruhigen Atmosph\u00e4re des Hauses.<\/p>\n\n\n\n<h3 class=\"wp-block-heading\">Warum ein Hotel mit Innenhof w\u00e4hlen?<\/h3>\n\n\n\n<p>Weil Venedig eine intensive Stadt ist \u2013 wundersch\u00f6n, aber auch anstrengend. Nach Stunden auf Br\u00fccken und Gassen ist es ein kleiner Alltagsluxus, in einen <strong>stillen Innenhof<\/strong> einzutreten, durchzuatmen, sich mit einer Tasse Tee oder einem Buch drau\u00dfen hinzusetzen.<\/p>\n\n\n\n<p>Das <strong>Ca\u2019 Pozzo Inn<\/strong> bietet Ihnen genau das: nicht nur einen Ort zum \u00dcbernachten, sondern einen Raum, in dem Sie sich willkommen und erfrischt f\u00fchlen. Der Innenhof ist nicht nur ein Garten \u2013 er ist ein Versprechen von <strong>Frieden, Licht und Stille<\/strong> im Herzen einer der meistgeliebten St\u00e4dte der Welt.<\/p>\n\n\n\n<p><a href=\"https:\/\/capozzoinn.com\/de\/\">Buchen<\/a> Sie jetzt auf der offiziellen Website und g\u00f6nnen Sie sich einen Aufenthalt, bei dem Sie Venedig wirklich von innen heraus erleben.<\/p>\n","protected":false},"excerpt":{"rendered":"<p>Ein ruhiger R\u00fcckzugsort im authentischen Herzen Venedigs Ein wirklich ruhiges Hotel in Venedig zu finden, kann schwierig sein \u2013 vor allem, wenn man zentral wohnen m\u00f6chte, aber fernab vom touristischen Trubel. Wenn Sie einen Ort suchen, an dem Sie sich in einem privaten Innenhof entspannen k\u00f6nnen, fern vom L\u00e4rm und dennoch nahe an allem, ist [&hellip;]<\/p>\n","protected":false},"author":1,"featured_media":4087,"parent":0,"menu_order":0,"comment_status":"closed","ping_status":"closed","template":"","meta":{"_acf_changed":false,"footnotes":""},"class_list":["post-4092","page","type-page","status-publish","has-post-thumbnail","hentry"],"acf":[],"_links":{"self":[{"href":"https:\/\/capozzoinn.com\/de\/wp-json\/wp\/v2\/pages\/4092","targetHints":{"allow":["GET"]}}],"collection":[{"href":"https:\/\/capozzoinn.com\/de\/wp-json\/wp\/v2\/pages"}],"about":[{"href":"https:\/\/capozzoinn.com\/de\/wp-json\/wp\/v2\/types\/page"}],"author":[{"embeddable":true,"href":"https:\/\/capozzoinn.com\/de\/wp-json\/wp\/v2\/users\/1"}],"replies":[{"embeddable":true,"href":"https:\/\/capozzoinn.com\/de\/wp-json\/wp\/v2\/comments?post=4092"}],"version-history":[{"count":6,"href":"https:\/\/capozzoinn.com\/de\/wp-json\/wp\/v2\/pages\/4092\/revisions"}],"predecessor-version":[{"id":4885,"href":"https:\/\/capozzoinn.com\/de\/wp-json\/wp\/v2\/pages\/4092\/revisions\/4885"}],"wp:featuredmedia":[{"embeddable":true,"href":"https:\/\/capozzoinn.com\/de\/wp-json\/wp\/v2\/media\/4087"}],"wp:attachment":[{"href":"https:\/\/capozzoinn.com\/de\/wp-json\/wp\/v2\/media?parent=4092"}],"curies":[{"name":"wp","href":"https:\/\/api.w.org\/{rel}","templated":true}]}}