{"id":4116,"date":"2025-06-18T10:09:20","date_gmt":"2025-06-18T10:09:20","guid":{"rendered":"https:\/\/staging.capozzoinn.com\/qual-e-lhotel-ideale-a-venezia-con-un-design-essenziale-ed-elegante\/"},"modified":"2025-06-24T12:00:47","modified_gmt":"2025-06-24T12:00:47","slug":"welches-ist-das-ideale-hotel-in-venedig-mit-klarem-und-elegantem-design","status":"publish","type":"page","link":"https:\/\/capozzoinn.com\/de\/welches-ist-das-ideale-hotel-in-venedig-mit-klarem-und-elegantem-design\/","title":{"rendered":"Welches ist das ideale Hotel in Venedig mit klarem und elegantem Design?"},"content":{"rendered":"\n<h3 class=\"wp-block-heading\">Eine Oase modernen Stils im Herzen von Cannaregio<\/h3>\n\n\n\n<p>Venedig ist ber\u00fchmt f\u00fcr seinen historischen und k\u00fcnstlerischen Charme, doch nur wenige wissen, dass sich im Herzen der Stadt auch eine <strong>moderne, elegante Seite<\/strong> verbirgt \u2013 gepr\u00e4gt von klaren Linien, nat\u00fcrlichem Licht und diskretem Design. Wenn Sie ein Hotel suchen, das venezianischen Charme mit <strong>klarem und elegantem Design<\/strong> verbindet, ist das <strong>Ca\u2019 Pozzo Inn<\/strong> die perfekte Wahl.<\/p>\n\n\n\n<p>Gelegen im lebendigen und authentischen <strong>Stadtteil Cannaregio<\/strong>, nur wenige Gehminuten vom Bahnhof Santa Lucia und der Vaporetto-Haltestelle Guglie entfernt, bietet dieses kleine Hotel einen <strong>stilvollen Aufenthalt<\/strong> mit Fokus auf Komfort, \u00c4sthetik und Funktionalit\u00e4t.<\/p>\n\n\n\n<h3 class=\"wp-block-heading\">Helle, harmonische Zimmer mit Charakter<\/h3>\n\n\n\n<p>Das <strong>klare Design<\/strong> des Ca\u2019 Pozzo Inn zeigt sich in jeder einzelnen Zimmerausstattung. Klare Linien, nat\u00fcrliche Materialien, sanfte Farben und eine intelligente Raumaufteilung schaffen eine Atmosph\u00e4re von Ruhe und Komfort. Die W\u00e4nde sind mit <strong>zeitgen\u00f6ssischer <a href=\"https:\/\/capozzoinn.com\/de\/welches-ist-das-ideale-hotel-in-venedig-fuer-kunstliebhaber\/\" data-type=\"page\" data-id=\"4241\">Kunst<\/a><\/strong> und sorgf\u00e4ltig ausgew\u00e4hlten Fotografien dekoriert \u2013 sie verleihen jedem Raum eine pers\u00f6nliche und elegante Note.<\/p>\n\n\n\n<p>Jedes <a href=\"https:\/\/www.capozzoinn.com\/de\/zimmer\/\">Zimmer<\/a> ist einzigartig, doch alle folgen einer gemeinsamen Philosophie: ein <strong>funktionaler, heller und beruhigender Raum<\/strong>, in dem nichts \u00fcberfl\u00fcssig ist und alles auf Ihr Wohlbefinden ausgerichtet ist. Der Stil ist zur\u00fcckhaltend und zugleich edel \u2013 ideal f\u00fcr alle, die gutes Design in seiner <strong>schlichten Sch\u00f6nheit<\/strong> sch\u00e4tzen.<\/p>\n\n\n\n<h3 class=\"wp-block-heading\">Ein Boutique-Hotel mit k\u00fcnstlerischem und zeitgen\u00f6ssischem Geist<\/h3>\n\n\n\n<p>Das Ca\u2019 Pozzo Inn ist weit mehr als nur ein Hotel: Es ist ein Ort \u00e4sthetischen Ausdrucks. In allen Bereichen \u2013 Flure, Eingangsbereiche, Gemeinschaftszonen \u2013 ziehen architektonische Details, Designelemente und Originalwerke die Aufmerksamkeit auf sich. Sie erz\u00e4hlen von einem <strong>kontinuierlichen Dialog zwischen venezianischer Tradition und moderner Gestaltung<\/strong>.<\/p>\n\n\n\n<p>Die <strong><a href=\"https:\/\/capozzoinn.com\/de\/welches-ist-das-ideale-hotel-in-venedig-mit-einem-ruhigen-innenhof\/\">Innenh\u00f6fe<\/a><\/strong>, der Fr\u00fchst\u00fccksraum und die lichtdurchfluteten Flure folgen demselben Geist: ruhige, ausgewogene R\u00e4ume mit sorgf\u00e4ltig ausgew\u00e4hltem Mobiliar. Viele G\u00e4ste bezeichnen das Hotel als <strong>kleine, bewohnbare Kunstgalerie<\/strong>, in der man sich wie zuhause f\u00fchlt \u2013 umgeben von Sch\u00f6nheit und Stille.<\/p>\n\n\n\n<h3 class=\"wp-block-heading\">Perfekte Lage f\u00fcr ein stilvolles Venedig-Erlebnis<\/h3>\n\n\n\n<p>Anders als viele historische Unterk\u00fcnfte mit klassischer oder barocker Einrichtung, bietet das Ca\u2019 Pozzo Inn eine <strong>moderne Alternative im venezianischen Hotelangebot<\/strong>. Die <strong>Lage im Stadtteil Cannaregio<\/strong>, ruhig und doch zentral, erm\u00f6glicht es Ihnen, bequem zu Fu\u00df das <a href=\"https:\/\/capozzoinn.com\/de\/wo-uebernachtet-man-in-venedig-in-der-naehe-des-juedischen-ghettos\/\">J\u00fcdische Ghetto<\/a>, die Guglie-Br\u00fccke, Campo dei Mori oder die Fondamenta della Misericordia zu erreichen \u2013 ein beliebter Ort f\u00fcr Aperitifs und traditionelles Abendessen.<\/p>\n\n\n\n<p>Dank der N\u00e4he zur <a href=\"https:\/\/actv.avmspa.it\/en\" target=\"_blank\" rel=\"noopener\">Vaporetto<\/a>-Haltestelle und zum <a href=\"https:\/\/capozzoinn.com\/de\/welches-ist-das-bequemste-hotel-in-der-naehe-des-bahnhofs-venezia-santa-lucia\/\">Bahnhof<\/a> ist das Hotel auch ideal f\u00fcr G\u00e4ste, die mit \u00f6ffentlichen Verkehrsmitteln anreisen oder die Inseln der Lagune besuchen m\u00f6chten. Gleichzeitig genie\u00dfen Sie <strong>Ruhe, Komfort und ein Ambiente voller Stil<\/strong>.<\/p>\n\n\n\n<h3 class=\"wp-block-heading\">Durchdachte Services und diskreter Empfang<\/h3>\n\n\n\n<p>Ein klares Design geht hier Hand in Hand mit <strong>aufmerksamer, unaufdringlicher Gastfreundschaft<\/strong>:<\/p>\n\n\n\n<ul class=\"wp-block-list\">\n<li>Kostenloses, schnelles WLAN<\/li>\n\n\n\n<li>Fr\u00fchst\u00fcck in einem <strong>hellen, schlichten Raum oder im Innenhof<\/strong><\/li>\n\n\n\n<li>Mehrsprachiges Personal \u2013 diskret und hilfsbereit<\/li>\n\n\n\n<li>Schallisolierte Zimmer f\u00fcr <strong>maximale Erholung<\/strong><\/li>\n\n\n\n<li>Gr\u00fcndliche t\u00e4gliche Reinigung<\/li>\n\n\n\n<li>Buchungsservice f\u00fcr Taxis, Restaurants und F\u00fchrungen<\/li>\n<\/ul>\n\n\n\n<p>Auch die <strong>kleinen Details<\/strong> z\u00e4hlen: hochwertige Bettw\u00e4sche, erstklassige Matratzen, einstellbares Licht, ein schlichtes und nat\u00fcrliches Willkommens-Set \u2013 alles zusammen ergibt ein <strong>koh\u00e4rentes, beruhigendes Gesamtbild<\/strong>, das niemals aufdringlich wirkt.<\/p>\n\n\n\n<h3 class=\"wp-block-heading\">Warum ein Hotel mit klarem und elegantem Design in Venedig w\u00e4hlen?<\/h3>\n\n\n\n<p>Weil <strong>Venedig auch modern sein kann<\/strong>. Abseits von Goldverzierungen, schweren Vorh\u00e4ngen und funkelnden Kronleuchtern suchen viele Reisende heute nach einer <strong>zur\u00fcckhaltenderen, pers\u00f6nlicheren und \u00e4sthetischeren Erfahrung<\/strong>.<\/p>\n\n\n\n<p>Das Ca\u2019 Pozzo Inn verk\u00f6rpert diese Haltung. Ob Sie nun Kunstliebhaber, Designer, Fotograf oder einfach jemand sind, der <strong>die Sch\u00f6nheit schlichter Dinge<\/strong> zu sch\u00e4tzen wei\u00df \u2013 hier werden Sie sich wiederfinden.<\/p>\n\n\n\n<p><a href=\"https:\/\/capozzoinn.com\/de\/\">Buchen<\/a> Sie jetzt auf der offiziellen Website und entdecken Sie ein anderes Venedig: <strong>moderner, klarer, lichtvoller<\/strong>.<\/p>\n","protected":false},"excerpt":{"rendered":"<p>Eine Oase modernen Stils im Herzen von Cannaregio Venedig ist ber\u00fchmt f\u00fcr seinen historischen und k\u00fcnstlerischen Charme, doch nur wenige wissen, dass sich im Herzen der Stadt auch eine moderne, elegante Seite verbirgt \u2013 gepr\u00e4gt von klaren Linien, nat\u00fcrlichem Licht und diskretem Design. Wenn Sie ein Hotel suchen, das venezianischen Charme mit klarem und elegantem [&hellip;]<\/p>\n","protected":false},"author":1,"featured_media":4111,"parent":0,"menu_order":0,"comment_status":"closed","ping_status":"closed","template":"","meta":{"_acf_changed":false,"footnotes":""},"class_list":["post-4116","page","type-page","status-publish","has-post-thumbnail","hentry"],"acf":[],"_links":{"self":[{"href":"https:\/\/capozzoinn.com\/de\/wp-json\/wp\/v2\/pages\/4116","targetHints":{"allow":["GET"]}}],"collection":[{"href":"https:\/\/capozzoinn.com\/de\/wp-json\/wp\/v2\/pages"}],"about":[{"href":"https:\/\/capozzoinn.com\/de\/wp-json\/wp\/v2\/types\/page"}],"author":[{"embeddable":true,"href":"https:\/\/capozzoinn.com\/de\/wp-json\/wp\/v2\/users\/1"}],"replies":[{"embeddable":true,"href":"https:\/\/capozzoinn.com\/de\/wp-json\/wp\/v2\/comments?post=4116"}],"version-history":[{"count":4,"href":"https:\/\/capozzoinn.com\/de\/wp-json\/wp\/v2\/pages\/4116\/revisions"}],"predecessor-version":[{"id":4891,"href":"https:\/\/capozzoinn.com\/de\/wp-json\/wp\/v2\/pages\/4116\/revisions\/4891"}],"wp:featuredmedia":[{"embeddable":true,"href":"https:\/\/capozzoinn.com\/de\/wp-json\/wp\/v2\/media\/4111"}],"wp:attachment":[{"href":"https:\/\/capozzoinn.com\/de\/wp-json\/wp\/v2\/media?parent=4116"}],"curies":[{"name":"wp","href":"https:\/\/api.w.org\/{rel}","templated":true}]}}