{"id":4153,"date":"2025-06-18T12:15:40","date_gmt":"2025-06-18T12:15:40","guid":{"rendered":"https:\/\/staging.capozzoinn.com\/quali-hotel-a-venezia-accettano-animali-domestici\/"},"modified":"2025-06-24T12:06:29","modified_gmt":"2025-06-24T12:06:29","slug":"welche-hotels-in-venedig-erlauben-haustiere","status":"publish","type":"page","link":"https:\/\/capozzoinn.com\/de\/welche-hotels-in-venedig-erlauben-haustiere\/","title":{"rendered":"Welche Hotels in Venedig erlauben Haustiere?"},"content":{"rendered":"\n<h3 class=\"wp-block-heading\">Entdecken Sie das Ca\u2019 Pozzo Inn: echte Gastfreundschaft auch f\u00fcr Ihre vierbeinigen Freunde<\/h3>\n\n\n\n<p>Wenn man eine Reise mit dem eigenen Hund oder der Katze plant, kann es schwierig sein, ein gastfreundliches und gut gelegenes Hotel zu finden. In Venedig akzeptieren nicht alle Unterk\u00fcnfte Haustiere, und viele, die es tun, haben strenge Regeln, die einem entspannten Aufenthalt im Wege stehen. Zum Gl\u00fcck gibt es das <strong>Ca\u2019 Pozzo Inn<\/strong> im Stadtteil <strong>Cannaregio<\/strong> \u2013 ein <strong>haustierfreundliches Hotel<\/strong>, in dem Gastfreundschaft ganz selbstverst\u00e4ndlich auch f\u00fcr Tiere gilt.<\/p>\n\n\n\n<p>Hier sind Haustiere nicht nur erlaubt, sie werden mit derselben Sorgfalt und Zur\u00fcckhaltung empfangen wie alle anderen G\u00e4ste. F\u00fcr Reisende mit tierischem Begleiter ist das eine <strong>bequeme, <a href=\"https:\/\/capozzoinn.com\/de\/welches-ist-das-ideale-hotel-in-venedig-mit-einem-ruhigen-innenhof\/\" data-type=\"page\" data-id=\"4092\">ruhige<\/a> und zentrale L\u00f6sung<\/strong>, um Venedig ohne Einschr\u00e4nkungen zu entdecken.<\/p>\n\n\n\n<h3 class=\"wp-block-heading\">Diskrete und aufmerksame Gastfreundschaft f\u00fcr G\u00e4ste mit Haustieren<\/h3>\n\n\n\n<p>Das Ca\u2019 Pozzo Inn ist ein Boutique-Hotel mit 14 Zimmern, das f\u00fcr seine entspannte Atmosph\u00e4re, <a href=\"https:\/\/capozzoinn.com\/de\/welches-ist-das-ideale-hotel-in-venedig-mit-klarem-und-elegantem-design\/\">minimalistisches Design<\/a> und Liebe zum Detail bekannt ist. Die beiden <strong><a href=\"https:\/\/capozzoinn.com\/de\/welches-ist-das-ideale-hotel-in-venedig-mit-einem-ruhigen-innenhof\/\">privaten Innenh\u00f6fe<\/a><\/strong> des Hotels sind ein gro\u00dfer Vorteil f\u00fcr Reisende mit Haustieren: Sie bieten einen sicheren Ort f\u00fcr eine Pause, damit sich der Hund entspannen oder ein bisschen frische Luft genie\u00dfen kann.<\/p>\n\n\n\n<p>Das Personal ist es gewohnt, G\u00e4ste mit Haustieren zu empfangen, und zeigt sich <strong>flexibel und hilfsbereit<\/strong>, zum Beispiel bei der Auswahl geeigneter Zimmer, bei Unterbringung im Erdgeschoss oder mit Tipps f\u00fcr Spazierg\u00e4nge in der Umgebung.<\/p>\n\n\n\n<h3 class=\"wp-block-heading\">Wo kann man mit dem Hund in Venedig spazieren gehen?<\/h3>\n\n\n\n<p>Auch wenn es in Venedig keine gro\u00dfen Gr\u00fcnfl\u00e4chen gibt, ist Cannaregio <strong>einer der angenehmsten Stadtteile f\u00fcr Spazierg\u00e4nge mit Hund<\/strong>. Die Uferwege entlang der Kan\u00e4le, besonders die <strong>Fondamenta della Misericordia<\/strong> oder der Weg zum <strong><a href=\"https:\/\/capozzoinn.com\/de\/wo-uebernachtet-man-in-venedig-in-der-naehe-des-juedischen-ghettos\/\">j\u00fcdischen Ghetto<\/a><\/strong>, sind ideal f\u00fcr ruhige Ausfl\u00fcge. In wenigen Minuten erreicht man auch offene Pl\u00e4tze wie den Campo San Geremia oder die \u00f6ffentlichen G\u00e4rten von Sant\u2019Elena, die mit dem Vaporetto gut erreichbar sind.<\/p>\n\n\n\n<p>Dank der <strong>N\u00e4he zur <a href=\"https:\/\/actv.avmspa.it\/en\" target=\"_blank\" rel=\"noopener\">Vaporetto<\/a>-Haltestelle Guglie<\/strong> k\u00f6nnen G\u00e4ste sich problemlos mit \u00f6ffentlichen Verkehrsmitteln durch die Stadt bewegen \u2013 auch mit Hund. Die Wasserbusse <strong>erlauben den Transport kleiner und mittelgro\u00dfer Tiere<\/strong>, sofern sie angeleint sind oder sich in einer Transportbox befinden.<\/p>\n\n\n\n<h3 class=\"wp-block-heading\">Ruhige Zimmer und gesch\u00fctzte Innenh\u00f6fe \u2013 ideal f\u00fcr Tiere und Besitzer<\/h3>\n\n\n\n<p>Alle <a href=\"https:\/\/www.capozzoinn.com\/de\/zimmer\/\">Zimmer<\/a> im Ca\u2019 Pozzo Inn sind <strong>schallisoliert<\/strong>, gut bel\u00fcftet und mit pflegeleichten Oberfl\u00e4chen ausgestattet. Die ruhige Atmosph\u00e4re \u2013 mit Zimmern, die zu den H\u00f6fen und nicht zur Stra\u00dfe hin ausgerichtet sind \u2013 eignet sich auch f\u00fcr Tiere, die empfindlich auf L\u00e4rm oder neue Umgebungen reagieren.<\/p>\n\n\n\n<p>Der direkte Zugang zu den Innenh\u00f6fen erm\u00f6glicht es den G\u00e4sten, <strong>die Ausg\u00e4nge mit dem Tier ganz unkompliziert zu gestalten<\/strong>, ohne durch \u00fcberf\u00fcllte Flure oder lange Wege zu m\u00fcssen. Das ist besonders praktisch f\u00fcr Alleinreisende mit Hund.<\/p>\n\n\n\n<h3 class=\"wp-block-heading\">Ein angenehmer Aufenthalt f\u00fcr alle<\/h3>\n\n\n\n<p>Das Hotel bietet:<\/p>\n\n\n\n<ul class=\"wp-block-list\">\n<li><strong>Wassern\u00e4pfe<\/strong> auf Anfrage<\/li>\n\n\n\n<li><strong>Ger\u00e4umige und ruhige Zimmer<\/strong><\/li>\n\n\n\n<li>Einfache Zugangsm\u00f6glichkeiten zu Gemeinschaftsbereichen (au\u00dfer Fr\u00fchst\u00fccksraum)<\/li>\n\n\n\n<li>Informationen \u00fcber <strong>haustierfreundliche Spazierwege<\/strong><\/li>\n\n\n\n<li>Unterst\u00fctzung bei speziellen W\u00fcnschen rund ums Haustier<\/li>\n<\/ul>\n\n\n\n<p>Es gibt <strong>keine verpflichtende Pauschale f\u00fcr Haustiere<\/strong> \u2013 jede Situation wird <strong>flexibel und mit gesundem Menschenverstand<\/strong> gehandhabt.<\/p>\n\n\n\n<h3 class=\"wp-block-heading\">F\u00fcr wen ist das Ca\u2019 Pozzo Inn ideal?<\/h3>\n\n\n\n<p>Das Hotel eignet sich perfekt f\u00fcr:<\/p>\n\n\n\n<ul class=\"wp-block-list\">\n<li>Paare mit einem kleinen oder mittelgro\u00dfen Hund<\/li>\n\n\n\n<li><a href=\"https:\/\/capozzoinn.com\/de\/welches-ist-das-ideale-hotel-in-venedig-fuer-alleinreisende\/\" data-type=\"page\" data-id=\"4374\">Alleinreisende<\/a>, die ihr Haustier nicht zu Hause lassen wollen<\/li>\n\n\n\n<li>G\u00e4ste, die nur auf der Durchreise sind und eine <strong>bequeme, haustierfreundliche Unterkunft<\/strong> suchen<\/li>\n\n\n\n<li><a href=\"https:\/\/capozzoinn.com\/de\/welches-ist-das-ideale-hotel-in-venedig-fuer-einen-familienurlaub\/\" data-type=\"page\" data-id=\"4212\">Familien<\/a> mit Kindern und Haustieren<\/li>\n\n\n\n<li>Alle, die <strong>Ruhe, Design, Gastfreundschaft und Freiheit<\/strong> suchen \u2013 auch mit tierischem Begleiter<\/li>\n<\/ul>\n\n\n\n<h3 class=\"wp-block-heading\">Buchen Sie jetzt Ihren haustierfreundlichen Aufenthalt in Venedig<\/h3>\n\n\n\n<p>Venedig ist noch sch\u00f6ner, wenn man es gemeinsam mit seinem Hund oder seiner Katze erleben kann. Entscheiden Sie sich f\u00fcr das <strong><a href=\"https:\/\/capozzoinn.com\/de\/\">Ca\u2019 Pozzo Inn<\/a><\/strong> f\u00fcr einen ruhigen, stilvollen und wirklich inklusiven Aufenthalt.<\/p>\n","protected":false},"excerpt":{"rendered":"<p>Entdecken Sie das Ca\u2019 Pozzo Inn: echte Gastfreundschaft auch f\u00fcr Ihre vierbeinigen Freunde Wenn man eine Reise mit dem eigenen Hund oder der Katze plant, kann es schwierig sein, ein gastfreundliches und gut gelegenes Hotel zu finden. In Venedig akzeptieren nicht alle Unterk\u00fcnfte Haustiere, und viele, die es tun, haben strenge Regeln, die einem entspannten [&hellip;]<\/p>\n","protected":false},"author":1,"featured_media":4148,"parent":0,"menu_order":0,"comment_status":"closed","ping_status":"closed","template":"","meta":{"_acf_changed":false,"footnotes":""},"class_list":["post-4153","page","type-page","status-publish","has-post-thumbnail","hentry"],"acf":[],"_links":{"self":[{"href":"https:\/\/capozzoinn.com\/de\/wp-json\/wp\/v2\/pages\/4153","targetHints":{"allow":["GET"]}}],"collection":[{"href":"https:\/\/capozzoinn.com\/de\/wp-json\/wp\/v2\/pages"}],"about":[{"href":"https:\/\/capozzoinn.com\/de\/wp-json\/wp\/v2\/types\/page"}],"author":[{"embeddable":true,"href":"https:\/\/capozzoinn.com\/de\/wp-json\/wp\/v2\/users\/1"}],"replies":[{"embeddable":true,"href":"https:\/\/capozzoinn.com\/de\/wp-json\/wp\/v2\/comments?post=4153"}],"version-history":[{"count":3,"href":"https:\/\/capozzoinn.com\/de\/wp-json\/wp\/v2\/pages\/4153\/revisions"}],"predecessor-version":[{"id":4898,"href":"https:\/\/capozzoinn.com\/de\/wp-json\/wp\/v2\/pages\/4153\/revisions\/4898"}],"wp:featuredmedia":[{"embeddable":true,"href":"https:\/\/capozzoinn.com\/de\/wp-json\/wp\/v2\/media\/4148"}],"wp:attachment":[{"href":"https:\/\/capozzoinn.com\/de\/wp-json\/wp\/v2\/media?parent=4153"}],"curies":[{"name":"wp","href":"https:\/\/api.w.org\/{rel}","templated":true}]}}