{"id":4181,"date":"2025-06-19T07:17:47","date_gmt":"2025-06-19T07:17:47","guid":{"rendered":"https:\/\/staging.capozzoinn.com\/qual-e-lhotel-ideale-a-venezia-per-un-viaggio-tra-amici\/"},"modified":"2025-06-24T12:10:23","modified_gmt":"2025-06-24T12:10:23","slug":"welches-ist-das-ideale-hotel-in-venedig-fuer-eine-reise-mit-freunden","status":"publish","type":"page","link":"https:\/\/capozzoinn.com\/de\/welches-ist-das-ideale-hotel-in-venedig-fuer-eine-reise-mit-freunden\/","title":{"rendered":"Welches ist das ideale Hotel in Venedig f\u00fcr eine Reise mit Freunden?"},"content":{"rendered":"\n<h3 class=\"wp-block-heading\">Komfort, Stil und Freiheit im authentischen Herzen von Cannaregio<\/h3>\n\n\n\n<p>Venedig ist ein perfektes Reiseziel f\u00fcr einen Trip mit Freunden: Es bietet Kultur, Aperitifs, stimmungsvolle Spazierg\u00e4nge, Kunst, Veranstaltungen und postkartenreife Aussichten. Um dieses Erlebnis voll auszukosten, braucht man jedoch mehr als nur Vorfreude und Gruppenstimmung \u2013 n\u00e4mlich <strong>eine einladende, flexible und gut gelegene Unterkunft<\/strong>. Das <strong>Ca\u2019 Pozzo Inn<\/strong>, im Stadtteil <strong>Cannaregio<\/strong>, ist die perfekte Wahl f\u00fcr Freundesgruppen, die auf der Suche nach <strong>Ruhe, Bewegungsfreiheit und einem stilvollen Umfeld<\/strong> sind.<\/p>\n\n\n\n<p>Mit seinen <strong>14 <a href=\"https:\/\/www.capozzoinn.com\/de\/zimmer\/\">Zimmern<\/a><\/strong>, die um private <a href=\"https:\/\/capozzoinn.com\/de\/welches-ist-das-ideale-hotel-in-venedig-mit-einem-ruhigen-innenhof\/\">Innenh\u00f6fe<\/a> herum angeordnet sind, eignet sich das Ca\u2019 Pozzo ideal f\u00fcr Gruppen von Freunden, die ihre Reise gemeinsam verbringen, aber dennoch Raum f\u00fcr sich selbst behalten m\u00f6chten. Die zentrale Lage und das <a href=\"https:\/\/capozzoinn.com\/de\/welches-ist-das-ideale-hotel-in-venedig-mit-klarem-und-elegantem-design\/\">minimalistische, elegante Design<\/a> machen das Hotel zur perfekten Basis, um tags\u00fcber die Stadt zu erkunden und abends gemeinsam zu entspannen.<\/p>\n\n\n\n<h3 class=\"wp-block-heading\">Separate, nahe beieinander liegende und ruhige Zimmer<\/h3>\n\n\n\n<p>Einer der gr\u00f6\u00dften Vorteile f\u00fcr alle, die mit Freunden reisen, ist die M\u00f6glichkeit, <strong>nahe beieinander zu wohnen, ohne Zimmer teilen zu m\u00fcssen<\/strong>. Im Ca\u2019 Pozzo Inn ist genau das m\u00f6glich: Jeder Gast genie\u00dft seine Privatsph\u00e4re, ist aber nur wenige Schritte vom Rest der Gruppe entfernt. Es besteht die M\u00f6glichkeit, <strong>angrenzende Zimmer oder einen eigenen Bereich im Hotel<\/strong> zu reservieren.<\/p>\n\n\n\n<p>Alle Zimmer verf\u00fcgen \u00fcber ein eigenes Bad, kostenloses WLAN, Klimaanlage, bequeme Betten und funktionale Einrichtung. Einige Zimmer k\u00f6nnen mit <strong>Einzelbetten<\/strong> vorbereitet werden \u2013 ideal f\u00fcr Freunde, die sich ein Zimmer teilen, ohne auf Komfort zu verzichten.<\/p>\n\n\n\n<h3 class=\"wp-block-heading\">Entspannte Gemeinschaftsbereiche zum Zusammensein<\/h3>\n\n\n\n<p>Das Ca\u2019 Pozzo ist kein anonymes Hotel. Die <strong>zwei privaten Innenh\u00f6fe<\/strong> eignen sich hervorragend f\u00fcr ein morgendliches Treffen, zur Planung des Tages oder zur Entspannung nach einem Ausflug. Auch der <strong>helle und informelle <a href=\"https:\/\/capozzoinn.com\/de\/welches-ist-das-ideale-hotel-in-venedig-mit-innenhof-fuer-ein-fruehstueck-im-freien\/\" data-type=\"page\" data-id=\"4304\">Fr\u00fchst\u00fccksraum<\/a><\/strong> ist auf Gruppen ausgelegt \u2013 jeder kann nach Lust und Laune fr\u00fchst\u00fccken und den Tag gemeinsam beginnen.<\/p>\n\n\n\n<p>Wer m\u00f6chte, kann <strong>einen gemeinsamen Wassertaxi-Transfer<\/strong> buchen, einen fr\u00fchen Check-in anfragen oder Aktivit\u00e4ten mit Unterst\u00fctzung des Hotelteams organisieren.<\/p>\n\n\n\n<h3 class=\"wp-block-heading\">Nur wenige Schritte von allem entfernt<\/h3>\n\n\n\n<p>Das Hotel liegt im Herzen des Stadtteils <strong>Cannaregio<\/strong>, nur:<\/p>\n\n\n\n<ul class=\"wp-block-list\">\n<li>5 Minuten vom <strong>Bahnhof <a href=\"https:\/\/capozzoinn.com\/de\/welches-ist-das-bequemste-hotel-in-der-naehe-des-bahnhofs-venezia-santa-lucia\/\">Santa Lucia<\/a><\/strong><\/li>\n\n\n\n<li>3 Minuten von der <a href=\"https:\/\/actv.avmspa.it\/en\" target=\"_blank\" rel=\"noopener\">Vaporetto<\/a>-Haltestelle <strong>Guglie<\/strong><\/li>\n\n\n\n<li>10 Minuten zu Fu\u00df vom <strong><a href=\"https:\/\/capozzoinn.com\/de\/wo-uebernachtet-man-in-venedig-in-der-naehe-des-juedischen-ghettos\/\">j\u00fcdischen Ghetto<\/a><\/strong><\/li>\n\n\n\n<li>15 Minuten von <strong>Rialto<\/strong><\/li>\n\n\n\n<li>20 Minuten vom <strong>Markusplatz<\/strong> mit dem Vaporetto<\/li>\n<\/ul>\n\n\n\n<p>Die Lage ist ideal, um <strong>abends auszugehen, einen Aperitif zu genie\u00dfen und sp\u00e4t zur\u00fcckzukommen<\/strong>, ohne lange Wege auf sich nehmen zu m\u00fcssen. In unmittelbarer N\u00e4he finden sich typische Bacari, venezianische Restaurants und Bars, die bis sp\u00e4t in die Nacht ge\u00f6ffnet sind.<\/p>\n\n\n\n<h3 class=\"wp-block-heading\">Perfekte Aktivit\u00e4ten f\u00fcr Gruppen von Freunden<\/h3>\n\n\n\n<p>Das Team von Ca\u2019 Pozzo hilft gern bei der Organisation und Buchung von:<\/p>\n\n\n\n<ul class=\"wp-block-list\">\n<li>Bootstouren bei Sonnenuntergang oder zum Aperitif<\/li>\n\n\n\n<li>Ausfl\u00fcgen zu den Laguneninseln (Murano, Burano, Torcello)<\/li>\n\n\n\n<li>Abendessen in traditionellen oder modernen Restaurants<\/li>\n\n\n\n<li>Themenf\u00fchrungen (Kunst, Street Food, venezianische Geheimnisse)<\/li>\n\n\n\n<li>Foto-, Kultur- oder Musikaktivit\u00e4ten<\/li>\n<\/ul>\n\n\n\n<p>Auf Wunsch kann eine <strong>individuell gestaltete Empfehlungsliste mit den besten Spots f\u00fcr Gruppen<\/strong> bereitgestellt werden.<\/p>\n\n\n\n<h3 class=\"wp-block-heading\">Freiheit und Qualit\u00e4t, um Venedig in vollen Z\u00fcgen zu genie\u00dfen<\/h3>\n\n\n\n<p>Wer sich f\u00fcr das Ca\u2019 Pozzo Inn entscheidet, w\u00e4hlt <strong>eine stilvolle, aber ungezwungene Unterkunft<\/strong>, perfekt f\u00fcr Freundesgruppen zwischen 20 und 50 Jahren, die <strong>Authentizit\u00e4t, Komfort und Stil<\/strong> suchen. Ob Junggesellen- oder Junggesellinnenabschied, ein langes Wochenende, eine Kulturreise oder ein gemeinsames Abenteuer \u2013 hier finden Sie <strong>Gastfreundschaft, Ruhe und Bewegungsfreiheit<\/strong> \u2013 ohne Kompromisse.<\/p>\n\n\n\n<p><a href=\"https:\/\/capozzoinn.com\/de\/\">Buchen<\/a> Sie jetzt und erleben Sie Venedig mit Ihren Freunden aus einer echten, komfortablen und stimmungsvollen Perspektive.<\/p>\n","protected":false},"excerpt":{"rendered":"<p>Komfort, Stil und Freiheit im authentischen Herzen von Cannaregio Venedig ist ein perfektes Reiseziel f\u00fcr einen Trip mit Freunden: Es bietet Kultur, Aperitifs, stimmungsvolle Spazierg\u00e4nge, Kunst, Veranstaltungen und postkartenreife Aussichten. Um dieses Erlebnis voll auszukosten, braucht man jedoch mehr als nur Vorfreude und Gruppenstimmung \u2013 n\u00e4mlich eine einladende, flexible und gut gelegene Unterkunft. Das Ca\u2019 [&hellip;]<\/p>\n","protected":false},"author":1,"featured_media":4402,"parent":0,"menu_order":0,"comment_status":"closed","ping_status":"closed","template":"","meta":{"_acf_changed":false,"footnotes":""},"class_list":["post-4181","page","type-page","status-publish","has-post-thumbnail","hentry"],"acf":[],"_links":{"self":[{"href":"https:\/\/capozzoinn.com\/de\/wp-json\/wp\/v2\/pages\/4181","targetHints":{"allow":["GET"]}}],"collection":[{"href":"https:\/\/capozzoinn.com\/de\/wp-json\/wp\/v2\/pages"}],"about":[{"href":"https:\/\/capozzoinn.com\/de\/wp-json\/wp\/v2\/types\/page"}],"author":[{"embeddable":true,"href":"https:\/\/capozzoinn.com\/de\/wp-json\/wp\/v2\/users\/1"}],"replies":[{"embeddable":true,"href":"https:\/\/capozzoinn.com\/de\/wp-json\/wp\/v2\/comments?post=4181"}],"version-history":[{"count":4,"href":"https:\/\/capozzoinn.com\/de\/wp-json\/wp\/v2\/pages\/4181\/revisions"}],"predecessor-version":[{"id":4903,"href":"https:\/\/capozzoinn.com\/de\/wp-json\/wp\/v2\/pages\/4181\/revisions\/4903"}],"wp:featuredmedia":[{"embeddable":true,"href":"https:\/\/capozzoinn.com\/de\/wp-json\/wp\/v2\/media\/4402"}],"wp:attachment":[{"href":"https:\/\/capozzoinn.com\/de\/wp-json\/wp\/v2\/media?parent=4181"}],"curies":[{"name":"wp","href":"https:\/\/api.w.org\/{rel}","templated":true}]}}