{"id":420,"date":"2025-01-09T16:02:36","date_gmt":"2025-01-09T16:02:36","guid":{"rendered":"https:\/\/staging.capozzoinn.com\/events\/the-venetian-carnival\/"},"modified":"2025-06-24T07:31:25","modified_gmt":"2025-06-24T07:31:25","slug":"der-venezianische-karneval","status":"publish","type":"page","link":"https:\/\/capozzoinn.com\/de\/ereignisse\/der-venezianische-karneval\/","title":{"rendered":"Der Venezianische Karneval"},"content":{"rendered":"\n<p><strong>Die Urspr\u00fcnge<\/strong><\/p>\n\n\n\n<p>Die Urspr\u00fcnge sind sehr alt: Die ersten Beweise stammen aus einem Dokument von Doge Vitale Falier aus dem Jahr 1094, in dem von Vergn\u00fcgungen die Rede ist und in dem das Wort Karneval zum ersten Mal erw\u00e4hnt wird.<\/p>\n\n\n\n<p>Der Karneval wurde dank der venezianischen Oligarchie geboren, die die Notwendigkeit der Serenissima verstand, die Menschen, vor allem die Unterschicht, eine Zeit des Jahres leben zu lassen, die ganz dem Spa\u00df und der Unterhaltung gewidmet war, eine Zeit, in der sich das venezianische Volk und die Ausl\u00e4nder durch die Stadt str\u00f6mten Spa\u00df haben und Musik und T\u00e4nze genie\u00dfen.<\/p>\n\n\n\n<p>Die durch Kost\u00fcme und Masken gew\u00e4hrte Anonymit\u00e4t gab den Menschen die M\u00f6glichkeit, das gleiche Klassenniveau zu erreichen und befugt zu sein, sich \u00fcber die Autorit\u00e4t und die Aristokratie lustig zu machen.<\/p>\n\n\n\n<p>Diese Zugest\u00e4ndnisse wurden weitgehend toleriert und als Vorsehung f\u00fcr die Spannungen und die Unzufriedenheit in der Republik Venedig angesehen, die ihren B\u00fcrgern in Fragen wie der gemeinsamen Moral und der \u00f6ffentlichen Ordnung strenge Grenzen setzten.<\/p>\n\n\n\n<p><strong>Der alte Karneval<\/strong><\/p>\n\n\n\n<p>Das erste offizielle Dokument, das besagt, dass der venezianische Karneval ein \u00f6ffentliches Fest ist, wurde 1296 geschrieben, als der Senat der Republik am Tag vor der Fastenzeit ein Fest ank\u00fcndigte.<\/p>\n\n\n\n<p>W\u00e4hrend dieser Zeit und in den folgenden dauerte der Karneval 6 Wochen vom 26. Dezember bis zum Ash Wenesday, obwohl manchmal gedacht wurde, dass die Unterhaltungen manchmal an den ersten Oktobertagen begonnen wurden.<\/p>\n\n\n\n<p><strong>Masken und Kost\u00fcme<\/strong><\/p>\n\n\n\n<p>Die B\u00fcrger, die Masken und Kost\u00fcme tragen, k\u00f6nnen ihre Identit\u00e4t vollst\u00e4ndig verbergen und alle Merkmale einer bestimmten sozialen Klasse, eines bestimmten Geschlechts und einer bestimmten Religion l\u00f6schen. Jeder kann Einstellungen und Verhaltensweisen haben, die zu den neuen Kost\u00fcmen und zu den ver\u00e4nderten Erscheinungsbildern geh\u00f6ren. Demnach war die Begr\u00fc\u00dfung, die st\u00e4ndig verwendet wurde, wenn ein \u201eCharakter\u201c entlang der Stra\u00dfe gesehen wurde, \u201eGuten Morgen, Frau Maske\u201c.<\/p>\n\n\n\n<p><strong>Das Fest der \u201cMarie\u201d<\/strong><\/p>\n\n\n\n<p>Dieses alte venezianische Fest, das einen kontroversen Ursprung hat und das uns erst ab 1039 erz\u00e4hlt wurde, wurde ungef\u00e4hr um das Jahr 943 eingef\u00fchrt und dann innerhalb der Karnevalszeit fortgesetzt, als es gegr\u00fcndet wurde.<\/p>\n\n\n\n<p>W\u00e4hrend des Tages der Marienreinigung, dem 2. Februar, wurde in Venedig der Tag des Segens der Braut gefeiert, als in S. Pietro di Castello 12 Ehen junger Damen gesegnet wurden, Damen, die unter den \u00c4rmsten und Auserw\u00e4hlten ausgew\u00e4hlt wurden die sch\u00f6nsten in der Stadt.<\/p>\n\n\n\n<p>Um die Mitgift der Braut zu etablieren, war die venezianische Aristokratie an einigen Spenden beteiligt, und der Dogen wurde verwendet, um den jungen Damen die wunderbaren Juwelen und Goldst\u00fccke zu leihen, die aus den Sch\u00e4tzen der Stadt stammen.<\/p>\n\n\n\n<p>Nach den pr\u00e4chtigen Ehen, die unter Anwesenheit des Dogen und der Geschichte stattfanden, wurden die Br\u00e4ute zum Markusplatz gebracht. Als sie in Dogenpalast ankamen, erhielten die Br\u00e4ute die Geschenke des Dogen, der sie in den Palazzo einlud.<\/p>\n\n\n\n<p>Danach ging die Prozession an Bord der Bucinturo, gefolgt von vielen kleinen Booten der Gef\u00e4hrten, und segelte den Gran Canal nach Rialto, um sp\u00e4ter die Kirche Santa Maria Formosa zu erreichen, wo andere feierliche Feierlichkeiten stattfanden.<\/p>\n\n\n\n<p>Es scheint, dass 943 in der Zeit von Pietro III Candianos Dogado w\u00e4hrend der Hochzeitsfeier einige istrische Piraten in die Kirche von S. Mark eingebrochen sind und die Br\u00e4ute und ihre Spenden unter dem Erstaunen aller entf\u00fchrt haben.<\/p>\n\n\n\n<p>Einige Venezianer verfolgten die Piraten, die schlie\u00dflich gefangen genommen und get\u00f6tet wurden. Die 12 Br\u00e4ute und die Goldmedaillen wurden gerettet.<\/p>\n\n\n\n<p>Zu Ehren des Ereignisses wurde das Fest der \u201cMarie\u201d ins Leben gerufen und jedes Jahr werden 12 sch\u00f6ne junge Damen aus jedem venezianischen Bezirk ausgew\u00e4hlt, um die Venezianer an die Piraten und die Entf\u00fchrung der Br\u00e4ute zu erinnern.<\/p>\n\n\n\n<p><strong>Der Flug des Engels<\/strong><\/p>\n\n\n\n<p>In einer Ausgabe des Karnevals Mitte des 16. Jahrhunderts unter den verschiedenen Ausstellungen und Shows, die in der Stadt organisiert wurden, wurde unter jedermanns Erstaunen ein au\u00dfergew\u00f6hnliches Ereignis verwirklicht: Ein t\u00fcrkischer junger Akrobat konnte den Glockenturm von San Mark mit einem Stock erreichen, indem er weiterging ein langes Seil, das an ein Boot geknotet war, das am Piazzetta-Pier verankert war.<\/p>\n\n\n\n<p>Nach dem gro\u00dfen Erfolg dieser Veranstaltung wurde der Flug des Engels jedes Jahr als offizielle Zeremonie mit \u00e4hnlichen Techniken und zahlreichen Variationen angefordert.<\/p>\n","protected":false},"excerpt":{"rendered":"<p>Die Urspr\u00fcnge Die Urspr\u00fcnge sind sehr alt: Die ersten Beweise stammen aus einem Dokument von Doge Vitale Falier aus dem Jahr 1094, in dem von Vergn\u00fcgungen die Rede ist und in dem das Wort Karneval zum ersten Mal erw\u00e4hnt wird. Der Karneval wurde dank der venezianischen Oligarchie geboren, die die Notwendigkeit der Serenissima verstand, die [&hellip;]<\/p>\n","protected":false},"author":1,"featured_media":397,"parent":289,"menu_order":0,"comment_status":"closed","ping_status":"closed","template":"templates\/lista-figlio.php","meta":{"_acf_changed":false,"footnotes":""},"class_list":["post-420","page","type-page","status-publish","has-post-thumbnail","hentry"],"acf":[],"_links":{"self":[{"href":"https:\/\/capozzoinn.com\/de\/wp-json\/wp\/v2\/pages\/420","targetHints":{"allow":["GET"]}}],"collection":[{"href":"https:\/\/capozzoinn.com\/de\/wp-json\/wp\/v2\/pages"}],"about":[{"href":"https:\/\/capozzoinn.com\/de\/wp-json\/wp\/v2\/types\/page"}],"author":[{"embeddable":true,"href":"https:\/\/capozzoinn.com\/de\/wp-json\/wp\/v2\/users\/1"}],"replies":[{"embeddable":true,"href":"https:\/\/capozzoinn.com\/de\/wp-json\/wp\/v2\/comments?post=420"}],"version-history":[{"count":2,"href":"https:\/\/capozzoinn.com\/de\/wp-json\/wp\/v2\/pages\/420\/revisions"}],"predecessor-version":[{"id":4691,"href":"https:\/\/capozzoinn.com\/de\/wp-json\/wp\/v2\/pages\/420\/revisions\/4691"}],"up":[{"embeddable":true,"href":"https:\/\/capozzoinn.com\/de\/wp-json\/wp\/v2\/pages\/289"}],"wp:featuredmedia":[{"embeddable":true,"href":"https:\/\/capozzoinn.com\/de\/wp-json\/wp\/v2\/media\/397"}],"wp:attachment":[{"href":"https:\/\/capozzoinn.com\/de\/wp-json\/wp\/v2\/media?parent=420"}],"curies":[{"name":"wp","href":"https:\/\/api.w.org\/{rel}","templated":true}]}}