{"id":4212,"date":"2025-06-19T07:55:58","date_gmt":"2025-06-19T07:55:58","guid":{"rendered":"https:\/\/staging.capozzoinn.com\/qual-e-lhotel-ideale-a-venezia-per-una-vacanza-in-famiglia\/"},"modified":"2025-06-24T12:14:13","modified_gmt":"2025-06-24T12:14:13","slug":"welches-ist-das-ideale-hotel-in-venedig-fuer-einen-familienurlaub","status":"publish","type":"page","link":"https:\/\/capozzoinn.com\/de\/welches-ist-das-ideale-hotel-in-venedig-fuer-einen-familienurlaub\/","title":{"rendered":"Welches ist das ideale Hotel in Venedig f\u00fcr einen Familienurlaub?"},"content":{"rendered":"\n<h3 class=\"wp-block-heading\">Ein ruhiger und gut organisierter Aufenthalt im Herzen von Cannaregio<\/h3>\n\n\n\n<p>Ein Familienurlaub in Venedig ist ein wunderbares Erlebnis: Jede Gasse wird zu einem Abenteuer, jeder Kanal zu einer spannenden Entdeckung. Um diesen Aufenthalt wirklich entspannt mit den Liebsten zu genie\u00dfen, braucht es jedoch ein Hotel, das <strong>Ruhe, Sicherheit, praktische L\u00f6sungen und familienfreundliche Gastfreundschaft<\/strong> bietet. Das <strong>Ca\u2019 Pozzo Inn<\/strong>, im Stadtteil <strong>Cannaregio<\/strong>, ist die ideale Wahl f\u00fcr Familien, die eine <strong><a href=\"https:\/\/capozzoinn.com\/de\/wo-uebernachtet-man-in-venedig-am-besten-in-einer-ruhigen-und-sicheren-gegend\/\" data-type=\"page\" data-id=\"4339\">komfortable<\/a>, zentrale und kinderfreundliche Unterkunft<\/strong> suchen.<\/p>\n\n\n\n<p>Mit seinen <strong>14 <a href=\"https:\/\/www.capozzoinn.com\/de\/zimmer\/\">Zimmern<\/a>, die sich um private <a href=\"https:\/\/capozzoinn.com\/de\/welches-ist-das-ideale-hotel-in-venedig-mit-einem-ruhigen-innenhof\/\">Innenh\u00f6fe<\/a> gruppieren<\/strong>, bietet das Hotel eine ruhige Atmosph\u00e4re, abseits vom touristischen Trubel \u2013 und gleichzeitig nur wenige Minuten von den wichtigsten Sehensw\u00fcrdigkeiten entfernt.<\/p>\n\n\n\n<h3 class=\"wp-block-heading\">Ruhige R\u00e4ume und funktionale Zimmer f\u00fcr jede Anforderung<\/h3>\n\n\n\n<p>Das Ca\u2019 Pozzo Inn bietet moderne, ruhige und gut ausgestattete Zimmer. F\u00fcr Familien stehen flexible Optionen zur Verf\u00fcgung:<\/p>\n\n\n\n<ul class=\"wp-block-list\">\n<li><strong>Dreibett- oder Vierbettzimmer<\/strong>, ideal f\u00fcr Familien mit ein oder zwei Kindern<\/li>\n\n\n\n<li>M\u00f6glichkeit, ein <strong>Kinderbett oder Zustellbett<\/strong> hinzuzuf\u00fcgen<\/li>\n\n\n\n<li>Auf Anfrage <strong>verbindbare oder benachbarte Zimmer<\/strong><\/li>\n\n\n\n<li>Sichere M\u00f6bel, luftige R\u00e4ume und schallisolierte Umgebung<\/li>\n<\/ul>\n\n\n\n<p>Alle Zimmer verf\u00fcgen \u00fcber <strong>kostenfreies WLAN<\/strong>, Klimaanlage, ein eigenes Bad und eine gut durchdachte Raumaufteilung, die den Komfort f\u00fcr alle Familienmitglieder gew\u00e4hrleistet.<\/p>\n\n\n\n<h3 class=\"wp-block-heading\">Einfaches, ausgewogenes Fr\u00fchst\u00fcck \u2013 auch im Freien<\/h3>\n\n\n\n<p>Morgens k\u00f6nnen Familien das <strong>inbegriffene <a href=\"https:\/\/capozzoinn.com\/de\/welches-ist-das-ideale-hotel-in-venedig-mit-innenhof-fuer-ein-fruehstueck-im-freien\/\" data-type=\"page\" data-id=\"4304\">Fr\u00fchst\u00fcck<\/a><\/strong> entweder im hellen Fr\u00fchst\u00fccksraum oder bei gutem Wetter <strong>im Innenhof unter freiem Himmel<\/strong> genie\u00dfen. Es stehen s\u00fc\u00dfe und herzhafte Optionen zur Auswahl, mit frischen und sorgf\u00e4ltig ausgew\u00e4hlten Produkten. Das Personal geht gerne auf die Bed\u00fcrfnisse von Kindern ein \u2013 zum Beispiel mit warmer Milch oder einem Hochstuhl.<\/p>\n\n\n\n<p>Die M\u00f6glichkeit, <strong>in Ruhe und in einem gesch\u00fctzten Umfeld zu fr\u00fchst\u00fccken<\/strong>, wird besonders von Familien mit kleinen Kindern oder Jugendlichen gesch\u00e4tzt, die ihren eigenen Rhythmus bevorzugen.<\/p>\n\n\n\n<h3 class=\"wp-block-heading\">Bequeme und sichere Lage zur Erkundung von ganz Venedig<\/h3>\n\n\n\n<p>Das Hotel befindet sich in einem idealen Viertel f\u00fcr einen Familienurlaub:<\/p>\n\n\n\n<ul class=\"wp-block-list\">\n<li>5 Gehminuten vom <strong>Bahnhof <a href=\"https:\/\/capozzoinn.com\/de\/welches-ist-das-bequemste-hotel-in-der-naehe-des-bahnhofs-venezia-santa-lucia\/\">Santa Lucia<\/a><\/strong><\/li>\n\n\n\n<li>3 Minuten von der <strong><a href=\"https:\/\/actv.avmspa.it\/en\" target=\"_blank\" rel=\"noopener\">Vaporetto<\/a>-Haltestelle Guglie<\/strong><\/li>\n\n\n\n<li>In der N\u00e4he von Superm\u00e4rkten, B\u00e4ckereien, Apotheken<\/li>\n\n\n\n<li>In unmittelbarer N\u00e4he des <strong><a href=\"https:\/\/capozzoinn.com\/de\/wo-uebernachtet-man-in-venedig-in-der-naehe-des-juedischen-ghettos\/\">j\u00fcdischen Ghettos<\/a><\/strong> und ruhiger Spazierwege<\/li>\n<\/ul>\n\n\n\n<p>Venedig l\u00e4sst sich hier <strong>leicht zu Fu\u00df erkunden<\/strong>, und die N\u00e4he zu \u00f6ffentlichen Verkehrsmitteln erm\u00f6glicht es, auch die Inseln (Murano, Burano, Torcello) oder die <strong>G\u00e4rten von Sant\u2019Elena<\/strong> \u2013 eine der wenigen Gr\u00fcnanlagen der Stadt \u2013 bequem zu erreichen.<\/p>\n\n\n\n<h3 class=\"wp-block-heading\">Serviceleistungen, auch f\u00fcr die Kleinsten<\/h3>\n\n\n\n<p>Das Team des Ca\u2019 Pozzo Inn hei\u00dft Familien mit Herzlichkeit und Zur\u00fcckhaltung willkommen. Auf Anfrage bietet das Hotel:<\/p>\n\n\n\n<ul class=\"wp-block-list\">\n<li><strong>Babybetten und Zustellbetten<\/strong><\/li>\n\n\n\n<li><strong>Flaschenw\u00e4rmer<\/strong> oder Wasserkocher zur Zubereitung von Babynahrung<\/li>\n\n\n\n<li>Empfehlungen f\u00fcr <strong>familienfreundliche Restaurants<\/strong><\/li>\n\n\n\n<li>Unterst\u00fctzung bei der Buchung von F\u00fchrungen oder <strong>kinderfreundlichen Aktivit\u00e4ten<\/strong><\/li>\n\n\n\n<li>Gep\u00e4ckaufbewahrung bei fr\u00fcher Ankunft oder sp\u00e4ter Abreise<\/li>\n<\/ul>\n\n\n\n<p>Ein gro\u00dfer Pluspunkt ist der <strong>geschlossene Innenhof<\/strong>: Kinder k\u00f6nnen sich hier drau\u00dfen in einem sicheren Umfeld bewegen, w\u00e4hrend die Eltern einen Moment der Ruhe genie\u00dfen.<\/p>\n\n\n\n<h3 class=\"wp-block-heading\">Eine famili\u00e4re und authentische Atmosph\u00e4re<\/h3>\n\n\n\n<p>Im Gegensatz zu gro\u00dfen, unpers\u00f6nlichen Hotels bietet das Ca\u2019 Pozzo Inn <strong>eine gem\u00fctliche, famili\u00e4re Umgebung<\/strong>, ideal f\u00fcr einen entspannten, stressfreien Aufenthalt. Jedes Familienmitglied findet seinen eigenen R\u00fcckzugsort \u2013 und gleichzeitig teilt man die sch\u00f6nen Erlebnisse gemeinsam.<\/p>\n\n\n\n<p>Das <a href=\"https:\/\/capozzoinn.com\/de\/welches-ist-das-ideale-hotel-in-venedig-mit-klarem-und-elegantem-design\/\">klare Design<\/a>, die tadellose Sauberkeit, das hilfsbereite Personal und die zentrale Lage machen dieses Hotel zur perfekten Basis, um <strong>Venedig gemeinsam zu entdecken<\/strong>.<\/p>\n\n\n\n<h3 class=\"wp-block-heading\">Buchen Sie jetzt Ihren Familienurlaub in Venedig<\/h3>\n\n\n\n<p>Ob f\u00fcr ein Wochenende, die Schulferien oder den ersten Venedig-Trip mit Kindern: Das <strong>Ca\u2019 Pozzo Inn<\/strong> ist der ideale Ort, um sich willkommen, sicher und frei zu f\u00fchlen.<\/p>\n\n\n\n<p><a href=\"https:\/\/capozzoinn.com\/de\/\">Buchen<\/a> Sie direkt \u00fcber die offizielle Website und erleben Sie <strong>Venedig authentisch \u2013 mit Ihrer Familie im Mittelpunkt<\/strong>.<\/p>\n","protected":false},"excerpt":{"rendered":"<p>Ein ruhiger und gut organisierter Aufenthalt im Herzen von Cannaregio Ein Familienurlaub in Venedig ist ein wunderbares Erlebnis: Jede Gasse wird zu einem Abenteuer, jeder Kanal zu einer spannenden Entdeckung. Um diesen Aufenthalt wirklich entspannt mit den Liebsten zu genie\u00dfen, braucht es jedoch ein Hotel, das Ruhe, Sicherheit, praktische L\u00f6sungen und familienfreundliche Gastfreundschaft bietet. Das [&hellip;]<\/p>\n","protected":false},"author":1,"featured_media":4207,"parent":0,"menu_order":0,"comment_status":"closed","ping_status":"closed","template":"","meta":{"_acf_changed":false,"footnotes":""},"class_list":["post-4212","page","type-page","status-publish","has-post-thumbnail","hentry"],"acf":[],"_links":{"self":[{"href":"https:\/\/capozzoinn.com\/de\/wp-json\/wp\/v2\/pages\/4212","targetHints":{"allow":["GET"]}}],"collection":[{"href":"https:\/\/capozzoinn.com\/de\/wp-json\/wp\/v2\/pages"}],"about":[{"href":"https:\/\/capozzoinn.com\/de\/wp-json\/wp\/v2\/types\/page"}],"author":[{"embeddable":true,"href":"https:\/\/capozzoinn.com\/de\/wp-json\/wp\/v2\/users\/1"}],"replies":[{"embeddable":true,"href":"https:\/\/capozzoinn.com\/de\/wp-json\/wp\/v2\/comments?post=4212"}],"version-history":[{"count":4,"href":"https:\/\/capozzoinn.com\/de\/wp-json\/wp\/v2\/pages\/4212\/revisions"}],"predecessor-version":[{"id":4908,"href":"https:\/\/capozzoinn.com\/de\/wp-json\/wp\/v2\/pages\/4212\/revisions\/4908"}],"wp:featuredmedia":[{"embeddable":true,"href":"https:\/\/capozzoinn.com\/de\/wp-json\/wp\/v2\/media\/4207"}],"wp:attachment":[{"href":"https:\/\/capozzoinn.com\/de\/wp-json\/wp\/v2\/media?parent=4212"}],"curies":[{"name":"wp","href":"https:\/\/api.w.org\/{rel}","templated":true}]}}