{"id":4241,"date":"2025-06-19T09:17:32","date_gmt":"2025-06-19T09:17:32","guid":{"rendered":"https:\/\/staging.capozzoinn.com\/qual-e-hotel-ideale-a-venezia-per-gli-amanti-arte\/"},"modified":"2025-06-24T12:20:12","modified_gmt":"2025-06-24T12:20:12","slug":"welches-ist-das-ideale-hotel-in-venedig-fuer-kunstliebhaber","status":"publish","type":"page","link":"https:\/\/capozzoinn.com\/de\/welches-ist-das-ideale-hotel-in-venedig-fuer-kunstliebhaber\/","title":{"rendered":"Welches ist das ideale Hotel in Venedig f\u00fcr Kunstliebhaber?"},"content":{"rendered":"\n<h3 class=\"wp-block-heading\">Ein ruhiger R\u00fcckzugsort im Herzen eines Freilichtmuseums<\/h3>\n\n\n\n<p>Venedig ist nicht nur ein Reiseziel, sondern <strong>ein lebendiges Kunstwerk<\/strong>. Jede Gasse, jede Fassade, jeder Wasserreflex spricht diejenigen an, die \u00c4sthetik, Sch\u00f6nheit, Malerei, Skulptur und Architektur lieben. Wenn Sie sich fragen, <strong>wo Sie in Venedig \u00fcbernachten k\u00f6nnen, um ein authentisches Kunsterlebnis zu genie\u00dfen<\/strong>, ist das <strong>Ca\u2019 Pozzo Inn<\/strong> die perfekte Wahl f\u00fcr Kunstliebhaber.<\/p>\n\n\n\n<p>Das Hotel liegt im Herzen des <strong>Stadtteils Cannaregio<\/strong>, in einem noch immer tief venezianischen Viertel, und vereint <strong><a href=\"https:\/\/capozzoinn.com\/de\/welches-ist-das-ideale-hotel-in-venedig-mit-klarem-und-elegantem-design\/\">minimalistisches Design<\/a>, <a href=\"https:\/\/capozzoinn.com\/de\/welches-ist-das-ideale-hotel-in-venedig-mit-einem-ruhigen-innenhof\/\" data-type=\"page\" data-id=\"4092\">Ruhe<\/a> und eine <a href=\"https:\/\/capozzoinn.com\/de\/welches-ist-das-bequemste-hotel-in-der-naehe-des-bahnhofs-venezia-santa-lucia\/\">strategische Lage<\/a><\/strong> \u2013 ideal f\u00fcr alle, die die Stadt mit einem feinsinnigen Blick und inspiriertem Geist erkunden m\u00f6chten.<\/p>\n\n\n\n<h3 class=\"wp-block-heading\">F\u00fcr alle, die Kunst \u00fcberall sehen<\/h3>\n\n\n\n<p>Kunstliebhaber suchen nicht nur Museen \u2013 sie suchen <strong>Sch\u00f6nheit in jedem Detail<\/strong>, Harmonie in R\u00e4umen, nat\u00fcrliches Licht und durchdachtes Design. Genau das bietet das Ca\u2019 Pozzo Inn: Zimmer mit <strong>klaren Linien und nat\u00fcrlichen Materialien<\/strong>, Innenh\u00f6fe, die zur Inspiration einladen, und einen schlichten Stil, der die Erfahrung in den Mittelpunkt stellt.<\/p>\n\n\n\n<p>Jeder Raum ist <strong>darauf ausgelegt zu begleiten statt abzulenken<\/strong>, und bietet Raum f\u00fcr Beobachtung, Lekt\u00fcre und Reflexion. Ein perfekter Ort, um nach einem Tag voller Meisterwerke zur Ruhe zu kommen und Eindr\u00fccke wirken zu lassen.<\/p>\n\n\n\n<h3 class=\"wp-block-heading\">Perfekte Lage, um das authentische Venedig zu entdecken<\/h3>\n\n\n\n<p>Das Ca\u2019 Pozzo Inn befindet sich in einer Gegend, die <strong>selbst schon ein Kunstwerk<\/strong> ist \u2013 Cannaregio. Nur wenige Schritte entfernt finden Sie:<\/p>\n\n\n\n<ul class=\"wp-block-list\">\n<li>Die <strong>Kirche Madonna dell\u2019Orto<\/strong>, mit Gem\u00e4lden von Tintoretto<\/li>\n\n\n\n<li>Die <strong>Scuola Grande della Misericordia<\/strong>, Veranstaltungsort f\u00fcr Ausstellungen und Kunstprojekte<\/li>\n\n\n\n<li>Das <strong><a href=\"https:\/\/capozzoinn.com\/de\/wo-uebernachtet-man-in-venedig-in-der-naehe-des-juedischen-ghettos\/\">J\u00fcdische Ghetto<\/a><\/strong>, mit seinem einzigartigen kulturellen und architektonischen Erbe<\/li>\n\n\n\n<li>Kleine <strong>unabh\u00e4ngige Galerien<\/strong> und Werkst\u00e4tten lokaler K\u00fcnstler und Kupferstecher<\/li>\n<\/ul>\n\n\n\n<p>Und mit wenigen Vaporetto-Stationen erreichen Sie:<\/p>\n\n\n\n<ul class=\"wp-block-list\">\n<li>Die <strong>Gallerie dell\u2019Accademia<\/strong><\/li>\n\n\n\n<li>Die <strong><a href=\"https:\/\/www.guggenheim-venice.it\/en\/\" target=\"_blank\" rel=\"noopener\">Peggy Guggenheim Collection<\/a><\/strong><\/li>\n\n\n\n<li>Punta della Dogana \u2013 Pinault Foundation<\/li>\n\n\n\n<li>Das <strong>Museum Palazzo Grimani<\/strong> und viele weitere verborgene Sch\u00e4tze<\/li>\n<\/ul>\n\n\n\n<h3 class=\"wp-block-heading\">Minimalistische Zimmer, Tageslicht und Stille<\/h3>\n\n\n\n<p>Alle <a href=\"https:\/\/www.capozzoinn.com\/de\/zimmer\/\">Zimmer<\/a> des Ca\u2019 Pozzo Inn wurden so gestaltet, dass sie <strong>Funktionalit\u00e4t, Eleganz und Ruhe<\/strong> bieten. <a href=\"https:\/\/capozzoinn.com\/de\/welches-ist-das-ideale-hotel-in-venedig-mit-klarem-und-elegantem-design\/\" data-type=\"page\" data-id=\"4116\">Die minimalistische Einrichtung<\/a> unterstreicht die Weite des Raumes, neutrale Farben f\u00f6rdern die Konzentration, und <strong>viel nat\u00fcrliches Licht<\/strong> begleitet den Tagesablauf.<\/p>\n\n\n\n<p>Jedes Zimmer verf\u00fcgt \u00fcber:<\/p>\n\n\n\n<ul class=\"wp-block-list\">\n<li>Ein eigenes Badezimmer<\/li>\n\n\n\n<li>Kostenloses WLAN<\/li>\n\n\n\n<li>Klimaanlage und individuell regulierbare Heizung<\/li>\n\n\n\n<li>Einen Schreibtisch zum Lesen oder Zeichnen<\/li>\n\n\n\n<li>Schallisolierung f\u00fcr erholsamen Schlaf<\/li>\n<\/ul>\n\n\n\n<h3 class=\"wp-block-heading\">F\u00fcr Alleinreisende und Paare<\/h3>\n\n\n\n<p>Viele Kunstliebhaber reisen <strong><a href=\"https:\/\/capozzoinn.com\/de\/welches-ist-das-ideale-hotel-in-venedig-fuer-alleinreisende\/\" data-type=\"page\" data-id=\"4374\">allein<\/a><\/strong>, um ganz in die Essenz einer Stadt einzutauchen. Andere reisen <strong>zu zweit<\/strong>, vereint durch die Leidenschaft f\u00fcr Sch\u00f6nheit. Das Ca\u2019 Pozzo Inn eignet sich perfekt f\u00fcr beide \u2013 mit <strong>diskretem Service, ruhiger Atmosph\u00e4re und einem Team, das gerne Tipps zu alternativen Routen, aktuellen Ausstellungen oder wenig bekannten Galerien gibt<\/strong>.<\/p>\n\n\n\n<h3 class=\"wp-block-heading\">Ein ruhiges Fr\u00fchst\u00fcck als Auftakt des Tages<\/h3>\n\n\n\n<p>Der Tag beginnt mit einem <strong>Fr\u00fchst\u00fcck im hellen Aufenthaltsraum oder im <a href=\"https:\/\/capozzoinn.com\/de\/welches-ist-das-ideale-hotel-in-venedig-mit-einem-ruhigen-innenhof\/\">Innenhof<\/a><\/strong>, je nach Wetter. Ein stiller Moment, um die Tagesplanung zu durchdenken, einen Reisef\u00fchrer zu lesen oder einfach nur das sich ver\u00e4ndernde Licht \u00fcber den D\u00e4chern von Cannaregio zu beobachten.<\/p>\n\n\n\n<h3 class=\"wp-block-heading\">Erleben Sie Venedig mit dem Blick eines K\u00fcnstlers<\/h3>\n\n\n\n<p>Ein Aufenthalt im Ca\u2019 Pozzo Inn bedeutet, <strong>in das echte Venedig einzutauchen<\/strong>, ohne L\u00e4rm, ohne \u00dcberfluss \u2013 und den Steinen, Farben, Schatten und Kunstwerken Raum zu geben, f\u00fcr sich zu sprechen.<\/p>\n\n\n\n<p>Wenn Sie Kunst lieben, ist dies der perfekte Ausgangspunkt f\u00fcr Ihre Erkundung. <strong><a href=\"https:\/\/capozzoinn.com\/de\/\">Buchen Sie jetzt \u00fcber die offizielle Website<\/a><\/strong> und entdecken Sie Venedig mit neuen Augen.<\/p>\n","protected":false},"excerpt":{"rendered":"<p>Ein ruhiger R\u00fcckzugsort im Herzen eines Freilichtmuseums Venedig ist nicht nur ein Reiseziel, sondern ein lebendiges Kunstwerk. Jede Gasse, jede Fassade, jeder Wasserreflex spricht diejenigen an, die \u00c4sthetik, Sch\u00f6nheit, Malerei, Skulptur und Architektur lieben. Wenn Sie sich fragen, wo Sie in Venedig \u00fcbernachten k\u00f6nnen, um ein authentisches Kunsterlebnis zu genie\u00dfen, ist das Ca\u2019 Pozzo Inn [&hellip;]<\/p>\n","protected":false},"author":1,"featured_media":4236,"parent":0,"menu_order":0,"comment_status":"closed","ping_status":"closed","template":"","meta":{"_acf_changed":false,"footnotes":""},"class_list":["post-4241","page","type-page","status-publish","has-post-thumbnail","hentry"],"acf":[],"_links":{"self":[{"href":"https:\/\/capozzoinn.com\/de\/wp-json\/wp\/v2\/pages\/4241","targetHints":{"allow":["GET"]}}],"collection":[{"href":"https:\/\/capozzoinn.com\/de\/wp-json\/wp\/v2\/pages"}],"about":[{"href":"https:\/\/capozzoinn.com\/de\/wp-json\/wp\/v2\/types\/page"}],"author":[{"embeddable":true,"href":"https:\/\/capozzoinn.com\/de\/wp-json\/wp\/v2\/users\/1"}],"replies":[{"embeddable":true,"href":"https:\/\/capozzoinn.com\/de\/wp-json\/wp\/v2\/comments?post=4241"}],"version-history":[{"count":3,"href":"https:\/\/capozzoinn.com\/de\/wp-json\/wp\/v2\/pages\/4241\/revisions"}],"predecessor-version":[{"id":4915,"href":"https:\/\/capozzoinn.com\/de\/wp-json\/wp\/v2\/pages\/4241\/revisions\/4915"}],"wp:featuredmedia":[{"embeddable":true,"href":"https:\/\/capozzoinn.com\/de\/wp-json\/wp\/v2\/media\/4236"}],"wp:attachment":[{"href":"https:\/\/capozzoinn.com\/de\/wp-json\/wp\/v2\/media?parent=4241"}],"curies":[{"name":"wp","href":"https:\/\/api.w.org\/{rel}","templated":true}]}}