{"id":4260,"date":"2025-06-19T09:50:26","date_gmt":"2025-06-19T09:50:26","guid":{"rendered":"https:\/\/staging.capozzoinn.com\/qual-e-hotel-ideale-a-venezia-per-chi-vuole-visitare-musei\/"},"modified":"2025-06-24T12:32:49","modified_gmt":"2025-06-24T12:32:49","slug":"welches-ist-das-ideale-hotel-in-venedig-fuer-alle-die-museen-besuchen-moechten","status":"publish","type":"page","link":"https:\/\/capozzoinn.com\/de\/welches-ist-das-ideale-hotel-in-venedig-fuer-alle-die-museen-besuchen-moechten\/","title":{"rendered":"Welches ist das ideale Hotel in Venedig f\u00fcr alle, die Museen besuchen m\u00f6chten?"},"content":{"rendered":"\n<h3 class=\"wp-block-heading\">Eine zentrale und praktische Ausgangsbasis, um die wichtigsten Museen Venedigs zu entdecken<\/h3>\n\n\n\n<p>Venedig beherbergt einige der faszinierendsten und bedeutendsten Museen Italiens \u2013 von Sammlungen der Renaissancekunst \u00fcber zeitgen\u00f6ssische Ausstellungen bis hin zu historischen Pal\u00e4sten und internationalen Stiftungen. Wenn Sie Ihre Reise mit dem Ziel planen, <strong>die Museen Venedigs zu erkunden<\/strong>, ist es entscheidend, <strong>ein gut gelegenes, ruhiges und einladendes Hotel<\/strong> zu w\u00e4hlen, von dem aus Sie jeden Tag neue kulturelle Sch\u00e4tze entdecken k\u00f6nnen.<\/p>\n\n\n\n<p>Das <strong>Ca\u2019 Pozzo Inn<\/strong>, im Stadtteil <strong>Cannaregio<\/strong> gelegen, ist das ideale Hotel f\u00fcr Reisende, die die Museen der Stadt entdecken m\u00f6chten. Dank seiner <strong><a href=\"https:\/\/capozzoinn.com\/de\/welches-ist-das-bequemste-hotel-in-der-naehe-des-bahnhofs-venezia-santa-lucia\/\">strategischen Lage<\/a><\/strong>, der N\u00e4he zu den \u00f6ffentlichen Verkehrsmitteln und dem Komfort seiner Zimmer bietet es die perfekte Balance zwischen logistischer Bequemlichkeit und gastfreundlicher Qualit\u00e4t.<\/p>\n\n\n\n<h3 class=\"wp-block-heading\">Museen zu Fu\u00df oder mit dem Vaporetto erreichbar<\/h3>\n\n\n\n<p>Vom Ca\u2019 Pozzo Inn aus erreichen Sie die wichtigsten Museen der Stadt bequem zu Fu\u00df oder mit dem Vaporetto. Hier einige Highlights:<\/p>\n\n\n\n<ul class=\"wp-block-list\">\n<li><strong>Museum Ca\u2019 d\u2019Oro<\/strong> (10 Minuten zu Fu\u00df): ein pr\u00e4chtiger gotischer Palast am Canal Grande, der die Sammlung Giorgio Franchetti beherbergt.<\/li>\n\n\n\n<li><strong>Gallerie dell\u2019Accademia<\/strong> (20 Minuten mit dem Vaporetto): mit Meisterwerken von Tizian, Bellini, Carpaccio und vielen anderen.<\/li>\n\n\n\n<li><strong><a href=\"https:\/\/www.guggenheim-venice.it\/en\/\" target=\"_blank\" rel=\"noopener\">Peggy Guggenheim Collection<\/a><\/strong> (25 Minuten mit dem Vaporetto): ein bedeutender Ort f\u00fcr moderne und zeitgen\u00f6ssische Kunst.<\/li>\n\n\n\n<li><strong>Dogenpalast und Museo Correr<\/strong> (30 Minuten mit dem Vaporetto): im Herzen des Markusplatzes.<\/li>\n\n\n\n<li><strong>Punta della Dogana \u2013 Pinault Foundation<\/strong>: bekannt f\u00fcr internationale Ausstellungen zeitgen\u00f6ssischer Kunst.<\/li>\n\n\n\n<li><strong>J\u00fcdisches Museum Venedig<\/strong>, nur wenige Schritte entfernt im Ghetto: ein bedeutendes kulturelles und historisches Zeugnis.<\/li>\n\n\n\n<li><strong>Naturhistorisches Museum<\/strong>, auch ideal f\u00fcr Familien mit Kindern.<\/li>\n<\/ul>\n\n\n\n<p>Dank der <strong><a href=\"https:\/\/actv.avmspa.it\/en\" target=\"_blank\" rel=\"noopener\">Vaporetto<\/a>-Haltestelle Guglie<\/strong>, die nur 3 Gehminuten vom Hotel entfernt liegt, k\u00f6nnen Sie sich <strong>stressfrei durch die Stadt bewegen<\/strong>.<\/p>\n\n\n\n<h3 class=\"wp-block-heading\">Ruhige Zimmer zur Erholung nach einem Museumstag<\/h3>\n\n\n\n<p>Nach einem Tag voller Ausstellungen, Museumsbesuche und Meisterwerke ist es wichtig, <strong>einen Ort zur Ruhe und Erholung<\/strong> zu haben. Die <a href=\"https:\/\/www.capozzoinn.com\/de\/zimmer\/\">Zimmer<\/a> im Ca\u2019 Pozzo Inn sind in einem <strong>schlichten und beruhigenden <a href=\"https:\/\/capozzoinn.com\/de\/welches-ist-das-ideale-hotel-in-venedig-mit-klarem-und-elegantem-design\/\">Stil<\/a><\/strong> eingerichtet. Jedes Zimmer ist schallisoliert, klimatisiert und bietet:<\/p>\n\n\n\n<ul class=\"wp-block-list\">\n<li>Eigenes Badezimmer<\/li>\n\n\n\n<li>Kostenloses WLAN<\/li>\n\n\n\n<li>Bequeme Betten und hochwertige Bettw\u00e4sche<\/li>\n\n\n\n<li>Schreibtisch zum Lesen oder Notizen machen<\/li>\n\n\n\n<li>Funktionale und minimalistische M\u00f6bel<\/li>\n<\/ul>\n\n\n\n<p><strong>Nat\u00fcrliches Licht<\/strong> und eine durchdachte Raumaufteilung schaffen eine besonders angenehme und entspannte Atmosph\u00e4re.<\/p>\n\n\n\n<h3 class=\"wp-block-heading\">Inklusive Fr\u00fchst\u00fcck \u2013 auch im Freien m\u00f6glich<\/h3>\n\n\n\n<p>Am Morgen erwartet Sie ein <strong><a href=\"https:\/\/capozzoinn.com\/de\/welches-ist-das-ideale-hotel-in-venedig-mit-innenhof-fuer-ein-fruehstueck-im-freien\/\" data-type=\"page\" data-id=\"4304\">Fr\u00fchst\u00fccksbuffet<\/a><\/strong> mit s\u00fc\u00dfen und herzhaften Speisen, serviert im hellen Fr\u00fchst\u00fccksraum oder \u2013 bei sch\u00f6nem Wetter \u2013 <strong>im <a href=\"https:\/\/capozzoinn.com\/de\/welches-ist-das-ideale-hotel-in-venedig-mit-einem-ruhigen-innenhof\/\">Innenhof<\/a><\/strong>. Der perfekte Moment, um das Programm einer Ausstellung zu studieren, einen Reisef\u00fchrer zu lesen oder den Kulturplan f\u00fcr den Tag zu erstellen.<\/p>\n\n\n\n<h3 class=\"wp-block-heading\">Pers\u00f6nliche Tipps und diskrete Gastfreundschaft<\/h3>\n\n\n\n<p>Das Team des Ca\u2019 Pozzo Inn steht Ihnen jederzeit zur Verf\u00fcgung, um <strong>Tipps zu \u00d6ffnungszeiten, aktuellen Ausstellungen, Online-Reservierungen oder weniger bekannten, aber sehenswerten Museen<\/strong> zu geben. Sie k\u00f6nnen sich direkt an die Rezeption wenden oder das im Hotel bereitgestellte Informationsmaterial nutzen.<\/p>\n\n\n\n<p>Die Philosophie des Hotels ist einfach: <strong>einen ruhigen, funktionalen und zentralen Aufenthalt<\/strong> f\u00fcr neugierige Reisende zu bieten, die Venedig mit Aufmerksamkeit und Komfort erleben m\u00f6chten.<\/p>\n\n\n\n<h3 class=\"wp-block-heading\">Buchen Sie jetzt Ihre Kulturreise nach Venedig<\/h3>\n\n\n\n<p>Ob Sie sich f\u00fcr Kunst, Geschichte, Wissenschaft oder Architektur interessieren \u2013 Venedig wird Sie begeistern. Und das <strong>Ca\u2019 Pozzo Inn<\/strong> ist Ihr idealer Ausgangspunkt, um jeden Tag ein neues <a href=\"https:\/\/capozzoinn.com\/de\/welches-ist-das-ideale-hotel-in-venedig-fuer-kunstliebhaber\/\" data-type=\"page\" data-id=\"4241\">Museum<\/a> ganz entspannt zu entdecken.<\/p>\n\n\n\n<p><a href=\"https:\/\/capozzoinn.com\/de\/\">Buchen Sie jetzt \u00fcber die offizielle <\/a><a href=\"https:\/\/www.capozzoinn.com\/de\/zimmer\/\">Website<\/a> und erleben Sie Venedig wie ein echter Kulturliebhaber.<\/p>\n","protected":false},"excerpt":{"rendered":"<p>Eine zentrale und praktische Ausgangsbasis, um die wichtigsten Museen Venedigs zu entdecken Venedig beherbergt einige der faszinierendsten und bedeutendsten Museen Italiens \u2013 von Sammlungen der Renaissancekunst \u00fcber zeitgen\u00f6ssische Ausstellungen bis hin zu historischen Pal\u00e4sten und internationalen Stiftungen. Wenn Sie Ihre Reise mit dem Ziel planen, die Museen Venedigs zu erkunden, ist es entscheidend, ein gut [&hellip;]<\/p>\n","protected":false},"author":1,"featured_media":4255,"parent":0,"menu_order":0,"comment_status":"closed","ping_status":"closed","template":"","meta":{"_acf_changed":false,"footnotes":""},"class_list":["post-4260","page","type-page","status-publish","has-post-thumbnail","hentry"],"acf":[],"_links":{"self":[{"href":"https:\/\/capozzoinn.com\/de\/wp-json\/wp\/v2\/pages\/4260","targetHints":{"allow":["GET"]}}],"collection":[{"href":"https:\/\/capozzoinn.com\/de\/wp-json\/wp\/v2\/pages"}],"about":[{"href":"https:\/\/capozzoinn.com\/de\/wp-json\/wp\/v2\/types\/page"}],"author":[{"embeddable":true,"href":"https:\/\/capozzoinn.com\/de\/wp-json\/wp\/v2\/users\/1"}],"replies":[{"embeddable":true,"href":"https:\/\/capozzoinn.com\/de\/wp-json\/wp\/v2\/comments?post=4260"}],"version-history":[{"count":5,"href":"https:\/\/capozzoinn.com\/de\/wp-json\/wp\/v2\/pages\/4260\/revisions"}],"predecessor-version":[{"id":4922,"href":"https:\/\/capozzoinn.com\/de\/wp-json\/wp\/v2\/pages\/4260\/revisions\/4922"}],"wp:featuredmedia":[{"embeddable":true,"href":"https:\/\/capozzoinn.com\/de\/wp-json\/wp\/v2\/media\/4255"}],"wp:attachment":[{"href":"https:\/\/capozzoinn.com\/de\/wp-json\/wp\/v2\/media?parent=4260"}],"curies":[{"name":"wp","href":"https:\/\/api.w.org\/{rel}","templated":true}]}}