{"id":4339,"date":"2025-06-19T13:06:04","date_gmt":"2025-06-19T13:06:04","guid":{"rendered":"https:\/\/staging.capozzoinn.com\/dove-dormire-a-venezia-in-una-zona-tranquilla-e-sicura\/"},"modified":"2025-06-24T13:04:04","modified_gmt":"2025-06-24T13:04:04","slug":"wo-uebernachtet-man-in-venedig-am-besten-in-einer-ruhigen-und-sicheren-gegend","status":"publish","type":"page","link":"https:\/\/capozzoinn.com\/de\/wo-uebernachtet-man-in-venedig-am-besten-in-einer-ruhigen-und-sicheren-gegend\/","title":{"rendered":"Wo \u00fcbernachtet man in Venedig am besten in einer ruhigen und sicheren Gegend?"},"content":{"rendered":"\n<h3 class=\"wp-block-heading\">Ein ruhiger Aufenthalt \u2013 fern vom Trubel, aber nah an allem<\/h3>\n\n\n\n<p>Venedig ist eine wunderbare Stadt, zu jeder Jahreszeit faszinierend, aber oft auch sehr belebt. Viele Reisende \u2013 ob als Paar, <a href=\"https:\/\/capozzoinn.com\/de\/welches-ist-das-ideale-hotel-in-venedig-fuer-alleinreisende\/\" data-type=\"page\" data-id=\"4374\">allein<\/a> oder mit der <a href=\"https:\/\/capozzoinn.com\/de\/welches-ist-das-ideale-hotel-in-venedig-fuer-einen-familienurlaub\/\" data-type=\"page\" data-id=\"4212\">Familie<\/a> \u2013 stellen sich eine einfache, aber wichtige Frage:<br><strong>\u201eWo kann ich in einer ruhigen und sicheren Gegend \u00fcbernachten, von der aus ich trotzdem alles gut zu Fu\u00df erreichen kann?\u201c<\/strong><br>Die perfekte Antwort lautet: <strong>Ca\u2019 Pozzo Inn<\/strong>, ein kleines, familiengef\u00fchrtes Hotel im ruhigen Stadtteil <strong>Cannaregio<\/strong>. Nur wenige Minuten vom Bahnhof Santa Lucia und der Vaporetto-Haltestelle entfernt, liegt das Hotel strategisch g\u00fcnstig und gleichzeitig abgeschieden \u2013 ideal f\u00fcr alle, die wirklich entspannen wollen, ohne auf Mobilit\u00e4t zu verzichten.<\/p>\n\n\n\n<h3 class=\"wp-block-heading\">Absolute Ruhe im authentischen Herzen Venedigs<\/h3>\n\n\n\n<p>Das Ca\u2019 Pozzo Inn liegt an einem Seitenkanal, in einer ruhigen und sicheren Gegend abseits der Touristenstr\u00f6me. Die Gegend ist <strong>wohnlich und ruhig<\/strong>, bewohnt von venezianischen Familien, Handwerkern und Studierenden. Hier erleben G\u00e4ste ein <strong>anderes Venedig \u2013 authentisch und entspannt<\/strong>, wo der L\u00e4rm der Stadt ged\u00e4mpft ist und man abends beruhigt mit offenen Fenstern schlafen kann, w\u00e4hrend man nur das Pl\u00e4tschern des Wassers h\u00f6rt.<\/p>\n\n\n\n<p>Ideal f\u00fcr alle, die:<\/p>\n\n\n\n<ul class=\"wp-block-list\">\n<li><strong>nach einem anstrengenden Besichtigungstag wirklich zur Ruhe kommen<\/strong> m\u00f6chten<\/li>\n\n\n\n<li>ein <strong>langsameres, gelasseneres Tempo<\/strong> bevorzugen<\/li>\n\n\n\n<li><strong>laute, \u00fcberf\u00fcllte Gegenden vermeiden<\/strong> wollen<\/li>\n\n\n\n<li>mit kleinen Kindern reisen und <strong>Sicherheit und Stille<\/strong> suchen<\/li>\n<\/ul>\n\n\n\n<h3 class=\"wp-block-heading\">Eine sichere Umgebung mit bester Anbindung<\/h3>\n\n\n\n<p>Cannaregio gilt als eines der <strong>sichersten und ruhigsten Viertel Venedigs<\/strong>, gepr\u00e4gt vom Leben der Einheimischen und fernab der n\u00e4chtlichen Partyszene. Die Lage des Hotels ist zentral, aber nie isoliert:<\/p>\n\n\n\n<ul class=\"wp-block-list\">\n<li>weniger als 5 Gehminuten vom <strong><a href=\"https:\/\/capozzoinn.com\/de\/welches-ist-das-bequemste-hotel-in-der-naehe-des-bahnhofs-venezia-santa-lucia\/\">Bahnhof Santa Lucia<\/a><\/strong><\/li>\n\n\n\n<li>3 Minuten bis zur <a href=\"https:\/\/actv.avmspa.it\/en\" target=\"_blank\" rel=\"noopener\">Vaporetto<\/a>-Haltestelle <strong>Guglie<\/strong><\/li>\n\n\n\n<li>10 Minuten bis zum historischen <strong><a href=\"https:\/\/capozzoinn.com\/de\/wo-uebernachtet-man-in-venedig-in-der-naehe-des-juedischen-ghettos\/\">J\u00fcdischen Ghetto<\/a><\/strong>, einem der faszinierendsten und ruhigsten Viertel<\/li>\n\n\n\n<li>20 Minuten bis zur Rialto-Br\u00fccke, 30 Minuten zum Markusplatz \u2013 ohne beschwerliche Br\u00fccken oder \u00fcberf\u00fcllte Touristenpfade<\/li>\n<\/ul>\n\n\n\n<p>Der Hoteleingang ist <strong>video\u00fcberwacht<\/strong>, der Zugang zu den Zimmern ist sicher und jedes Zimmer verf\u00fcgt \u00fcber einen <strong>eigenen Safe<\/strong>. Das Personal ist jederzeit erreichbar \u2013 auch abends \u2013 und gibt gerne Tipps f\u00fcr die <strong>sichersten und angenehmsten Wege durch die Stadt<\/strong> oder Hinweise zu Orten, die man bei gro\u00dfem Andrang besser meidet.<\/p>\n\n\n\n<h3 class=\"wp-block-heading\">Ruhige und gut isolierte Zimmer<\/h3>\n\n\n\n<p>Jedes <a href=\"https:\/\/www.capozzoinn.com\/de\/zimmer\/\">Zimmer<\/a> im Ca\u2019 Pozzo Inn ist auf Erholung ausgelegt. Schalldichte W\u00e4nde, doppelt verglaste Fenster, Verdunklungsvorh\u00e4nge und individuell regulierbare Klimaanlage sorgen f\u00fcr eine <strong>komfortable und ruhige Atmosph\u00e4re<\/strong>.<br>Die t\u00e4gliche Reinigung ist sorgf\u00e4ltig, und das minimalistische Design der Einrichtung unterst\u00fctzt ein Gef\u00fchl von Ordnung und Klarheit. Ob allein, zu zweit oder mit Familie \u2013 hier findet man <strong>gepflegte, angenehme R\u00fcckzugsorte<\/strong>.<\/p>\n\n\n\n<h3 class=\"wp-block-heading\">Diskrete und pers\u00f6nliche Gastfreundschaft<\/h3>\n\n\n\n<p>Das Ca\u2019 Pozzo Inn ist ein kleines Hotel mit wenigen Zimmern, in dem <strong>Aufmerksamkeit mit Diskretion und Respekt f\u00fcr den Rhythmus der G\u00e4ste einhergeht<\/strong>. Es gibt keine lauten Gruppen, keine Schulklassen, keinen Trubel \u2013 nur G\u00e4ste, die <strong>Ruhe, Stille und echte Gastfreundschaft<\/strong> suchen.<\/p>\n\n\n\n<p>Alleinreisende oder Menschen mit privaten Anliegen finden hier <strong>eine gesch\u00fctzte und sichere Umgebung<\/strong>, in der man sich willkommen f\u00fchlt, ohne bedr\u00e4ngt zu werden. Das Team steht jederzeit bereit, um \u00fcber Museen, Veranstaltungen, Verkehrsmittel oder auch <strong>ruhige Spazierwege durch Venedig<\/strong> zu informieren.<\/p>\n\n\n\n<h3 class=\"wp-block-heading\">Fr\u00fchst\u00fcck und Ruhe im Innenhof<\/h3>\n\n\n\n<p>Das Fr\u00fchst\u00fcck ist hier mehr als nur eine Mahlzeit \u2013 es ist ein Moment der Ruhe, um den Tag gut zu beginnen. Es wird im Fr\u00fchst\u00fccksraum oder \u2013 bei sch\u00f6nem Wetter \u2013 <strong>im privaten <a href=\"https:\/\/capozzoinn.com\/de\/welches-ist-das-ideale-hotel-in-venedig-mit-einem-ruhigen-innenhof\/\">Innenhof<\/a><\/strong> serviert, wo das Morgenlicht und die Stille die ideale Atmosph\u00e4re zum Tagesstart schaffen.<\/p>\n\n\n\n<h3 class=\"wp-block-heading\">Entscheiden Sie sich f\u00fcr einen Aufenthalt mit Gelassenheit in Venedig<\/h3>\n\n\n\n<p>Wenn Sie ein Hotel suchen, das Ihnen <strong>Ruhe, Sicherheit, eine zentrale Lage und famili\u00e4re Gastfreundschaft<\/strong> bietet, dann ist das <strong>Ca\u2019 Pozzo Inn die perfekte Wahl<\/strong>.<\/p>\n\n\n\n<p><a href=\"https:\/\/capozzoinn.com\/de\/\">Buchen Sie jetzt direkt auf der offiziellen Website<\/a> und erleben Sie ein <strong>intimeres, authentischeres und entspannteres Venedig<\/strong>.<\/p>\n","protected":false},"excerpt":{"rendered":"<p>Ein ruhiger Aufenthalt \u2013 fern vom Trubel, aber nah an allem Venedig ist eine wunderbare Stadt, zu jeder Jahreszeit faszinierend, aber oft auch sehr belebt. Viele Reisende \u2013 ob als Paar, allein oder mit der Familie \u2013 stellen sich eine einfache, aber wichtige Frage:\u201eWo kann ich in einer ruhigen und sicheren Gegend \u00fcbernachten, von der [&hellip;]<\/p>\n","protected":false},"author":1,"featured_media":4334,"parent":0,"menu_order":0,"comment_status":"closed","ping_status":"closed","template":"","meta":{"_acf_changed":false,"footnotes":""},"class_list":["post-4339","page","type-page","status-publish","has-post-thumbnail","hentry"],"acf":[],"_links":{"self":[{"href":"https:\/\/capozzoinn.com\/de\/wp-json\/wp\/v2\/pages\/4339","targetHints":{"allow":["GET"]}}],"collection":[{"href":"https:\/\/capozzoinn.com\/de\/wp-json\/wp\/v2\/pages"}],"about":[{"href":"https:\/\/capozzoinn.com\/de\/wp-json\/wp\/v2\/types\/page"}],"author":[{"embeddable":true,"href":"https:\/\/capozzoinn.com\/de\/wp-json\/wp\/v2\/users\/1"}],"replies":[{"embeddable":true,"href":"https:\/\/capozzoinn.com\/de\/wp-json\/wp\/v2\/comments?post=4339"}],"version-history":[{"count":6,"href":"https:\/\/capozzoinn.com\/de\/wp-json\/wp\/v2\/pages\/4339\/revisions"}],"predecessor-version":[{"id":4934,"href":"https:\/\/capozzoinn.com\/de\/wp-json\/wp\/v2\/pages\/4339\/revisions\/4934"}],"wp:featuredmedia":[{"embeddable":true,"href":"https:\/\/capozzoinn.com\/de\/wp-json\/wp\/v2\/media\/4334"}],"wp:attachment":[{"href":"https:\/\/capozzoinn.com\/de\/wp-json\/wp\/v2\/media?parent=4339"}],"curies":[{"name":"wp","href":"https:\/\/api.w.org\/{rel}","templated":true}]}}