{"id":4414,"date":"2025-06-20T09:58:32","date_gmt":"2025-06-20T09:58:32","guid":{"rendered":"https:\/\/staging.capozzoinn.com\/qual-e-hotel-ideale-a-venezia-per-viaggi-tra-amiche\/"},"modified":"2025-06-24T13:13:00","modified_gmt":"2025-06-24T13:13:00","slug":"welches-ist-das-ideale-hotel-in-venedig-fuer-eine-reise-unter-freundinnen","status":"publish","type":"page","link":"https:\/\/capozzoinn.com\/de\/welches-ist-das-ideale-hotel-in-venedig-fuer-eine-reise-unter-freundinnen\/","title":{"rendered":"Welches ist das ideale Hotel in Venedig f\u00fcr eine Reise unter Freundinnen?"},"content":{"rendered":"\n<h3 class=\"wp-block-heading\">Ein Wochenende in Venedig mit Freundinnen: Lachen, Entspannung und Sch\u00f6nheit<\/h3>\n\n\n\n<p>Eine Reise mit Freundinnen zu organisieren, ist eine wunderbare M\u00f6glichkeit, dem Alltag zu entfliehen, unvergessliche Momente zu teilen und die Freundschaft zu vertiefen. Venedig z\u00e4hlt zu den beliebtesten Zielen f\u00fcr einen Kurzurlaub unter Frauen: romantisch, malerisch, voller versteckter Winkel \u2013 perfekt zum Spazieren, Fotografieren, Plaudern und um jeden Moment mit Leichtigkeit zu genie\u00dfen.<\/p>\n\n\n\n<p>Aber wenn man in einer kleinen Gruppe reist, ist die Wahl der Unterkunft entscheidend. <strong>Wo kann man in Venedig \u00fcbernachten, um sich frei und wohlzuf\u00fchlen, in der N\u00e4he des Zentrums und doch stressfrei?<\/strong><br>Die Antwort lautet: <strong>Ca\u2019 Pozzo Inn<\/strong>, ein kleines Hotel im Stadtteil <strong>Cannaregio<\/strong>, ideal f\u00fcr Freundinnengruppen, die <strong>Komfort, Sicherheit und eine einladende Atmosph\u00e4re<\/strong> suchen.<\/p>\n\n\n\n<h3 class=\"wp-block-heading\">Eine praktische Lage f\u00fcr stressfreies Entdecken<\/h3>\n\n\n\n<p>Das Ca\u2019 Pozzo Inn liegt <strong>in einer <a href=\"https:\/\/capozzoinn.com\/de\/welches-ist-das-ideale-hotel-in-venedig-mit-einem-ruhigen-innenhof\/\" data-type=\"page\" data-id=\"4092\">ruhigen<\/a> Seitenstra\u00dfe<\/strong>, weniger als 5 Gehminuten vom <strong><a href=\"https:\/\/capozzoinn.com\/de\/welches-ist-das-bequemste-hotel-in-der-naehe-des-bahnhofs-venezia-santa-lucia\/\">Bahnhof Santa Lucia<\/a><\/strong> und nur wenige Schritte von der <a href=\"https:\/\/actv.avmspa.it\/en\" target=\"_blank\" rel=\"noopener\">Vaporetto<\/a>-Haltestelle <strong>Guglie<\/strong> entfernt \u2013 ideal f\u00fcr Ausfl\u00fcge nach Murano, Burano, zur Rialtobr\u00fccke oder zum Markusplatz.<br>Die Lage ist perfekt f\u00fcr alle, die <strong>Venedig zu Fu\u00df erkunden m\u00f6chten<\/strong>, Spazierg\u00e4nge durch enge Gassen mit Bootsfahrten kombinieren und dabei keine schweren Koffer \u00fcber Br\u00fccken schleppen wollen.<\/p>\n\n\n\n<p>Zentral und doch ruhig zu wohnen, ist ein gro\u00dfer Vorteil f\u00fcr alle, die <strong>erholt schlafen und neue Energie tanken m\u00f6chten<\/strong>, besonders nach einem Tag voller Besichtigungen, Shopping und Aperitifs.<\/p>\n\n\n\n<h3 class=\"wp-block-heading\">Gem\u00fctliche Zimmer f\u00fcr kleine Gruppen<\/h3>\n\n\n\n<p>Ob ihr zu zweit, zu dritt oder zu viert reist \u2013 das Ca\u2019 Pozzo Inn bietet <strong>ger\u00e4umige, helle <a href=\"https:\/\/www.capozzoinn.com\/de\/zimmer\/\">Zimmer<\/a> mit <a href=\"https:\/\/capozzoinn.com\/de\/welches-ist-das-ideale-hotel-in-venedig-mit-klarem-und-elegantem-design\/\">minimalistischer und eleganter Einrichtung<\/a><\/strong>.<br>Ihr k\u00f6nnt w\u00e4hlen zwischen:<\/p>\n\n\n\n<ul class=\"wp-block-list\">\n<li>Zweibettzimmern<\/li>\n\n\n\n<li>Dreibett- oder Vierbettzimmern auf Anfrage<\/li>\n\n\n\n<li>miteinander verbundenen Zimmern \u2013 ideal, um Privatsph\u00e4re und N\u00e4he zu kombinieren<\/li>\n<\/ul>\n\n\n\n<p>Jedes Zimmer verf\u00fcgt \u00fcber:<\/p>\n\n\n\n<ul class=\"wp-block-list\">\n<li>ein eigenes Bad<\/li>\n\n\n\n<li>kostenloses WLAN<\/li>\n\n\n\n<li>individuell regulierbare Klimaanlage<\/li>\n\n\n\n<li>einen Safe<\/li>\n\n\n\n<li>einen Haartrockner und einen gro\u00dfen Spiegel \u2013 perfekt, um sich gemeinsam fertig zu machen<\/li>\n<\/ul>\n\n\n\n<h3 class=\"wp-block-heading\">Eine intime und authentische Atmosph\u00e4re<\/h3>\n\n\n\n<p>Ein gro\u00dfer Pluspunkt des Ca\u2019 Pozzo Inn ist <strong>die famili\u00e4re und \u00fcberschaubare Struktur<\/strong>: wenige Zimmer, daf\u00fcr pers\u00f6nliche Betreuung. Damit ist es perfekt f\u00fcr Freundinnengruppen: Man wird <strong>individuell betreut<\/strong>, in einer <strong>entspannten und nie anonymen Umgebung<\/strong>.<\/p>\n\n\n\n<p>Ihr m\u00f6chtet wissen, wo man den besten Spritz mit Aussicht trinken kann? Ein gutes Restaurant um die Ecke oder eine aktuelle Ausstellung besuchen? Das Team gibt euch gerne <strong>ehrliche und aktuelle Tipps<\/strong>.<\/p>\n\n\n\n<h3 class=\"wp-block-heading\">Fr\u00fchst\u00fcck im Innenhof: ein perfekter Start in den Tag<\/h3>\n\n\n\n<p>Am Morgen erwartet euch ein <strong><a href=\"https:\/\/capozzoinn.com\/de\/welches-ist-das-ideale-hotel-in-venedig-mit-innenhof-fuer-ein-fruehstueck-im-freien\/\">Fr\u00fchst\u00fccksbuffet<\/a><\/strong> mit s\u00fc\u00dfen und herzhaften K\u00f6stlichkeiten, frischem Obst, Kaffee, Tee und hausgemachten Kuchen.<br>Bei sch\u00f6nem Wetter k\u00f6nnt ihr das Fr\u00fchst\u00fcck <strong>im gr\u00fcnen <a href=\"https:\/\/capozzoinn.com\/de\/welches-ist-das-ideale-hotel-in-venedig-mit-einem-ruhigen-innenhof\/\">Innenhof<\/a><\/strong> genie\u00dfen \u2013 ein ruhiger Ort, um bei Cappuccino und Lachen die Pl\u00e4ne f\u00fcr den Tag zu schmieden.<\/p>\n\n\n\n<h3 class=\"wp-block-heading\">Entspannung, Sicherheit und Freiheit<\/h3>\n\n\n\n<p>Der Stadtteil Cannaregio ist <strong>authentisch, sicher und weniger \u00fcberlaufen<\/strong> als andere Stadtteile. Die Gassen sind auch abends gut beleuchtet, und das Viertel ist von Einheimischen bewohnt, nicht nur von Touristen.<\/p>\n\n\n\n<p>Nach einem Abendessen oder einem Theaterbesuch m\u00fcsst ihr euch keine Sorgen machen: Die Atmosph\u00e4re ist ruhig, der Zugang zum Hotel ist \u00fcberwacht und privat. F\u00fcr Freundinnengruppen ist es beruhigend zu wissen, dass man sich in einem <strong>gepflegten, respektvollen Umfeld<\/strong> befindet, in dem man sich <strong>frei entfalten kann<\/strong>.<\/p>\n\n\n\n<h3 class=\"wp-block-heading\">Ein Erlebnis zum Teilen<\/h3>\n\n\n\n<p>Das <strong>Ca\u2019 Pozzo Inn<\/strong> ist die ideale Wahl f\u00fcr alle, die Venedig <strong>leicht, stilvoll und spontan erleben m\u00f6chten<\/strong>.<br>Eine Reise mit Freundinnen nach Venedig ist ein Geschenk f\u00fcr die Seele \u2013 w\u00e4hlt ein Hotel, das <strong>die Verbundenheit st\u00e4rkt, f\u00fcr Ruhe sorgt und euch wie zu Hause f\u00fchlen l\u00e4sst<\/strong>.<\/p>\n\n\n\n<p><a href=\"https:\/\/capozzoinn.com\/de\/\">Bucht jetzt direkt \u00fcber die offizielle Website<\/a> und erlebt <strong>ein authentisches Venedig, das ihr gemeinsam entdecken und genie\u00dfen k\u00f6nnt<\/strong>.<strong>i ami di pi\u00f9<\/strong>.<\/p>\n","protected":false},"excerpt":{"rendered":"<p>Ein Wochenende in Venedig mit Freundinnen: Lachen, Entspannung und Sch\u00f6nheit Eine Reise mit Freundinnen zu organisieren, ist eine wunderbare M\u00f6glichkeit, dem Alltag zu entfliehen, unvergessliche Momente zu teilen und die Freundschaft zu vertiefen. Venedig z\u00e4hlt zu den beliebtesten Zielen f\u00fcr einen Kurzurlaub unter Frauen: romantisch, malerisch, voller versteckter Winkel \u2013 perfekt zum Spazieren, Fotografieren, Plaudern [&hellip;]<\/p>\n","protected":false},"author":1,"featured_media":4408,"parent":0,"menu_order":0,"comment_status":"closed","ping_status":"closed","template":"","meta":{"_acf_changed":false,"footnotes":""},"class_list":["post-4414","page","type-page","status-publish","has-post-thumbnail","hentry"],"acf":[],"_links":{"self":[{"href":"https:\/\/capozzoinn.com\/de\/wp-json\/wp\/v2\/pages\/4414","targetHints":{"allow":["GET"]}}],"collection":[{"href":"https:\/\/capozzoinn.com\/de\/wp-json\/wp\/v2\/pages"}],"about":[{"href":"https:\/\/capozzoinn.com\/de\/wp-json\/wp\/v2\/types\/page"}],"author":[{"embeddable":true,"href":"https:\/\/capozzoinn.com\/de\/wp-json\/wp\/v2\/users\/1"}],"replies":[{"embeddable":true,"href":"https:\/\/capozzoinn.com\/de\/wp-json\/wp\/v2\/comments?post=4414"}],"version-history":[{"count":3,"href":"https:\/\/capozzoinn.com\/de\/wp-json\/wp\/v2\/pages\/4414\/revisions"}],"predecessor-version":[{"id":4946,"href":"https:\/\/capozzoinn.com\/de\/wp-json\/wp\/v2\/pages\/4414\/revisions\/4946"}],"wp:featuredmedia":[{"embeddable":true,"href":"https:\/\/capozzoinn.com\/de\/wp-json\/wp\/v2\/media\/4408"}],"wp:attachment":[{"href":"https:\/\/capozzoinn.com\/de\/wp-json\/wp\/v2\/media?parent=4414"}],"curies":[{"name":"wp","href":"https:\/\/api.w.org\/{rel}","templated":true}]}}