{"id":4451,"date":"2025-01-10T01:13:16","date_gmt":"2025-01-10T01:13:16","guid":{"rendered":"https:\/\/staging.capozzoinn.com\/venedig-entdecken\/cucina-veneziana-cosa-assaggiare-assolutamente\/"},"modified":"2025-06-24T07:21:52","modified_gmt":"2025-06-24T07:21:52","slug":"die-venezianische-kueche-was-man-unbedingt-probieren-sollte","status":"publish","type":"page","link":"https:\/\/capozzoinn.com\/de\/venedig-entdecken\/die-venezianische-kueche-was-man-unbedingt-probieren-sollte\/","title":{"rendered":"Die venezianische K\u00fcche: Was man unbedingt probieren sollte"},"content":{"rendered":"\n<p>Die <strong>venezianische K\u00fcche<\/strong> ist weltweit bekannt f\u00fcr den starken Einfluss der zahlreichen Kulturen, die sich im Laufe der Jahrhunderte in der Lagune niedergelassen haben. Als wichtiger Umschlagplatz f\u00fcr den Handel mit dem Fernen Osten hat <strong>Venedig gelernt, auch Zutaten zu verwenden, die nicht urspr\u00fcnglich heimisch sind<\/strong>, wie zum Beispiel Gew\u00fcrze.<\/p>\n\n\n\n<p>Das Zusammentreffen von Meer und Land hat Gerichte mit einem einzigartigen und unverwechselbaren Geschmack hervorgebracht: Schauen wir uns gemeinsam die Spezialit\u00e4ten an, denen man nicht widerstehen kann.<\/p>\n\n\n\n<h2 class=\"wp-block-heading\">Ein Fischmen\u00fc aus der venezianischen K\u00fcche<\/h2>\n\n\n\n<p>Eine der Hauptzutaten der italienischen K\u00fcche ist definitiv <strong>Fisch<\/strong>: Unter den vielen Sorten, die auf den St\u00e4nden des <strong><a href=\"https:\/\/www.capozzoinn.com\/it\/mercato-pesce-rialto-venezia\/\">Rialto-Marktes<\/a><\/strong> angeboten werden, finden sich einige, die in der traditionellen venezianischen K\u00fcche eine Hauptrolle spielen.<\/p>\n\n\n\n<p>Wenn du noch nie einen <strong>Cicheto<\/strong> mit <strong>cremigem Stockfisch (baccal\u00e0 mantecato)<\/strong> zu deinem Spritz probiert hast, dann ist es h\u00f6chste Zeit! Eine Alternative sind <strong>sarde in saor<\/strong>: ein urspr\u00fcnglich <strong><a href=\"https:\/\/www.capozzoinn.com\/it\/ghetto-ebraico-venezia-scoperta-quartiere-affascinante\/\">j\u00fcdisches<\/a> Gericht<\/strong>, das entweder nach dem Originalrezept oder in einer modernen Variante in <strong><a href=\"https:\/\/www.capozzoinn.com\/it\/ristoranti-stellati-venezia-scegliere-migliore\/\">Sterne-Restaurants<\/a><\/strong> der Stadt serviert wird.<\/p>\n\n\n\n<p>Wenn du dich zu den ersten G\u00e4ngen durchklickst, findest du wahre K\u00f6stlichkeiten: <strong>Tintenfisch in schwarzer Sauce, Bigoli mit Sardellensauce und Spaghetti alla busara<\/strong> sind einige der Gerichte, bei denen Pasta perfekt mit den Aromen der Lagune harmoniert. Probier eines oder alle drei \u2013 du wirst nicht entt\u00e4uscht sein! Als Alternative zu Pasta empfehlen wir, den Kellner zu fragen, ob es m\u00f6glich ist, den <strong>Risotto di g\u00f2<\/strong> au\u00dferhalb der Speisekarte zu bestellen. In alten Zeiten galt der Grundel als \u201eArme-Leute-Essen\u201c in Venedig, heute ist dieser spezielle Lagunenfisch sehr gesch\u00e4tzt.<\/p>\n\n\n\n<p>Ein besonderes Rezept stammt von der Insel <strong>Murano<\/strong>: <strong>gegrillter Aal auf dem Ofenstein (bisato sull\u2019ara)<\/strong>. Der \u00dcberlieferung nach werden die kleinen Aale auf dem Stein der Glas\u00f6fen gegrillt, wo mundgeblasene Glaswaren bei niedriger Temperatur langsam abgek\u00fchlt werden.<\/p>\n\n\n\n<h2 class=\"wp-block-heading\">Die venezianische K\u00fcche: Festtagsgerichte<\/h2>\n\n\n\n<p>Ein Klassiker der venezianischen K\u00fcche ist der einfache <strong>Erbsenrisotto<\/strong>, genannt <strong>risi e bisi<\/strong>: bekannt als das Gericht der Dogen, wird er am <strong>25. April<\/strong> zur Feier des <strong>Heiligen Markus<\/strong>, Schutzpatron von Venedig, serviert. Die Zutaten stammen aus besten Quellen: <strong>Veroneser Reis und Vicentiner Erbsen<\/strong>.<\/p>\n\n\n\n<p>Ein weiteres venezianisches Fest, das mit einem typischen Gericht verbunden ist, ist das <strong><a href=\"https:\/\/www.capozzoinn.com\/it\/festa-madonna-della-salute\/\">Fest der Madonna della Salute<\/a><\/strong>. Jedes Jahr am <strong>21. November<\/strong> bereiten die K\u00fcchen der Restaurants der Stadt die <strong>Castradina<\/strong> zu. Eine gep\u00f6kelte, ger\u00e4ucherte und gereifte Hammelkeule wird mit <strong>Wirsing, Zwiebeln und Wein<\/strong> gekocht \u2013 das Ergebnis ist eine herzhafte Suppe, die man in Gesellschaft genie\u00dfen sollte.<\/p>\n\n\n\n<p>Ebenfalls im November ist es in Venedig Brauch, zusammen mit Kindern ein s\u00fc\u00dfes Geb\u00e4ck zu backen: den <strong>San Martino<\/strong>. Zur Ehrung des Heiligen wird ein M\u00fcrbeteiggeb\u00e4ck in <strong>Form von San Martino auf dem Pferd<\/strong> gebacken und mit <strong>Schokoladendragees und bunter Glasur<\/strong> verziert.<\/p>\n\n\n\n<h2 class=\"wp-block-heading\">Die S\u00fc\u00dfspeisen der venezianischen K\u00fcche<\/h2>\n\n\n\n<p>Nicht zuletzt die <strong><a href=\"https:\/\/www.capozzoinn.com\/it\/dolci-tipici-carnevale-venezia\/\">S\u00fc\u00dfspeisen<\/a> der Lagunentradition<\/strong>. <strong>Zaleti, Baicoli, Bussolai in S-Form, Pan dei Dogi und Gondel-K\u00fcsse<\/strong> aus Baiser und Schokolade: Das sind einige der ber\u00fchmten Leckereien, die in den besten <strong>Konditoreien Venedigs<\/strong> entstehen.<\/p>\n\n\n\n<p>Zus\u00e4tzlich zu diesen K\u00f6stlichkeiten gibt es spezielle S\u00fc\u00dfigkeiten, f\u00fcr die jedes Kind (und auch viele Erwachsene) schw\u00e4rmen: die <strong><a href=\"https:\/\/www.capozzoinn.com\/it\/costumi-carnevale-venezia-noleggiare-abito-epoca\/\">Karnevalsgeb\u00e4cke<\/a><\/strong>. <strong>Fritole, Castagnole und Galani<\/strong> f\u00fcllen die Auslagen der B\u00e4ckereien und Konditoreien w\u00e4hrend der <strong>Karnevalszeit<\/strong>. Der einzige Weg herauszufinden, ob sie auch dir schmecken? Di\u00e4t vergessen \u2013 und probieren!<\/p>\n","protected":false},"excerpt":{"rendered":"<p>Die venezianische K\u00fcche ist weltweit bekannt f\u00fcr den starken Einfluss der zahlreichen Kulturen, die sich im Laufe der Jahrhunderte in der Lagune niedergelassen haben. Als wichtiger Umschlagplatz f\u00fcr den Handel mit dem Fernen Osten hat Venedig gelernt, auch Zutaten zu verwenden, die nicht urspr\u00fcnglich heimisch sind, wie zum Beispiel Gew\u00fcrze. Das Zusammentreffen von Meer und [&hellip;]<\/p>\n","protected":false},"author":1,"featured_media":505,"parent":485,"menu_order":0,"comment_status":"closed","ping_status":"closed","template":"templates\/lista-figlio.php","meta":{"_acf_changed":false,"footnotes":""},"class_list":["post-4451","page","type-page","status-publish","has-post-thumbnail","hentry"],"acf":[],"_links":{"self":[{"href":"https:\/\/capozzoinn.com\/de\/wp-json\/wp\/v2\/pages\/4451","targetHints":{"allow":["GET"]}}],"collection":[{"href":"https:\/\/capozzoinn.com\/de\/wp-json\/wp\/v2\/pages"}],"about":[{"href":"https:\/\/capozzoinn.com\/de\/wp-json\/wp\/v2\/types\/page"}],"author":[{"embeddable":true,"href":"https:\/\/capozzoinn.com\/de\/wp-json\/wp\/v2\/users\/1"}],"replies":[{"embeddable":true,"href":"https:\/\/capozzoinn.com\/de\/wp-json\/wp\/v2\/comments?post=4451"}],"version-history":[{"count":3,"href":"https:\/\/capozzoinn.com\/de\/wp-json\/wp\/v2\/pages\/4451\/revisions"}],"predecessor-version":[{"id":4666,"href":"https:\/\/capozzoinn.com\/de\/wp-json\/wp\/v2\/pages\/4451\/revisions\/4666"}],"up":[{"embeddable":true,"href":"https:\/\/capozzoinn.com\/de\/wp-json\/wp\/v2\/pages\/485"}],"wp:featuredmedia":[{"embeddable":true,"href":"https:\/\/capozzoinn.com\/de\/wp-json\/wp\/v2\/media\/505"}],"wp:attachment":[{"href":"https:\/\/capozzoinn.com\/de\/wp-json\/wp\/v2\/media?parent=4451"}],"curies":[{"name":"wp","href":"https:\/\/api.w.org\/{rel}","templated":true}]}}