{"id":4547,"date":"2025-06-23T11:40:46","date_gmt":"2025-06-23T11:40:46","guid":{"rendered":"https:\/\/staging.capozzoinn.com\/qual-e-hotel-ideale-a-venezia-per-andare-ad-un-concerto\/"},"modified":"2025-06-24T08:19:54","modified_gmt":"2025-06-24T08:19:54","slug":"wo-uebernachten-in-venedig-wenn-man-ein-konzert-besucht","status":"publish","type":"page","link":"https:\/\/capozzoinn.com\/de\/wo-uebernachten-in-venedig-wenn-man-ein-konzert-besucht\/","title":{"rendered":"Wo \u00fcbernachten in Venedig, wenn man ein Konzert besucht?"},"content":{"rendered":"\n<h3 class=\"wp-block-heading\">Live-Musik und hochwertiger Aufenthalt: die perfekte Kombination<\/h3>\n\n\n\n<p>Venedig bietet einzigartige musikalische Erlebnisse. Neben dem renommierten Teatro La Fenice veranstaltet die Stadt <strong>Konzerte aller Art<\/strong>: von <strong>klassischer Musik<\/strong> \u00fcber <strong>Jazz-Performances<\/strong>, von <strong>Kammermusik in historischen Pal\u00e4sten<\/strong> bis hin zu <strong>zeitgen\u00f6ssischen Konzerten in alternativen R\u00e4umen<\/strong>. Ob es sich um ein besonderes Event, ein Festival oder ein Konzert eines internationalen K\u00fcnstlers handelt \u2013 das richtige Hotel in der Stadt zu finden, ist entscheidend.<\/p>\n\n\n\n<p>Das <strong>Ca\u2019 Pozzo Inn<\/strong>, gelegen im authentischen Viertel <strong>Cannaregio<\/strong>, ist die ideale Wahl f\u00fcr alle, die <strong>Komfort, Ruhe und gute Erreichbarkeit<\/strong> suchen \u2013 besonders bei abendlichen Konzerten.<\/p>\n\n\n\n<h3 class=\"wp-block-heading\">Nah an der Musik, fern vom L\u00e4rm<\/h3>\n\n\n\n<p>Das Ca\u2019 Pozzo Inn befindet sich in <strong>einer ruhigen Seitengasse<\/strong>, weniger als 5 Gehminuten vom <strong><a href=\"https:\/\/capozzoinn.com\/de\/welches-ist-das-bequemste-hotel-in-der-naehe-des-bahnhofs-venezia-santa-lucia\/\">Bahnhof Santa Lucia<\/a><\/strong> entfernt und nur wenige Schritte von der <a href=\"https:\/\/actv.avmspa.it\/en\" target=\"_blank\" rel=\"noopener\">Vaporetto<\/a>-Haltestelle <strong>Guglie<\/strong>. Die Lage ist perfekt, um bequem einige der wichtigsten Konzertorte Venedigs zu erreichen, darunter:<\/p>\n\n\n\n<ul class=\"wp-block-list\">\n<li><strong>Auditorium Lo Squero auf der Giudecca<\/strong>, bekannt f\u00fcr seine Akustik und Panoramalage<\/li>\n\n\n\n<li><strong>Chiesa della Piet\u00e0<\/strong>, ein historischer Ort f\u00fcr Barockmusik<\/li>\n\n\n\n<li><strong>Prunkvolle S\u00e4le in Adelspal\u00e4sten<\/strong>, in denen Kammerkonzerte stattfinden<\/li>\n\n\n\n<li><strong>Zeitgen\u00f6ssische und alternative R\u00e4ume<\/strong>, die bei Festivals und Musikveranstaltungen genutzt werden<\/li>\n<\/ul>\n\n\n\n<p>Dank dieser strategischen Lage erm\u00f6glicht das Ca\u2019 Pozzo Inn auch nach einem Abendkonzert eine <strong>stressfreie R\u00fcckkehr<\/strong>, ohne lange Wege oder abgelegene Gassen.<\/p>\n\n\n\n<h3 class=\"wp-block-heading\">Ruhige Zimmer f\u00fcr ein sanftes Erwachen<\/h3>\n\n\n\n<p>Nach einem intensiven und bewegenden Konzert ist es wichtig, sich <strong>zu entspannen und gut zu schlafen<\/strong>. Die <a href=\"https:\/\/www.capozzoinn.com\/de\/zimmer\/\">Zimmer<\/a> im Ca\u2019 Pozzo Inn sind daf\u00fcr ideal:<\/p>\n\n\n\n<ul class=\"wp-block-list\">\n<li><a href=\"https:\/\/capozzoinn.com\/de\/welches-ist-das-ideale-hotel-in-venedig-mit-klarem-und-elegantem-design\/\">minimalistisches, elegantes Design<\/a><\/li>\n\n\n\n<li>schallisolierte Fenster<\/li>\n\n\n\n<li>ger\u00e4umige, bequeme Betten<\/li>\n\n\n\n<li>eigenes Bad<\/li>\n\n\n\n<li>individuell regulierbare Klimaanlage<\/li>\n\n\n\n<li>kostenloses WLAN<\/li>\n<\/ul>\n\n\n\n<p>Die ruhige Atmosph\u00e4re des Hotels und die aufmerksame F\u00fchrung sorgen f\u00fcr <strong>Erholung und Privatsph\u00e4re<\/strong> nach einem musikalischen Abend.<\/p>\n\n\n\n<h3 class=\"wp-block-heading\">Perfekte Services f\u00fcr Musikliebhaber<\/h3>\n\n\n\n<p>Das Team des Ca\u2019 Pozzo Inn ist erfahren im Empfang von <strong>Musikliebhabern<\/strong> und G\u00e4sten, die Konzerte oder kulturelle Veranstaltungen besuchen. Zu den gesch\u00e4tzten Leistungen geh\u00f6ren:<\/p>\n\n\n\n<ul class=\"wp-block-list\">\n<li><strong>flexibler Check-in<\/strong>, auch am Abend<\/li>\n\n\n\n<li>pers\u00f6nliche Empfehlungen zu aktuellen Konzerten in der Stadt<\/li>\n\n\n\n<li>Tipps zu den <strong>besten Wegen zu den Veranstaltungsorten<\/strong><\/li>\n\n\n\n<li>Vorschl\u00e4ge f\u00fcr <strong>Restaurants, die auch nach dem Konzert ge\u00f6ffnet sind<\/strong><\/li>\n<\/ul>\n\n\n\n<p>Die Atmosph\u00e4re im Hotel ist stets <strong>respektvoll und diskret<\/strong>, ideal f\u00fcr G\u00e4ste, die <strong>Venedig musikalisch erleben m\u00f6chten<\/strong>.<\/p>\n\n\n\n<h3 class=\"wp-block-heading\">Geeignet f\u00fcr Alleinreisende und Paare<\/h3>\n\n\n\n<p>Viele Konzerte \u2013 insbesondere klassische oder Jazz-Konzerte \u2013 ziehen <strong><a href=\"https:\/\/capozzoinn.com\/de\/welches-ist-das-ideale-hotel-in-venedig-fuer-alleinreisende\/\">Einzelreisende<\/a> oder Paare auf der Suche nach einem kultivierten Erlebnis<\/strong> an. Das Ca\u2019 Pozzo Inn ist f\u00fcr beide perfekt geeignet: Es bietet intime, sichere R\u00e4ume f\u00fcr Alleinreisende und gem\u00fctliche, einladende Zimmer f\u00fcr Musikliebhaber zu zweit.<\/p>\n\n\n\n<h3 class=\"wp-block-heading\">Fr\u00fchst\u00fcck im Innenhof: ein harmonischer Start<\/h3>\n\n\n\n<p>Nach einem musikalischen Abend ist es ein Vergn\u00fcgen, den Tag <strong>in entspannter Atmosph\u00e4re<\/strong> zu beginnen. Das Fr\u00fchst\u00fcck im Ca\u2019 Pozzo Inn umfasst ein Buffet mit s\u00fc\u00dfen und herzhaften Speisen, frischem Obst, Hei\u00dfgetr\u00e4nken und hausgemachtem Kuchen.<br>Bei gutem Wetter kann man <a href=\"https:\/\/capozzoinn.com\/de\/welches-ist-das-ideale-hotel-in-venedig-mit-einem-ruhigen-innenhof\/\">das Fr\u00fchst\u00fcck <strong>im gr\u00fcnen Innenhof<\/strong><\/a> genie\u00dfen \u2013 ein ruhiger Ort, um die Eindr\u00fccke des Vorabends Revue passieren zu lassen.<\/p>\n\n\n\n<h3 class=\"wp-block-heading\">Das ideale Hotel, um Venedig durch Musik zu erleben<\/h3>\n\n\n\n<p>Venedig blickt auf eine lange musikalische Tradition zur\u00fcck, und ein Konzertbesuch in dieser Stadt ist mehr als nur Zuh\u00f6ren \u2013 es ist ein Eintauchen in Kunst, Geschichte und die einzigartige Atmosph\u00e4re der Lagune.<\/p>\n\n\n\n<p>Ein Hotel wie das <strong>Ca\u2019 Pozzo Inn<\/strong> zu w\u00e4hlen, bedeutet, sich einen <strong>hochwertigen Aufenthalt<\/strong> zu sichern, der denselben Geschmack und dieselbe Sorgfalt widerspiegelt wie das Musikerlebnis selbst.<\/p>\n\n\n\n<p><a href=\"https:\/\/capozzoinn.com\/de\/\">Buchen Sie jetzt \u00fcber die offizielle Website<\/a> und genie\u00dfen Sie <strong>Venedig im Rhythmus Ihrer Lieblingsmusik<\/strong>, mit dem Komfort und der Ruhe, die nur das Ca\u2019 Pozzo Inn bieten kann.<\/p>\n","protected":false},"excerpt":{"rendered":"<p>Live-Musik und hochwertiger Aufenthalt: die perfekte Kombination Venedig bietet einzigartige musikalische Erlebnisse. Neben dem renommierten Teatro La Fenice veranstaltet die Stadt Konzerte aller Art: von klassischer Musik \u00fcber Jazz-Performances, von Kammermusik in historischen Pal\u00e4sten bis hin zu zeitgen\u00f6ssischen Konzerten in alternativen R\u00e4umen. Ob es sich um ein besonderes Event, ein Festival oder ein Konzert eines [&hellip;]<\/p>\n","protected":false},"author":1,"featured_media":4542,"parent":0,"menu_order":0,"comment_status":"closed","ping_status":"closed","template":"","meta":{"_acf_changed":false,"footnotes":""},"class_list":["post-4547","page","type-page","status-publish","has-post-thumbnail","hentry"],"acf":[],"_links":{"self":[{"href":"https:\/\/capozzoinn.com\/de\/wp-json\/wp\/v2\/pages\/4547","targetHints":{"allow":["GET"]}}],"collection":[{"href":"https:\/\/capozzoinn.com\/de\/wp-json\/wp\/v2\/pages"}],"about":[{"href":"https:\/\/capozzoinn.com\/de\/wp-json\/wp\/v2\/types\/page"}],"author":[{"embeddable":true,"href":"https:\/\/capozzoinn.com\/de\/wp-json\/wp\/v2\/users\/1"}],"replies":[{"embeddable":true,"href":"https:\/\/capozzoinn.com\/de\/wp-json\/wp\/v2\/comments?post=4547"}],"version-history":[{"count":2,"href":"https:\/\/capozzoinn.com\/de\/wp-json\/wp\/v2\/pages\/4547\/revisions"}],"predecessor-version":[{"id":4815,"href":"https:\/\/capozzoinn.com\/de\/wp-json\/wp\/v2\/pages\/4547\/revisions\/4815"}],"wp:featuredmedia":[{"embeddable":true,"href":"https:\/\/capozzoinn.com\/de\/wp-json\/wp\/v2\/media\/4542"}],"wp:attachment":[{"href":"https:\/\/capozzoinn.com\/de\/wp-json\/wp\/v2\/media?parent=4547"}],"curies":[{"name":"wp","href":"https:\/\/api.w.org\/{rel}","templated":true}]}}