{"id":456,"date":"2025-01-09T16:17:20","date_gmt":"2025-01-09T16:17:20","guid":{"rendered":"https:\/\/staging.capozzoinn.com\/events\/su-e-zo-per-i-ponti\/"},"modified":"2025-06-24T07:24:53","modified_gmt":"2025-06-24T07:24:53","slug":"su-e-zo-per-i-ponti","status":"publish","type":"page","link":"https:\/\/capozzoinn.com\/de\/ereignisse\/su-e-zo-per-i-ponti\/","title":{"rendered":"Su e Zo per i ponti (Hoch und runter \u00fcber die Br\u00fccken)"},"content":{"rendered":"\n<p><strong>Su e Zo per i ponti<\/strong>&nbsp;(w\u00f6rtlich \u201cAuf und Ab der Br\u00fccken\u201d) ist ein traditionelles, nicht konkurrenzf\u00e4higes Wanderrennen in Venedig, das 1975 zum ersten Mal im Fr\u00fchling in Venedig stattfand.<\/p>\n\n\n\n<p>Jedes Jahr nehmen in der Regel 10.000 Menschen an den Start.<\/p>\n\n\n\n<p>Die Hauptroute ist ca. 12 km und hat als Abflug- und Ankunftsort Saint es Mark Square, vor Doge es Palace. Die kurze Strecke ist 6 km und hat als Abflug und Ankunftspunkt Santa Lucia Bahnhof.<\/p>\n\n\n\n<p>Jeder kann am Rennen teilnehmen, jede Person jeden Alters, Familien, Studenten und Sportgruppen. Es gibt verschiedene Wege f\u00fcr jedes Alter und entlang des Weges gibt es einige Erfrischungspunkte.<\/p>\n\n\n\n<p>Die Ankunft erfolgt auf dem Markusplatz, wo alle Teilnehmer eine Medaille als Ansatome der Veranstaltung erhalten. Der Erl\u00f6s des Rennens wird f\u00fcr wohlt\u00e4tige Zwecke gespendet.<\/p>\n\n\n\n<p>Weitere Informationen&nbsp;<a href=\"https:\/\/ssl.microsofttranslator.com\/bv.aspx?ref=TAns&amp;from=&amp;to=de&amp;a=https%3A%2F%2Fwww.suezo.it%2Fen%2F.\" target=\"_blank\" rel=\"noreferrer noopener\">https:\/\/www.suezo.it\/en\/.<\/a><\/p>\n","protected":false},"excerpt":{"rendered":"<p>Su e Zo per i ponti&nbsp;(w\u00f6rtlich \u201cAuf und Ab der Br\u00fccken\u201d) ist ein traditionelles, nicht konkurrenzf\u00e4higes Wanderrennen in Venedig, das 1975 zum ersten Mal im Fr\u00fchling in Venedig stattfand. Jedes Jahr nehmen in der Regel 10.000 Menschen an den Start. Die Hauptroute ist ca. 12 km und hat als Abflug- und Ankunftsort Saint es Mark [&hellip;]<\/p>\n","protected":false},"author":1,"featured_media":435,"parent":289,"menu_order":0,"comment_status":"closed","ping_status":"closed","template":"templates\/lista-figlio.php","meta":{"_acf_changed":false,"footnotes":""},"class_list":["post-456","page","type-page","status-publish","has-post-thumbnail","hentry"],"acf":[],"_links":{"self":[{"href":"https:\/\/capozzoinn.com\/de\/wp-json\/wp\/v2\/pages\/456","targetHints":{"allow":["GET"]}}],"collection":[{"href":"https:\/\/capozzoinn.com\/de\/wp-json\/wp\/v2\/pages"}],"about":[{"href":"https:\/\/capozzoinn.com\/de\/wp-json\/wp\/v2\/types\/page"}],"author":[{"embeddable":true,"href":"https:\/\/capozzoinn.com\/de\/wp-json\/wp\/v2\/users\/1"}],"replies":[{"embeddable":true,"href":"https:\/\/capozzoinn.com\/de\/wp-json\/wp\/v2\/comments?post=456"}],"version-history":[{"count":4,"href":"https:\/\/capozzoinn.com\/de\/wp-json\/wp\/v2\/pages\/456\/revisions"}],"predecessor-version":[{"id":4675,"href":"https:\/\/capozzoinn.com\/de\/wp-json\/wp\/v2\/pages\/456\/revisions\/4675"}],"up":[{"embeddable":true,"href":"https:\/\/capozzoinn.com\/de\/wp-json\/wp\/v2\/pages\/289"}],"wp:featuredmedia":[{"embeddable":true,"href":"https:\/\/capozzoinn.com\/de\/wp-json\/wp\/v2\/media\/435"}],"wp:attachment":[{"href":"https:\/\/capozzoinn.com\/de\/wp-json\/wp\/v2\/media?parent=456"}],"curies":[{"name":"wp","href":"https:\/\/api.w.org\/{rel}","templated":true}]}}