{"id":5290,"date":"2025-06-27T07:16:23","date_gmt":"2025-06-27T07:16:23","guid":{"rendered":"https:\/\/staging.capozzoinn.com\/new\/"},"modified":"2025-06-27T07:57:09","modified_gmt":"2025-06-27T07:57:09","slug":"neu","status":"publish","type":"page","link":"https:\/\/capozzoinn.com\/de\/neu\/","title":{"rendered":"Neu!"},"content":{"rendered":"\n<p>Erlebe Venedig als ein einzigartiges Erlebnis \u2013 lade die neue mehrsprachige Audioversion der beiden Rundg\u00e4nge FELIX und Venice Past &amp; Modern herunter.<\/p>\n\n\n\n<p><a href=\"https:\/\/sites.google.com\/view\/coop-pasini-turismo-capozzoinn\/\" target=\"_blank\" rel=\"noreferrer noopener\"><strong><strong>Entdecke unsere Rundg\u00e4nge \u2013 hier klicken &gt;&gt;<\/strong><\/strong><\/a><\/p>\n\n\n\n<hr class=\"wp-block-separator has-alpha-channel-opacity\"\/>\n\n\n\n<p>W\u00e4hle eine professionelle Reiseleiterin (Dr. Giulia Ecchili), um die Geschichte eines einzigartigen Ortes wie Venedig kennenzulernen.<\/p>\n\n\n\n<p><strong><strong><a href=\"https:\/\/capozzoinn.com\/wp-content\/uploads\/2025\/06\/itinerari-giulia-ecchili-italiano-nuovi.pdf\" data-type=\"link\" data-id=\"https:\/\/capozzoinn.com\/wp-content\/uploads\/2025\/06\/itinerari-giulia-ecchili-italiano-nuovi.pdf\">Hier findest du unsere vorgeschlagenen Touren >><\/a><\/strong><\/strong><\/p>\n\n\n\n<hr class=\"wp-block-separator has-alpha-channel-opacity\"\/>\n\n\n\n<p>Entdecke neue B\u00fccher und Lekt\u00fcren \u00fcber Venedig, wie z.\u202fB. <em>The Dressmaker\u2019s Parcels<\/em> von Silvano Stagni.<\/p>\n\n\n\n<p><a href=\"https:\/\/www.amazon.it\/Dressmakers-Parcels-Silvano-Stagni\/dp\/1739359631\" target=\"_blank\" rel=\"noreferrer noopener\"><strong>Jetzt online bei Amazon kaufen &gt;&gt;<\/strong><\/a><\/p>\n\n\n\n<figure class=\"wp-block-image\"><a href=\"https:\/\/www.amazon.it\/Dressmakers-Parcels-Silvano-Stagni\/dp\/1739359631\" target=\"_blank\" rel=\"noreferrer noopener\"><img decoding=\"async\" src=\"https:\/\/capozzoinn.com\/content\/uploads\/2023\/07\/thedressmakerfr-188x300.jpg\" alt=\"\" class=\"wp-image-4402\"\/><\/a><\/figure>\n","protected":false},"excerpt":{"rendered":"<p>Erlebe Venedig als ein einzigartiges Erlebnis \u2013 lade die neue mehrsprachige Audioversion der beiden Rundg\u00e4nge FELIX und Venice Past &amp; Modern herunter. Entdecke unsere Rundg\u00e4nge \u2013 hier klicken &gt;&gt; W\u00e4hle eine professionelle Reiseleiterin (Dr. Giulia Ecchili), um die Geschichte eines einzigartigen Ortes wie Venedig kennenzulernen. Hier findest du unsere vorgeschlagenen Touren >> Entdecke neue B\u00fccher [&hellip;]<\/p>\n","protected":false},"author":1,"featured_media":5283,"parent":0,"menu_order":0,"comment_status":"closed","ping_status":"closed","template":"","meta":{"_acf_changed":false,"footnotes":""},"class_list":["post-5290","page","type-page","status-publish","has-post-thumbnail","hentry"],"acf":[],"_links":{"self":[{"href":"https:\/\/capozzoinn.com\/de\/wp-json\/wp\/v2\/pages\/5290","targetHints":{"allow":["GET"]}}],"collection":[{"href":"https:\/\/capozzoinn.com\/de\/wp-json\/wp\/v2\/pages"}],"about":[{"href":"https:\/\/capozzoinn.com\/de\/wp-json\/wp\/v2\/types\/page"}],"author":[{"embeddable":true,"href":"https:\/\/capozzoinn.com\/de\/wp-json\/wp\/v2\/users\/1"}],"replies":[{"embeddable":true,"href":"https:\/\/capozzoinn.com\/de\/wp-json\/wp\/v2\/comments?post=5290"}],"version-history":[{"count":2,"href":"https:\/\/capozzoinn.com\/de\/wp-json\/wp\/v2\/pages\/5290\/revisions"}],"predecessor-version":[{"id":5318,"href":"https:\/\/capozzoinn.com\/de\/wp-json\/wp\/v2\/pages\/5290\/revisions\/5318"}],"wp:featuredmedia":[{"embeddable":true,"href":"https:\/\/capozzoinn.com\/de\/wp-json\/wp\/v2\/media\/5283"}],"wp:attachment":[{"href":"https:\/\/capozzoinn.com\/de\/wp-json\/wp\/v2\/media?parent=5290"}],"curies":[{"name":"wp","href":"https:\/\/api.w.org\/{rel}","templated":true}]}}