{"id":838,"date":"2025-01-10T11:23:32","date_gmt":"2025-01-10T11:23:32","guid":{"rendered":"https:\/\/staging.capozzoinn.com\/kulturrouten\/venice-past-and-modern-itinerary\/"},"modified":"2025-11-18T09:32:39","modified_gmt":"2025-11-18T09:32:39","slug":"venice-past-modern-itinerary","status":"publish","type":"page","link":"https:\/\/capozzoinn.com\/de\/kulturrouten\/venice-past-modern-itinerary\/","title":{"rendered":"Venice Past and Modern Itinerary"},"content":{"rendered":"\n<p><strong>Reiseroutenname:<\/strong>&nbsp;Venedig Vergangenheit und Moderne<\/p>\n\n\n\n<p><a href=\"https:\/\/goo.gl\/maps\/wCXfm7jyrmuu9eR6A\" target=\"_blank\" rel=\"noopener\">https:\/\/goo.gl\/maps\/wCXfm7jyrmuu9eR6A<\/a><\/p>\n\n\n\n<p>Was ist das? Eine kulturelle Route, die Sie durch ein mysteri\u00f6ses Venedig und abseits der ausgetretenen Pfade f\u00fchrt. Ein Venedig, das immer wieder ein aufmerksames und neugieriges Auge in Erstaunen versetzt.<\/p>\n\n\n\n<p><strong>L\u00e4nge:<\/strong>&nbsp;4,8 km<\/p>\n\n\n\n<p><strong>Durchschnittliche Reisezeit:<\/strong>&nbsp;ca. 90 Minuten &#8211; 2,0 Stunden<\/p>\n\n\n\n<div class=\"wp-block-buttons is-layout-flex wp-block-buttons-is-layout-flex\">\n<div class=\"wp-block-button\"><a class=\"wp-block-button__link has-white-color has-text-color has-background has-link-color wp-element-button\" href=\"https:\/\/capozzoinn.com\/wp-content\/uploads\/2025\/01\/CaPozzoInnVenice_PASTMODERN_2021_DEU.pdf\" style=\"background-color:#a80532\" target=\"_blank\" rel=\"noreferrer noopener\"><strong>REISEROUTE HERUNTERLADEN<\/strong><\/a><\/div>\n<\/div>\n\n\n\n<figure class=\"wp-block-embed is-type-video is-provider-vimeo wp-block-embed-vimeo wp-embed-aspect-16-9 wp-has-aspect-ratio\"><div class=\"wp-block-embed__wrapper\">\n<iframe loading=\"lazy\" title=\"VENICE PAST MODERN\" src=\"https:\/\/player.vimeo.com\/video\/497288153?dnt=1&amp;app_id=122963\" width=\"500\" height=\"275\" frameborder=\"0\" allow=\"autoplay; fullscreen; picture-in-picture; clipboard-write; encrypted-media\"><\/iframe>\n<\/div><\/figure>\n\n\n\n<p><strong>Pfad<\/strong><br>Der erste Teil dieser Reiseroute verl\u00e4uft durch den Bezirk Cannaregio, der zweite Teil durch den Bezirk Santa Croce und endet im Bezirk Dorsoduro. Mit anderen Worten, 1279 Cannaregio-Sotoportego Ca\u2019Pozzo ist der Ausgangspunkt und 701-704 Dorsoduro Calle de la Chiesa Die Sammlung Peggy Guggenheim ist der Endpunkt.<\/p>\n\n\n\n<p>Diese kulturelle Route enth\u00e4lt 34 Referenzpunkte, die alle online sichtbar sind und durch Klicken auf die verkn\u00fcpfte Google-Karte angezeigt werden k\u00f6nnen.<\/p>\n\n\n\n<p>Zum Beispiel enth\u00e4lt der Index eine Liste der Hauptquadrate oder \u201cCampi\u201d, die auf Venezianisch so genannt werden (dh in Venedig hei\u00dft das Namensquadrat \u201cCampo\u201d), die Ihnen helfen, Ihren Weg zu finden: Campo San Geremia, Campo Santa Margherita . Campo Sant\u2019Angelo Raffaele endet im Peggy Guggenheim Museum in der Calle San Cristoforo.<\/p>\n\n\n\n<p>Wie orientiere ich mich w\u00e4hrend des Spaziergangs?<br>F\u00fcr eine bessere Wegbeschreibung betrachten Sie Venedig als ein interessantes Labyrinth aus Stra\u00dfen, Gassen, Unterf\u00fchrungen und engen Gassen, die alle nach lokaler Topographie benannt sind: Calle, Calletta, Sotoportego, Ruga, Rughetta, Campo, Campiello usw.<\/p>\n\n\n\n<p>Hinweis: Falls Sie sich verlaufen, finden Sie das n\u00e4chstgelegene \u201eNisioletto\u201c neben sich, d. H. Ein \u201crechteckiges Stra\u00dfenschild schwarz auf wei\u00dfem Hintergrund\u201d an der Seite der Geb\u00e4ude, das den Namen des Ortes oder der Stra\u00dfe enth\u00e4lt, an dem Sie sich befinden. Deshalb sollten Sie immer nach einem \u201cNisioletto\u201d in Ihrer N\u00e4he suchen, um sich zurechtzufinden.<\/p>\n\n\n\n<p>Alles klar? Zweifel? Lassen Sie uns Technologie verwenden!<\/p>\n\n\n\n<p>Um herauszufinden, wo Sie sich auf der Karte befinden, klicken Sie auf:<br><a href=\"https:\/\/goo.gl\/maps\/wCXfm7jyrmuu9eR6A\" target=\"_blank\" rel=\"noopener\">https:\/\/goo.gl\/maps\/wCXfm7jyrmuu9eR6A<\/a><\/p>\n\n\n\n<p>Zusammenfassend k\u00f6nnen Sie diese Reiseroute nutzen, um ungew\u00f6hnliche versteckte Pfade zu entdecken und einzigartige Fotos zu machen, indem Sie einfach ein Smartphone verwenden oder Ihre Hausaufgaben von zu Hause aus machen und die Online-Karten studieren und das Beste aus dieser vorgeschlagenen Reiseroute herausholen.<\/p>\n\n\n\n<p><\/p>\n","protected":false},"excerpt":{"rendered":"<p>Reiseroutenname:&nbsp;Venedig Vergangenheit und Moderne https:\/\/goo.gl\/maps\/wCXfm7jyrmuu9eR6A Was ist das? Eine kulturelle Route, die Sie durch ein mysteri\u00f6ses Venedig und abseits der ausgetretenen Pfade f\u00fchrt. Ein Venedig, das immer wieder ein aufmerksames und neugieriges Auge in Erstaunen versetzt. L\u00e4nge:&nbsp;4,8 km Durchschnittliche Reisezeit:&nbsp;ca. 90 Minuten &#8211; 2,0 Stunden PfadDer erste Teil dieser Reiseroute verl\u00e4uft durch den Bezirk Cannaregio, [&hellip;]<\/p>\n","protected":false},"author":1,"featured_media":1863,"parent":787,"menu_order":0,"comment_status":"closed","ping_status":"closed","template":"templates\/lista-figlio.php","meta":{"_acf_changed":false,"footnotes":""},"class_list":["post-838","page","type-page","status-publish","has-post-thumbnail","hentry"],"acf":[],"_links":{"self":[{"href":"https:\/\/capozzoinn.com\/de\/wp-json\/wp\/v2\/pages\/838","targetHints":{"allow":["GET"]}}],"collection":[{"href":"https:\/\/capozzoinn.com\/de\/wp-json\/wp\/v2\/pages"}],"about":[{"href":"https:\/\/capozzoinn.com\/de\/wp-json\/wp\/v2\/types\/page"}],"author":[{"embeddable":true,"href":"https:\/\/capozzoinn.com\/de\/wp-json\/wp\/v2\/users\/1"}],"replies":[{"embeddable":true,"href":"https:\/\/capozzoinn.com\/de\/wp-json\/wp\/v2\/comments?post=838"}],"version-history":[{"count":6,"href":"https:\/\/capozzoinn.com\/de\/wp-json\/wp\/v2\/pages\/838\/revisions"}],"predecessor-version":[{"id":4752,"href":"https:\/\/capozzoinn.com\/de\/wp-json\/wp\/v2\/pages\/838\/revisions\/4752"}],"up":[{"embeddable":true,"href":"https:\/\/capozzoinn.com\/de\/wp-json\/wp\/v2\/pages\/787"}],"wp:featuredmedia":[{"embeddable":true,"href":"https:\/\/capozzoinn.com\/de\/wp-json\/wp\/v2\/media\/1863"}],"wp:attachment":[{"href":"https:\/\/capozzoinn.com\/de\/wp-json\/wp\/v2\/media?parent=838"}],"curies":[{"name":"wp","href":"https:\/\/api.w.org\/{rel}","templated":true}]}}