{"id":332,"date":"2025-01-09T02:21:39","date_gmt":"2025-01-09T02:21:39","guid":{"rendered":"https:\/\/staging.capozzoinn.com\/events\/the-feast-of-the-sensa\/"},"modified":"2025-06-24T07:29:56","modified_gmt":"2025-06-24T07:29:56","slug":"la-festa-della-sensa","status":"publish","type":"page","link":"https:\/\/capozzoinn.com\/es\/eventos\/la-festa-della-sensa\/","title":{"rendered":"La Festa della Sensa"},"content":{"rendered":"\n<p><strong>La<\/strong>&nbsp;<strong>Festa della Sensa<\/strong>&nbsp; (la Fiesta de la Sensa) nos recuerda 2 acontecimientos importantes: el Doge Pietro II Orseolo que ayud\u00f3 al pueblo d\u00e1lmata contra el pueblo esloveno el 9 de mayo de 1000 y el tratado de paz firmado en 1177 entre Doge Sebastiano Ziani, el Papa Alejandro III y el Emperador Federico Barbarroja que pone fin a la lucha entre el Papado y el Imperio. Ambos celebran la supremac\u00eda del Serenissima que tiene sus ra\u00edces sobre el conocimiento y el control del mar.<\/p>\n\n\n\n<p>Como rito simb\u00f3lico cada a\u00f1o en el mismo d\u00eda se celebraba \u201cel matrimonio del mar\u201d. El Doge a bordo del Bucintoro recibi\u00f3 la bendici\u00f3n del obispo que se embarcaba cerca de San Pietro en Castello. Cuando se alcanzaba la boca del puerto del Lido, lanzaba un anillo de oro al mar, repitiendo la siguiente frase \u2018Desponsamus te, yegua. En signum veri perpetuique dominii.\u201d (nos casamos contigo, mar, en nombre de la dominaci\u00f3n verdadera y eterna).<\/p>\n\n\n\n<p>Como resultado, la Festa della Sensa atrae a millones de visitantes cada a\u00f1o cuando en mayo los venecianos celebran su \u00edntima relaci\u00f3n con el mar con un concurso de barcos (Voga Veneta) en memoria de las batallas ganadas pero sobre todo en memoria de su \u201cmatrimonio con el mar\u201d.<\/p>\n\n\n\n<p><\/p>\n","protected":false},"excerpt":{"rendered":"<p>La&nbsp;Festa della Sensa&nbsp; (la Fiesta de la Sensa) nos recuerda 2 acontecimientos importantes: el Doge Pietro II Orseolo que ayud\u00f3 al pueblo d\u00e1lmata contra el pueblo esloveno el 9 de mayo de 1000 y el tratado de paz firmado en 1177 entre Doge Sebastiano Ziani, el Papa Alejandro III y el Emperador Federico Barbarroja que [&hellip;]<\/p>\n","protected":false},"author":1,"featured_media":301,"parent":291,"menu_order":0,"comment_status":"closed","ping_status":"closed","template":"templates\/lista-figlio.php","meta":{"_acf_changed":false,"footnotes":""},"class_list":["post-332","page","type-page","status-publish","has-post-thumbnail","hentry"],"acf":[],"_links":{"self":[{"href":"https:\/\/capozzoinn.com\/es\/wp-json\/wp\/v2\/pages\/332","targetHints":{"allow":["GET"]}}],"collection":[{"href":"https:\/\/capozzoinn.com\/es\/wp-json\/wp\/v2\/pages"}],"about":[{"href":"https:\/\/capozzoinn.com\/es\/wp-json\/wp\/v2\/types\/page"}],"author":[{"embeddable":true,"href":"https:\/\/capozzoinn.com\/es\/wp-json\/wp\/v2\/users\/1"}],"replies":[{"embeddable":true,"href":"https:\/\/capozzoinn.com\/es\/wp-json\/wp\/v2\/comments?post=332"}],"version-history":[{"count":4,"href":"https:\/\/capozzoinn.com\/es\/wp-json\/wp\/v2\/pages\/332\/revisions"}],"predecessor-version":[{"id":4687,"href":"https:\/\/capozzoinn.com\/es\/wp-json\/wp\/v2\/pages\/332\/revisions\/4687"}],"up":[{"embeddable":true,"href":"https:\/\/capozzoinn.com\/es\/wp-json\/wp\/v2\/pages\/291"}],"wp:featuredmedia":[{"embeddable":true,"href":"https:\/\/capozzoinn.com\/es\/wp-json\/wp\/v2\/media\/301"}],"wp:attachment":[{"href":"https:\/\/capozzoinn.com\/es\/wp-json\/wp\/v2\/media?parent=332"}],"curies":[{"name":"wp","href":"https:\/\/api.w.org\/{rel}","templated":true}]}}