{"id":3405,"date":"2025-03-25T07:39:33","date_gmt":"2025-03-25T07:39:33","guid":{"rendered":"https:\/\/staging.capozzoinn.com\/?page_id=3405"},"modified":"2025-06-23T13:31:55","modified_gmt":"2025-06-23T13:31:55","slug":"desayuno","status":"publish","type":"page","link":"https:\/\/capozzoinn.com\/es\/desayuno\/","title":{"rendered":"Desayuno"},"content":{"rendered":"\n<p>Ca\u2019 Pozzo ofrece un servicio de desayuno buffet en la sala principal cerca de la recepci\u00f3n, al que, si es necesario, se a\u00f1aden algunas mesas en la peque\u00f1a sala cerca de la entrada.<\/p>\n\n\n\n<p><strong>En verano <\/strong>a nuestros hu\u00e9spedes les encanta desayunar al aire libre en el patio principal, protegidos por el gran toldo de vela tanto del sol como de la ocasional llovizna que refresca un poco del calor del verano.<\/p>\n\n\n\n<p><strong>El buffet <\/strong>cuenta con una primera secci\u00f3n salada compuesta por platos calientes (huevos revueltos, huevos duros y panceta\/bacon ahumado) y una secci\u00f3n de platos fr\u00edos con diversos quesos incluyendo varios tipos de quesos frescos como mozzarella, quesos frescos en lonchas y tri\u00e1ngulos, embutidos mixtos y selecciones de yogures. Todo esto sin olvidar nuestros productos horneados como los distintos tipos de pan, incluido el pan de molde, las galletas y los bizcochos.<\/p>\n\n\n\n<p>La secci\u00f3n de buffet dulce incluye platos calientes como panqueques, magdalenas y gofres cocinados cada ma\u00f1ana, as\u00ed como pasteles, variedad de cereales, mermeladas y galletas, algunas de ellas t\u00edpicas de la zona.<\/p>\n\n\n\n<p>Para los amantes de la fruta, no olvidemos las cestas de fruta que var\u00edan seg\u00fan la fruta de temporada y la fruta cortada con cari\u00f1o por la ma\u00f1ana por los camareros.<\/p>\n\n\n\n<p>A todo esto se suma el servicio de mesa con cualquier bebida que puedas desear, incluido zumo de naranja reci\u00e9n exprimido.<\/p>\n\n\n\n<p>En primer lugar, no podemos dejar de mencionar los productos <strong>\u201csin gluten\u201d<\/strong> presentes en el buffet: una peque\u00f1a cesta surtida de paquetes dulces o salados y luego las tartas <strong>\u201cveganas\u201d <\/strong>que satisfacen diariamente a quienes tienen necesidades diet\u00e9ticas particulares.<\/p>\n\n\n\n<p>Para aquellos que quieran relajarse en su habitaci\u00f3n y no quieran bajar al comedor, ofrecemos servicio de desayuno en la habitaci\u00f3n con un peque\u00f1o suplemento a la tarifa diaria. De esta manera podr\u00e1s disfrutar del desayuno en la privacidad de tu propia habitaci\u00f3n.<\/p>\n\n\n\n<p>Para aquellos que tienen que salir temprano por la ma\u00f1ana o quieren hacer una excursi\u00f3n a las islas y llevarse el desayuno, ofrecemos gratuitamente nuestro <strong>take away<\/strong>: una peque\u00f1a bolsa o una c\u00f3moda caja repleta de multitud de delicias sacadas del buffet y preparadas por nuestro personal de sala.<\/p>\n","protected":false},"excerpt":{"rendered":"<p>Ca\u2019 Pozzo ofrece un servicio de desayuno buffet en la sala principal cerca de la recepci\u00f3n, al que, si es necesario, se a\u00f1aden algunas mesas en la peque\u00f1a sala cerca de la entrada. En verano a nuestros hu\u00e9spedes les encanta desayunar al aire libre en el patio principal, protegidos por el gran toldo de vela [&hellip;]<\/p>\n","protected":false},"author":1,"featured_media":4641,"parent":0,"menu_order":0,"comment_status":"closed","ping_status":"closed","template":"","meta":{"_acf_changed":false,"footnotes":""},"class_list":["post-3405","page","type-page","status-publish","has-post-thumbnail","hentry"],"acf":[],"_links":{"self":[{"href":"https:\/\/capozzoinn.com\/es\/wp-json\/wp\/v2\/pages\/3405","targetHints":{"allow":["GET"]}}],"collection":[{"href":"https:\/\/capozzoinn.com\/es\/wp-json\/wp\/v2\/pages"}],"about":[{"href":"https:\/\/capozzoinn.com\/es\/wp-json\/wp\/v2\/types\/page"}],"author":[{"embeddable":true,"href":"https:\/\/capozzoinn.com\/es\/wp-json\/wp\/v2\/users\/1"}],"replies":[{"embeddable":true,"href":"https:\/\/capozzoinn.com\/es\/wp-json\/wp\/v2\/comments?post=3405"}],"version-history":[{"count":2,"href":"https:\/\/capozzoinn.com\/es\/wp-json\/wp\/v2\/pages\/3405\/revisions"}],"predecessor-version":[{"id":4624,"href":"https:\/\/capozzoinn.com\/es\/wp-json\/wp\/v2\/pages\/3405\/revisions\/4624"}],"wp:featuredmedia":[{"embeddable":true,"href":"https:\/\/capozzoinn.com\/es\/wp-json\/wp\/v2\/media\/4641"}],"wp:attachment":[{"href":"https:\/\/capozzoinn.com\/es\/wp-json\/wp\/v2\/media?parent=3405"}],"curies":[{"name":"wp","href":"https:\/\/api.w.org\/{rel}","templated":true}]}}