{"id":3407,"date":"2025-03-25T07:41:33","date_gmt":"2025-03-25T07:41:33","guid":{"rendered":"https:\/\/staging.capozzoinn.com\/?page_id=3407"},"modified":"2025-06-26T16:12:26","modified_gmt":"2025-06-26T16:12:26","slug":"patio-exterior-terraza-y-habitaciones-con-patios-privados","status":"publish","type":"page","link":"https:\/\/capozzoinn.com\/es\/patio-exterior-terraza-y-habitaciones-con-patios-privados\/","title":{"rendered":"Patio exterior, terraza y habitaciones con patios privados."},"content":{"rendered":"\n<p>Ca\u2019 Pozzo nace en un <strong>gran patio interior<\/strong> donde se puede disfrutar de la tranquilidad y la paz que ofrece una Venecia un tanto ins\u00f3lita, a un paso del Ponte delle Guglie y del bullicio de los numerosos turistas que lo cruzan cada d\u00eda para ir a Rialto o San Marco.<\/p>\n\n\n\n<p>Nuestra <strong>amplia terraza<\/strong> le ofrece la oportunidad de disfrutar del desayuno en el patio principal por la ma\u00f1ana o sentarse afuera despu\u00e9s de un largo paseo por las calles venecianas y tomar una bebida.<\/p>\n\n\n\n<p>Si el patio no es suficiente, Ca\u2019 Pozzo ofrece la posibilidad de disfrutar de una enorme terraza situada en la parte m\u00e1s alta de la estructura con vista a los edificios circundantes. Aqu\u00ed uno puede sentarse a leer un buen libro incluso al final de la tarde, cuando ya se siente el cansancio del d\u00eda transcurrido entre museos y paseos.<\/p>\n\n\n\n<p>Algunas habitaciones tambi\u00e9n disponen de <strong>un peque\u00f1o patio privado<\/strong> equipado con mobiliario de exterior donde podr\u00e1s disfrutar de un poco de tranquilidad y privacidad. Algunas habitaciones extra confort disponen de patios privados que se pueden reservar a pedido.<\/p>\n\n\n\n<figure class=\"wp-block-gallery has-nested-images columns-default is-cropped wp-block-gallery-1 is-layout-flex wp-block-gallery-is-layout-flex\">\n<figure class=\"wp-block-image size-large\"><img loading=\"lazy\" decoding=\"async\" width=\"1024\" height=\"538\" data-id=\"4603\" src=\"https:\/\/capozzoinn.com\/wp-content\/uploads\/2025\/06\/Capozzo-Venice-1024x538.webp\" alt=\"Capozzo-Venice\" class=\"wp-image-4603\" srcset=\"https:\/\/capozzoinn.com\/wp-content\/uploads\/2025\/06\/Capozzo-Venice-1024x538.webp 1024w, https:\/\/capozzoinn.com\/wp-content\/uploads\/2025\/06\/Capozzo-Venice-300x158.webp 300w, https:\/\/capozzoinn.com\/wp-content\/uploads\/2025\/06\/Capozzo-Venice-768x403.webp 768w, https:\/\/capozzoinn.com\/wp-content\/uploads\/2025\/06\/Capozzo-Venice.webp 1200w\" sizes=\"auto, (max-width: 1024px) 100vw, 1024px\" \/><\/figure>\n\n\n\n<figure class=\"wp-block-image size-large\"><img loading=\"lazy\" decoding=\"async\" width=\"1000\" height=\"833\" data-id=\"4578\" src=\"https:\/\/capozzoinn.com\/wp-content\/uploads\/2025\/06\/Rooftop.webp\" alt=\"Rooftop\" class=\"wp-image-4578\" srcset=\"https:\/\/capozzoinn.com\/wp-content\/uploads\/2025\/06\/Rooftop.webp 1000w, https:\/\/capozzoinn.com\/wp-content\/uploads\/2025\/06\/Rooftop-300x250.webp 300w, https:\/\/capozzoinn.com\/wp-content\/uploads\/2025\/06\/Rooftop-768x640.webp 768w\" sizes=\"auto, (max-width: 1000px) 100vw, 1000px\" \/><\/figure>\n\n\n\n<figure class=\"wp-block-image size-large\"><img loading=\"lazy\" decoding=\"async\" width=\"1000\" height=\"833\" data-id=\"4588\" src=\"https:\/\/capozzoinn.com\/wp-content\/uploads\/2025\/06\/courtyard.webp\" alt=\"Courtyard\" class=\"wp-image-4588\" srcset=\"https:\/\/capozzoinn.com\/wp-content\/uploads\/2025\/06\/courtyard.webp 1000w, https:\/\/capozzoinn.com\/wp-content\/uploads\/2025\/06\/courtyard-300x250.webp 300w, https:\/\/capozzoinn.com\/wp-content\/uploads\/2025\/06\/courtyard-768x640.webp 768w\" sizes=\"auto, (max-width: 1000px) 100vw, 1000px\" \/><\/figure>\n<\/figure>\n","protected":false},"excerpt":{"rendered":"<p>Ca\u2019 Pozzo nace en un gran patio interior donde se puede disfrutar de la tranquilidad y la paz que ofrece una Venecia un tanto ins\u00f3lita, a un paso del Ponte delle Guglie y del bullicio de los numerosos turistas que lo cruzan cada d\u00eda para ir a Rialto o San Marco. Nuestra amplia terraza le [&hellip;]<\/p>\n","protected":false},"author":1,"featured_media":0,"parent":0,"menu_order":0,"comment_status":"closed","ping_status":"closed","template":"","meta":{"_acf_changed":false,"footnotes":""},"class_list":["post-3407","page","type-page","status-publish","hentry"],"acf":[],"_links":{"self":[{"href":"https:\/\/capozzoinn.com\/es\/wp-json\/wp\/v2\/pages\/3407","targetHints":{"allow":["GET"]}}],"collection":[{"href":"https:\/\/capozzoinn.com\/es\/wp-json\/wp\/v2\/pages"}],"about":[{"href":"https:\/\/capozzoinn.com\/es\/wp-json\/wp\/v2\/types\/page"}],"author":[{"embeddable":true,"href":"https:\/\/capozzoinn.com\/es\/wp-json\/wp\/v2\/users\/1"}],"replies":[{"embeddable":true,"href":"https:\/\/capozzoinn.com\/es\/wp-json\/wp\/v2\/comments?post=3407"}],"version-history":[{"count":4,"href":"https:\/\/capozzoinn.com\/es\/wp-json\/wp\/v2\/pages\/3407\/revisions"}],"predecessor-version":[{"id":5265,"href":"https:\/\/capozzoinn.com\/es\/wp-json\/wp\/v2\/pages\/3407\/revisions\/5265"}],"wp:attachment":[{"href":"https:\/\/capozzoinn.com\/es\/wp-json\/wp\/v2\/media?parent=3407"}],"curies":[{"name":"wp","href":"https:\/\/api.w.org\/{rel}","templated":true}]}}