{"id":3426,"date":"2024-12-27T08:13:53","date_gmt":"2024-12-27T08:13:53","guid":{"rendered":"https:\/\/staging.capozzoinn.com\/?page_id=3426"},"modified":"2025-06-25T16:24:30","modified_gmt":"2025-06-25T16:24:30","slug":"privacy","status":"publish","type":"page","link":"https:\/\/capozzoinn.com\/es\/privacy\/","title":{"rendered":"Pol\u00edtica de Privacidad"},"content":{"rendered":"\n<p>Te informamos que, de acuerdo con el art\u00edculo 13 del Reglamento Europeo 2016\/679 (en adelante, \u201cRGPD\u201d), cualquier dato personal que proporciones ser\u00e1 tratado seg\u00fan los principios de correcci\u00f3n, legalidad, transparencia y respeto de tu privacidad y derechos.<\/p>\n\n\n\n<p>Nuestra organizaci\u00f3n asume el doble rol de responsable del tratamiento y encargado del tratamiento de los datos personales.<\/p>\n\n\n\n<p>Tras una evaluaci\u00f3n interna, no se ha designado un delegado de protecci\u00f3n de datos, ya que no existe obligaci\u00f3n seg\u00fan el art\u00edculo 37.1 del RGPD.<\/p>\n\n\n\n<h3 class=\"wp-block-heading\">Finalidades del tratamiento de datos:<\/h3>\n\n\n\n<p><strong>c\/i)<\/strong> Conforme al art. 6 letras b) y c) del RGPD, los datos se tratar\u00e1n para cumplir un contrato o medidas precontractuales y obligaciones legales. Por ejemplo:<\/p>\n\n\n\n<ul class=\"wp-block-list\">\n<li>Gesti\u00f3n de solicitudes, presupuestos y reservas.<\/li>\n\n\n\n<li>Cumplir obligaciones contractuales, contables y fiscales.<\/li>\n\n\n\n<li>Gestionar pagos (tarjetas de cr\u00e9dito, TPV y servicios online).<\/li>\n\n\n\n<li>Gestionar posibles litigios.<\/li>\n\n\n\n<li>Cumplir obligaciones establecidas por leyes locales y europeas o por requerimientos de autoridades.<\/li>\n\n\n\n<li>Registrar y comunicar datos a autoridades, cuando sea necesario.<\/li>\n\n\n\n<li>Proteger intereses leg\u00edtimos nuestros o de terceros, seg\u00fan el RGPD.<\/li>\n<\/ul>\n\n\n\n<p><strong>c\/ii)<\/strong> Conforme al art. 7 del RGPD, con tu consentimiento voluntario, para fines adicionales de servicio y marketing. Por ejemplo:<\/p>\n\n\n\n<ul class=\"wp-block-list\">\n<li>Env\u00edo de ofertas promocionales sobre nuestros servicios y eventos.<\/li>\n\n\n\n<li>Actualizaci\u00f3n de tarifas y nuevos presupuestos.<\/li>\n\n\n\n<li>Felicitaciones en ocasiones especiales (cumplea\u00f1os, Navidad).<\/li>\n\n\n\n<li>Comunicaci\u00f3n a terceros de informaci\u00f3n sobre tu estancia \u00fanicamente para facilitar la entrega de bienes, mensajes o llamadas dirigidas a ti.<\/li>\n\n\n\n<li>Tratamiento de datos especiales (alergias, intolerancias alimentarias) para mejorar nuestra hospitalidad.<\/li>\n\n\n\n<li>Servicios avanzados online (env\u00edo de facturas o gesti\u00f3n de programas de fidelizaci\u00f3n mediante tu correo electr\u00f3nico).<\/li>\n<\/ul>\n\n\n\n<p><strong>c\/iii)<\/strong> Conforme al art. 7 del RGPD, con tu consentimiento voluntario, para otros fines, por ejemplo:<\/p>\n\n\n\n<ul class=\"wp-block-list\">\n<li>Acceso a nuestra red p\u00fablica WIFI\/LAN para navegaci\u00f3n.<\/li>\n\n\n\n<li>Tratamiento de datos t\u00e9cnicos al visitar nuestra web (IP, dispositivos, navegadores, horarios). Estos datos se recogen \u00fanicamente de forma an\u00f3nima para estad\u00edsticas y mejora del servicio. En caso necesario, podr\u00edan ser utilizados por las autoridades para investigar delitos inform\u00e1ticos.<\/li>\n<\/ul>\n\n\n\n<p><strong>d)<\/strong> Conforme al art. 6.1 letra f) del RGPD, para proteger intereses leg\u00edtimos del responsable del tratamiento o terceros. Por ejemplo, prevenci\u00f3n de fraudes, control de accesos, videovigilancia y marketing directo.<\/p>\n\n\n\n<h3 class=\"wp-block-heading\">Destinatarios de tus datos:<\/h3>\n\n\n\n<p><strong>e)<\/strong> Personas f\u00edsicas o jur\u00eddicas, autoridades p\u00fablicas, colaboradores, empleados, asesores, proveedores de servicios, aseguradoras, operadores inform\u00e1ticos u otras organizaciones que colaboren con nosotros.<\/p>\n\n\n\n<h3 class=\"wp-block-heading\">Transferencia internacional de datos:<\/h3>\n\n\n\n<p><strong>f)<\/strong> Tus datos se almacenar\u00e1n y tratar\u00e1n principalmente de forma electr\u00f3nica en servidores situados en la Uni\u00f3n Europea (hosting, cloud). Si se trasladaran fuera de la UE, garantizamos que se har\u00e1 respetando la normativa vigente, mediante la aplicaci\u00f3n de cl\u00e1usulas contractuales est\u00e1ndar aprobadas por la Comisi\u00f3n Europea.<\/p>\n\n\n\n<h3 class=\"wp-block-heading\">Modalidad del tratamiento:<\/h3>\n\n\n\n<p>Los datos se tratar\u00e1n de forma transparente, electr\u00f3nica y en papel, realiz\u00e1ndose operaciones de recogida, registro, organizaci\u00f3n, conservaci\u00f3n, consulta, modificaci\u00f3n, utilizaci\u00f3n, bloqueo, eliminaci\u00f3n o destrucci\u00f3n seg\u00fan sea necesario.<\/p>\n\n\n\n<p>Solo empleados autorizados o terceros designados (entidades bancarias, aseguradoras, asesor\u00edas, proveedores inform\u00e1ticos, etc.) realizar\u00e1n estos tratamientos dentro de Italia o pa\u00edses de la UE. En caso de que los datos personales no se hayan obtenido directamente de ti, se te informar\u00e1 en el plazo de un mes (Art. 14 RGPD).<\/p>\n\n\n\n<h3 class=\"wp-block-heading\">Duraci\u00f3n del tratamiento:<\/h3>\n\n\n\n<p><strong>a)<\/strong> M\u00e1ximo 10 a\u00f1os desde la finalizaci\u00f3n de la relaci\u00f3n para fines del punto c\/i, y m\u00e1ximo 2 a\u00f1os para los fines de los puntos c\/ii, c\/iii y d.<\/p>\n\n\n\n<h3 class=\"wp-block-heading\">Tus derechos como interesado:<\/h3>\n\n\n\n<p>Puedes ejercer los siguientes derechos envi\u00e1ndonos una carta certificada o correo electr\u00f3nico al responsable del tratamiento:<\/p>\n\n\n\n<p><strong>b)<\/strong><\/p>\n\n\n\n<ul class=\"wp-block-list\">\n<li><strong>Derecho de acceso<\/strong> (art. 15 RGPD): Solicitar confirmaci\u00f3n sobre si tratamos tus datos personales y obtener una copia.<\/li>\n\n\n\n<li><strong>Derecho de rectificaci\u00f3n<\/strong> (art. 16 RGPD): Corregir datos inexactos.<\/li>\n\n\n\n<li><strong>Derecho de supresi\u00f3n<\/strong> (art. 17 RGPD): Solicitar eliminaci\u00f3n inmediata de tus datos personales.<\/li>\n\n\n\n<li><strong>Derecho a la limitaci\u00f3n del tratamiento<\/strong> (art. 18 RGPD): Solicitar la limitaci\u00f3n del tratamiento.<\/li>\n\n\n\n<li><strong>Derecho a la portabilidad<\/strong> (art. 20 RGPD): Recibir tus datos personales en un formato estructurado y transmitirlos a otro responsable.<\/li>\n\n\n\n<li><strong>Derecho de oposici\u00f3n<\/strong> (art. 21 RGPD): Oponerte en cualquier momento al tratamiento basado en el art\u00edculo 6, letras e) o f), incluido el perfilado.<\/li>\n<\/ul>\n\n\n\n<p><strong>c)<\/strong> Derecho a retirar el consentimiento en cualquier momento, sin que ello afecte la legalidad del tratamiento anterior a la retirada.<\/p>\n\n\n\n<p><strong>d)<\/strong> Derecho a presentar reclamaci\u00f3n ante la autoridad competente. En Italia: \u201cGarante della Privacy\u201d, Piazza di Monte Citorio n. 121, 00186 Roma, e-mail: <a>garante@gpdp.it<\/a>.<\/p>\n\n\n\n<h3 class=\"wp-block-heading\">Entrega de datos y consecuencias en caso de negativa:<\/h3>\n\n\n\n<p><strong>e)<\/strong> Es obligatorio proporcionar datos para los fines indicados en el punto c\/i, as\u00ed como aceptar el tratamiento para intereses leg\u00edtimos indicados en el punto d. Si no proporcionas estos datos, no podremos garantizar los servicios solicitados.<\/p>\n\n\n\n<p>La entrega de datos para los fines c\/ii y c\/iii es voluntaria. Sin embargo, en caso de negativa, no recibir\u00e1s newsletters ni material promocional, no podr\u00e1s acceder a nuestra red WIFI\/LAN ni disfrutar de determinados servicios avanzados de nuestra p\u00e1gina web. Los servicios indicados en el punto c\/i seguir\u00e1n estando disponibles.<\/p>\n\n\n\n<p><strong>f)<\/strong> Tienes derecho a no ser objeto de decisiones basadas exclusivamente en tratamientos automatizados, incluido el perfilado, que puedan afectarte significativamente. Puedes decidir recibir comunicaciones solo de forma tradicional, solo automatizada, o rechazar ambas opciones.<\/p>\n","protected":false},"excerpt":{"rendered":"<p>Te informamos que, de acuerdo con el art\u00edculo 13 del Reglamento Europeo 2016\/679 (en adelante, \u201cRGPD\u201d), cualquier dato personal que proporciones ser\u00e1 tratado seg\u00fan los principios de correcci\u00f3n, legalidad, transparencia y respeto de tu privacidad y derechos. Nuestra organizaci\u00f3n asume el doble rol de responsable del tratamiento y encargado del tratamiento de los datos personales. [&hellip;]<\/p>\n","protected":false},"author":1,"featured_media":0,"parent":0,"menu_order":0,"comment_status":"closed","ping_status":"closed","template":"","meta":{"_acf_changed":false,"footnotes":""},"class_list":["post-3426","page","type-page","status-publish","hentry"],"acf":[],"_links":{"self":[{"href":"https:\/\/capozzoinn.com\/es\/wp-json\/wp\/v2\/pages\/3426","targetHints":{"allow":["GET"]}}],"collection":[{"href":"https:\/\/capozzoinn.com\/es\/wp-json\/wp\/v2\/pages"}],"about":[{"href":"https:\/\/capozzoinn.com\/es\/wp-json\/wp\/v2\/types\/page"}],"author":[{"embeddable":true,"href":"https:\/\/capozzoinn.com\/es\/wp-json\/wp\/v2\/users\/1"}],"replies":[{"embeddable":true,"href":"https:\/\/capozzoinn.com\/es\/wp-json\/wp\/v2\/comments?post=3426"}],"version-history":[{"count":2,"href":"https:\/\/capozzoinn.com\/es\/wp-json\/wp\/v2\/pages\/3426\/revisions"}],"predecessor-version":[{"id":4768,"href":"https:\/\/capozzoinn.com\/es\/wp-json\/wp\/v2\/pages\/3426\/revisions\/4768"}],"wp:attachment":[{"href":"https:\/\/capozzoinn.com\/es\/wp-json\/wp\/v2\/media?parent=3426"}],"curies":[{"name":"wp","href":"https:\/\/api.w.org\/{rel}","templated":true}]}}