{"id":363,"date":"2025-01-09T02:34:59","date_gmt":"2025-01-09T02:34:59","guid":{"rendered":"https:\/\/staging.capozzoinn.com\/events\/feast-of-the-redeemer\/"},"modified":"2025-06-24T07:28:24","modified_gmt":"2025-06-24T07:28:24","slug":"la-fiesta-del-redentor","status":"publish","type":"page","link":"https:\/\/capozzoinn.com\/es\/eventos\/la-fiesta-del-redentor\/","title":{"rendered":"la Fiesta del Redentor"},"content":{"rendered":"\n<p><strong>La Fiesta del Redentor<\/strong>&nbsp;es una de las fiestas m\u00e1s importantes de la isla, atrayendo tanto a turistas como a personas que viven en Venecia y en las ciudades alrededoras.<\/p>\n\n\n\n<p>Durante el tercer domingo de julio los venecianos construyen un puente para conectar la isla de Venecia (desde fondamenta delle Zattere) con la Bas\u00edlica Palladiana del Redentor en la isla de Giudecca. La isla de Giudecca se encuentra justo enfrente de Venecia. El puente est\u00e1 construido para hacer que los peregrinos crucen el mar y lleguen a la Bas\u00edlica.<\/p>\n\n\n\n<p>La Bas\u00edlica fue construida para conmemorar el fin de la plaga que tuvo lugar en 1576. En consecuencia, cada a\u00f1o el puente se erige como votaci\u00f3n y en memoria del evento, los venecianos celebran la Fiesta del Redentor.<\/p>\n\n\n\n<p>Ese s\u00e1bado por la noche, de hecho, muchos barcos decorados para la ocasi\u00f3n se re\u00fanen cerca de la cuenca de San Marco esperando los fuegos artificiales que tienen lugar alrededor de la medianoche. Noche en la que los venecianos suelen cantar, bailar y comer esperando para disfrutar del espect\u00e1culo.<\/p>\n\n\n\n<p><\/p>\n","protected":false},"excerpt":{"rendered":"<p>La Fiesta del Redentor&nbsp;es una de las fiestas m\u00e1s importantes de la isla, atrayendo tanto a turistas como a personas que viven en Venecia y en las ciudades alrededoras. Durante el tercer domingo de julio los venecianos construyen un puente para conectar la isla de Venecia (desde fondamenta delle Zattere) con la Bas\u00edlica Palladiana del [&hellip;]<\/p>\n","protected":false},"author":1,"featured_media":358,"parent":291,"menu_order":0,"comment_status":"closed","ping_status":"closed","template":"templates\/lista-figlio.php","meta":{"_acf_changed":false,"footnotes":""},"class_list":["post-363","page","type-page","status-publish","has-post-thumbnail","hentry"],"acf":[],"_links":{"self":[{"href":"https:\/\/capozzoinn.com\/es\/wp-json\/wp\/v2\/pages\/363","targetHints":{"allow":["GET"]}}],"collection":[{"href":"https:\/\/capozzoinn.com\/es\/wp-json\/wp\/v2\/pages"}],"about":[{"href":"https:\/\/capozzoinn.com\/es\/wp-json\/wp\/v2\/types\/page"}],"author":[{"embeddable":true,"href":"https:\/\/capozzoinn.com\/es\/wp-json\/wp\/v2\/users\/1"}],"replies":[{"embeddable":true,"href":"https:\/\/capozzoinn.com\/es\/wp-json\/wp\/v2\/comments?post=363"}],"version-history":[{"count":3,"href":"https:\/\/capozzoinn.com\/es\/wp-json\/wp\/v2\/pages\/363\/revisions"}],"predecessor-version":[{"id":4682,"href":"https:\/\/capozzoinn.com\/es\/wp-json\/wp\/v2\/pages\/363\/revisions\/4682"}],"up":[{"embeddable":true,"href":"https:\/\/capozzoinn.com\/es\/wp-json\/wp\/v2\/pages\/291"}],"wp:featuredmedia":[{"embeddable":true,"href":"https:\/\/capozzoinn.com\/es\/wp-json\/wp\/v2\/media\/358"}],"wp:attachment":[{"href":"https:\/\/capozzoinn.com\/es\/wp-json\/wp\/v2\/media?parent=363"}],"curies":[{"name":"wp","href":"https:\/\/api.w.org\/{rel}","templated":true}]}}