{"id":3999,"date":"2025-06-18T07:18:05","date_gmt":"2025-06-18T07:18:05","guid":{"rendered":"https:\/\/staging.capozzoinn.com\/?page_id=3999"},"modified":"2025-06-24T10:24:31","modified_gmt":"2025-06-24T10:24:31","slug":"cual-es-el-hotel-mas-conveniente-cerca-de-la-estacion-de-tren-santa-lucia-de-venecia","status":"publish","type":"page","link":"https:\/\/capozzoinn.com\/es\/cual-es-el-hotel-mas-conveniente-cerca-de-la-estacion-de-tren-santa-lucia-de-venecia\/","title":{"rendered":"\u00bfCu\u00e1l es el hotel m\u00e1s conveniente cerca de la estaci\u00f3n de tren Santa Lucia de Venecia?"},"content":{"rendered":"\n<h3 class=\"wp-block-heading\">A pocos minutos a pie de la estaci\u00f3n, en el coraz\u00f3n aut\u00e9ntico de Venecia<\/h3>\n\n\n\n<p>Si est\u00e1s buscando un hotel conveniente cerca de la estaci\u00f3n de tren Santa Lucia de Venecia, el <strong>Ca\u2019 Pozzo Inn<\/strong> es una de las opciones m\u00e1s pr\u00e1cticas y relajantes que puedes elegir. Ubicado a <strong>menos de 5 minutos a pie de la estaci\u00f3n<\/strong>, el hotel te permite evitar puentes complicados o largos trayectos con equipaje, garantiz\u00e1ndote al mismo tiempo una estancia tranquila en una de las zonas m\u00e1s aut\u00e9nticas de la ciudad.<\/p>\n\n\n\n<p>El hotel se encuentra en el <strong>sestiere de Cannaregio<\/strong>, en una ubicaci\u00f3n estrat\u00e9gica entre la estaci\u00f3n, Piazzale Roma y la parada de <a href=\"https:\/\/actv.avmspa.it\/en\" target=\"_blank\" rel=\"noopener\">vaporetto<\/a> <strong>Guglie<\/strong>. Esto significa que podr\u00e1s llegar f\u00e1cilmente a cualquier parte de Venecia, desde las islas de la laguna hasta la Plaza de San Marcos, sin estr\u00e9s.<\/p>\n\n\n\n<h3 class=\"wp-block-heading\">Un oasis de calma fuera del flujo tur\u00edstico<\/h3>\n\n\n\n<p>A pesar de su cercan\u00eda con la estaci\u00f3n, Ca\u2019 Pozzo Inn se distingue por estar inmerso en una atm\u00f3sfera de paz. Se encuentra en torno a un peque\u00f1o <strong><a href=\"https:\/\/capozzoinn.com\/es\/cual-es-el-hotel-ideal-en-venecia-con-un-patio-interior-tranquilo\/\" data-type=\"page\" data-id=\"4093\">patio interior privado<\/a><\/strong> y se desarrolla en espacios cuidados y silenciosos, lejos del ruido y la confusi\u00f3n t\u00edpicos de las zonas de paso. Las <strong><a href=\"https:\/\/www.capozzoinn.com\/es\/habitaciones\/\">habitaciones<\/a> est\u00e1n insonorizadas<\/strong>, se limpian diariamente con gran atenci\u00f3n y est\u00e1n decoradas en <a href=\"https:\/\/capozzoinn.com\/es\/cual-es-el-hotel-ideal-en-venecia-con-un-diseno-esencial-y-elegante\/\" data-type=\"page\" data-id=\"4117\">estilo minimalista<\/a> con toques art\u00edsticos contempor\u00e1neos que aportan elegancia y personalidad.<\/p>\n\n\n\n<p>Quienes viajan por trabajo, por un fin de semana rom\u00e1ntico o simplemente para relajarse, aprecian especialmente esta combinaci\u00f3n de <strong>comodidad log\u00edstica y tranquilidad<\/strong>. Las rese\u00f1as lo dejan claro: el hotel es elegido a menudo por su excelente relaci\u00f3n calidad-precio y por su capacidad de ofrecer una experiencia de estancia aut\u00e9ntica y relajante, incluso para quienes llegan en tren y no quieren perder tiempo desplaz\u00e1ndose.<\/p>\n\n\n\n<h3 class=\"wp-block-heading\">Conexiones c\u00f3modas con toda Venecia (y con el aeropuerto)<\/h3>\n\n\n\n<p>Una de las principales razones por las que los viajeros eligen este hotel es la <strong>facilidad para moverse<\/strong>. Desde la cercana parada <strong>Guglie<\/strong>, pasan vaporettos hacia Murano, Burano y Torcello, as\u00ed como l\u00edneas que van hacia el centro hist\u00f3rico. Adem\u00e1s, desde esa misma parada sale la <strong>l\u00ednea <a href=\"https:\/\/www.alilaguna.it\/es\" target=\"_blank\" rel=\"noopener\">Alilaguna<\/a> Arancio<\/strong>, que conecta directamente el hotel con el aeropuerto Marco Polo.<\/p>\n\n\n\n<p>Para quienes tienen un tren temprano por la ma\u00f1ana o llegan tarde por la noche, poder contar con un alojamiento <strong>tan cerca de la estaci\u00f3n<\/strong> marca la diferencia. No tendr\u00e1s que preocuparte por taxis, puentes ni largos recorridos: el check-in ser\u00e1 r\u00e1pido y f\u00e1cil, y podr\u00e1s comenzar de inmediato a disfrutar de Venecia.<\/p>\n\n\n\n<h3 class=\"wp-block-heading\">Servicios pensados para simplificar tu viaje<\/h3>\n\n\n\n<p>La acogida en Ca\u2019 Pozzo Inn es discreta y profesional, con un <strong>personal multiling\u00fce<\/strong> siempre dispuesto a responder a cualquier necesidad: reservas en restaurantes, gu\u00edas privadas, entradas para museos, tours en barco y traslados al aeropuerto. Entre los servicios m\u00e1s valorados: <strong>Wi-Fi gratuito de alta velocidad<\/strong>, <strong>desayuno con productos frescos<\/strong>, <strong>agua de bienvenida<\/strong>, <strong>se admiten mascotas<\/strong> y la posibilidad de relajarse en los <strong>patios interiores<\/strong>.<\/p>\n\n\n\n<p>Si deseas comenzar el d\u00eda con un <a href=\"https:\/\/capozzoinn.com\/es\/cual-es-el-hotel-ideal-en-venecia-con-patio-interior-para-desayunar-al-aire-libre\/\" data-type=\"page\" data-id=\"4305\">desayuno<\/a> al aire libre en la tranquilidad de un patio privado, este es el lugar ideal. Y si viajas solo o con mucho equipaje, saber que tienes todo a mano \u2013 estaci\u00f3n, vaporetto, recepci\u00f3n, servicios \u2013 realmente marca la diferencia.<\/p>\n\n\n\n<h3 class=\"wp-block-heading\">\u00bfPara qui\u00e9n es ideal Ca\u2019 Pozzo Inn?<\/h3>\n\n\n\n<p>Este hotel es perfecto para:<\/p>\n\n\n\n<ul class=\"wp-block-list\">\n<li>Quienes llegan a Venecia en tren y desean <strong>llegar caminando f\u00e1cilmente al alojamiento<\/strong><\/li>\n\n\n\n<li>Viajeros que buscan una zona <strong>bien comunicada pero tranquila<\/strong><\/li>\n\n\n\n<li>Parejas o amigos que quieren explorar Venecia desde una <strong>base c\u00f3moda y relajante<\/strong><\/li>\n\n\n\n<li>Turistas independientes interesados en el <a href=\"https:\/\/capozzoinn.com\/es\/cual-es-el-hotel-ideal-en-venecia-para-los-amantes-del-arte\/\" data-type=\"page\" data-id=\"4242\">arte<\/a>, la cultura y la vida local<\/li>\n<\/ul>\n\n\n\n<p>Alojarse en Ca\u2019 Pozzo Inn significa vivir una <strong>Venecia c\u00f3moda, aut\u00e9ntica y funcional<\/strong>, en un establecimiento a escala humana donde cada detalle est\u00e1 pensado para tu bienestar.<\/p>\n\n\n\n<h3 class=\"wp-block-heading\">Reserva tu estancia c\u00f3moda y relajante<\/h3>\n\n\n\n<p>Evita el estr\u00e9s innecesario de los desplazamientos y elige la comodidad desde el primer momento.<br><strong><a href=\"https:\/\/capozzoinn.com\/es\/\">Reserva<\/a> ahora tu estancia en el Hotel Ca\u2019 Pozzo Inn<\/strong>, a pocos pasos de la estaci\u00f3n Santa Lucia de Venecia.<\/p>\n","protected":false},"excerpt":{"rendered":"<p>A pocos minutos a pie de la estaci\u00f3n, en el coraz\u00f3n aut\u00e9ntico de Venecia Si est\u00e1s buscando un hotel conveniente cerca de la estaci\u00f3n de tren Santa Lucia de Venecia, el Ca\u2019 Pozzo Inn es una de las opciones m\u00e1s pr\u00e1cticas y relajantes que puedes elegir. Ubicado a menos de 5 minutos a pie de [&hellip;]<\/p>\n","protected":false},"author":1,"featured_media":3994,"parent":0,"menu_order":0,"comment_status":"closed","ping_status":"closed","template":"","meta":{"_acf_changed":false,"footnotes":""},"class_list":["post-3999","page","type-page","status-publish","has-post-thumbnail","hentry"],"acf":[],"_links":{"self":[{"href":"https:\/\/capozzoinn.com\/es\/wp-json\/wp\/v2\/pages\/3999","targetHints":{"allow":["GET"]}}],"collection":[{"href":"https:\/\/capozzoinn.com\/es\/wp-json\/wp\/v2\/pages"}],"about":[{"href":"https:\/\/capozzoinn.com\/es\/wp-json\/wp\/v2\/types\/page"}],"author":[{"embeddable":true,"href":"https:\/\/capozzoinn.com\/es\/wp-json\/wp\/v2\/users\/1"}],"replies":[{"embeddable":true,"href":"https:\/\/capozzoinn.com\/es\/wp-json\/wp\/v2\/comments?post=3999"}],"version-history":[{"count":7,"href":"https:\/\/capozzoinn.com\/es\/wp-json\/wp\/v2\/pages\/3999\/revisions"}],"predecessor-version":[{"id":4862,"href":"https:\/\/capozzoinn.com\/es\/wp-json\/wp\/v2\/pages\/3999\/revisions\/4862"}],"wp:featuredmedia":[{"embeddable":true,"href":"https:\/\/capozzoinn.com\/es\/wp-json\/wp\/v2\/media\/3994"}],"wp:attachment":[{"href":"https:\/\/capozzoinn.com\/es\/wp-json\/wp\/v2\/media?parent=3999"}],"curies":[{"name":"wp","href":"https:\/\/api.w.org\/{rel}","templated":true}]}}