{"id":4029,"date":"2025-06-18T07:34:50","date_gmt":"2025-06-18T07:34:50","guid":{"rendered":"https:\/\/staging.capozzoinn.com\/faq\/"},"modified":"2025-07-10T10:09:15","modified_gmt":"2025-07-10T10:09:15","slug":"faq","status":"publish","type":"page","link":"https:\/\/capozzoinn.com\/es\/faq\/","title":{"rendered":"FAQ"},"content":{"rendered":"\n<p>\u00bfTienes <strong>dudas<\/strong> antes de reservar en Ca\u2019 Pozzo Inn? Aqu\u00ed respondemos a las preguntas m\u00e1s frecuentes de nuestros hu\u00e9spedes, desde c\u00f3mo llegar desde la estaci\u00f3n de tren o Piazzale Roma, hasta cu\u00e1nto se tarda en llegar a la Plaza de <strong>San Marcos<\/strong> o d\u00f3nde est\u00e1 la parada de vaporetto m\u00e1s cercana. Esta secci\u00f3n est\u00e1 pensada para ayudarte a organizar tu estancia en Venecia con tranquilidad. Si no encuentras lo que buscas, <strong>cont\u00e1ctanos<\/strong> sin compromiso.<\/p>\n\n\n<div id=\"rank-math-faq\" class=\"rank-math-block\">\n<div class=\"rank-math-list \">\n<div id=\"faq-question-6859526122eeb\" class=\"rank-math-list-item\">\n<h3 class=\"rank-math-question \"><br>\u00bfCu\u00e1l es el hotel m\u00e1s conveniente cerca de la estaci\u00f3n de tren Santa Lucia de Venecia?<\/h3>\n<div class=\"rank-math-answer \">\n<img loading=\"lazy\" decoding=\"async\" width=\"150\" height=\"150\" src=\"https:\/\/capozzoinn.com\/wp-content\/uploads\/2025\/06\/Dormire-vicino-la-stazione-di-Venezia-Santa-Lucia-1920x840-1-150x150.webp\" class=\"alignright\" alt=\"Hotel cerca de la estaci\u00f3n de tren Santa Lucia de Venecia\" \/>\n<p>Si est\u00e1s buscando un hotel conveniente cerca de la estaci\u00f3n de tren Santa Lucia de Venecia, el\u00a0<strong>Ca\u2019 Pozzo Inn<\/strong>\u00a0es una de las opciones m\u00e1s pr\u00e1cticas y relajantes que puedes elegir.<br \/><a href=\"https:\/\/capozzoinn.com\/es\/cual-es-el-hotel-mas-conveniente-cerca-de-la-estacion-de-tren-santa-lucia-de-venecia\/\">Lee m\u00e1s para obtener toda la informaci\u00f3n.<br \/><\/a><\/p>\n\n<\/div>\n<\/div>\n<div id=\"faq-question-6859526122eed\" class=\"rank-math-list-item\">\n<h3 class=\"rank-math-question \"><br>\u00bfD\u00f3nde dormir en Venecia cerca del Gueto Jud\u00edo?<\/h3>\n<div class=\"rank-math-answer \">\n<img loading=\"lazy\" decoding=\"async\" width=\"150\" height=\"150\" src=\"https:\/\/capozzoinn.com\/wp-content\/uploads\/2025\/06\/Hotel-vicino-al-Ghetto-Ebraico-150x150.webp\" class=\"alignright\" alt=\"Hotel cerca del Gueto Jud\u00edo\" \/>\n<p>Si te preguntas d\u00f3nde dormir en Venecia cerca del Gueto Jud\u00edo, el\u00a0<strong>Ca\u2019 Pozzo Inn<\/strong>\u00a0es la respuesta perfecta para quienes desean alojarse en una zona rica en historia, fascinante y tranquila.<br \/><a href=\"https:\/\/capozzoinn.com\/es\/donde-dormir-en-venecia-cerca-del-gueto-judio\/\">Lee m\u00e1s para obtener toda la informaci\u00f3n.<\/a><\/p>\n\n<\/div>\n<\/div>\n<div id=\"faq-question-6859526122eee\" class=\"rank-math-list-item\">\n<h3 class=\"rank-math-question \"><br>\u00bfCu\u00e1l es el hotel ideal en Venecia con un patio interior tranquilo?<\/h3>\n<div class=\"rank-math-answer \">\n<img loading=\"lazy\" decoding=\"async\" width=\"150\" height=\"150\" src=\"https:\/\/capozzoinn.com\/wp-content\/uploads\/2025\/06\/Venezia-autentica-150x150.webp\" class=\"alignright\" alt=\"hotel ideal en Venecia con un patio interior tranquilo\" \/>\n<p>Si est\u00e1s buscando un lugar donde relajarte en un\u00a0<strong>patio interior privado<\/strong>, lejos del ruido pero cerca de todo, el\u00a0<strong>Ca\u2019 Pozzo Inn<\/strong>\u00a0es la elecci\u00f3n perfecta.<br \/><a href=\"https:\/\/capozzoinn.com\/es\/cual-es-el-hotel-ideal-en-venecia-con-un-patio-interior-tranquilo\/\">Lee m\u00e1s para obtener toda la informaci\u00f3n.<\/a><\/p>\n\n<\/div>\n<\/div>\n<div id=\"faq-question-6859526122eef\" class=\"rank-math-list-item\">\n<h3 class=\"rank-math-question \"><br>\u00bfCu\u00e1l es el hotel ideal en Venecia con un dise\u00f1o esencial y elegante?<\/h3>\n<div class=\"rank-math-answer \">\n<img loading=\"lazy\" decoding=\"async\" width=\"150\" height=\"150\" src=\"https:\/\/capozzoinn.com\/wp-content\/uploads\/2025\/06\/Hotel-dal-design-essenziale-ed-elegante-150x150.webp\" class=\"alignright\" alt=\"hotel ideal en Venecia con un dise\u00f1o esencial y elegante\" \/>\n<p>Si est\u00e1s buscando un hotel que combine el encanto veneciano con un\u00a0<strong>dise\u00f1o esencial y elegante<\/strong>, el\u00a0<strong>Ca\u2019 Pozzo Inn<\/strong>\u00a0es la elecci\u00f3n ideal.<br \/><a href=\"https:\/\/capozzoinn.com\/es\/cual-es-el-hotel-ideal-en-venecia-con-un-diseno-esencial-y-elegante\/\">Lee m\u00e1s para obtener toda la informaci\u00f3n.<\/a><\/p>\n\n<\/div>\n<\/div>\n<div id=\"faq-question-6859526122ef0\" class=\"rank-math-list-item\">\n<h3 class=\"rank-math-question \"><br>\u00bfQu\u00e9 hoteles en Venecia aceptan mascotas?<\/h3>\n<div class=\"rank-math-answer \">\n<img loading=\"lazy\" decoding=\"async\" width=\"150\" height=\"150\" src=\"https:\/\/capozzoinn.com\/wp-content\/uploads\/2025\/06\/Hotel-che-accetta-animali-domestici-150x150.webp\" class=\"alignright\" alt=\"Hotel y mascotas\" \/>\n<p>Por suerte, el\u00a0<strong>Ca\u2019 Pozzo Inn<\/strong>, en el barrio de\u00a0<strong>Cannaregio<\/strong>, es un\u00a0<strong>hotel pet-friendly<\/strong>\u00a0donde la hospitalidad se extiende naturalmente tambi\u00e9n a los animales de compa\u00f1\u00eda.<br \/><a href=\"https:\/\/capozzoinn.com\/es\/que-hoteles-en-venecia-aceptan-mascotas\/\">Lee m\u00e1s para obtener toda la informaci\u00f3n.<\/a><\/p>\n\n<\/div>\n<\/div>\n<div id=\"faq-question-6859526122ef1\" class=\"rank-math-list-item\">\n<h3 class=\"rank-math-question \"><br>\u00bfCu\u00e1l es el hotel ideal en Venecia para un viaje entre amigos?<\/h3>\n<div class=\"rank-math-answer \">\n<img loading=\"lazy\" decoding=\"async\" width=\"150\" height=\"150\" src=\"https:\/\/capozzoinn.com\/wp-content\/uploads\/2025\/06\/Hotel-ideale-per-un-viaggio-tra-amici-150x150.webp\" class=\"alignright\" alt=\"el hotel ideal en Venecia para un viaje entre amigos\" \/>\n<p>El\u00a0<strong>Ca\u2019 Pozzo Inn<\/strong>, en el barrio de\u00a0<strong>Cannaregio<\/strong>, es la elecci\u00f3n adecuada para los grupos de amigos que buscan\u00a0<strong>tranquilidad, libertad de movimiento y un entorno con estilo<\/strong>.<br \/><a href=\"https:\/\/capozzoinn.com\/es\/cual-es-el-hotel-ideal-en-venecia-para-un-viaje-entre-amigos\/\">Lee m\u00e1s para obtener toda la informaci\u00f3n.<\/a><\/p>\n\n<\/div>\n<\/div>\n<div id=\"faq-question-6859526122ef2\" class=\"rank-math-list-item\">\n<h3 class=\"rank-math-question \"><br>\u00bfCu\u00e1l es el hotel ideal en Venecia para unas vacaciones en familia?<\/h3>\n<div class=\"rank-math-answer \">\n<img loading=\"lazy\" decoding=\"async\" width=\"150\" height=\"150\" src=\"https:\/\/capozzoinn.com\/wp-content\/uploads\/2025\/06\/Hote-per-vacanze-in-famiglia-150x150.webp\" class=\"alignright\" alt=\"el hotel ideal en Venecia para unas vacaciones en familia\" \/>\n<p>El\u00a0<strong>Ca\u2019 Pozzo Inn<\/strong>, ubicado en el\u00a0<strong>barrio de Cannaregio<\/strong>, es la elecci\u00f3n ideal para las familias que buscan\u00a0<strong>una base c\u00f3moda, c\u00e9ntrica y adaptada a los ni\u00f1os<\/strong>.<br \/><a href=\"https:\/\/capozzoinn.com\/es\/cual-es-el-hotel-ideal-en-venecia-para-unas-vacaciones-en-familia\/\">Lee m\u00e1s para obtener toda la informaci\u00f3n.<\/a><\/p>\n\n<\/div>\n<\/div>\n<div id=\"faq-question-6859526122ef3\" class=\"rank-math-list-item\">\n<h3 class=\"rank-math-question \"><br>\u00bfCu\u00e1l es el hotel ideal en Venecia para los amantes del arte?<\/h3>\n<div class=\"rank-math-answer \">\n<img loading=\"lazy\" decoding=\"async\" width=\"150\" height=\"150\" src=\"https:\/\/capozzoinn.com\/wp-content\/uploads\/2025\/06\/Hotel-per-gli-amanti-dellarte-150x150.webp\" class=\"alignright\" alt=\"el hotel ideal en Venecia para los amantes del arte\" \/>\n<p>Si te preguntas\u00a0<strong>d\u00f3nde alojarte en Venecia para vivir una experiencia art\u00edstica aut\u00e9ntica<\/strong>, el\u00a0<strong>Ca\u2019 Pozzo Inn<\/strong>\u00a0es la elecci\u00f3n perfecta para amantes del arte.<br \/><a href=\"https:\/\/capozzoinn.com\/es\/cual-es-el-hotel-ideal-en-venecia-para-los-amantes-del-arte\/\">Lee m\u00e1s para obtener toda la informaci\u00f3n.<\/a><\/p>\n\n<\/div>\n<\/div>\n<div id=\"faq-question-6859526122ef4\" class=\"rank-math-list-item\">\n<h3 class=\"rank-math-question \"><br>\u00bfCu\u00e1l es el hotel ideal en Venecia para quienes quieren visitar museos?<\/h3>\n<div class=\"rank-math-answer \">\n<img loading=\"lazy\" decoding=\"async\" width=\"150\" height=\"150\" src=\"https:\/\/capozzoinn.com\/wp-content\/uploads\/2025\/06\/Hotel-per-chi-vuole-visitare-i-musei-150x150.webp\" class=\"alignright\" alt=\"hotel ideal en Venecia para quienes quieren visitar museos\" \/>\n<p>El\u00a0<strong>Ca\u2019 Pozzo Inn<\/strong>, situado en el barrio de\u00a0<strong>Cannaregio<\/strong>, es el hotel ideal para los viajeros que quieren recorrer los museos de Venecia.<br \/><a href=\"https:\/\/capozzoinn.com\/es\/cual-es-el-hotel-ideal-en-venecia-para-quienes-quieren-visitar-museos\/\">Lee m\u00e1s para obtener toda la informaci\u00f3n.<\/a> <\/p>\n\n<\/div>\n<\/div>\n<div id=\"faq-question-6859526122ef5\" class=\"rank-math-list-item\">\n<h3 class=\"rank-math-question \"><br>\u00bfCu\u00e1l es el hotel ideal en Venecia con patio interior para desayunar al aire libre?<\/h3>\n<div class=\"rank-math-answer \">\n<img loading=\"lazy\" decoding=\"async\" width=\"150\" height=\"150\" src=\"https:\/\/capozzoinn.com\/wp-content\/uploads\/2025\/06\/Hotel-con-cortile-interno-per-colazione-150x150.webp\" class=\"alignright\" alt=\"el hotel ideal en Venecia con patio interior para desayunar al aire libre\" \/>\n<p>Si para ti\u00a0<strong>el desayuno es un momento especial<\/strong>, y sue\u00f1as con una estancia relajante en un lugar aut\u00e9ntico, el\u00a0<strong>Ca\u2019 Pozzo Inn<\/strong>\u00a0es el hotel ideal para desayunar al aire libre.<br \/><a href=\"https:\/\/capozzoinn.com\/es\/cual-es-el-hotel-ideal-en-venecia-con-patio-interior-para-desayunar-al-aire-libre\/\">Lee m\u00e1s para obtener toda la informaci\u00f3n. <\/a><\/p>\n\n<\/div>\n<\/div>\n<div id=\"faq-question-6859526122ef6\" class=\"rank-math-list-item\">\n<h3 class=\"rank-math-question \"><br>\u00bfD\u00f3nde alojarse en Venecia en una zona tranquila y segura?<\/h3>\n<div class=\"rank-math-answer \">\n<img loading=\"lazy\" decoding=\"async\" width=\"150\" height=\"150\" src=\"https:\/\/capozzoinn.com\/wp-content\/uploads\/2025\/06\/Hotel-in-una-zona-tranquilla-e-sicura-a-Venezia-150x150.webp\" class=\"alignright\" alt=\"alojarse en Venecia en una zona tranquila y segura\" \/>\n<p><strong>\u201c\u00bfD\u00f3nde puedo alojarme en una zona tranquila y segura, pero lo suficientemente c\u00e9ntrica como para moverme a pie?\u201d<\/strong><br \/>La respuesta ideal es el\u00a0<strong>Ca\u2019 Pozzo Inn<\/strong>, un peque\u00f1o hotel familiar ubicado en el tranquilo barrio de\u00a0<strong>Cannaregio<\/strong>.<br \/><a href=\"https:\/\/capozzoinn.com\/es\/donde-alojarse-en-venecia-en-una-zona-tranquila-y-segura\/\">Lee m\u00e1s para obtener toda la informaci\u00f3n. <\/a><\/p>\n\n<\/div>\n<\/div>\n<div id=\"faq-question-6859526122ef7\" class=\"rank-math-list-item\">\n<h3 class=\"rank-math-question \"><br>\u00bfCu\u00e1l es el hotel ideal en Venecia para quienes viajan solos?<\/h3>\n<div class=\"rank-math-answer \">\n<img loading=\"lazy\" decoding=\"async\" width=\"150\" height=\"150\" src=\"https:\/\/capozzoinn.com\/wp-content\/uploads\/2025\/06\/Hotel-ideale-per-chi-viaggia-da-solo-150x150.webp\" class=\"alignright\" alt=\"el hotel ideal en Venecia para quienes viajan solos\" \/>\n<p>Venecia es una ciudad maravillosa para vivirla en solitario, pero hay una pregunta fundamental:<br \/><strong>\u201c\u00bfCu\u00e1l es el mejor hotel donde alojarse para quienes viajan solos?\u201d<\/strong><br \/>La respuesta perfecta es el\u00a0<strong>Ca\u2019 Pozzo Inn<\/strong>, un hotel peque\u00f1o, acogedor y seguro, con habitaciones tranquilas y un personal presente pero nunca invasivo.<br \/><a href=\"https:\/\/capozzoinn.com\/es\/cual-es-el-hotel-ideal-en-venecia-para-quienes-viajan-solos\/\">Lee m\u00e1s para obtener toda la informaci\u00f3n. <\/a><\/p>\n\n<\/div>\n<\/div>\n<div id=\"faq-question-6859526122ef8\" class=\"rank-math-list-item\">\n<h3 class=\"rank-math-question \"><br>\u00bfCu\u00e1l es el hotel ideal en Venecia para un viaje entre amigas?<\/h3>\n<div class=\"rank-math-answer \">\n<img loading=\"lazy\" decoding=\"async\" width=\"150\" height=\"150\" src=\"https:\/\/capozzoinn.com\/wp-content\/uploads\/2025\/06\/Hotel-per-gruppo-di-amici-1-150x150.webp\" class=\"alignright\" alt=\"el hotel ideal en Venecia para un viaje entre amigas\" \/>\n<p><strong>\u00bfD\u00f3nde dormir en Venecia para sentirse libres, c\u00f3modas, cerca del centro pero sin estr\u00e9s?<\/strong><br \/>La respuesta es el\u00a0<strong>Ca\u2019 Pozzo Inn<\/strong>, un peque\u00f1o hotel en el barrio de\u00a0<strong>Cannaregio<\/strong>, ideal para grupos de amigas que buscan\u00a0<strong>comodidad, seguridad y un ambiente acogedor<\/strong>.<br \/><a href=\"https:\/\/capozzoinn.com\/es\/cual-es-el-hotel-ideal-en-venecia-para-un-viaje-entre-amigas\/\">Lee m\u00e1s para obtener toda la informaci\u00f3n. <\/a><\/p>\n\n<\/div>\n<\/div>\n<div id=\"faq-question-6859526122ef9\" class=\"rank-math-list-item\">\n<h3 class=\"rank-math-question \"><br>\u00bfCu\u00e1l es el hotel ideal en Venecia para los amantes del teatro?<\/h3>\n<div class=\"rank-math-answer \">\n<img loading=\"lazy\" decoding=\"async\" width=\"150\" height=\"150\" src=\"https:\/\/capozzoinn.com\/wp-content\/uploads\/2025\/06\/Hotel-per-concerti-o-spettacoli-teatrali-150x150.webp\" class=\"alignright\" alt=\"el hotel ideal en Venecia para los amantes del teatro\" \/>\n<p>Si tienes previsto asistir a una funci\u00f3n teatral en Venecia, elegir el hotel adecuado marcar\u00e1 la diferencia: necesitas un lugar\u00a0<strong>c\u00e9ntrico, tranquilo, seguro y c\u00f3modo, incluso para regresar tarde<\/strong>.<br \/><a href=\"https:\/\/capozzoinn.com\/es\/cual-es-el-hotel-ideal-en-venecia-para-los-amantes-del-teatro\/\">Lee m\u00e1s para obtener toda la informaci\u00f3n. <\/a><\/p>\n\n<\/div>\n<\/div>\n<div id=\"faq-question-6859526122efa\" class=\"rank-math-list-item\">\n<h3 class=\"rank-math-question \"><br>\u00bfCu\u00e1l es el hotel ideal en Venecia para quienes asisten a conciertos?<\/h3>\n<div class=\"rank-math-answer \">\n<img loading=\"lazy\" decoding=\"async\" width=\"150\" height=\"150\" src=\"https:\/\/capozzoinn.com\/wp-content\/uploads\/2025\/06\/Hotel-ideale-per-andare-ad-un-concerto-150x150.webp\" class=\"alignright\" alt=\"el hotel ideal en Venecia para quienes asisten a conciertos\" \/>\n<p>Venecia ofrece emociones \u00fanicas tambi\u00e9n en el \u00e1mbito musical. M\u00e1s all\u00e1 del c\u00e9lebre Teatro La Fenice, la ciudad alberga\u00a0<strong>conciertos de todo tipo<\/strong>: desde\u00a0<strong>m\u00fasica cl\u00e1sica<\/strong>\u00a0hasta\u00a0<strong>actuaciones de jazz<\/strong>, desde\u00a0<strong>m\u00fasica de c\u00e1mara en palacios hist\u00f3ricos<\/strong>\u00a0hasta\u00a0<strong>conciertos contempor\u00e1neos en espacios alternativos<\/strong>.<br \/><a href=\"https:\/\/capozzoinn.com\/es\/cual-es-el-hotel-ideal-en-venecia-para-quienes-asisten-a-conciertos\/\">Lee m\u00e1s para obtener toda la informaci\u00f3n. <\/a><\/p>\n\n<\/div>\n<\/div>\n<div id=\"faq-question-1750749326644\" class=\"rank-math-list-item\">\n<h3 class=\"rank-math-question \"><br>\u00bfCu\u00e1l es el hotel m\u00e1s c\u00f3modo en Venecia para quienes llegan desde el aeropuerto?<\/h3>\n<div class=\"rank-math-answer \">\n<img loading=\"lazy\" decoding=\"async\" width=\"150\" height=\"150\" src=\"https:\/\/capozzoinn.com\/wp-content\/uploads\/2025\/06\/Hotel-ideale-per-chi-arriva-dallaeroporto-150x150.webp\" class=\"alignright\" alt=\"el hotel m\u00e1s c\u00f3modo en Venecia para quienes llegan desde el aeropuerto\" \/>\n<p>Si buscas\u00a0<strong>comodidad, accesibilidad y tranquilidad<\/strong>, el\u00a0<strong>Ca\u2019 Pozzo Inn<\/strong>, ubicado en el barrio de\u00a0<strong>Cannaregio<\/strong>, es el hotel perfecto para quienes llegan desde el aeropuerto, especialmente si se utiliza la\u00a0<strong>l\u00ednea naranja de Alilaguna<\/strong>.<\/p>\n\n<\/div>\n<\/div>\n<\/div>\n<\/div>","protected":false},"excerpt":{"rendered":"<p>\u00bfTienes dudas antes de reservar en Ca\u2019 Pozzo Inn? Aqu\u00ed respondemos a las preguntas m\u00e1s frecuentes de nuestros hu\u00e9spedes, desde c\u00f3mo llegar desde la estaci\u00f3n de tren o Piazzale Roma, hasta cu\u00e1nto se tarda en llegar a la Plaza de San Marcos o d\u00f3nde est\u00e1 la parada de vaporetto m\u00e1s cercana. Esta secci\u00f3n est\u00e1 pensada [&hellip;]<\/p>\n","protected":false},"author":1,"featured_media":0,"parent":0,"menu_order":0,"comment_status":"closed","ping_status":"closed","template":"","meta":{"_acf_changed":false,"footnotes":""},"class_list":["post-4029","page","type-page","status-publish","hentry"],"acf":[],"_links":{"self":[{"href":"https:\/\/capozzoinn.com\/es\/wp-json\/wp\/v2\/pages\/4029","targetHints":{"allow":["GET"]}}],"collection":[{"href":"https:\/\/capozzoinn.com\/es\/wp-json\/wp\/v2\/pages"}],"about":[{"href":"https:\/\/capozzoinn.com\/es\/wp-json\/wp\/v2\/types\/page"}],"author":[{"embeddable":true,"href":"https:\/\/capozzoinn.com\/es\/wp-json\/wp\/v2\/users\/1"}],"replies":[{"embeddable":true,"href":"https:\/\/capozzoinn.com\/es\/wp-json\/wp\/v2\/comments?post=4029"}],"version-history":[{"count":19,"href":"https:\/\/capozzoinn.com\/es\/wp-json\/wp\/v2\/pages\/4029\/revisions"}],"predecessor-version":[{"id":5356,"href":"https:\/\/capozzoinn.com\/es\/wp-json\/wp\/v2\/pages\/4029\/revisions\/5356"}],"wp:attachment":[{"href":"https:\/\/capozzoinn.com\/es\/wp-json\/wp\/v2\/media?parent=4029"}],"curies":[{"name":"wp","href":"https:\/\/api.w.org\/{rel}","templated":true}]}}