{"id":4182,"date":"2025-06-19T07:17:47","date_gmt":"2025-06-19T07:17:47","guid":{"rendered":"https:\/\/staging.capozzoinn.com\/qual-e-lhotel-ideale-a-venezia-per-un-viaggio-tra-amici\/"},"modified":"2025-06-24T12:11:10","modified_gmt":"2025-06-24T12:11:10","slug":"cual-es-el-hotel-ideal-en-venecia-para-un-viaje-entre-amigos","status":"publish","type":"page","link":"https:\/\/capozzoinn.com\/es\/cual-es-el-hotel-ideal-en-venecia-para-un-viaje-entre-amigos\/","title":{"rendered":"\u00bfCu\u00e1l es el hotel ideal en Venecia para un viaje entre amigos?"},"content":{"rendered":"\n<h3 class=\"wp-block-heading\">Comodidad, estilo y libertad en el coraz\u00f3n aut\u00e9ntico de Cannaregio<\/h3>\n\n\n\n<p>Venecia es un destino perfecto para un viaje entre amigos: ofrece cultura, aperitivos, paseos encantadores, arte, eventos y paisajes de postal. Pero para disfrutar al m\u00e1ximo de esta experiencia, se necesita algo m\u00e1s que entusiasmo y esp\u00edritu de grupo: tambi\u00e9n hace falta <strong>un alojamiento acogedor, flexible y bien ubicado<\/strong>. El <strong>Ca\u2019 Pozzo Inn<\/strong>, en el barrio de <strong>Cannaregio<\/strong>, es la elecci\u00f3n adecuada para los grupos de amigos que buscan <strong>tranquilidad, libertad de movimiento y un entorno con estilo<\/strong>.<\/p>\n\n\n\n<p>Con sus <strong>14 <a href=\"https:\/\/www.capozzoinn.com\/es\/habitaciones\/\">habitaciones<\/a> dispuestas alrededor de <a href=\"https:\/\/capozzoinn.com\/es\/cual-es-el-hotel-ideal-en-venecia-con-un-patio-interior-tranquilo\/\">patios interiores<\/a> privados<\/strong>, Ca\u2019 Pozzo es ideal para acoger a grupos de amigos que desean compartir el viaje sin renunciar a su propio espacio. Su ubicaci\u00f3n estrat\u00e9gica y su <a href=\"https:\/\/capozzoinn.com\/es\/cual-es-el-hotel-ideal-en-venecia-con-un-diseno-esencial-y-elegante\/\">estilo minimalista y elegante<\/a> lo convierten en una base perfecta para explorar la ciudad de d\u00eda y relajarse juntos por la noche.<\/p>\n\n\n\n<h3 class=\"wp-block-heading\">Habitaciones separadas, cercanas y silenciosas<\/h3>\n\n\n\n<p>Una de las principales ventajas para quienes viajan con amigos es poder <strong>reservar habitaciones cercanas sin necesidad de compartir<\/strong>. El Ca\u2019 Pozzo Inn ofrece exactamente eso: cada hu\u00e9sped puede disfrutar de su privacidad, estando a solo unos pasos del resto del grupo. Es posible solicitar <strong>habitaciones contiguas o situadas en la misma ala<\/strong> del hotel.<\/p>\n\n\n\n<p>Todas las habitaciones cuentan con ba\u00f1o privado, Wi-Fi gratuito, aire acondicionado, camas c\u00f3modas y mobiliario funcional. Algunas se pueden preparar con <strong>camas individuales<\/strong>, ideales para amigos que comparten habitaci\u00f3n sin sacrificar la comodidad.<\/p>\n\n\n\n<h3 class=\"wp-block-heading\">Zonas comunes relajantes para reencontrarse<\/h3>\n\n\n\n<p>El Ca\u2019 Pozzo no es un hotel impersonal. Sus <strong>dos patios interiores privados<\/strong> son el lugar perfecto para encontrarse por la ma\u00f1ana, organizar el programa del d\u00eda o relajarse al regresar. La <strong>sala de <a href=\"https:\/\/capozzoinn.com\/es\/cual-es-el-hotel-ideal-en-venecia-con-patio-interior-para-desayunar-al-aire-libre\/\" data-type=\"page\" data-id=\"4305\">desayuno<\/a><\/strong>, luminosa e informal, tambi\u00e9n est\u00e1 pensada para quienes viajan en grupo: cada uno puede bajar cuando lo desee y disfrutar de un momento compartido.<\/p>\n\n\n\n<p>Quien lo desee puede tambi\u00e9n reservar un <strong>traslado compartido en taxi acu\u00e1tico<\/strong>, solicitar early check-in u organizar actividades con la ayuda del personal del hotel.<\/p>\n\n\n\n<h3 class=\"wp-block-heading\">A pocos pasos de todo<\/h3>\n\n\n\n<p>El hotel se encuentra en el coraz\u00f3n del barrio de <strong>Cannaregio<\/strong>, a:<\/p>\n\n\n\n<ul class=\"wp-block-list\">\n<li>5 minutos de la <strong>estaci\u00f3n de tren <a href=\"https:\/\/capozzoinn.com\/es\/cual-es-el-hotel-mas-conveniente-cerca-de-la-estacion-de-tren-santa-lucia-de-venecia\/\">Santa Lucia<\/a><\/strong><\/li>\n\n\n\n<li>3 minutos de la parada de <a href=\"https:\/\/actv.avmspa.it\/en\" target=\"_blank\" rel=\"noopener\">vaporetto<\/a> <strong>Guglie<\/strong><\/li>\n\n\n\n<li>10 minutos a pie del <strong><a href=\"https:\/\/capozzoinn.com\/es\/donde-dormir-en-venecia-cerca-del-gueto-judio\/\">Gueto Jud\u00edo<\/a><\/strong><\/li>\n\n\n\n<li>15 minutos de <strong>Rialto<\/strong><\/li>\n\n\n\n<li>20 minutos de la <strong>Plaza de San Marcos<\/strong> en vaporetto<\/li>\n<\/ul>\n\n\n\n<p>Es una ubicaci\u00f3n perfecta para <strong>salir por la noche, tomar un aperitivo y volver tarde<\/strong> sin tener que cruzar toda la ciudad. A pocos metros hay bacari t\u00edpicos, restaurantes venecianos y bares que abren hasta tarde.<\/p>\n\n\n\n<h3 class=\"wp-block-heading\">Actividades ideales para grupos de amigos<\/h3>\n\n\n\n<p>El personal del Ca\u2019 Pozzo puede sugerir y reservar:<\/p>\n\n\n\n<ul class=\"wp-block-list\">\n<li>Tours en barco al atardecer o con aperitivo<\/li>\n\n\n\n<li>Excursiones a las islas de la laguna (Murano, Burano, Torcello)<\/li>\n\n\n\n<li>Cenas en restaurantes tradicionales o contempor\u00e1neos<\/li>\n\n\n\n<li>Visitas guiadas tem\u00e1ticas (arte, street food, misterios de Venecia)<\/li>\n\n\n\n<li>Actividades fotogr\u00e1ficas, culturales o musicales<\/li>\n<\/ul>\n\n\n\n<p>A petici\u00f3n, se puede facilitar una <strong>gu\u00eda personalizada con los mejores lugares para descubrir en grupo<\/strong>.<\/p>\n\n\n\n<h3 class=\"wp-block-heading\">Libertad y calidad para disfrutar Venecia al m\u00e1ximo<\/h3>\n\n\n\n<p>Elegir Ca\u2019 Pozzo Inn significa optar por <strong>un alojamiento refinado pero informal<\/strong>, perfecto para grupos de amigos de entre 20 y 50 a\u00f1os que buscan <strong>autenticidad, confort y estilo<\/strong>. Ya sea para una despedida de soltero\/a, un fin de semana largo, un viaje cultural o una aventura compartida, aqu\u00ed encontrar\u00e1s <strong>hospitalidad, silencio y libertad de movimiento<\/strong>, sin compromisos.<\/p>\n\n\n\n<p><a href=\"https:\/\/capozzoinn.com\/es\/\">Reserva<\/a> ahora y disfruta de Venecia con tus amigos desde una perspectiva aut\u00e9ntica, c\u00f3moda y llena de ambiente.<\/p>\n","protected":false},"excerpt":{"rendered":"<p>Comodidad, estilo y libertad en el coraz\u00f3n aut\u00e9ntico de Cannaregio Venecia es un destino perfecto para un viaje entre amigos: ofrece cultura, aperitivos, paseos encantadores, arte, eventos y paisajes de postal. Pero para disfrutar al m\u00e1ximo de esta experiencia, se necesita algo m\u00e1s que entusiasmo y esp\u00edritu de grupo: tambi\u00e9n hace falta un alojamiento acogedor, [&hellip;]<\/p>\n","protected":false},"author":1,"featured_media":4403,"parent":0,"menu_order":0,"comment_status":"closed","ping_status":"closed","template":"","meta":{"_acf_changed":false,"footnotes":""},"class_list":["post-4182","page","type-page","status-publish","has-post-thumbnail","hentry"],"acf":[],"_links":{"self":[{"href":"https:\/\/capozzoinn.com\/es\/wp-json\/wp\/v2\/pages\/4182","targetHints":{"allow":["GET"]}}],"collection":[{"href":"https:\/\/capozzoinn.com\/es\/wp-json\/wp\/v2\/pages"}],"about":[{"href":"https:\/\/capozzoinn.com\/es\/wp-json\/wp\/v2\/types\/page"}],"author":[{"embeddable":true,"href":"https:\/\/capozzoinn.com\/es\/wp-json\/wp\/v2\/users\/1"}],"replies":[{"embeddable":true,"href":"https:\/\/capozzoinn.com\/es\/wp-json\/wp\/v2\/comments?post=4182"}],"version-history":[{"count":4,"href":"https:\/\/capozzoinn.com\/es\/wp-json\/wp\/v2\/pages\/4182\/revisions"}],"predecessor-version":[{"id":4904,"href":"https:\/\/capozzoinn.com\/es\/wp-json\/wp\/v2\/pages\/4182\/revisions\/4904"}],"wp:featuredmedia":[{"embeddable":true,"href":"https:\/\/capozzoinn.com\/es\/wp-json\/wp\/v2\/media\/4403"}],"wp:attachment":[{"href":"https:\/\/capozzoinn.com\/es\/wp-json\/wp\/v2\/media?parent=4182"}],"curies":[{"name":"wp","href":"https:\/\/api.w.org\/{rel}","templated":true}]}}