{"id":422,"date":"2025-01-09T16:02:36","date_gmt":"2025-01-09T16:02:36","guid":{"rendered":"https:\/\/staging.capozzoinn.com\/events\/the-venetian-carnival\/"},"modified":"2025-06-24T07:31:49","modified_gmt":"2025-06-24T07:31:49","slug":"el-carnaval-de-venecia","status":"publish","type":"page","link":"https:\/\/capozzoinn.com\/es\/eventos\/el-carnaval-de-venecia\/","title":{"rendered":"El Carnaval de Venecia"},"content":{"rendered":"\n<p><strong>Los or\u00edgenes<\/strong><\/p>\n\n\n\n<p>Los or\u00edgenes son muy antiguos: los primeros testimonios se remontan a un documento del Doge Vitale Falier de 1094 donde se habla de entretenimiento y donde se menciona por primera vez la palabra Carnaval.<\/p>\n\n\n\n<p>El Carnaval naci\u00f3 gracias a la oligarqu\u00eda veneciana que entendi\u00f3 la necesidad de la Serenissima de hacer vivir a la gente, especialmente a la clase m\u00e1s pobre, una \u00e9poca del a\u00f1o completamente dedicada a la diversi\u00f3n y el entretenimiento, un per\u00edodo en el que el pueblo veneciano y los extranjeros abarrotaron la ciudad para divertirse y disfrutar de la m\u00fasica y los bailes.<\/p>\n\n\n\n<p>El anonimato otorgado por disfraces y m\u00e1scaras dio a la gente la oportunidad de alcanzar el mismo nivel de clase y de que se les permitiera burlarse de la autoridad y de la aristocracia.<\/p>\n\n\n\n<p>Estas concesiones fueron ampliamente toleradas y consideradas una salida providencial a las tensiones y el descontento que surgieron en la Rep\u00fablica de Venecia, que pusieron l\u00edmites estrictos a sus ciudadanos en cuestiones como la moral com\u00fan y el orden p\u00fablico.<\/p>\n\n\n\n<p><strong>El antiguo Carnaval<\/strong><\/p>\n\n\n\n<p>El primer documento oficial que afirmaba que el Carnaval veneciano es un d\u00eda festivo fue escrito en 1296 cuando el Senado de la Rep\u00fablica anunci\u00f3 como festivo el d\u00eda antes de la Cuaresma.<\/p>\n\n\n\n<p>En esta \u00e9poca, y durante los muchos siglos que sucedieron, el Carnaval dur\u00f3 seis semanas, del 26 de diciembre al Mi\u00e9rcoles de Ceniza, aunque las festividades a veces se iniciaban ya los primeros d\u00edas de octubre.<\/p>\n\n\n\n<p><strong>M\u00e1scaras y disfraces<\/strong><\/p>\n\n\n\n<p>Aquellos que llevaban m\u00e1scaras y disfraces pod\u00edan ocultar completamente su identidad y borrar cualquier caracter\u00edstica perteneciente a una cierta clase social, sexo y religi\u00f3n. Todo el mundo pod\u00eda establecer actitudes y comportamientos basados en nuevas costumbres y apariencias cambiadas .Por esta raz\u00f3n el saludo que resonaba continuamente en el acto de cruzar un nuevo \u201cpersonaje\u201d era simplemente \u201c\u00a1Sra M\u00e1scara &nbsp;buenos d\u00edas!\u201d<\/p>\n\n\n\n<p><strong>La Festa delle Marie (El Festival de las Mar\u00edas)<\/strong><\/p>\n\n\n\n<p>Esta antigua fiesta veneciana que tiene un origen controvertido y que s\u00f3lo se nos ha dicho desde 1039, se introdujo aproximadamente alrededor del a\u00f1o 943 y luego continu\u00f3 en el per\u00edodo carnavalesco cuando se estableci\u00f3.<\/p>\n\n\n\n<p>Durante el d\u00eda de la Purificaci\u00f3n de Mar\u00eda, el 2 de febrero, fue costumbre en Venecia celebrar el d\u00eda de la bendici\u00f3n de las novias cuando 12 matrimonios de mujeres j\u00f3venes fueron bendecidos en San Pedro de Castello. Las ni\u00f1as fueron elegidas entre las m\u00e1s pobres y bellas de la ciudad.<\/p>\n\n\n\n<p>Para ayudar a establecer la dote de novias, la aristocracia veneciana particip\u00f3 en algunas donaciones y el Doge prest\u00f3 a las mujeres j\u00f3venes las maravillosas joyas y oros de los tesoros de la ciudad.<\/p>\n\n\n\n<p>Despu\u00e9s de los suntuosos matrimonios que tuvieron lugar bajo la presencia del Doge y la aristocracia, las novias fueron llevadas a la Plaza de San Marcos. Cuando llegaron al Palacio del Doge las novias recibieron los regalos del Doge que les hab\u00eda invitadas.<\/p>\n\n\n\n<p>M\u00e1s tarde la procesi\u00f3n se embarcaba en el Bucinturo y estaba seguida por muchos peque\u00f1os barcos que se dirig\u00edan a lo largo del Gran Canale hasta Rialto y luego llegaban a la Iglesia de Santa Mar\u00eda Formosa, donde se celebraban otras celebraciones solemnes.<\/p>\n\n\n\n<p>Parece que en 943, durante el Dogado de Pedro III Candiano, durante las celebraciones nupciales algunos piratas istrianos irrumpieron en la Iglesia de San Marcos y secuestraron a las novias y sus donaciones para asombro de todos. Algunos venecianos persiguieron a piratas que finalmente fueron capturados y asesinados. Las 12 novias y oros se salvaron.<\/p>\n\n\n\n<p>Para honrar el evento, se estableci\u00f3 la Festa delle Marie y cada a\u00f1o se eligen 12 hermosas j\u00f3venes de todos los barrios venecianos para recordar a los venecianos de los piratas y el secuestro de novias.<\/p>\n\n\n\n<p><strong>Vuelo del \u00c1ngel<\/strong><\/p>\n\n\n\n<p>En una edici\u00f3n del carnaval a mediados del siglo XVI entre las diversas exposiciones y espect\u00e1culos organizados en la ciudad, se realiz\u00f3 un evento extraordinario para asombro de todos: un joven acr\u00f3bata turco logr\u00f3 llegar con una barra al campanario de San Marcos caminando sobre una larga cuerda que estaba atada en un barco anclado en el muelle de la piazzetta.<\/p>\n\n\n\n<p>Despu\u00e9s del gran \u00e9xito de ese evento, el Vuelo del \u00c1ngel fue solicitado como una ceremonia oficial cada a\u00f1o con t\u00e9cnicas similares y numerosas variantes.<\/p>\n\n\n\n<p><\/p>\n","protected":false},"excerpt":{"rendered":"<p>Los or\u00edgenes Los or\u00edgenes son muy antiguos: los primeros testimonios se remontan a un documento del Doge Vitale Falier de 1094 donde se habla de entretenimiento y donde se menciona por primera vez la palabra Carnaval. El Carnaval naci\u00f3 gracias a la oligarqu\u00eda veneciana que entendi\u00f3 la necesidad de la Serenissima de hacer vivir a [&hellip;]<\/p>\n","protected":false},"author":1,"featured_media":394,"parent":291,"menu_order":0,"comment_status":"closed","ping_status":"closed","template":"templates\/lista-figlio.php","meta":{"_acf_changed":false,"footnotes":""},"class_list":["post-422","page","type-page","status-publish","has-post-thumbnail","hentry"],"acf":[],"_links":{"self":[{"href":"https:\/\/capozzoinn.com\/es\/wp-json\/wp\/v2\/pages\/422","targetHints":{"allow":["GET"]}}],"collection":[{"href":"https:\/\/capozzoinn.com\/es\/wp-json\/wp\/v2\/pages"}],"about":[{"href":"https:\/\/capozzoinn.com\/es\/wp-json\/wp\/v2\/types\/page"}],"author":[{"embeddable":true,"href":"https:\/\/capozzoinn.com\/es\/wp-json\/wp\/v2\/users\/1"}],"replies":[{"embeddable":true,"href":"https:\/\/capozzoinn.com\/es\/wp-json\/wp\/v2\/comments?post=422"}],"version-history":[{"count":2,"href":"https:\/\/capozzoinn.com\/es\/wp-json\/wp\/v2\/pages\/422\/revisions"}],"predecessor-version":[{"id":4692,"href":"https:\/\/capozzoinn.com\/es\/wp-json\/wp\/v2\/pages\/422\/revisions\/4692"}],"up":[{"embeddable":true,"href":"https:\/\/capozzoinn.com\/es\/wp-json\/wp\/v2\/pages\/291"}],"wp:featuredmedia":[{"embeddable":true,"href":"https:\/\/capozzoinn.com\/es\/wp-json\/wp\/v2\/media\/394"}],"wp:attachment":[{"href":"https:\/\/capozzoinn.com\/es\/wp-json\/wp\/v2\/media?parent=422"}],"curies":[{"name":"wp","href":"https:\/\/api.w.org\/{rel}","templated":true}]}}