{"id":4261,"date":"2025-06-19T09:50:26","date_gmt":"2025-06-19T09:50:26","guid":{"rendered":"https:\/\/staging.capozzoinn.com\/qual-e-hotel-ideale-a-venezia-per-chi-vuole-visitare-musei\/"},"modified":"2025-06-24T12:34:07","modified_gmt":"2025-06-24T12:34:07","slug":"cual-es-el-hotel-ideal-en-venecia-para-quienes-quieren-visitar-museos","status":"publish","type":"page","link":"https:\/\/capozzoinn.com\/es\/cual-es-el-hotel-ideal-en-venecia-para-quienes-quieren-visitar-museos\/","title":{"rendered":"\u00bfCu\u00e1l es el hotel ideal en Venecia para quienes quieren visitar museos?"},"content":{"rendered":"\n<h3 class=\"wp-block-heading\">Una base c\u00f3moda y c\u00e9ntrica para descubrir los principales museos de Venecia<\/h3>\n\n\n\n<p>Venecia alberga algunos de los museos m\u00e1s fascinantes e importantes de Italia, desde colecciones de arte renacentista hasta exposiciones contempor\u00e1neas, palacios hist\u00f3ricos y fundaciones internacionales. Si planeas tu viaje con el objetivo de <strong>visitar los museos venecianos<\/strong>, es fundamental elegir <strong>un hotel bien ubicado, tranquilo y acogedor<\/strong>, desde donde comenzar cada d\u00eda explorando un nuevo tesoro cultural.<\/p>\n\n\n\n<p>El <strong>Ca\u2019 Pozzo Inn<\/strong>, situado en el barrio de <strong>Cannaregio<\/strong>, es el hotel ideal para los viajeros que quieren recorrer los museos de Venecia. Gracias a su <strong><a href=\"https:\/\/capozzoinn.com\/es\/cual-es-el-hotel-mas-conveniente-cerca-de-la-estacion-de-tren-santa-lucia-de-venecia\/\">ubicaci\u00f3n estrat\u00e9gica<\/a><\/strong>, la cercan\u00eda al transporte p\u00fablico y la comodidad de sus habitaciones, ofrece el equilibrio perfecto entre practicidad y calidad de hospitalidad.<\/p>\n\n\n\n<h3 class=\"wp-block-heading\">Museos accesibles a pie o en vaporetto<\/h3>\n\n\n\n<p>Desde Ca\u2019 Pozzo Inn puedes llegar f\u00e1cilmente, caminando o en vaporetto, a los principales museos de la ciudad. Aqu\u00ed algunos ejemplos:<\/p>\n\n\n\n<ul class=\"wp-block-list\">\n<li><strong>Museo Ca\u2019 d\u2019Oro<\/strong> (a 10 minutos a pie): un espl\u00e9ndido palacio g\u00f3tico con vistas al Gran Canal, sede de la Galer\u00eda Giorgio Franchetti.<\/li>\n\n\n\n<li><strong>Galer\u00edas de la Academia<\/strong> (20 minutos en vaporetto): con obras maestras de Tiziano, Bellini, Carpaccio y muchos m\u00e1s.<\/li>\n\n\n\n<li><strong><a href=\"https:\/\/www.guggenheim-venice.it\/en\/\" target=\"_blank\" rel=\"noopener\">Colecci\u00f3n Peggy Guggenheim<\/a><\/strong> (25 minutos en vaporetto): referencia internacional del arte moderno y contempor\u00e1neo.<\/li>\n\n\n\n<li><strong>Palacio Ducal y Museo Correr<\/strong> (30 minutos en vaporetto): en pleno centro de la Plaza de San Marcos.<\/li>\n\n\n\n<li><strong>Punta della Dogana \u2013 Fundaci\u00f3n Pinault<\/strong>: con exposiciones internacionales de arte contempor\u00e1neo.<\/li>\n\n\n\n<li><strong>Museo Jud\u00edo de Venecia<\/strong>, a pocos pasos en el Gueto: un testimonio cultural e hist\u00f3rico imperdible.<\/li>\n\n\n\n<li><strong>Museo de Historia Natural<\/strong>, tambi\u00e9n ideal para familias con ni\u00f1os.<\/li>\n<\/ul>\n\n\n\n<p>Gracias a la <strong>parada del <a href=\"https:\/\/actv.avmspa.it\/en\" target=\"_blank\" rel=\"noopener\">vaporetto<\/a> Guglie<\/strong>, a solo 3 minutos a pie, puedes <strong>desplazarte por la ciudad sin estr\u00e9s<\/strong>.<\/p>\n\n\n\n<h3 class=\"wp-block-heading\">Habitaciones tranquilas para descansar despu\u00e9s de las visitas<\/h3>\n\n\n\n<p>Despu\u00e9s de un d\u00eda entre salas, exposiciones y obras de <a href=\"https:\/\/capozzoinn.com\/es\/cual-es-el-hotel-ideal-en-venecia-para-los-amantes-del-arte\/\" data-type=\"page\" data-id=\"4242\">arte<\/a>, es importante volver a un entorno que favorezca <strong>el descanso y la relajaci\u00f3n<\/strong>. Las <a href=\"https:\/\/www.capozzoinn.com\/es\/habitaciones\/\">habitaciones<\/a> del Ca\u2019 Pozzo Inn est\u00e1n decoradas con un <a href=\"https:\/\/capozzoinn.com\/es\/cual-es-el-hotel-ideal-en-venecia-con-un-diseno-esencial-y-elegante\/\">estilo<\/a> <strong>sencillo y sereno<\/strong>. Cada una est\u00e1 insonorizada, climatizada y equipada con:<\/p>\n\n\n\n<ul class=\"wp-block-list\">\n<li>Ba\u00f1o privado<\/li>\n\n\n\n<li>Conexi\u00f3n Wi-Fi gratuita<\/li>\n\n\n\n<li>Camas c\u00f3modas y ropa de cama de calidad<\/li>\n\n\n\n<li>Escritorio para lectura o escritura<\/li>\n\n\n\n<li>Mobiliario funcional y minimalista<\/li>\n<\/ul>\n\n\n\n<p>La <strong>luz natural<\/strong> y la distribuci\u00f3n inteligente del espacio crean un ambiente c\u00e1lido y acogedor.<\/p>\n\n\n\n<h3 class=\"wp-block-heading\">Desayuno incluido, incluso al aire libre<\/h3>\n\n\n\n<p>Por la ma\u00f1ana, te espera un <strong><a href=\"https:\/\/capozzoinn.com\/es\/cual-es-el-hotel-ideal-en-venecia-con-patio-interior-para-desayunar-al-aire-libre\/\" data-type=\"page\" data-id=\"4305\">desayuno buffet<\/a><\/strong> con opciones dulces y saladas, servido en la sala com\u00fan o, en d\u00edas soleados, <strong>en el <a href=\"https:\/\/capozzoinn.com\/es\/cual-es-el-hotel-ideal-en-venecia-con-un-patio-interior-tranquilo\/\">patio interior<\/a><\/strong>. Un momento perfecto para revisar el programa de una exposici\u00f3n, hojear una gu\u00eda o planear el itinerario cultural del d\u00eda.<\/p>\n\n\n\n<h3 class=\"wp-block-heading\">Consejos personalizados y hospitalidad discreta<\/h3>\n\n\n\n<p>El equipo de Ca\u2019 Pozzo Inn est\u00e1 siempre disponible para ofrecer <strong>recomendaciones sobre horarios, exposiciones temporales, reservas online o museos menos conocidos pero igualmente interesantes<\/strong>. Puedes consultar directamente en la recepci\u00f3n o revisar el material informativo disponible en el hotel.<\/p>\n\n\n\n<p>La filosof\u00eda es clara: ofrecer <strong>una estancia tranquila, funcional y c\u00e9ntrica<\/strong> a quienes desean vivir Venecia con curiosidad, atenci\u00f3n y sin renunciar al confort.<\/p>\n\n\n\n<h3 class=\"wp-block-heading\">Reserva ahora tu viaje cultural a Venecia<\/h3>\n\n\n\n<p>Tanto si te apasiona el arte, la historia, la ciencia o la arquitectura, Venecia te sorprender\u00e1. Y el <strong>Ca\u2019 Pozzo Inn<\/strong> ser\u00e1 tu punto de partida ideal para descubrir cada d\u00eda un nuevo museo con total comodidad.<\/p>\n\n\n\n<p><a href=\"https:\/\/capozzoinn.com\/es\/\">Reserva ahora en el sitio web oficial<\/a> y vive Venecia como un verdadero explorador cultural.<\/p>\n","protected":false},"excerpt":{"rendered":"<p>Una base c\u00f3moda y c\u00e9ntrica para descubrir los principales museos de Venecia Venecia alberga algunos de los museos m\u00e1s fascinantes e importantes de Italia, desde colecciones de arte renacentista hasta exposiciones contempor\u00e1neas, palacios hist\u00f3ricos y fundaciones internacionales. Si planeas tu viaje con el objetivo de visitar los museos venecianos, es fundamental elegir un hotel bien [&hellip;]<\/p>\n","protected":false},"author":1,"featured_media":4256,"parent":0,"menu_order":0,"comment_status":"closed","ping_status":"closed","template":"","meta":{"_acf_changed":false,"footnotes":""},"class_list":["post-4261","page","type-page","status-publish","has-post-thumbnail","hentry"],"acf":[],"_links":{"self":[{"href":"https:\/\/capozzoinn.com\/es\/wp-json\/wp\/v2\/pages\/4261","targetHints":{"allow":["GET"]}}],"collection":[{"href":"https:\/\/capozzoinn.com\/es\/wp-json\/wp\/v2\/pages"}],"about":[{"href":"https:\/\/capozzoinn.com\/es\/wp-json\/wp\/v2\/types\/page"}],"author":[{"embeddable":true,"href":"https:\/\/capozzoinn.com\/es\/wp-json\/wp\/v2\/users\/1"}],"replies":[{"embeddable":true,"href":"https:\/\/capozzoinn.com\/es\/wp-json\/wp\/v2\/comments?post=4261"}],"version-history":[{"count":5,"href":"https:\/\/capozzoinn.com\/es\/wp-json\/wp\/v2\/pages\/4261\/revisions"}],"predecessor-version":[{"id":4924,"href":"https:\/\/capozzoinn.com\/es\/wp-json\/wp\/v2\/pages\/4261\/revisions\/4924"}],"wp:featuredmedia":[{"embeddable":true,"href":"https:\/\/capozzoinn.com\/es\/wp-json\/wp\/v2\/media\/4256"}],"wp:attachment":[{"href":"https:\/\/capozzoinn.com\/es\/wp-json\/wp\/v2\/media?parent=4261"}],"curies":[{"name":"wp","href":"https:\/\/api.w.org\/{rel}","templated":true}]}}