{"id":5291,"date":"2025-06-27T07:16:23","date_gmt":"2025-06-27T07:16:23","guid":{"rendered":"https:\/\/staging.capozzoinn.com\/new\/"},"modified":"2025-06-27T07:57:29","modified_gmt":"2025-06-27T07:57:29","slug":"novedad","status":"publish","type":"page","link":"https:\/\/capozzoinn.com\/es\/novedad\/","title":{"rendered":"Novedad!"},"content":{"rendered":"\n<p>Vive Venecia como una experiencia \u00fanica: descarga la nueva versi\u00f3n multiling\u00fce del audio de los dos itinerarios FELIX y Venice Past &amp; Modern.<\/p>\n\n\n\n<p><a href=\"https:\/\/sites.google.com\/view\/coop-pasini-turismo-capozzoinn\/\" target=\"_blank\" rel=\"noreferrer noopener\"><strong>Descubre nuestros itinerarios \u2013 haz clic aqu\u00ed &gt;&gt;<\/strong><\/a><\/p>\n\n\n\n<hr class=\"wp-block-separator has-alpha-channel-opacity\"\/>\n\n\n\n<p><strong>Elige una gu\u00eda profesional (Dra. Giulia Ecchili) para ayudarte a descubrir la historia de un lugar tan \u00fanico como Venecia.<\/strong><\/p>\n\n\n\n<p><strong><strong><a href=\"https:\/\/capozzoinn.com\/wp-content\/uploads\/2025\/06\/itinerari-giulia-ecchili-italiano-nuovi.pdf\" data-type=\"link\" data-id=\"https:\/\/capozzoinn.com\/wp-content\/uploads\/2025\/06\/itinerari-giulia-ecchili-italiano-nuovi.pdf\">Aqu\u00ed tienes los itinerarios que te proponemos >><\/a><\/strong><\/strong><\/p>\n\n\n\n<hr class=\"wp-block-separator has-alpha-channel-opacity\"\/>\n\n\n\n<p>Descubre nuevos libros y lecturas sobre Venecia, como <em>The Dressmaker\u2019s Parcels<\/em> de Silvano Stagni.<\/p>\n\n\n\n<p><a href=\"https:\/\/www.amazon.it\/Dressmakers-Parcels-Silvano-Stagni\/dp\/1739359631\" data-type=\"link\" data-id=\"https:\/\/www.amazon.it\/Dressmakers-Parcels-Silvano-Stagni\/dp\/1739359631\" target=\"_blank\" rel=\"noopener\">Compra online en Amazon &gt;&gt;<\/a><\/p>\n\n\n\n<hr class=\"wp-block-separator has-alpha-channel-opacity\"\/>\n\n\n\n<figure class=\"wp-block-image\"><a href=\"https:\/\/www.amazon.it\/Dressmakers-Parcels-Silvano-Stagni\/dp\/1739359631\" target=\"_blank\" rel=\"noreferrer noopener\"><img decoding=\"async\" src=\"https:\/\/capozzoinn.com\/content\/uploads\/2023\/07\/thedressmakerfr-188x300.jpg\" alt=\"\" class=\"wp-image-4402\"\/><\/a><\/figure>\n","protected":false},"excerpt":{"rendered":"<p>Vive Venecia como una experiencia \u00fanica: descarga la nueva versi\u00f3n multiling\u00fce del audio de los dos itinerarios FELIX y Venice Past &amp; Modern. Descubre nuestros itinerarios \u2013 haz clic aqu\u00ed &gt;&gt; Elige una gu\u00eda profesional (Dra. Giulia Ecchili) para ayudarte a descubrir la historia de un lugar tan \u00fanico como Venecia. Aqu\u00ed tienes los itinerarios [&hellip;]<\/p>\n","protected":false},"author":1,"featured_media":5284,"parent":0,"menu_order":0,"comment_status":"closed","ping_status":"closed","template":"","meta":{"_acf_changed":false,"footnotes":""},"class_list":["post-5291","page","type-page","status-publish","has-post-thumbnail","hentry"],"acf":[],"_links":{"self":[{"href":"https:\/\/capozzoinn.com\/es\/wp-json\/wp\/v2\/pages\/5291","targetHints":{"allow":["GET"]}}],"collection":[{"href":"https:\/\/capozzoinn.com\/es\/wp-json\/wp\/v2\/pages"}],"about":[{"href":"https:\/\/capozzoinn.com\/es\/wp-json\/wp\/v2\/types\/page"}],"author":[{"embeddable":true,"href":"https:\/\/capozzoinn.com\/es\/wp-json\/wp\/v2\/users\/1"}],"replies":[{"embeddable":true,"href":"https:\/\/capozzoinn.com\/es\/wp-json\/wp\/v2\/comments?post=5291"}],"version-history":[{"count":2,"href":"https:\/\/capozzoinn.com\/es\/wp-json\/wp\/v2\/pages\/5291\/revisions"}],"predecessor-version":[{"id":5319,"href":"https:\/\/capozzoinn.com\/es\/wp-json\/wp\/v2\/pages\/5291\/revisions\/5319"}],"wp:featuredmedia":[{"embeddable":true,"href":"https:\/\/capozzoinn.com\/es\/wp-json\/wp\/v2\/media\/5284"}],"wp:attachment":[{"href":"https:\/\/capozzoinn.com\/es\/wp-json\/wp\/v2\/media?parent=5291"}],"curies":[{"name":"wp","href":"https:\/\/api.w.org\/{rel}","templated":true}]}}