{"id":5698,"date":"2026-05-08T08:47:12","date_gmt":"2026-05-08T08:47:12","guid":{"rendered":"https:\/\/capozzoinn.com\/guest-book\/"},"modified":"2026-05-11T06:45:24","modified_gmt":"2026-05-11T06:45:24","slug":"guest-book","status":"publish","type":"page","link":"https:\/\/capozzoinn.com\/es\/guest-book\/","title":{"rendered":"Libro de visitas"},"content":{"rendered":"\n<p>Ca\u2019 Pozzo Inn siempre ha sido mucho m\u00e1s que un simple lugar donde alojarse en Venecia. Desde 2003, hu\u00e9spedes de todo el mundo han dejado en nuestro libro de visitas pensamientos, dibujos, emociones y recuerdos de viaje, convirti\u00e9ndolo en una aut\u00e9ntica colecci\u00f3n de momentos vividos en nuestro hotel.<\/p>\n\n\n\n<p>En estas p\u00e1ginas encontrar\u00e1n mensajes espont\u00e1neos de viajeros, parejas, familias y artistas que eligieron Ca\u2019 Pozzo como su hogar veneciano. Cada dedicatoria refleja la atm\u00f3sfera tranquila, la hospitalidad cercana y el car\u00e1cter \u00fanico que todav\u00eda hoy definen la experiencia de nuestro hotel.<\/p>\n\n\n\n<p>Nos alegra compartir con ustedes estos recuerdos: un viaje a trav\u00e9s de voces, idiomas y emociones que han llenado nuestro libro de visitas a lo largo de los a\u00f1os.<\/p>\n\n\n\n<figure class=\"wp-block-gallery has-nested-images columns-default is-cropped wp-block-gallery-1 is-layout-flex wp-block-gallery-is-layout-flex\">\n<figure class=\"wp-block-image size-large\"><img loading=\"lazy\" decoding=\"async\" width=\"768\" height=\"1024\" data-id=\"5670\" src=\"https:\/\/capozzoinn.com\/wp-content\/uploads\/2026\/05\/Copertina-768x1024.png\" alt=\"\" class=\"wp-image-5670\" srcset=\"https:\/\/capozzoinn.com\/wp-content\/uploads\/2026\/05\/Copertina-768x1024.png 768w, https:\/\/capozzoinn.com\/wp-content\/uploads\/2026\/05\/Copertina-225x300.png 225w, https:\/\/capozzoinn.com\/wp-content\/uploads\/2026\/05\/Copertina.png 1086w\" sizes=\"auto, (max-width: 768px) 100vw, 768px\" \/><\/figure>\n\n\n\n<figure class=\"wp-block-image size-large\"><img loading=\"lazy\" decoding=\"async\" width=\"682\" height=\"1024\" data-id=\"5672\" src=\"https:\/\/capozzoinn.com\/wp-content\/uploads\/2026\/05\/recensione1-682x1024.png\" alt=\"\" class=\"wp-image-5672\" srcset=\"https:\/\/capozzoinn.com\/wp-content\/uploads\/2026\/05\/recensione1-682x1024.png 682w, https:\/\/capozzoinn.com\/wp-content\/uploads\/2026\/05\/recensione1-200x300.png 200w, https:\/\/capozzoinn.com\/wp-content\/uploads\/2026\/05\/recensione1-768x1154.png 768w, https:\/\/capozzoinn.com\/wp-content\/uploads\/2026\/05\/recensione1.png 1023w\" sizes=\"auto, (max-width: 682px) 100vw, 682px\" \/><\/figure>\n\n\n\n<figure class=\"wp-block-image size-large\"><img loading=\"lazy\" decoding=\"async\" width=\"682\" height=\"1024\" data-id=\"5673\" src=\"https:\/\/capozzoinn.com\/wp-content\/uploads\/2026\/05\/recensione2-682x1024.png\" alt=\"\" class=\"wp-image-5673\" srcset=\"https:\/\/capozzoinn.com\/wp-content\/uploads\/2026\/05\/recensione2-682x1024.png 682w, https:\/\/capozzoinn.com\/wp-content\/uploads\/2026\/05\/recensione2-200x300.png 200w, https:\/\/capozzoinn.com\/wp-content\/uploads\/2026\/05\/recensione2-768x1154.png 768w, https:\/\/capozzoinn.com\/wp-content\/uploads\/2026\/05\/recensione2.png 1023w\" sizes=\"auto, (max-width: 682px) 100vw, 682px\" \/><\/figure>\n\n\n\n<figure class=\"wp-block-image size-large\"><img loading=\"lazy\" decoding=\"async\" width=\"690\" height=\"1024\" data-id=\"5674\" src=\"https:\/\/capozzoinn.com\/wp-content\/uploads\/2026\/05\/recensione3-690x1024.png\" alt=\"\" class=\"wp-image-5674\" srcset=\"https:\/\/capozzoinn.com\/wp-content\/uploads\/2026\/05\/recensione3-690x1024.png 690w, https:\/\/capozzoinn.com\/wp-content\/uploads\/2026\/05\/recensione3-202x300.png 202w, https:\/\/capozzoinn.com\/wp-content\/uploads\/2026\/05\/recensione3-768x1140.png 768w, https:\/\/capozzoinn.com\/wp-content\/uploads\/2026\/05\/recensione3.png 1029w\" sizes=\"auto, (max-width: 690px) 100vw, 690px\" \/><\/figure>\n\n\n\n<figure class=\"wp-block-image size-large\"><img loading=\"lazy\" decoding=\"async\" width=\"748\" height=\"1024\" data-id=\"5675\" src=\"https:\/\/capozzoinn.com\/wp-content\/uploads\/2026\/05\/recensione4-748x1024.png\" alt=\"\" class=\"wp-image-5675\" srcset=\"https:\/\/capozzoinn.com\/wp-content\/uploads\/2026\/05\/recensione4-748x1024.png 748w, https:\/\/capozzoinn.com\/wp-content\/uploads\/2026\/05\/recensione4-219x300.png 219w, https:\/\/capozzoinn.com\/wp-content\/uploads\/2026\/05\/recensione4-768x1051.png 768w, https:\/\/capozzoinn.com\/wp-content\/uploads\/2026\/05\/recensione4.png 1072w\" sizes=\"auto, (max-width: 748px) 100vw, 748px\" \/><\/figure>\n\n\n\n<figure class=\"wp-block-image size-large\"><img loading=\"lazy\" decoding=\"async\" width=\"711\" height=\"1024\" data-id=\"5676\" src=\"https:\/\/capozzoinn.com\/wp-content\/uploads\/2026\/05\/recensione5-711x1024.png\" alt=\"\" class=\"wp-image-5676\" srcset=\"https:\/\/capozzoinn.com\/wp-content\/uploads\/2026\/05\/recensione5-711x1024.png 711w, https:\/\/capozzoinn.com\/wp-content\/uploads\/2026\/05\/recensione5-208x300.png 208w, https:\/\/capozzoinn.com\/wp-content\/uploads\/2026\/05\/recensione5-768x1107.png 768w, https:\/\/capozzoinn.com\/wp-content\/uploads\/2026\/05\/recensione5.png 1045w\" sizes=\"auto, (max-width: 711px) 100vw, 711px\" \/><\/figure>\n\n\n\n<figure class=\"wp-block-image size-large\"><img loading=\"lazy\" decoding=\"async\" width=\"633\" height=\"1024\" data-id=\"5677\" src=\"https:\/\/capozzoinn.com\/wp-content\/uploads\/2026\/05\/recensione6-633x1024.png\" alt=\"\" class=\"wp-image-5677\" srcset=\"https:\/\/capozzoinn.com\/wp-content\/uploads\/2026\/05\/recensione6-633x1024.png 633w, https:\/\/capozzoinn.com\/wp-content\/uploads\/2026\/05\/recensione6-185x300.png 185w, https:\/\/capozzoinn.com\/wp-content\/uploads\/2026\/05\/recensione6-768x1243.png 768w, https:\/\/capozzoinn.com\/wp-content\/uploads\/2026\/05\/recensione6-949x1536.png 949w, https:\/\/capozzoinn.com\/wp-content\/uploads\/2026\/05\/recensione6.png 986w\" sizes=\"auto, (max-width: 633px) 100vw, 633px\" \/><\/figure>\n\n\n\n<figure class=\"wp-block-image size-large\"><img loading=\"lazy\" decoding=\"async\" width=\"677\" height=\"1024\" data-id=\"5678\" src=\"https:\/\/capozzoinn.com\/wp-content\/uploads\/2026\/05\/recensione7-677x1024.png\" alt=\"\" class=\"wp-image-5678\" srcset=\"https:\/\/capozzoinn.com\/wp-content\/uploads\/2026\/05\/recensione7-677x1024.png 677w, https:\/\/capozzoinn.com\/wp-content\/uploads\/2026\/05\/recensione7-198x300.png 198w, https:\/\/capozzoinn.com\/wp-content\/uploads\/2026\/05\/recensione7-768x1161.png 768w, https:\/\/capozzoinn.com\/wp-content\/uploads\/2026\/05\/recensione7-1016x1536.png 1016w, https:\/\/capozzoinn.com\/wp-content\/uploads\/2026\/05\/recensione7.png 1020w\" sizes=\"auto, (max-width: 677px) 100vw, 677px\" \/><\/figure>\n\n\n\n<figure class=\"wp-block-image size-large\"><img loading=\"lazy\" decoding=\"async\" width=\"682\" height=\"1024\" data-id=\"5679\" src=\"https:\/\/capozzoinn.com\/wp-content\/uploads\/2026\/05\/recensione8-682x1024.png\" alt=\"\" class=\"wp-image-5679\" srcset=\"https:\/\/capozzoinn.com\/wp-content\/uploads\/2026\/05\/recensione8-682x1024.png 682w, https:\/\/capozzoinn.com\/wp-content\/uploads\/2026\/05\/recensione8-200x300.png 200w, https:\/\/capozzoinn.com\/wp-content\/uploads\/2026\/05\/recensione8-768x1154.png 768w, https:\/\/capozzoinn.com\/wp-content\/uploads\/2026\/05\/recensione8.png 1023w\" sizes=\"auto, (max-width: 682px) 100vw, 682px\" \/><\/figure>\n\n\n\n<figure class=\"wp-block-image size-large\"><img loading=\"lazy\" decoding=\"async\" width=\"681\" height=\"1024\" data-id=\"5680\" src=\"https:\/\/capozzoinn.com\/wp-content\/uploads\/2026\/05\/recensione9-681x1024.png\" alt=\"\" class=\"wp-image-5680\" srcset=\"https:\/\/capozzoinn.com\/wp-content\/uploads\/2026\/05\/recensione9-681x1024.png 681w, https:\/\/capozzoinn.com\/wp-content\/uploads\/2026\/05\/recensione9-200x300.png 200w, https:\/\/capozzoinn.com\/wp-content\/uploads\/2026\/05\/recensione9-768x1155.png 768w, https:\/\/capozzoinn.com\/wp-content\/uploads\/2026\/05\/recensione9-1022x1536.png 1022w, https:\/\/capozzoinn.com\/wp-content\/uploads\/2026\/05\/recensione9.png 1023w\" sizes=\"auto, (max-width: 681px) 100vw, 681px\" \/><\/figure>\n\n\n\n<figure class=\"wp-block-image size-large\"><img loading=\"lazy\" decoding=\"async\" width=\"711\" height=\"1024\" data-id=\"5681\" src=\"https:\/\/capozzoinn.com\/wp-content\/uploads\/2026\/05\/recensione10-711x1024.png\" alt=\"\" class=\"wp-image-5681\" srcset=\"https:\/\/capozzoinn.com\/wp-content\/uploads\/2026\/05\/recensione10-711x1024.png 711w, https:\/\/capozzoinn.com\/wp-content\/uploads\/2026\/05\/recensione10-208x300.png 208w, https:\/\/capozzoinn.com\/wp-content\/uploads\/2026\/05\/recensione10-768x1107.png 768w, https:\/\/capozzoinn.com\/wp-content\/uploads\/2026\/05\/recensione10.png 1045w\" sizes=\"auto, (max-width: 711px) 100vw, 711px\" \/><\/figure>\n\n\n\n<figure class=\"wp-block-image size-large\"><img loading=\"lazy\" decoding=\"async\" width=\"682\" height=\"1024\" data-id=\"5682\" src=\"https:\/\/capozzoinn.com\/wp-content\/uploads\/2026\/05\/recensione11-682x1024.png\" alt=\"\" class=\"wp-image-5682\" srcset=\"https:\/\/capozzoinn.com\/wp-content\/uploads\/2026\/05\/recensione11-682x1024.png 682w, https:\/\/capozzoinn.com\/wp-content\/uploads\/2026\/05\/recensione11-200x300.png 200w, https:\/\/capozzoinn.com\/wp-content\/uploads\/2026\/05\/recensione11-768x1154.png 768w, https:\/\/capozzoinn.com\/wp-content\/uploads\/2026\/05\/recensione11.png 1023w\" sizes=\"auto, (max-width: 682px) 100vw, 682px\" \/><\/figure>\n\n\n\n<figure class=\"wp-block-image size-large\"><img loading=\"lazy\" decoding=\"async\" width=\"688\" height=\"1024\" data-id=\"5683\" src=\"https:\/\/capozzoinn.com\/wp-content\/uploads\/2026\/05\/recensione12-688x1024.png\" alt=\"\" class=\"wp-image-5683\" srcset=\"https:\/\/capozzoinn.com\/wp-content\/uploads\/2026\/05\/recensione12-688x1024.png 688w, https:\/\/capozzoinn.com\/wp-content\/uploads\/2026\/05\/recensione12-202x300.png 202w, https:\/\/capozzoinn.com\/wp-content\/uploads\/2026\/05\/recensione12-768x1142.png 768w, https:\/\/capozzoinn.com\/wp-content\/uploads\/2026\/05\/recensione12.png 1028w\" sizes=\"auto, (max-width: 688px) 100vw, 688px\" \/><\/figure>\n\n\n\n<figure class=\"wp-block-image size-large\"><img loading=\"lazy\" decoding=\"async\" width=\"722\" height=\"1024\" data-id=\"5684\" src=\"https:\/\/capozzoinn.com\/wp-content\/uploads\/2026\/05\/recensione13-722x1024.png\" alt=\"\" class=\"wp-image-5684\" srcset=\"https:\/\/capozzoinn.com\/wp-content\/uploads\/2026\/05\/recensione13-722x1024.png 722w, https:\/\/capozzoinn.com\/wp-content\/uploads\/2026\/05\/recensione13-212x300.png 212w, https:\/\/capozzoinn.com\/wp-content\/uploads\/2026\/05\/recensione13-768x1089.png 768w, https:\/\/capozzoinn.com\/wp-content\/uploads\/2026\/05\/recensione13.png 1053w\" sizes=\"auto, (max-width: 722px) 100vw, 722px\" \/><\/figure>\n\n\n\n<figure class=\"wp-block-image size-large\"><img loading=\"lazy\" decoding=\"async\" width=\"722\" height=\"1024\" data-id=\"5685\" src=\"https:\/\/capozzoinn.com\/wp-content\/uploads\/2026\/05\/recensione14-722x1024.png\" alt=\"\" class=\"wp-image-5685\" srcset=\"https:\/\/capozzoinn.com\/wp-content\/uploads\/2026\/05\/recensione14-722x1024.png 722w, https:\/\/capozzoinn.com\/wp-content\/uploads\/2026\/05\/recensione14-212x300.png 212w, https:\/\/capozzoinn.com\/wp-content\/uploads\/2026\/05\/recensione14-768x1089.png 768w, https:\/\/capozzoinn.com\/wp-content\/uploads\/2026\/05\/recensione14.png 1053w\" sizes=\"auto, (max-width: 722px) 100vw, 722px\" \/><\/figure>\n\n\n\n<figure class=\"wp-block-image size-large\"><img loading=\"lazy\" decoding=\"async\" width=\"682\" height=\"1024\" data-id=\"5686\" src=\"https:\/\/capozzoinn.com\/wp-content\/uploads\/2026\/05\/recensione15-682x1024.png\" alt=\"\" class=\"wp-image-5686\" srcset=\"https:\/\/capozzoinn.com\/wp-content\/uploads\/2026\/05\/recensione15-682x1024.png 682w, https:\/\/capozzoinn.com\/wp-content\/uploads\/2026\/05\/recensione15-200x300.png 200w, https:\/\/capozzoinn.com\/wp-content\/uploads\/2026\/05\/recensione15-768x1154.png 768w, https:\/\/capozzoinn.com\/wp-content\/uploads\/2026\/05\/recensione15.png 1023w\" sizes=\"auto, (max-width: 682px) 100vw, 682px\" \/><\/figure>\n\n\n\n<figure class=\"wp-block-image size-large\"><img loading=\"lazy\" decoding=\"async\" width=\"738\" height=\"1024\" data-id=\"5687\" src=\"https:\/\/capozzoinn.com\/wp-content\/uploads\/2026\/05\/recensione16-738x1024.png\" alt=\"\" class=\"wp-image-5687\" srcset=\"https:\/\/capozzoinn.com\/wp-content\/uploads\/2026\/05\/recensione16-738x1024.png 738w, https:\/\/capozzoinn.com\/wp-content\/uploads\/2026\/05\/recensione16-216x300.png 216w, https:\/\/capozzoinn.com\/wp-content\/uploads\/2026\/05\/recensione16-768x1065.png 768w, https:\/\/capozzoinn.com\/wp-content\/uploads\/2026\/05\/recensione16.png 1065w\" sizes=\"auto, (max-width: 738px) 100vw, 738px\" \/><\/figure>\n\n\n\n<figure class=\"wp-block-image size-large\"><img loading=\"lazy\" decoding=\"async\" width=\"768\" height=\"1024\" data-id=\"5671\" src=\"https:\/\/capozzoinn.com\/wp-content\/uploads\/2026\/05\/finale-768x1024.png\" alt=\"\" class=\"wp-image-5671\" srcset=\"https:\/\/capozzoinn.com\/wp-content\/uploads\/2026\/05\/finale-768x1024.png 768w, https:\/\/capozzoinn.com\/wp-content\/uploads\/2026\/05\/finale-225x300.png 225w, https:\/\/capozzoinn.com\/wp-content\/uploads\/2026\/05\/finale.png 1086w\" sizes=\"auto, (max-width: 768px) 100vw, 768px\" \/><\/figure>\n<\/figure>\n","protected":false},"excerpt":{"rendered":"<p>Ca\u2019 Pozzo Inn siempre ha sido mucho m\u00e1s que un simple lugar donde alojarse en Venecia. Desde 2003, hu\u00e9spedes de todo el mundo han dejado en nuestro libro de visitas pensamientos, dibujos, emociones y recuerdos de viaje, convirti\u00e9ndolo en una aut\u00e9ntica colecci\u00f3n de momentos vividos en nuestro hotel. En estas p\u00e1ginas encontrar\u00e1n mensajes espont\u00e1neos de [&hellip;]<\/p>\n","protected":false},"author":5,"featured_media":0,"parent":0,"menu_order":0,"comment_status":"closed","ping_status":"closed","template":"","meta":{"_acf_changed":false,"footnotes":""},"class_list":["post-5698","page","type-page","status-publish","hentry"],"acf":[],"_links":{"self":[{"href":"https:\/\/capozzoinn.com\/es\/wp-json\/wp\/v2\/pages\/5698","targetHints":{"allow":["GET"]}}],"collection":[{"href":"https:\/\/capozzoinn.com\/es\/wp-json\/wp\/v2\/pages"}],"about":[{"href":"https:\/\/capozzoinn.com\/es\/wp-json\/wp\/v2\/types\/page"}],"author":[{"embeddable":true,"href":"https:\/\/capozzoinn.com\/es\/wp-json\/wp\/v2\/users\/5"}],"replies":[{"embeddable":true,"href":"https:\/\/capozzoinn.com\/es\/wp-json\/wp\/v2\/comments?post=5698"}],"version-history":[{"count":2,"href":"https:\/\/capozzoinn.com\/es\/wp-json\/wp\/v2\/pages\/5698\/revisions"}],"predecessor-version":[{"id":5776,"href":"https:\/\/capozzoinn.com\/es\/wp-json\/wp\/v2\/pages\/5698\/revisions\/5776"}],"wp:attachment":[{"href":"https:\/\/capozzoinn.com\/es\/wp-json\/wp\/v2\/media?parent=5698"}],"curies":[{"name":"wp","href":"https:\/\/api.w.org\/{rel}","templated":true}]}}