{"id":840,"date":"2025-01-10T11:23:32","date_gmt":"2025-01-10T11:23:32","guid":{"rendered":"https:\/\/staging.capozzoinn.com\/itinerarios\/venice-past-and-modern-itinerary\/"},"modified":"2025-11-18T09:33:39","modified_gmt":"2025-11-18T09:33:39","slug":"venice-past-modern-itinerary","status":"publish","type":"page","link":"https:\/\/capozzoinn.com\/es\/itinerarios\/venice-past-modern-itinerary\/","title":{"rendered":"Venice Past and Modern Itinerary"},"content":{"rendered":"\n<p><strong>NOMBRE DEL ITINERARIO: Venice Past and Modern&nbsp;<\/strong><\/p>\n\n\n\n<p><a href=\"https:\/\/goo.gl\/maps\/wCXfm7jyrmuu9eR6A\" target=\"_blank\" rel=\"noopener\">https:\/\/goo.gl\/maps\/wCXfm7jyrmuu9eR6A<\/a><\/p>\n\n\n\n<p>\u00bfQu\u00e9 es esto? Un itinerario cultural que lo llevar\u00e1 a trav\u00e9s de una Venecia misteriosa y fuera de los caminos trillados. Una Venecia que no deja de sorprender a un ojo atento y curioso.<\/p>\n\n\n\n<p><strong>Longitud<\/strong>: 4,8 Km<\/p>\n\n\n\n<p><strong>Tiempo promedio de viaje:<\/strong>&nbsp;aproximadamente .90 minutos &#8211; 2.0 horas<\/p>\n\n\n\n<div class=\"wp-block-buttons is-layout-flex wp-block-buttons-is-layout-flex\">\n<div class=\"wp-block-button\"><a class=\"wp-block-button__link has-white-color has-text-color has-background has-link-color wp-element-button\" href=\"https:\/\/capozzoinn.com\/wp-content\/uploads\/2025\/01\/CaPozzoInnVenice_PASTMODERN_2021_ESP.pdf\" style=\"background-color:#a80532\" target=\"_blank\" rel=\"noreferrer noopener\"><strong>DESCARGAR ITINERARIO<\/strong><\/a><\/div>\n<\/div>\n\n\n\n<figure class=\"wp-block-embed is-type-video is-provider-vimeo wp-block-embed-vimeo wp-embed-aspect-16-9 wp-has-aspect-ratio\"><div class=\"wp-block-embed__wrapper\">\n<iframe loading=\"lazy\" title=\"VENICE PAST MODERN\" src=\"https:\/\/player.vimeo.com\/video\/497288153?dnt=1&amp;app_id=122963\" width=\"500\" height=\"275\" frameborder=\"0\" allow=\"autoplay; fullscreen; picture-in-picture; clipboard-write; encrypted-media; web-share\" referrerpolicy=\"strict-origin-when-cross-origin\"><\/iframe>\n<\/div><\/figure>\n\n\n\n<h3 class=\"wp-block-heading\"><strong>Camino<\/strong><br>La primera parte de este itinerario se desarrolla por el distrito de Cannaregio, la segunda parte por el distrito de Santa Croce para terminar en el distrito de Dorsoduro. En otras palabras, 1279 Cannaregio- Sotoportego Ca \u2018Pozzo es el punto de partida y 701-704 Dorsoduro Calle de La Chiesa Peggy Guggenheim Collection es el punto final.<\/h3>\n\n\n\n<p>Este itinerario cultural tiene 34 puntos de referencia que son visibles en l\u00ednea y que se pueden ver haciendo clic en el mapa de Google vinculado.<\/p>\n\n\n\n<p>Por ejemplo, el \u00edndice contiene una lista de las plazas principales o \u201ccampi\u201d as\u00ed llamado en veneciano (es decir, en Venecia el nombre de la plaza es \u201ccampo\u201d) que le ayudar\u00e1 a encontrar su camino pasando por: Campo San Geremia, Campo Santa Margherita . Campo Sant\u2019Angelo Raffaele para finalizar en el Museo Peggy Guggenheim en la calle San Cristoforo.<\/p>\n\n\n\n<p>\u00bfC\u00f3mo orientarte durante tu caminata?<br>Para obtener mejores direcciones, considere Venecia como un interesante laberinto de calles, callejones, pasos inferiores, callejones estrechos, todos nombrados seg\u00fan la topograf\u00eda local: calle, calletta, sotoportego, ruga, rughetta, campo, campiello, etc.<\/p>\n\n\n\n<p>Sugerencia: en caso de que se pierda, busque el \u201cnisioletto\u201d m\u00e1s cercano a su lado, es decir, un \u201cletrero de calle rectangular negro sobre fondo blanco\u201d pintado en el costado de los edificios que contiene el nombre del lugar o calle donde se encuentra. Por eso siempre debes buscar un \u201cnisioletto\u201d cerca de ti para poder encontrar tu camino.<\/p>\n\n\n\n<p>\u00bfTodo claro? \u00bfDudas? \u00a1Usemos la tecnolog\u00eda!<\/p>\n\n\n\n<p>Para saber d\u00f3nde se encuentra en el mapa, haga clic en:<br><a href=\"https:\/\/goo.gl\/maps\/wCXfm7jyrmuu9eR6A\" target=\"_blank\" rel=\"noopener\">https:\/\/goo.gl\/maps\/wCXfm7jyrmuu9eR6A<\/a><\/p>\n\n\n\n<p>En conclusi\u00f3n, puede utilizar este itinerario para disfrutar descubriendo caminos escondidos inusuales y tomar fotos \u00fanicas simplemente usando un tel\u00e9fono inteligente o hacer su tarea desde casa y estudiar los mapas en l\u00ednea y aprovechar al m\u00e1ximo este itinerario sugerido.<\/p>\n","protected":false},"excerpt":{"rendered":"<p>NOMBRE DEL ITINERARIO: Venice Past and Modern&nbsp; https:\/\/goo.gl\/maps\/wCXfm7jyrmuu9eR6A \u00bfQu\u00e9 es esto? Un itinerario cultural que lo llevar\u00e1 a trav\u00e9s de una Venecia misteriosa y fuera de los caminos trillados. Una Venecia que no deja de sorprender a un ojo atento y curioso. Longitud: 4,8 Km Tiempo promedio de viaje:&nbsp;aproximadamente .90 minutos &#8211; 2.0 horas CaminoLa [&hellip;]<\/p>\n","protected":false},"author":1,"featured_media":1865,"parent":789,"menu_order":0,"comment_status":"closed","ping_status":"closed","template":"templates\/lista-figlio.php","meta":{"_acf_changed":false,"footnotes":""},"class_list":["post-840","page","type-page","status-publish","has-post-thumbnail","hentry"],"acf":[],"_links":{"self":[{"href":"https:\/\/capozzoinn.com\/es\/wp-json\/wp\/v2\/pages\/840","targetHints":{"allow":["GET"]}}],"collection":[{"href":"https:\/\/capozzoinn.com\/es\/wp-json\/wp\/v2\/pages"}],"about":[{"href":"https:\/\/capozzoinn.com\/es\/wp-json\/wp\/v2\/types\/page"}],"author":[{"embeddable":true,"href":"https:\/\/capozzoinn.com\/es\/wp-json\/wp\/v2\/users\/1"}],"replies":[{"embeddable":true,"href":"https:\/\/capozzoinn.com\/es\/wp-json\/wp\/v2\/comments?post=840"}],"version-history":[{"count":4,"href":"https:\/\/capozzoinn.com\/es\/wp-json\/wp\/v2\/pages\/840\/revisions"}],"predecessor-version":[{"id":4758,"href":"https:\/\/capozzoinn.com\/es\/wp-json\/wp\/v2\/pages\/840\/revisions\/4758"}],"up":[{"embeddable":true,"href":"https:\/\/capozzoinn.com\/es\/wp-json\/wp\/v2\/pages\/789"}],"wp:featuredmedia":[{"embeddable":true,"href":"https:\/\/capozzoinn.com\/es\/wp-json\/wp\/v2\/media\/1865"}],"wp:attachment":[{"href":"https:\/\/capozzoinn.com\/es\/wp-json\/wp\/v2\/media?parent=840"}],"curies":[{"name":"wp","href":"https:\/\/api.w.org\/{rel}","templated":true}]}}