{"id":1610,"date":"2025-01-15T12:44:44","date_gmt":"2025-01-15T12:44:44","guid":{"rendered":"https:\/\/staging.capozzoinn.com\/itineraries\/felix-itinerary\/"},"modified":"2026-03-18T14:33:52","modified_gmt":"2026-03-18T14:33:52","slug":"felix-itinerary","status":"publish","type":"page","link":"https:\/\/capozzoinn.com\/fr\/itineraires\/felix-itinerary\/","title":{"rendered":"Felix Itinerary"},"content":{"rendered":"\n<p>Qu&rsquo;est-ce que c&rsquo;est \u00e7a?\u2026Un itin\u00e9raire culturel qui vous m\u00e8nera \u00e0 travers une Venise myst\u00e9rieuse et hors des sentiers battus. Une Venise qui ne cesse d&rsquo;\u00e9tonner un \u0153il attentif et curieux.<\/p>\n\n\n\n<p><strong>Longueur:<\/strong><br>1.8 kilom\u00e8tres<\/p>\n\n\n\n<p><strong>Temps de trajet moyen:<\/strong><br>45 minutes \/ 1 heure<\/p>\n\n\n\n<div class=\"wp-block-buttons is-layout-flex wp-block-buttons-is-layout-flex\">\n<div class=\"wp-block-button\"><a class=\"wp-block-button__link has-background wp-element-button\" href=\"https:\/\/capozzoinn.com\/wp-content\/uploads\/2025\/07\/CaPozzoInnVenice_FELIX_2021_FRA.pdf\" style=\"background-color:#a80532\" target=\"_blank\" rel=\"noreferrer noopener\"><strong>T\u00c9L\u00c9CHARGER L&rsquo;ITIN\u00c9RAIRE<\/strong><\/a><\/div>\n<\/div>\n\n\n\n<figure class=\"wp-block-embed is-type-video is-provider-vimeo wp-block-embed-vimeo wp-embed-aspect-9-16 wp-has-aspect-ratio\"><div class=\"wp-block-embed__wrapper\">\n<iframe loading=\"lazy\" title=\"ITINERARIO_FELIX_eng\" src=\"https:\/\/player.vimeo.com\/video\/1174774854?dnt=1&amp;app_id=122963\" width=\"422\" height=\"750\" frameborder=\"0\" allow=\"autoplay; fullscreen; picture-in-picture; clipboard-write; encrypted-media; web-share\" referrerpolicy=\"strict-origin-when-cross-origin\"><\/iframe>\n<\/div><\/figure>\n\n\n\n<figure class=\"wp-block-embed is-type-video is-provider-vimeo wp-block-embed-vimeo wp-embed-aspect-16-9 wp-has-aspect-ratio\"><div class=\"wp-block-embed__wrapper\">\n<iframe loading=\"lazy\" title=\"FELIX\" src=\"https:\/\/player.vimeo.com\/video\/497287337?dnt=1&amp;app_id=122963\" width=\"500\" height=\"275\" frameborder=\"0\" allow=\"autoplay; fullscreen; picture-in-picture; clipboard-write; encrypted-media\"><\/iframe>\n<\/div><\/figure>\n\n\n\n<h3 class=\"wp-block-heading\"><\/h3>\n\n\n\n<p><strong>Chemin<\/strong><br>Cet itin\u00e9raire se d\u00e9veloppe dans le quartier de Cannaregio avec le point de d\u00e9part \u00e0 Ponte Guglie et se termine par la travers\u00e9e du Campo San Felice dans la Calle del Traghetto.<\/p>\n","protected":false},"excerpt":{"rendered":"<p>Qu&rsquo;est-ce que c&rsquo;est \u00e7a?\u2026Un itin\u00e9raire culturel qui vous m\u00e8nera \u00e0 travers une Venise myst\u00e9rieuse et hors des sentiers battus. Une Venise qui ne cesse d&rsquo;\u00e9tonner un \u0153il attentif et curieux. Longueur:1.8 kilom\u00e8tres Temps de trajet moyen:45 minutes \/ 1 heure CheminCet itin\u00e9raire se d\u00e9veloppe dans le quartier de Cannaregio avec le point de d\u00e9part \u00e0 [&hellip;]<\/p>\n","protected":false},"author":1,"featured_media":1857,"parent":786,"menu_order":0,"comment_status":"closed","ping_status":"closed","template":"templates\/lista-figlio.php","meta":{"_acf_changed":false,"footnotes":""},"class_list":["post-1610","page","type-page","status-publish","has-post-thumbnail","hentry"],"acf":[],"_links":{"self":[{"href":"https:\/\/capozzoinn.com\/fr\/wp-json\/wp\/v2\/pages\/1610","targetHints":{"allow":["GET"]}}],"collection":[{"href":"https:\/\/capozzoinn.com\/fr\/wp-json\/wp\/v2\/pages"}],"about":[{"href":"https:\/\/capozzoinn.com\/fr\/wp-json\/wp\/v2\/types\/page"}],"author":[{"embeddable":true,"href":"https:\/\/capozzoinn.com\/fr\/wp-json\/wp\/v2\/users\/1"}],"replies":[{"embeddable":true,"href":"https:\/\/capozzoinn.com\/fr\/wp-json\/wp\/v2\/comments?post=1610"}],"version-history":[{"count":5,"href":"https:\/\/capozzoinn.com\/fr\/wp-json\/wp\/v2\/pages\/1610\/revisions"}],"predecessor-version":[{"id":5556,"href":"https:\/\/capozzoinn.com\/fr\/wp-json\/wp\/v2\/pages\/1610\/revisions\/5556"}],"up":[{"embeddable":true,"href":"https:\/\/capozzoinn.com\/fr\/wp-json\/wp\/v2\/pages\/786"}],"wp:featuredmedia":[{"embeddable":true,"href":"https:\/\/capozzoinn.com\/fr\/wp-json\/wp\/v2\/media\/1857"}],"wp:attachment":[{"href":"https:\/\/capozzoinn.com\/fr\/wp-json\/wp\/v2\/media?parent=1610"}],"curies":[{"name":"wp","href":"https:\/\/api.w.org\/{rel}","templated":true}]}}