{"id":329,"date":"2025-01-09T02:21:39","date_gmt":"2025-01-09T02:21:39","guid":{"rendered":"https:\/\/staging.capozzoinn.com\/events\/the-feast-of-the-sensa\/"},"modified":"2025-06-24T07:29:25","modified_gmt":"2025-06-24T07:29:25","slug":"fete-de-la-sensa","status":"publish","type":"page","link":"https:\/\/capozzoinn.com\/fr\/evenements\/fete-de-la-sensa\/","title":{"rendered":"F\u00eate de la Sensa"},"content":{"rendered":"\n<p>La<strong>&nbsp;F\u00eate de la Sensa<\/strong>&nbsp;nous rappelle deux \u00e9v\u00e9nements importants : le doge Pietro II Orseolo qui a aid\u00e9 la population dalmate contre le peuple slov\u00e8ne le 9 mai 1000 et le trait\u00e9 de paix sign\u00e9 en 1177 entre Doge Sebastiano Ziani, le pape Alessandro III et l\u2019empereur Federico Barbarossa qui met fin \u00e0 la lutte entre la papaut\u00e9 et l\u2019Empire. Ils c\u00e9l\u00e8brent tous les deux la supr\u00e9matie de la Serenissima qui trouve ses racines sur la connaissance et le contr\u00f4le de la mer.<\/p>\n\n\n\n<p>Comme un rite symbolique chaque ann\u00e9e au cours de ce jour m\u00eame il y avait \u00ab&nbsp;le mariage de la mer&nbsp;\u00bb. Le Doge sur le bateau Bucintoro re\u00e7ut la b\u00e9n\u00e9diction de l\u2019\u00e9v\u00eaque qui embarqua pr\u00e8s de San Pietro \u00e0 Castello. Lorsque Bocca di Porto di Lido a \u00e9t\u00e9 atteint, il a jet\u00e9 un anneau d\u2019or dans la mer en r\u00e9p\u00e9tant la phrase suivante \u00ab&nbsp;Desponsamus te, jument. En signum veri perpetuique dominii..&nbsp;\u00bb (nous nous marieons avec vous, mare (mer), au nom d\u2019une domination vraie et \u00e9ternelle).<\/p>\n\n\n\n<p>Par cons\u00e9quent, la F\u00eate de la Sensa attire des millions de visiteurs chaque ann\u00e9e quand en mai les V\u00e9nitiens c\u00e9l\u00e8brent leur relation intime avec la mer avec une course de bateaux (Voga Veneta) en m\u00e9moire des batailles qu\u2019ils ont gagn\u00e9es, mais surtout ils se rappellent l\u2019importance de leur \u00ab&nbsp;mariage avec la mer&nbsp;\u00bb.<\/p>\n","protected":false},"excerpt":{"rendered":"<p>La&nbsp;F\u00eate de la Sensa&nbsp;nous rappelle deux \u00e9v\u00e9nements importants : le doge Pietro II Orseolo qui a aid\u00e9 la population dalmate contre le peuple slov\u00e8ne le 9 mai 1000 et le trait\u00e9 de paix sign\u00e9 en 1177 entre Doge Sebastiano Ziani, le pape Alessandro III et l\u2019empereur Federico Barbarossa qui met fin \u00e0 la lutte entre [&hellip;]<\/p>\n","protected":false},"author":1,"featured_media":298,"parent":288,"menu_order":0,"comment_status":"closed","ping_status":"closed","template":"templates\/lista-figlio.php","meta":{"_acf_changed":false,"footnotes":""},"class_list":["post-329","page","type-page","status-publish","has-post-thumbnail","hentry"],"acf":[],"_links":{"self":[{"href":"https:\/\/capozzoinn.com\/fr\/wp-json\/wp\/v2\/pages\/329","targetHints":{"allow":["GET"]}}],"collection":[{"href":"https:\/\/capozzoinn.com\/fr\/wp-json\/wp\/v2\/pages"}],"about":[{"href":"https:\/\/capozzoinn.com\/fr\/wp-json\/wp\/v2\/types\/page"}],"author":[{"embeddable":true,"href":"https:\/\/capozzoinn.com\/fr\/wp-json\/wp\/v2\/users\/1"}],"replies":[{"embeddable":true,"href":"https:\/\/capozzoinn.com\/fr\/wp-json\/wp\/v2\/comments?post=329"}],"version-history":[{"count":5,"href":"https:\/\/capozzoinn.com\/fr\/wp-json\/wp\/v2\/pages\/329\/revisions"}],"predecessor-version":[{"id":4685,"href":"https:\/\/capozzoinn.com\/fr\/wp-json\/wp\/v2\/pages\/329\/revisions\/4685"}],"up":[{"embeddable":true,"href":"https:\/\/capozzoinn.com\/fr\/wp-json\/wp\/v2\/pages\/288"}],"wp:featuredmedia":[{"embeddable":true,"href":"https:\/\/capozzoinn.com\/fr\/wp-json\/wp\/v2\/media\/298"}],"wp:attachment":[{"href":"https:\/\/capozzoinn.com\/fr\/wp-json\/wp\/v2\/media?parent=329"}],"curies":[{"name":"wp","href":"https:\/\/api.w.org\/{rel}","templated":true}]}}