{"id":3396,"date":"2025-03-25T07:39:33","date_gmt":"2025-03-25T07:39:33","guid":{"rendered":"https:\/\/staging.capozzoinn.com\/?page_id=3396"},"modified":"2025-06-23T13:31:12","modified_gmt":"2025-06-23T13:31:12","slug":"petit-dejeuner","status":"publish","type":"page","link":"https:\/\/capozzoinn.com\/fr\/petit-dejeuner\/","title":{"rendered":"Petit-d\u00e9jeuner"},"content":{"rendered":"\n<p>Ca\u2019 Pozzo propose un service de <strong>petit-d\u00e9jeuner buffet <\/strong>dans la salle principale pr\u00e8s de la r\u00e9ception, auquel, si n\u00e9cessaire, quelques tables sont ajout\u00e9es dans la petite salle pr\u00e8s de l\u2019entr\u00e9e.<\/p>\n\n\n\n<p><strong>En \u00e9t\u00e9<\/strong>, nos h\u00f4tes aiment prendre leur petit-d\u00e9jeuner \u00e0 l&rsquo;ext\u00e9rieur, dans la cour principale, prot\u00e9g\u00e9s par le grand auvent \u00e0 voile du soleil et de la bruine occasionnelle qui rafra\u00eechit un peu la chaleur de l&rsquo;\u00e9t\u00e9.<\/p>\n\n\n\n<p>Le buffet propose une premi\u00e8re section sal\u00e9e compos\u00e9e de plats chauds (\u0153ufs brouill\u00e9s, \u0153ufs durs et pancetta\/bacon fum\u00e9) et une section d&rsquo;aliments froids avec divers fromages, dont divers types de fromages frais tels que la mozzarella, des fromages frais en tranches et en triangles, des charcuteries mixtes et des s\u00e9lections de yaourts. Tout cela sans oublier nos produits de boulangerie tels que diff\u00e9rents types de pains dont le pain de mie, les craquelins et les biscottes.<\/p>\n\n\n\n<p>La partie buffet sucr\u00e9 comprend des plats chauds tels que des cr\u00eapes, des muffins et des gaufres cuisin\u00e9s chaque matin, ainsi que des g\u00e2teaux, une vari\u00e9t\u00e9 de c\u00e9r\u00e9ales, des confitures et des biscuits, dont certains sont typiques de la r\u00e9gion.<\/p>\n\n\n\n<p><strong>Pour les amateurs de fruits<\/strong>, n&rsquo;oublions pas les paniers de fruits qui varient selon les fruits de saison et le carpaccio amoureusement coup\u00e9 le matin par le personnel de service.<\/p>\n\n\n\n<p>\u00c0 tout cela s&rsquo;ajoute le service \u00e0 table de toutes les boissons que vous pourriez aimer, y compris du jus d&rsquo;orange fra\u00eechement press\u00e9.<\/p>\n\n\n\n<p>On doit aussi mentionner les produits <strong>\u00ab sans gluten \u00bb<\/strong> pr\u00e9sents au buffet : un petit panier assorti de paquets sucr\u00e9s ou sal\u00e9s et puis les g\u00e2teaux <strong>\u00ab vegan \u00bb<\/strong> qui satisfont chaque jour ceux qui ont des besoins alimentaires particuliers.<\/p>\n\n\n\n<p>Pour ceux qui souhaitent paresser dans leur chambre et ne souhaitent pas descendre \u00e0 la salle \u00e0 manger, nous proposons un service de <strong>petit-d\u00e9jeuner en chambre<\/strong> avec un petit suppl\u00e9ment au tarif journalier. De cette fa\u00e7on, vous pourrez profiter du petit-d\u00e9jeuner dans l&rsquo;intimit\u00e9 de votre chambre. Pour ceux qui doivent partir t\u00f4t le matin ou qui souhaitent faire une excursion dans les \u00eeles et emporter avec eux le petit-d\u00e9jeuner, nous proposons gratuitement notre <strong>take away<\/strong> : un petit sac ou une bo\u00eete pratique remplie de nombreuses gourmandises tir\u00e9es du buffet et pr\u00e9par\u00e9es par notre personnel de salle<\/p>\n","protected":false},"excerpt":{"rendered":"<p>Ca\u2019 Pozzo propose un service de petit-d\u00e9jeuner buffet dans la salle principale pr\u00e8s de la r\u00e9ception, auquel, si n\u00e9cessaire, quelques tables sont ajout\u00e9es dans la petite salle pr\u00e8s de l\u2019entr\u00e9e. En \u00e9t\u00e9, nos h\u00f4tes aiment prendre leur petit-d\u00e9jeuner \u00e0 l&rsquo;ext\u00e9rieur, dans la cour principale, prot\u00e9g\u00e9s par le grand auvent \u00e0 voile du soleil et de [&hellip;]<\/p>\n","protected":false},"author":1,"featured_media":4638,"parent":0,"menu_order":0,"comment_status":"closed","ping_status":"closed","template":"","meta":{"_acf_changed":false,"footnotes":""},"class_list":["post-3396","page","type-page","status-publish","has-post-thumbnail","hentry"],"acf":[],"_links":{"self":[{"href":"https:\/\/capozzoinn.com\/fr\/wp-json\/wp\/v2\/pages\/3396","targetHints":{"allow":["GET"]}}],"collection":[{"href":"https:\/\/capozzoinn.com\/fr\/wp-json\/wp\/v2\/pages"}],"about":[{"href":"https:\/\/capozzoinn.com\/fr\/wp-json\/wp\/v2\/types\/page"}],"author":[{"embeddable":true,"href":"https:\/\/capozzoinn.com\/fr\/wp-json\/wp\/v2\/users\/1"}],"replies":[{"embeddable":true,"href":"https:\/\/capozzoinn.com\/fr\/wp-json\/wp\/v2\/comments?post=3396"}],"version-history":[{"count":2,"href":"https:\/\/capozzoinn.com\/fr\/wp-json\/wp\/v2\/pages\/3396\/revisions"}],"predecessor-version":[{"id":4621,"href":"https:\/\/capozzoinn.com\/fr\/wp-json\/wp\/v2\/pages\/3396\/revisions\/4621"}],"wp:featuredmedia":[{"embeddable":true,"href":"https:\/\/capozzoinn.com\/fr\/wp-json\/wp\/v2\/media\/4638"}],"wp:attachment":[{"href":"https:\/\/capozzoinn.com\/fr\/wp-json\/wp\/v2\/media?parent=3396"}],"curies":[{"name":"wp","href":"https:\/\/api.w.org\/{rel}","templated":true}]}}