{"id":3398,"date":"2025-03-25T07:41:33","date_gmt":"2025-03-25T07:41:33","guid":{"rendered":"https:\/\/staging.capozzoinn.com\/?page_id=3398"},"modified":"2025-06-26T16:11:03","modified_gmt":"2025-06-26T16:11:03","slug":"cour-exterieure-terrasse-et-chambres-avec-cours-privees","status":"publish","type":"page","link":"https:\/\/capozzoinn.com\/fr\/cour-exterieure-terrasse-et-chambres-avec-cours-privees\/","title":{"rendered":"Cour ext\u00e9rieure, terrasse et chambres avec cours priv\u00e9es"},"content":{"rendered":"\n<p>Ca\u2019 Pozzo est n\u00e9 dans <strong>une grande cour int\u00e9rieure<\/strong> o\u00f9 vous pourrez profiter de la tranquillit\u00e9 et de la paix offertes par une Venise quelque peu insolite, \u00e0 deux pas du Ponte delle Guglie et du brouhaha des nombreux touristes qui la traversent chaque jour pour rejoindre Rialto ou San Marco.<\/p>\n\n\n\n<p>Notre grande terrasse vous offre la possibilit\u00e9 de prendre votre petit-d\u00e9jeuner dans la cour principale le matin ou de vous asseoir dehors apr\u00e8s une longue promenade dans les rues v\u00e9nitiennes et de siroter une boisson.<\/p>\n\n\n\n<p>Si la cour ne suffit pas, Ca\u2019 Pozzo offre la possibilit\u00e9 de profiter d\u2019une <strong>immense terrasse <\/strong>situ\u00e9e dans la partie la plus haute de la structure avec vue sur les b\u00e2timents environnants. Ici, vous pourrez vous asseoir et lire un livre m\u00eame en fin d&rsquo;apr\u00e8s-midi, lorsque la fatigue de la journ\u00e9e pass\u00e9e entre mus\u00e9es et promenades se fait sentir.<\/p>\n\n\n\n<p>Certaines chambres disposent \u00e9galement d&rsquo;une <strong>petite cour priv\u00e9e <\/strong>\u00e9quip\u00e9e de mobilier d&rsquo;ext\u00e9rieur o\u00f9 vous pourrez profiter d&rsquo;un peu de tranquillit\u00e9 et d&rsquo;intimit\u00e9. Des cours priv\u00e9es sont pr\u00e9sentes dans certaines chambres extra confort et peuvent \u00eatre r\u00e9serv\u00e9es sur demande.<\/p>\n\n\n\n<figure class=\"wp-block-gallery has-nested-images columns-default is-cropped wp-block-gallery-1 is-layout-flex wp-block-gallery-is-layout-flex\">\n<figure class=\"wp-block-image size-large\"><img loading=\"lazy\" decoding=\"async\" width=\"1024\" height=\"538\" data-id=\"4603\" src=\"https:\/\/capozzoinn.com\/wp-content\/uploads\/2025\/06\/Capozzo-Venice-1024x538.webp\" alt=\"Capozzo-Venice\" class=\"wp-image-4603\" srcset=\"https:\/\/capozzoinn.com\/wp-content\/uploads\/2025\/06\/Capozzo-Venice-1024x538.webp 1024w, https:\/\/capozzoinn.com\/wp-content\/uploads\/2025\/06\/Capozzo-Venice-300x158.webp 300w, https:\/\/capozzoinn.com\/wp-content\/uploads\/2025\/06\/Capozzo-Venice-768x403.webp 768w, https:\/\/capozzoinn.com\/wp-content\/uploads\/2025\/06\/Capozzo-Venice.webp 1200w\" sizes=\"auto, (max-width: 1024px) 100vw, 1024px\" \/><\/figure>\n\n\n\n<figure class=\"wp-block-image size-large\"><img loading=\"lazy\" decoding=\"async\" width=\"1000\" height=\"833\" data-id=\"4578\" src=\"https:\/\/capozzoinn.com\/wp-content\/uploads\/2025\/06\/Rooftop.webp\" alt=\"Rooftop\" class=\"wp-image-4578\" srcset=\"https:\/\/capozzoinn.com\/wp-content\/uploads\/2025\/06\/Rooftop.webp 1000w, https:\/\/capozzoinn.com\/wp-content\/uploads\/2025\/06\/Rooftop-300x250.webp 300w, https:\/\/capozzoinn.com\/wp-content\/uploads\/2025\/06\/Rooftop-768x640.webp 768w\" sizes=\"auto, (max-width: 1000px) 100vw, 1000px\" \/><\/figure>\n\n\n\n<figure class=\"wp-block-image size-large\"><img loading=\"lazy\" decoding=\"async\" width=\"1000\" height=\"833\" data-id=\"4588\" src=\"https:\/\/capozzoinn.com\/wp-content\/uploads\/2025\/06\/courtyard.webp\" alt=\"Courtyard\" class=\"wp-image-4588\" srcset=\"https:\/\/capozzoinn.com\/wp-content\/uploads\/2025\/06\/courtyard.webp 1000w, https:\/\/capozzoinn.com\/wp-content\/uploads\/2025\/06\/courtyard-300x250.webp 300w, https:\/\/capozzoinn.com\/wp-content\/uploads\/2025\/06\/courtyard-768x640.webp 768w\" sizes=\"auto, (max-width: 1000px) 100vw, 1000px\" \/><\/figure>\n<\/figure>\n","protected":false},"excerpt":{"rendered":"<p>Ca\u2019 Pozzo est n\u00e9 dans une grande cour int\u00e9rieure o\u00f9 vous pourrez profiter de la tranquillit\u00e9 et de la paix offertes par une Venise quelque peu insolite, \u00e0 deux pas du Ponte delle Guglie et du brouhaha des nombreux touristes qui la traversent chaque jour pour rejoindre Rialto ou San Marco. Notre grande terrasse vous [&hellip;]<\/p>\n","protected":false},"author":1,"featured_media":0,"parent":0,"menu_order":0,"comment_status":"closed","ping_status":"closed","template":"","meta":{"_acf_changed":false,"footnotes":""},"class_list":["post-3398","page","type-page","status-publish","hentry"],"acf":[],"_links":{"self":[{"href":"https:\/\/capozzoinn.com\/fr\/wp-json\/wp\/v2\/pages\/3398","targetHints":{"allow":["GET"]}}],"collection":[{"href":"https:\/\/capozzoinn.com\/fr\/wp-json\/wp\/v2\/pages"}],"about":[{"href":"https:\/\/capozzoinn.com\/fr\/wp-json\/wp\/v2\/types\/page"}],"author":[{"embeddable":true,"href":"https:\/\/capozzoinn.com\/fr\/wp-json\/wp\/v2\/users\/1"}],"replies":[{"embeddable":true,"href":"https:\/\/capozzoinn.com\/fr\/wp-json\/wp\/v2\/comments?post=3398"}],"version-history":[{"count":4,"href":"https:\/\/capozzoinn.com\/fr\/wp-json\/wp\/v2\/pages\/3398\/revisions"}],"predecessor-version":[{"id":5262,"href":"https:\/\/capozzoinn.com\/fr\/wp-json\/wp\/v2\/pages\/3398\/revisions\/5262"}],"wp:attachment":[{"href":"https:\/\/capozzoinn.com\/fr\/wp-json\/wp\/v2\/media?parent=3398"}],"curies":[{"name":"wp","href":"https:\/\/api.w.org\/{rel}","templated":true}]}}