{"id":3528,"date":"2025-01-10T08:51:39","date_gmt":"2025-01-10T08:51:39","guid":{"rendered":"https:\/\/staging.capozzoinn.com\/?page_id=3528"},"modified":"2025-06-23T13:32:52","modified_gmt":"2025-06-23T13:32:52","slug":"directions","status":"publish","type":"page","link":"https:\/\/capozzoinn.com\/fr\/directions\/","title":{"rendered":"Directions"},"content":{"rendered":"\n<p>Tu peux rejoindre Ca&rsquo; Pozzo depuis la gare routi\u00e8re de Piazzale Roma en marchant environ 10 minutes, en traversant le c\u00e9l\u00e8bre pont de Calatrava, aussi appel\u00e9 Pont de la Constitution.<\/p>\n\n\n\n<p>Depuis l&rsquo;h\u00f4tel, tu peux facilement rejoindre la Place Saint-Marc \u00e0 pied ou en vaporetto.<\/p>\n\n\n\n<p><\/p>\n","protected":false},"excerpt":{"rendered":"<p>Tu peux rejoindre Ca&rsquo; Pozzo depuis la gare routi\u00e8re de Piazzale Roma en marchant environ 10 minutes, en traversant le c\u00e9l\u00e8bre pont de Calatrava, aussi appel\u00e9 Pont de la Constitution. Depuis l&rsquo;h\u00f4tel, tu peux facilement rejoindre la Place Saint-Marc \u00e0 pied ou en vaporetto.<\/p>\n","protected":false},"author":1,"featured_media":0,"parent":0,"menu_order":0,"comment_status":"closed","ping_status":"closed","template":"templates\/dove-siamo.php","meta":{"_acf_changed":false,"footnotes":""},"class_list":["post-3528","page","type-page","status-publish","hentry"],"acf":[],"_links":{"self":[{"href":"https:\/\/capozzoinn.com\/fr\/wp-json\/wp\/v2\/pages\/3528","targetHints":{"allow":["GET"]}}],"collection":[{"href":"https:\/\/capozzoinn.com\/fr\/wp-json\/wp\/v2\/pages"}],"about":[{"href":"https:\/\/capozzoinn.com\/fr\/wp-json\/wp\/v2\/types\/page"}],"author":[{"embeddable":true,"href":"https:\/\/capozzoinn.com\/fr\/wp-json\/wp\/v2\/users\/1"}],"replies":[{"embeddable":true,"href":"https:\/\/capozzoinn.com\/fr\/wp-json\/wp\/v2\/comments?post=3528"}],"version-history":[{"count":10,"href":"https:\/\/capozzoinn.com\/fr\/wp-json\/wp\/v2\/pages\/3528\/revisions"}],"predecessor-version":[{"id":5259,"href":"https:\/\/capozzoinn.com\/fr\/wp-json\/wp\/v2\/pages\/3528\/revisions\/5259"}],"wp:attachment":[{"href":"https:\/\/capozzoinn.com\/fr\/wp-json\/wp\/v2\/media?parent=3528"}],"curies":[{"name":"wp","href":"https:\/\/api.w.org\/{rel}","templated":true}]}}