{"id":360,"date":"2025-01-09T02:34:59","date_gmt":"2025-01-09T02:34:59","guid":{"rendered":"https:\/\/staging.capozzoinn.com\/events\/feast-of-the-redeemer\/"},"modified":"2025-06-24T07:27:40","modified_gmt":"2025-06-24T07:27:40","slug":"fete-du-redempteur","status":"publish","type":"page","link":"https:\/\/capozzoinn.com\/fr\/evenements\/fete-du-redempteur\/","title":{"rendered":"F\u00eate du R\u00e9dempteur"},"content":{"rendered":"\n<p>La&nbsp;<strong>F\u00eate du R\u00e9dempteur<\/strong>&nbsp;est l\u2019un des festivals les plus importants de Venise, qui attire \u00e0 la fois les touristes et les gens qui vivent \u00e0 Venise et autour del la ville.<\/p>\n\n\n\n<p>Au cours du troisi\u00e8me dimanche de juillet, les V\u00e9nitiens construisent un pont pour relier l\u2019\u00eele de Venise (Fondamenta delle Zattere) \u00e0 la basilique paladienne du R\u00e9dempteur sur l\u2019\u00eele de Giudecca. L\u2019 \u00eele de Giudecca est situ\u00e9e juste en face de Venise . Le pont est construit pour laisser les p\u00e8lerins traverser la mer et atteindre la Basilique.<\/p>\n\n\n\n<p>La basilique a \u00e9t\u00e9 construite afin de se souvenir de la fin de la peste qui a eu lieu en 1576. Par cons\u00e9quent, chaque ann\u00e9e, le pont est construit comme un v\u0153u et le peuple v\u00e9nitien se rappelle l\u2019\u00e9v\u00e9nement important en c\u00e9l\u00e9brant la f\u00eate du R\u00e9dempteur.<\/p>\n\n\n\n<p>En effet, le samedi soir, de nombreux bateaux d\u00e9cor\u00e9s se rassemblent pr\u00e8s du bassin de Saint-Marc en attendant les feux d\u2019artifice qui ont lieu vers minuit. Pendant cette nuit, les V\u00e9nitiens chantent, dansent et mangent en attendant de profiter des feux d\u2019artifice.<\/p>\n\n\n\n<p><\/p>\n","protected":false},"excerpt":{"rendered":"<p>La&nbsp;F\u00eate du R\u00e9dempteur&nbsp;est l\u2019un des festivals les plus importants de Venise, qui attire \u00e0 la fois les touristes et les gens qui vivent \u00e0 Venise et autour del la ville. Au cours du troisi\u00e8me dimanche de juillet, les V\u00e9nitiens construisent un pont pour relier l\u2019\u00eele de Venise (Fondamenta delle Zattere) \u00e0 la basilique paladienne du [&hellip;]<\/p>\n","protected":false},"author":1,"featured_media":355,"parent":288,"menu_order":0,"comment_status":"closed","ping_status":"closed","template":"templates\/lista-figlio.php","meta":{"_acf_changed":false,"footnotes":""},"class_list":["post-360","page","type-page","status-publish","has-post-thumbnail","hentry"],"acf":[],"_links":{"self":[{"href":"https:\/\/capozzoinn.com\/fr\/wp-json\/wp\/v2\/pages\/360","targetHints":{"allow":["GET"]}}],"collection":[{"href":"https:\/\/capozzoinn.com\/fr\/wp-json\/wp\/v2\/pages"}],"about":[{"href":"https:\/\/capozzoinn.com\/fr\/wp-json\/wp\/v2\/types\/page"}],"author":[{"embeddable":true,"href":"https:\/\/capozzoinn.com\/fr\/wp-json\/wp\/v2\/users\/1"}],"replies":[{"embeddable":true,"href":"https:\/\/capozzoinn.com\/fr\/wp-json\/wp\/v2\/comments?post=360"}],"version-history":[{"count":3,"href":"https:\/\/capozzoinn.com\/fr\/wp-json\/wp\/v2\/pages\/360\/revisions"}],"predecessor-version":[{"id":4680,"href":"https:\/\/capozzoinn.com\/fr\/wp-json\/wp\/v2\/pages\/360\/revisions\/4680"}],"up":[{"embeddable":true,"href":"https:\/\/capozzoinn.com\/fr\/wp-json\/wp\/v2\/pages\/288"}],"wp:featuredmedia":[{"embeddable":true,"href":"https:\/\/capozzoinn.com\/fr\/wp-json\/wp\/v2\/media\/355"}],"wp:attachment":[{"href":"https:\/\/capozzoinn.com\/fr\/wp-json\/wp\/v2\/media?parent=360"}],"curies":[{"name":"wp","href":"https:\/\/api.w.org\/{rel}","templated":true}]}}