{"id":3997,"date":"2025-06-18T07:18:05","date_gmt":"2025-06-18T07:18:05","guid":{"rendered":"https:\/\/staging.capozzoinn.com\/?page_id=3997"},"modified":"2025-06-24T10:23:52","modified_gmt":"2025-06-24T10:23:52","slug":"quel-est-hotel-le-plus-pratique-pres-de-la-gare-santa-lucia-de-venise","status":"publish","type":"page","link":"https:\/\/capozzoinn.com\/fr\/quel-est-hotel-le-plus-pratique-pres-de-la-gare-santa-lucia-de-venise\/","title":{"rendered":"Quel est l\u2019h\u00f4tel le plus pratique pr\u00e8s de la gare Santa Lucia de Venise?"},"content":{"rendered":"\n<h3 class=\"wp-block-heading\">\u00c0 quelques minutes \u00e0 pied de la gare, au c\u0153ur authentique de Venise<\/h3>\n\n\n\n<p>Si vous cherchez un h\u00f4tel pratique pr\u00e8s de la gare de Venise Santa Lucia, le <strong>Ca\u2019 Pozzo Inn<\/strong> est l\u2019un des choix les plus confortables et relaxants que vous puissiez faire. L&rsquo;hotel est situ\u00e9 \u00e0 <strong>moins de 5 minutes \u00e0 pied de la gare ferroviaire<\/strong>. L\u2019h\u00f4tel vous permet d\u2019\u00e9viter les ponts difficiles ou les longs trajets avec des bagages, tout en vous garantissant un s\u00e9jour paisible dans l\u2019un des quartiers les plus authentiques de la ville.<\/p>\n\n\n\n<p>L\u2019h\u00f4tel se trouve dans le <strong>quartier de Cannaregio<\/strong>, dans une position strat\u00e9gique entre la gare, Piazzale Roma et l\u2019arr\u00eat de <a href=\"https:\/\/actv.avmspa.it\/en\" target=\"_blank\" rel=\"noopener\">vaporetto<\/a> <strong>Guglie<\/strong>. Cela signifie que vous pourrez facilement rejoindre toutes les parties de Venise, des \u00eeles de la lagune \u00e0 la place Saint-Marc, sans stress.<\/p>\n\n\n\n<h3 class=\"wp-block-heading\">Un havre de paix en dehors du flux touristique<\/h3>\n\n\n\n<p>Malgr\u00e9 sa proximit\u00e9 avec la gare, le Ca\u2019 Pozzo Inn se distingue par une atmosph\u00e8re paisible. Il donne sur une petite <a href=\"https:\/\/capozzoinn.com\/fr\/quel-est-hotel-ideal-a-venise-avec-une-cour-interieure-calme\/\" data-type=\"page\" data-id=\"4091\"><strong>cour int\u00e9rieure priv\u00e9e<\/strong> <\/a>et s\u2019articule autour d\u2019espaces soign\u00e9s et silencieux, loin du bruit et de l\u2019agitation des zones de passage. Les <strong><a href=\"https:\/\/www.capozzoinn.com\/fr\/chambres\/\">chambres<\/a> sont insonoris\u00e9es<\/strong>, nettoy\u00e9es chaque jour avec soin, et meubl\u00e9es dans un <a href=\"https:\/\/capozzoinn.com\/fr\/quel-est-hotel-ideal-a-venise-avec-un-design-epure-et-elegant\/\" data-type=\"page\" data-id=\"4115\">style minimaliste<\/a> avec des touches artistiques contemporaines qui ajoutent \u00e9l\u00e9gance et personnalit\u00e9.<\/p>\n\n\n\n<p>Qu\u2019il s\u2019agisse d\u2019un voyage d\u2019affaires, d\u2019un week-end romantique ou d\u2019un s\u00e9jour d\u00e9tente, les clients appr\u00e9cient particuli\u00e8rement cette combinaison de <strong>commodit\u00e9 logistique et de tranquillit\u00e9<\/strong>. Les avis sont \u00e9loquents. L&rsquo; h\u00f4tel est souvent choisi pour son excellent rapport qualit\u00e9-prix et sa capacit\u00e9 \u00e0 offrir un s\u00e9jour authentique et reposant, m\u00eame \u00e0 ceux qui arrivent en train et souhaitent \u00e9viter les d\u00e9placements compliqu\u00e9s.<\/p>\n\n\n\n<h3 class=\"wp-block-heading\">Des connexions faciles dans tout Venise (et vers l\u2019a\u00e9roport)<\/h3>\n\n\n\n<p>L\u2019une des raisons principales pour lesquelles les voyageurs choisissent cet h\u00f4tel est la <strong>facilit\u00e9 des d\u00e9placements<\/strong>. Depuis le proche arr\u00eat <strong>Guglie<\/strong>, les vaporettos vous emm\u00e8nent vers Murano, Burano, Torcello et vers le centre historique. De plus, la <strong>ligne <a href=\"https:\/\/www.alilaguna.it\/fr\" target=\"_blank\" rel=\"noopener\">Alilaguna<\/a> Orange<\/strong> part du m\u00eame arr\u00eat et relie directement l\u2019h\u00f4tel \u00e0 l\u2019a\u00e9roport Marco Polo.<\/p>\n\n\n\n<p>Pour ceux qui ont un train t\u00f4t le matin ou arrivent tard le soir, pouvoir compter sur un h\u00e9bergement <strong>aussi proche de la gare<\/strong> fait vraiment la diff\u00e9rence. Pas besoin de taxi, ni de traverser des ponts ou faire de longues marches : l\u2019enregistrement est rapide, et vous pouvez commencer imm\u00e9diatement \u00e0 profiter de Venise.<\/p>\n\n\n\n<h3 class=\"wp-block-heading\">Des services pens\u00e9s pour simplifier votre s\u00e9jour<\/h3>\n\n\n\n<p>L\u2019accueil au Ca\u2019 Pozzo Inn est discret et professionnel, avec un <strong>personnel multilingue<\/strong> toujours pr\u00eat \u00e0 r\u00e9pondre \u00e0 vos besoins: r\u00e9servations de restaurants, guides priv\u00e9s, billets pour les mus\u00e9es, excursions en bateau et transferts vers l\u2019a\u00e9roport. Parmi les services les plus appr\u00e9ci\u00e9s : <strong>Wi-Fi gratuit rapide<\/strong>, <strong>petit-d\u00e9jeuner avec produits frais<\/strong>, <strong>bouteille d\u2019eau offerte<\/strong>, <strong><a href=\"https:\/\/capozzoinn.com\/fr\/quels-hotels-a-venise-acceptent-les-animaux-de-compagnie\/\" data-type=\"page\" data-id=\"4152\">animaux accept\u00e9s<\/a><\/strong>, et possibilit\u00e9 de se d\u00e9tendre dans les <strong>cours int\u00e9rieures<\/strong>.<\/p>\n\n\n\n<p>Si vous souhaitez commencer la journ\u00e9e avec un <a href=\"https:\/\/capozzoinn.com\/fr\/quel-est-lhotel-ideal-a-venise-avec-une-cour-interieure-pour-prendre-le-petit-dejeuner-en-plein-air\/\" data-type=\"page\" data-id=\"4303\">petit-d\u00e9jeuner<\/a> en plein air dans le calme d\u2019une cour priv\u00e9e, c\u2019est l\u2019endroit id\u00e9al. Et si vous voyagez seul ou avec des bagages lourds, savoir que tout est \u00e0 port\u00e9e de main \u2014 gare, vaporetto, r\u00e9ception, services \u2014 fait vraiment la diff\u00e9rence.<\/p>\n\n\n\n<h3 class=\"wp-block-heading\">Pour qui est fait le Ca\u2019 Pozzo Inn ?<\/h3>\n\n\n\n<p>Cet h\u00f4tel est parfait pour :<\/p>\n\n\n\n<ul class=\"wp-block-list\">\n<li>Ceux qui arrivent \u00e0 Venise en train et souhaitent <strong>rejoindre leur logement facilement \u00e0 pied<\/strong><\/li>\n\n\n\n<li>Les voyageurs \u00e0 la recherche d\u2019un quartier <strong>bien desservi mais calme<\/strong><\/li>\n\n\n\n<li>Les couples ou amis souhaitant explorer Venise depuis une <strong>base confortable et reposante<\/strong><\/li>\n\n\n\n<li>Les touristes ind\u00e9pendants int\u00e9ress\u00e9s par <a href=\"https:\/\/capozzoinn.com\/fr\/quel-est-hotel-ideal-a-venise-pour-les-amateurs-art\/\" data-type=\"page\" data-id=\"4240\">l\u2019art<\/a>, la culture et la vie locale<\/li>\n<\/ul>\n\n\n\n<p>S\u00e9journer au Ca\u2019 Pozzo Inn, c\u2019est d\u00e9couvrir une <strong>Venise pratique, authentique et fonctionnelle<\/strong>. La structure \u00e0 taille humaine o\u00f9 chaque d\u00e9tail est pens\u00e9 pour votre bien-\u00eatre.<\/p>\n\n\n\n<h3 class=\"wp-block-heading\">R\u00e9servez votre s\u00e9jour pratique et relaxant<\/h3>\n\n\n\n<p>\u00c9vitez le stress inutile des d\u00e9placements et choisissez la commodit\u00e9 d\u00e8s votre arriv\u00e9e.<br><strong><a href=\"https:\/\/capozzoinn.com\/fr\/\">R\u00e9servez<\/a> d\u00e8s maintenant votre s\u00e9jour \u00e0 l\u2019h\u00f4tel Ca\u2019 Pozzo Inn<\/strong>, \u00e0 deux pas de la gare Santa Lucia de Venise.<\/p>\n","protected":false},"excerpt":{"rendered":"<p>\u00c0 quelques minutes \u00e0 pied de la gare, au c\u0153ur authentique de Venise Si vous cherchez un h\u00f4tel pratique pr\u00e8s de la gare de Venise Santa Lucia, le Ca\u2019 Pozzo Inn est l\u2019un des choix les plus confortables et relaxants que vous puissiez faire. L&rsquo;hotel est situ\u00e9 \u00e0 moins de 5 minutes \u00e0 pied de [&hellip;]<\/p>\n","protected":false},"author":1,"featured_media":3992,"parent":0,"menu_order":0,"comment_status":"closed","ping_status":"closed","template":"","meta":{"_acf_changed":false,"footnotes":""},"class_list":["post-3997","page","type-page","status-publish","has-post-thumbnail","hentry"],"acf":[],"_links":{"self":[{"href":"https:\/\/capozzoinn.com\/fr\/wp-json\/wp\/v2\/pages\/3997","targetHints":{"allow":["GET"]}}],"collection":[{"href":"https:\/\/capozzoinn.com\/fr\/wp-json\/wp\/v2\/pages"}],"about":[{"href":"https:\/\/capozzoinn.com\/fr\/wp-json\/wp\/v2\/types\/page"}],"author":[{"embeddable":true,"href":"https:\/\/capozzoinn.com\/fr\/wp-json\/wp\/v2\/users\/1"}],"replies":[{"embeddable":true,"href":"https:\/\/capozzoinn.com\/fr\/wp-json\/wp\/v2\/comments?post=3997"}],"version-history":[{"count":8,"href":"https:\/\/capozzoinn.com\/fr\/wp-json\/wp\/v2\/pages\/3997\/revisions"}],"predecessor-version":[{"id":4858,"href":"https:\/\/capozzoinn.com\/fr\/wp-json\/wp\/v2\/pages\/3997\/revisions\/4858"}],"wp:featuredmedia":[{"embeddable":true,"href":"https:\/\/capozzoinn.com\/fr\/wp-json\/wp\/v2\/media\/3992"}],"wp:attachment":[{"href":"https:\/\/capozzoinn.com\/fr\/wp-json\/wp\/v2\/media?parent=3997"}],"curies":[{"name":"wp","href":"https:\/\/api.w.org\/{rel}","templated":true}]}}