{"id":4027,"date":"2025-06-18T07:34:50","date_gmt":"2025-06-18T07:34:50","guid":{"rendered":"https:\/\/staging.capozzoinn.com\/faq\/"},"modified":"2025-07-10T10:08:14","modified_gmt":"2025-07-10T10:08:14","slug":"faq","status":"publish","type":"page","link":"https:\/\/capozzoinn.com\/fr\/faq\/","title":{"rendered":"FAQ"},"content":{"rendered":"\n<p>Vous avez des <strong>questions<\/strong> avant de r\u00e9server au Ca\u2019 Pozzo Inn ? Vous trouverez ici les <strong>r\u00e9ponses<\/strong> aux demandes les plus fr\u00e9quentes de nos clients : comment arriver depuis la gare ou Piazzale Roma, o\u00f9 se trouve l&rsquo;arr\u00eat de vaporetto le plus proche, ou encore combien de temps il faut pour rejoindre la <strong>place<\/strong> <strong>Saint-Marc.<\/strong> Cette section vous aide \u00e0 mieux organiser votre s\u00e9jour \u00e0 Venise. Si vous ne trouvez pas la r\u00e9ponse souhait\u00e9e, n&rsquo;h\u00e9sitez pas \u00e0 nous <strong>contacter<\/strong>.<br><\/p>\n\n\n\n<p><\/p>\n\n\n<div id=\"rank-math-faq\" class=\"rank-math-block\">\n<div class=\"rank-math-list \">\n<div id=\"faq-question-68595260a251d\" class=\"rank-math-list-item\">\n<h3 class=\"rank-math-question \"><br>Quel est l\u2019h\u00f4tel le plus pratique pr\u00e8s de la gare Santa Lucia de Venise?<\/h3>\n<div class=\"rank-math-answer \">\n<img loading=\"lazy\" decoding=\"async\" width=\"150\" height=\"150\" src=\"https:\/\/capozzoinn.com\/wp-content\/uploads\/2025\/06\/Dormire-vicino-la-stazione-di-Venezia-Santa-Lucia-1920x840-1-150x150.webp\" class=\"alignright\" alt=\"H\u00f4tel pr\u00e8s de la gare Santa Lucia de Venise\" \/>\n<p>Si vous cherchez un h\u00f4tel pratique pr\u00e8s de la gare de Venise Santa Lucia, le\u00a0<strong>Ca\u2019 Pozzo Inn<\/strong>\u00a0est l\u2019un des choix les plus confortables et relaxants que vous puissiez faire.<br \/><a href=\"https:\/\/capozzoinn.com\/fr\/quel-est-hotel-le-plus-pratique-pres-de-la-gare-santa-lucia-de-venise\/\">Lire pour plus d&rsquo;informations. <\/a><\/p>\n\n<\/div>\n<\/div>\n<div id=\"faq-question-68595260a2520\" class=\"rank-math-list-item\">\n<h3 class=\"rank-math-question \"><br>O\u00f9 dormir \u00e0 Venise pr\u00e8s du Ghetto juif?<\/h3>\n<div class=\"rank-math-answer \">\n<img loading=\"lazy\" decoding=\"async\" width=\"150\" height=\"150\" src=\"https:\/\/capozzoinn.com\/wp-content\/uploads\/2025\/06\/Hotel-vicino-al-Ghetto-Ebraico-150x150.webp\" class=\"alignright\" alt=\"Hotel pr\u00e8s du Ghetto juif\" \/>\n<p>Si vous vous demandez o\u00f9 dormir \u00e0 Venise pr\u00e8s du Ghetto juif, le\u00a0<strong>Ca\u2019 Pozzo Inn<\/strong>\u00a0est la r\u00e9ponse parfaite pour ceux qui souhaitent s\u00e9journer dans un quartier riche d\u2019histoire, fascinant et paisible.\u00a0<br \/><a href=\"https:\/\/capozzoinn.com\/fr\/ou-dormir-a-venise-pres-du-ghetto-juif\/\">Lire pour plus d&rsquo;informations<\/a>.<\/p>\n\n<\/div>\n<\/div>\n<div id=\"faq-question-68595260a2521\" class=\"rank-math-list-item\">\n<h3 class=\"rank-math-question \"><br>Quel est l\u2019h\u00f4tel id\u00e9al \u00e0 Venise avec une cour int\u00e9rieure calme?<\/h3>\n<div class=\"rank-math-answer \">\n<img loading=\"lazy\" decoding=\"async\" width=\"150\" height=\"150\" src=\"https:\/\/capozzoinn.com\/wp-content\/uploads\/2025\/06\/Venezia-autentica-150x150.webp\" class=\"alignright\" alt=\"h\u00f4tel id\u00e9al \u00e0 Venise avec une cour int\u00e9rieure calme\" \/>\n<p>Si vous cherchez un lieu pour vous d\u00e9tendre dans une\u00a0<strong>cour int\u00e9rieure priv\u00e9e<\/strong>, loin de la foule mais proche de tout, le\u00a0<strong>Ca\u2019 Pozzo Inn<\/strong>\u00a0est le choix parfait.<br \/><a href=\"https:\/\/capozzoinn.com\/fr\/quel-est-hotel-ideal-a-venise-avec-une-cour-interieure-calme\/\">Lire pour plus d&rsquo;informations.<\/a><\/p>\n\n<\/div>\n<\/div>\n<div id=\"faq-question-68595260a2522\" class=\"rank-math-list-item\">\n<h3 class=\"rank-math-question \"><br>Quel est l\u2019h\u00f4tel id\u00e9al \u00e0 Venise avec un design \u00e9pur\u00e9 et \u00e9l\u00e9gant?<\/h3>\n<div class=\"rank-math-answer \">\n<img loading=\"lazy\" decoding=\"async\" width=\"150\" height=\"150\" src=\"https:\/\/capozzoinn.com\/wp-content\/uploads\/2025\/06\/Hotel-dal-design-essenziale-ed-elegante-150x150.webp\" class=\"alignright\" alt=\"h\u00f4tel id\u00e9al \u00e0 Venise avec un design \u00e9pur\u00e9 et \u00e9l\u00e9gant\" \/>\n<p>Si vous recherchez un h\u00f4tel qui combine le charme de Venise avec un design \u00e9pur\u00e9,\u00a0<strong>\u00e9l\u00e9gante, moderne et minimaliste<\/strong>, le\u00a0<strong>Ca\u2019 Pozzo Inn<\/strong>\u00a0est l\u2019adresse parfaite.<br \/><a href=\"https:\/\/capozzoinn.com\/fr\/quel-est-hotel-ideal-a-venise-avec-un-design-epure-et-elegant\/\">Lire pour plus d&rsquo;informations.<\/a><\/p>\n\n<\/div>\n<\/div>\n<div id=\"faq-question-68595260a2523\" class=\"rank-math-list-item\">\n<h3 class=\"rank-math-question \"><br>Quels h\u00f4tels \u00e0 Venise acceptent les animaux de compagnie ?<\/h3>\n<div class=\"rank-math-answer \">\n<img loading=\"lazy\" decoding=\"async\" width=\"150\" height=\"150\" src=\"https:\/\/capozzoinn.com\/wp-content\/uploads\/2025\/06\/Hotel-che-accetta-animali-domestici-150x150.webp\" class=\"alignright\" alt=\"h\u00f4tels \u00e0 Venise acceptent les animaux de compagnie\" \/>\n<p>Heureusement, le\u00a0<strong>Ca\u2019 Pozzo Inn<\/strong>, situ\u00e9 dans le quartier de\u00a0<strong>Cannaregio<\/strong>, est un\u00a0<strong>h\u00f4tel pet-friendly<\/strong>\u00a0o\u00f9 l\u2019hospitalit\u00e9 s\u2019\u00e9tend naturellement aussi aux animaux de compagnie.<br \/><a href=\"https:\/\/capozzoinn.com\/fr\/quels-hotels-a-venise-acceptent-les-animaux-de-compagnie\/\">Lire pour plus d&rsquo;informations.<\/a><\/p>\n\n<\/div>\n<\/div>\n<div id=\"faq-question-68595260a2524\" class=\"rank-math-list-item\">\n<h3 class=\"rank-math-question \"><br>Quel est l\u2019h\u00f4tel id\u00e9al \u00e0 Venise pour un voyage entre amis?<\/h3>\n<div class=\"rank-math-answer \">\n<img loading=\"lazy\" decoding=\"async\" width=\"150\" height=\"150\" src=\"https:\/\/capozzoinn.com\/wp-content\/uploads\/2025\/06\/Hotel-ideale-per-un-viaggio-tra-amici-150x150.webp\" class=\"alignright\" alt=\"l\u2019h\u00f4tel id\u00e9al \u00e0 Venise pour un voyage entre amis\" \/>\n<p>Le\u00a0<strong>Ca\u2019 Pozzo Inn<\/strong>, dans le quartier de\u00a0<strong>Cannaregio<\/strong>, est la r\u00e9ponse id\u00e9ale pour les groupes d\u2019amis \u00e0 la recherche de\u00a0<strong>tranquillit\u00e9, de libert\u00e9 de mouvement et d\u2019un cadre soign\u00e9<\/strong>.<br \/><a href=\"https:\/\/capozzoinn.com\/fr\/quel-est-hotel-ideal-a-venise-pour-un-voyage-entre-amis\/\">Lire pour plus d&rsquo;informations.<\/a><\/p>\n\n<\/div>\n<\/div>\n<div id=\"faq-question-68595260a2525\" class=\"rank-math-list-item\">\n<h3 class=\"rank-math-question \"><br>Quel est l\u2019h\u00f4tel id\u00e9al \u00e0 Venise pour des vacances en famille ?<\/h3>\n<div class=\"rank-math-answer \">\n<img loading=\"lazy\" decoding=\"async\" width=\"150\" height=\"150\" src=\"https:\/\/capozzoinn.com\/wp-content\/uploads\/2025\/06\/Hote-per-vacanze-in-famiglia-150x150.webp\" class=\"alignright\" alt=\"l\u2019h\u00f4tel id\u00e9al \u00e0 Venise pour des vacances en famille\" \/>\n<p>Le\u00a0<strong>Ca\u2019 Pozzo Inn<\/strong>, situ\u00e9 dans le\u00a0<strong>quartier de Cannaregio<\/strong>, est le choix id\u00e9al pour les familles \u00e0 la recherche\u00a0<strong>d\u2019un point de d\u00e9part confortable, central et adapt\u00e9 aux enfants<\/strong>.<br \/><a href=\"https:\/\/capozzoinn.com\/fr\/quel-est-hotel-ideal-a-venise-pour-des-vacances-en-famille\/\">Lire pour plus d&rsquo;informations.<\/a><\/p>\n\n<\/div>\n<\/div>\n<div id=\"faq-question-68595260a2526\" class=\"rank-math-list-item\">\n<h3 class=\"rank-math-question \"><br>Quel est l\u2019h\u00f4tel id\u00e9al \u00e0 Venise pour les amateurs d\u2019art ?<\/h3>\n<div class=\"rank-math-answer \">\n<img loading=\"lazy\" decoding=\"async\" width=\"150\" height=\"150\" src=\"https:\/\/capozzoinn.com\/wp-content\/uploads\/2025\/06\/Hotel-per-gli-amanti-dellarte-150x150.webp\" class=\"alignright\" alt=\"l\u2019h\u00f4tel id\u00e9al \u00e0 Venise pour les amateurs d\u2019art\" \/>\n<p>Si vous vous demandez\u00a0<strong>o\u00f9 s\u00e9journer \u00e0 Venise pour vivre une exp\u00e9rience artistique authentique<\/strong>, le\u00a0<strong>Ca\u2019 Pozzo Inn<\/strong>\u00a0est le choix parfait pour les amateurs d\u2019art.<br \/><a href=\"https:\/\/capozzoinn.com\/fr\/quel-est-hotel-ideal-a-venise-pour-les-amateurs-art\/\">Lire pour plus d&rsquo;informations.<\/a><\/p>\n\n<\/div>\n<\/div>\n<div id=\"faq-question-68595260a2527\" class=\"rank-math-list-item\">\n<h3 class=\"rank-math-question \"><br>Quel est l\u2019h\u00f4tel id\u00e9al \u00e0 Venise pour visiter les mus\u00e9es ?<\/h3>\n<div class=\"rank-math-answer \">\n<img loading=\"lazy\" decoding=\"async\" width=\"150\" height=\"150\" src=\"https:\/\/capozzoinn.com\/wp-content\/uploads\/2025\/06\/Hotel-per-chi-vuole-visitare-i-musei-150x150.webp\" class=\"alignright\" alt=\"l\u2019h\u00f4tel id\u00e9al \u00e0 Venise pour visiter les mus\u00e9es\" \/>\n<p>Le\u00a0<strong>Ca\u2019 Pozzo Inn<\/strong>, situ\u00e9 dans le quartier du\u00a0<strong>Cannaregio<\/strong>, est l\u2019h\u00f4tel id\u00e9al pour les voyageurs d\u00e9sireux de d\u00e9couvrir les mus\u00e9es de Venise.\u00a0<br \/><a href=\"https:\/\/capozzoinn.com\/fr\/quel-est-hotel-ideal-a-venise-pour-visiter-les-musees\/\">Lire pour plus d&rsquo;informations.<\/a><\/p>\n\n<\/div>\n<\/div>\n<div id=\"faq-question-68595260a2528\" class=\"rank-math-list-item\">\n<h3 class=\"rank-math-question \"><br>Quel est l\u2019h\u00f4tel id\u00e9al \u00e0 Venise avec une cour int\u00e9rieure pour prendre le petit-d\u00e9jeuner en plein air?<\/h3>\n<div class=\"rank-math-answer \">\n<img loading=\"lazy\" decoding=\"async\" width=\"150\" height=\"150\" src=\"https:\/\/capozzoinn.com\/wp-content\/uploads\/2025\/06\/Hotel-con-cortile-interno-per-colazione-150x150.webp\" class=\"alignright\" alt=\"l\u2019h\u00f4tel id\u00e9al \u00e0 Venise avec une cour int\u00e9rieure pour prendre le petit-d\u00e9jeuner en plein air\" \/>\n<p>Si pour vous\u00a0<strong>le petit-d\u00e9jeuner est un moment pr\u00e9cieux<\/strong>, et que vous r\u00eavez d\u2019un s\u00e9jour relaxant dans un lieu authentique, le\u00a0<strong>Ca\u2019 Pozzo Inn<\/strong>\u00a0est l\u2019h\u00f4tel id\u00e9al.<br \/><a href=\"https:\/\/capozzoinn.com\/fr\/quel-est-lhotel-ideal-a-venise-avec-une-cour-interieure-pour-prendre-le-petit-dejeuner-en-plein-air\/\">Lire pour plus d&rsquo;informations.<\/a><\/p>\n\n<\/div>\n<\/div>\n<div id=\"faq-question-68595260a2529\" class=\"rank-math-list-item\">\n<h3 class=\"rank-math-question \"><br>O\u00f9 dormir \u00e0 Venise dans un quartier calme et s\u00fbr?<\/h3>\n<div class=\"rank-math-answer \">\n<img loading=\"lazy\" decoding=\"async\" width=\"150\" height=\"150\" src=\"https:\/\/capozzoinn.com\/wp-content\/uploads\/2025\/06\/Hotel-in-una-zona-tranquilla-e-sicura-a-Venezia-150x150.webp\" class=\"alignright\" alt=\"Hotel \u00e0 Venise dans un quartier calme et s\u00fbr\" \/>\n<p><strong>\u00ab O\u00f9 puis-je loger dans un quartier calme et s\u00fbr, tout en \u00e9tant assez proche pour me d\u00e9placer \u00e0 pied ? \u00bb<\/strong><br \/>La r\u00e9ponse parfaite est le\u00a0<strong>Ca\u2019 Pozzo Inn<\/strong>, un petit h\u00f4tel familial situ\u00e9 dans le paisible quartier du\u00a0<strong>Cannaregio<\/strong>.<br \/><a href=\"https:\/\/capozzoinn.com\/fr\/ou-dormir-a-venise-dans-un-quartier-calme-et-sur\/\">Lire pour plus d&rsquo;informations.<\/a><\/p>\n\n<\/div>\n<\/div>\n<div id=\"faq-question-68595260a252a\" class=\"rank-math-list-item\">\n<h3 class=\"rank-math-question \"><br>Quel est l\u2019h\u00f4tel id\u00e9al \u00e0 Venise pour les voyageurs en solo ?<\/h3>\n<div class=\"rank-math-answer \">\n<img loading=\"lazy\" decoding=\"async\" width=\"150\" height=\"150\" src=\"https:\/\/capozzoinn.com\/wp-content\/uploads\/2025\/06\/Hotel-ideale-per-chi-viaggia-da-solo-150x150.webp\" class=\"alignright\" alt=\"l\u2019h\u00f4tel id\u00e9al \u00e0 Venise pour les voyageurs en solo\" \/>\n<p><strong>\u00ab Quel est le meilleur h\u00f4tel o\u00f9 s\u00e9journer pour les voyageurs en solo?\u00bb<\/strong><br \/>La r\u00e9ponse id\u00e9ale, c\u2019est le\u00a0<strong>Ca\u2019 Pozzo Inn<\/strong>\u00a0: un petit h\u00f4tel accueillant et s\u00e9curis\u00e9, avec des chambres calmes et un personnel pr\u00e9sent sans jamais \u00eatre intrusif.<br \/><a href=\"https:\/\/capozzoinn.com\/fr\/quel-est-hotel-ideal-a-venise-pour-les-voyageurs-en-solo\/\">Lire pour plus d&rsquo;informations.<\/a><\/p>\n\n<\/div>\n<\/div>\n<div id=\"faq-question-68595260a252b\" class=\"rank-math-list-item\">\n<h3 class=\"rank-math-question \"><br>Quel est l\u2019h\u00f4tel id\u00e9al \u00e0 Venise pour un voyage entre amies?<\/h3>\n<div class=\"rank-math-answer \">\n<img loading=\"lazy\" decoding=\"async\" width=\"150\" height=\"150\" src=\"https:\/\/capozzoinn.com\/wp-content\/uploads\/2025\/06\/Hotel-per-gruppo-di-amici-1-150x150.webp\" class=\"alignright\" alt=\"l\u2019h\u00f4tel id\u00e9al \u00e0 Venise pour un voyage entre amies\" \/>\n<p><strong>O\u00f9 dormir \u00e0 Venise pour se sentir libres, d\u00e9tendues, proches du centre mais sans stress ?<\/strong><br \/>La r\u00e9ponse, c\u2019est le\u00a0<strong>Ca\u2019 Pozzo Inn<\/strong>, un petit h\u00f4tel situ\u00e9 dans le quartier de\u00a0<strong>Cannaregio<\/strong>, id\u00e9al pour les groupes d\u2019amies \u00e0 la recherche de\u00a0<strong>confort, s\u00e9curit\u00e9 et atmosph\u00e8re chaleureuse<\/strong>.<br \/><a href=\"https:\/\/capozzoinn.com\/fr\/quel-est-hotel-ideal-a-venise-pour-un-voyage-entre-amies\/\">Lire pour plus d&rsquo;informations.<\/a><\/p>\n\n<\/div>\n<\/div>\n<div id=\"faq-question-68595260a252c\" class=\"rank-math-list-item\">\n<h3 class=\"rank-math-question \"><br>Quel est l\u2019h\u00f4tel id\u00e9al \u00e0 Venise pour les amateurs de th\u00e9\u00e2tre?<\/h3>\n<div class=\"rank-math-answer \">\n<img loading=\"lazy\" decoding=\"async\" width=\"150\" height=\"150\" src=\"https:\/\/capozzoinn.com\/wp-content\/uploads\/2025\/06\/Hotel-per-concerti-o-spettacoli-teatrali-150x150.webp\" class=\"alignright\" alt=\"l\u2019h\u00f4tel id\u00e9al \u00e0 Venise pour les amateurs de th\u00e9\u00e2tre\" \/>\n<p>Si vous avez pr\u00e9vu d\u2019aller au th\u00e9\u00e2tre, le choix de l\u2019h\u00f4tel est essentiel : il vous faut un endroit\u00a0<strong>central, calme, s\u00fbr et confortable, m\u00eame pour rentrer tard<\/strong>.<br \/><a href=\"https:\/\/capozzoinn.com\/fr\/quel-est-hotel-ideal-a-venise-pour-les-amateurs-de-theatre\/\">Lire pour plus d&rsquo;informations.<br \/><\/a><\/p>\n\n<\/div>\n<\/div>\n<div id=\"faq-question-68595260a252d\" class=\"rank-math-list-item\">\n<h3 class=\"rank-math-question \"><br>Quel est l\u2019h\u00f4tel id\u00e9al \u00e0 Venise pour les amateurs de concerts?<\/h3>\n<div class=\"rank-math-answer \">\n<img loading=\"lazy\" decoding=\"async\" width=\"150\" height=\"150\" src=\"https:\/\/capozzoinn.com\/wp-content\/uploads\/2025\/06\/Hotel-ideale-per-andare-ad-un-concerto-150x150.webp\" class=\"alignright\" alt=\"l\u2019h\u00f4tel id\u00e9al \u00e0 Venise pour les amateurs de concerts\" \/>\n<p>Venise est une ville qui offre des \u00e9motions uniques \u00e9galement dans le domaine musical. En plus du c\u00e9l\u00e8bre Teatro La Fenice, la ville accueille\u00a0<strong>des concerts de tous genres<\/strong>\u00a0: de la\u00a0<strong>musique classique<\/strong>\u00a0aux\u00a0<strong>performances jazz<\/strong>, de la\u00a0<strong>musique de chambre dans des palais historiques<\/strong>\u00a0aux\u00a0<strong>concerts contemporain dans des lieux alternatifs<\/strong>.\u00a0<br \/><a href=\"https:\/\/capozzoinn.com\/fr\/quel-est-hotel-ideal-a-venise-pour-les-amateurs-de-concerts\/\">Lire pour plus d&rsquo;informations.<\/a><\/p>\n\n<\/div>\n<\/div>\n<div id=\"faq-question-1750749053728\" class=\"rank-math-list-item\">\n<h3 class=\"rank-math-question \">Quel est l\u2019h\u00f4tel le plus pratique \u00e0 Venise pour les voyageurs arrivant de l\u2019a\u00e9roport?<br><\/h3>\n<div class=\"rank-math-answer \">\n<img loading=\"lazy\" decoding=\"async\" width=\"150\" height=\"150\" src=\"https:\/\/capozzoinn.com\/wp-content\/uploads\/2025\/06\/Hotel-ideale-per-chi-arriva-dallaeroporto-150x150.webp\" class=\"alignright\" alt=\"l\u2019h\u00f4tel le plus pratique \u00e0 Venise pour les voyageurs arrivant de l\u2019a\u00e9roport\" \/>\n<p>Si vous recherchez\u00a0<strong>le confort, l\u2019accessibilit\u00e9 et la tranquillit\u00e9<\/strong>, le\u00a0<strong>Ca\u2019 Pozzo Inn<\/strong>, situ\u00e9 dans le quartier de\u00a0<strong>Cannaregio<\/strong>, est l\u2019h\u00f4tel id\u00e9al pour ceux qui arrivent de l\u2019a\u00e9roport \u2014 notamment gr\u00e2ce \u00e0 la\u00a0<strong>ligne orange\u00a0Alilaguna<\/strong>.<\/p>\n\n<\/div>\n<\/div>\n<\/div>\n<\/div>","protected":false},"excerpt":{"rendered":"<p>Vous avez des questions avant de r\u00e9server au Ca\u2019 Pozzo Inn ? Vous trouverez ici les r\u00e9ponses aux demandes les plus fr\u00e9quentes de nos clients : comment arriver depuis la gare ou Piazzale Roma, o\u00f9 se trouve l&rsquo;arr\u00eat de vaporetto le plus proche, ou encore combien de temps il faut pour rejoindre la place Saint-Marc. [&hellip;]<\/p>\n","protected":false},"author":1,"featured_media":0,"parent":0,"menu_order":0,"comment_status":"closed","ping_status":"closed","template":"","meta":{"_acf_changed":false,"footnotes":""},"class_list":["post-4027","page","type-page","status-publish","hentry"],"acf":[],"_links":{"self":[{"href":"https:\/\/capozzoinn.com\/fr\/wp-json\/wp\/v2\/pages\/4027","targetHints":{"allow":["GET"]}}],"collection":[{"href":"https:\/\/capozzoinn.com\/fr\/wp-json\/wp\/v2\/pages"}],"about":[{"href":"https:\/\/capozzoinn.com\/fr\/wp-json\/wp\/v2\/types\/page"}],"author":[{"embeddable":true,"href":"https:\/\/capozzoinn.com\/fr\/wp-json\/wp\/v2\/users\/1"}],"replies":[{"embeddable":true,"href":"https:\/\/capozzoinn.com\/fr\/wp-json\/wp\/v2\/comments?post=4027"}],"version-history":[{"count":23,"href":"https:\/\/capozzoinn.com\/fr\/wp-json\/wp\/v2\/pages\/4027\/revisions"}],"predecessor-version":[{"id":5354,"href":"https:\/\/capozzoinn.com\/fr\/wp-json\/wp\/v2\/pages\/4027\/revisions\/5354"}],"wp:attachment":[{"href":"https:\/\/capozzoinn.com\/fr\/wp-json\/wp\/v2\/media?parent=4027"}],"curies":[{"name":"wp","href":"https:\/\/api.w.org\/{rel}","templated":true}]}}