{"id":4052,"date":"2025-06-18T08:28:41","date_gmt":"2025-06-18T08:28:41","guid":{"rendered":"https:\/\/staging.capozzoinn.com\/dove-dormire-a-venezia-vicino-al-ghetto-ebraico\/"},"modified":"2025-06-24T11:43:57","modified_gmt":"2025-06-24T11:43:57","slug":"ou-dormir-a-venise-pres-du-ghetto-juif","status":"publish","type":"page","link":"https:\/\/capozzoinn.com\/fr\/ou-dormir-a-venise-pres-du-ghetto-juif\/","title":{"rendered":"O\u00f9 dormir \u00e0 Venise pr\u00e8s du Ghetto juif?"},"content":{"rendered":"\n<h3 class=\"wp-block-heading\">Un h\u00f4tel authentique entre histoire, culture et tranquillit\u00e9<\/h3>\n\n\n\n<p>Si vous vous demandez o\u00f9 dormir \u00e0 Venise pr\u00e8s du Ghetto juif, le <strong>Ca\u2019 Pozzo Inn<\/strong> est la r\u00e9ponse parfaite pour ceux qui souhaitent s\u00e9journer dans un quartier riche d\u2019histoire, fascinant et paisible. Situ\u00e9 \u00e0 quelques minutes \u00e0 pied du c\u0153ur du Ghetto, l\u2019h\u00f4tel se trouve dans le <strong>quartier de Cannaregio<\/strong>, l\u2019un des plus authentiques et anim\u00e9s de la ville.<\/p>\n\n\n\n<p>Dormir pr\u00e8s du Ghetto juif, c\u2019est s\u2019immerger dans une atmosph\u00e8re unique : synagogues, mus\u00e9es, restaurants casher et ruelles tranquilles offrent une exp\u00e9rience v\u00e9nitienne loin des circuits touristiques les plus fr\u00e9quent\u00e9s. Le <strong>Ca\u2019 Pozzo Inn<\/strong>, avec ses chambres \u00e9l\u00e9gantes et calmes, s\u2019int\u00e8gre parfaitement dans ce cadre.<\/p>\n\n\n\n<h3 class=\"wp-block-heading\">Une position strat\u00e9gique pour explorer Venise<\/h3>\n\n\n\n<p>L\u2019h\u00f4tel est id\u00e9alement situ\u00e9 pour visiter <strong>le Ghetto<\/strong>, tout en permettant de se d\u00e9placer facilement dans toute la ville. \u00c0 quelques minutes se trouvent l\u2019arr\u00eat de <a href=\"https:\/\/actv.avmspa.it\/en\" target=\"_blank\" rel=\"noopener\">vaporetto<\/a> <strong>Guglie<\/strong>, <a href=\"https:\/\/capozzoinn.com\/fr\/quel-est-hotel-le-plus-pratique-pres-de-la-gare-santa-lucia-de-venise\/\">la <strong>gare Santa Lucia<\/strong><\/a> et le <strong>Piazzale Roma<\/strong>, ce qui facilite l\u2019arriv\u00e9e et les d\u00e9placements, m\u00eame vers les \u00eeles de la lagune.<\/p>\n\n\n\n<p>S\u00e9journer au Ca\u2019 Pozzo signifie aussi \u00eatre <strong>\u00e0 deux pas des fondamente tranquilles<\/strong>, de restaurants locaux, de bars fr\u00e9quent\u00e9s par les V\u00e9nitiens et de petites boutiques artisanales. Une Venise authentique, \u00e0 vivre calmement, loin de l\u2019agitation de Rialto ou de la place Saint-Marc.<\/p>\n\n\n\n<h3 class=\"wp-block-heading\">Chambres calmes, cours int\u00e9rieures et petit-d\u00e9jeuner en plein air<\/h3>\n\n\n\n<p>Le Ca\u2019 Pozzo Inn est un h\u00f4tel <strong>moderne et intime<\/strong>, avec <strong>seulement 14 <a href=\"https:\/\/www.capozzoinn.com\/fr\/chambres\/\">h\u00e9bergements<\/a><\/strong> r\u00e9partis autour de cours int\u00e9rieures priv\u00e9es. Cette structure \u00e0 taille humaine garantit une <strong>ambiance d\u00e9tendue et familiale<\/strong>, parfaite pour se reposer apr\u00e8s une journ\u00e9e de visites. Les <a href=\"https:\/\/www.capozzoinn.com\/fr\/chambres\/\" data-type=\"link\" data-id=\"https:\/\/www.capozzoinn.com\/fr\/chambres\/\">chambres<\/a> sont insonoris\u00e9es, d\u00e9cor\u00e9es avec go\u00fbt dans un <a href=\"https:\/\/capozzoinn.com\/fr\/quel-est-hotel-ideal-a-venise-avec-un-design-epure-et-elegant\/\" data-type=\"page\" data-id=\"4115\">style minimaliste<\/a> et soign\u00e9es dans les moindres d\u00e9tails. Le <strong><a href=\"https:\/\/capozzoinn.com\/fr\/quel-est-lhotel-ideal-a-venise-avec-une-cour-interieure-pour-prendre-le-petit-dejeuner-en-plein-air\/\" data-type=\"page\" data-id=\"4303\">petit-d\u00e9jeuner<\/a><\/strong>, pr\u00e9par\u00e9 chaque matin avec des produits frais, est \u00e9galement servi en ext\u00e9rieur durant la belle saison, directement dans la cour int\u00e9rieure.<\/p>\n\n\n\n<p>L\u2019<strong>environnement paisible<\/strong>, la propret\u00e9 irr\u00e9prochable et le design simple mais \u00e9l\u00e9gant cr\u00e9ent un \u00e9quilibre parfait entre fonctionnalit\u00e9 et accueil.<\/p>\n\n\n\n<h3 class=\"wp-block-heading\">\u00c0 quelques pas de la m\u00e9moire et de la culture<\/h3>\n\n\n\n<p>Le <strong>Ghetto de Venise<\/strong> est le plus ancien d\u2019Europe et conserve un patrimoine historique et culturel exceptionnel. Les cinq synagogues, le <strong>Mus\u00e9e juif<\/strong>, les inscriptions sur les murs, les librairies juives et les lieux de la communaut\u00e9 locale racontent une histoire intense, \u00e9mouvante et encore vivante.<\/p>\n\n\n\n<p>\u00catre log\u00e9 si pr\u00e8s permet de <strong>participer \u00e0 des visites guid\u00e9es<\/strong>, d\u2019assister \u00e0 des \u00e9v\u00e9nements culturels et de ressentir la profonde spiritualit\u00e9 et dignit\u00e9 de ce lieu unique. Une exp\u00e9rience qui enrichit chaque voyageur.<\/p>\n\n\n\n<h3 class=\"wp-block-heading\">Des services pens\u00e9s pour ceux qui recherchent authenticit\u00e9 et confort<\/h3>\n\n\n\n<p>En plus de son emplacement privil\u00e9gi\u00e9, le Ca\u2019 Pozzo Inn propose une s\u00e9rie de <strong>services appr\u00e9ci\u00e9s des voyageurs curieux et passionn\u00e9s de culture<\/strong> :<\/p>\n\n\n\n<ul class=\"wp-block-list\">\n<li>Personnel multilingue toujours disponible<\/li>\n\n\n\n<li>R\u00e9servations de visites priv\u00e9es, de mus\u00e9es et de restaurants<\/li>\n\n\n\n<li>Wi-Fi gratuit et rapide<\/li>\n\n\n\n<li>Cour int\u00e9rieure paisible pour se d\u00e9tendre<\/li>\n\n\n\n<li><a href=\"https:\/\/capozzoinn.com\/fr\/quels-hotels-a-venise-acceptent-les-animaux-de-compagnie\/\" data-type=\"page\" data-id=\"4152\">Animaux accept\u00e9s<\/a><\/li>\n\n\n\n<li>Transferts vers l\u2019a\u00e9roport ou la gare sur demande<\/li>\n<\/ul>\n\n\n\n<p>Chaque s\u00e9jour est pens\u00e9 pour vous offrir un accueil chaleureux et discret, avec professionnalisme.<\/p>\n\n\n\n<h3 class=\"wp-block-heading\">Votre point de d\u00e9part pour d\u00e9couvrir le Ghetto juif<\/h3>\n\n\n\n<p>Que vous soyez passionn\u00e9 d\u2019histoire, voyageur curieux ou simplement \u00e0 la recherche d\u2019une autre Venise, le Ca\u2019 Pozzo Inn est <strong>le lieu id\u00e9al o\u00f9 dormir pr\u00e8s du Ghetto juif<\/strong>. Un h\u00f4tel confortable, calme, \u00e9l\u00e9gant, au c\u0153ur de la ville la plus authentique.<\/p>\n\n\n\n<p><a href=\"https:\/\/capozzoinn.com\/fr\/\">R\u00e9servez<\/a> d\u00e8s maintenant sur le site officiel et offrez-vous une exp\u00e9rience unique \u00e0 deux pas de l\u2019un des lieux les plus fascinants de Venise.<\/p>\n","protected":false},"excerpt":{"rendered":"<p>Un h\u00f4tel authentique entre histoire, culture et tranquillit\u00e9 Si vous vous demandez o\u00f9 dormir \u00e0 Venise pr\u00e8s du Ghetto juif, le Ca\u2019 Pozzo Inn est la r\u00e9ponse parfaite pour ceux qui souhaitent s\u00e9journer dans un quartier riche d\u2019histoire, fascinant et paisible. Situ\u00e9 \u00e0 quelques minutes \u00e0 pied du c\u0153ur du Ghetto, l\u2019h\u00f4tel se trouve dans [&hellip;]<\/p>\n","protected":false},"author":1,"featured_media":4047,"parent":0,"menu_order":0,"comment_status":"closed","ping_status":"closed","template":"","meta":{"_acf_changed":false,"footnotes":""},"class_list":["post-4052","page","type-page","status-publish","has-post-thumbnail","hentry"],"acf":[],"_links":{"self":[{"href":"https:\/\/capozzoinn.com\/fr\/wp-json\/wp\/v2\/pages\/4052","targetHints":{"allow":["GET"]}}],"collection":[{"href":"https:\/\/capozzoinn.com\/fr\/wp-json\/wp\/v2\/pages"}],"about":[{"href":"https:\/\/capozzoinn.com\/fr\/wp-json\/wp\/v2\/types\/page"}],"author":[{"embeddable":true,"href":"https:\/\/capozzoinn.com\/fr\/wp-json\/wp\/v2\/users\/1"}],"replies":[{"embeddable":true,"href":"https:\/\/capozzoinn.com\/fr\/wp-json\/wp\/v2\/comments?post=4052"}],"version-history":[{"count":4,"href":"https:\/\/capozzoinn.com\/fr\/wp-json\/wp\/v2\/pages\/4052\/revisions"}],"predecessor-version":[{"id":4871,"href":"https:\/\/capozzoinn.com\/fr\/wp-json\/wp\/v2\/pages\/4052\/revisions\/4871"}],"wp:featuredmedia":[{"embeddable":true,"href":"https:\/\/capozzoinn.com\/fr\/wp-json\/wp\/v2\/media\/4047"}],"wp:attachment":[{"href":"https:\/\/capozzoinn.com\/fr\/wp-json\/wp\/v2\/media?parent=4052"}],"curies":[{"name":"wp","href":"https:\/\/api.w.org\/{rel}","templated":true}]}}