{"id":4180,"date":"2025-06-19T07:17:47","date_gmt":"2025-06-19T07:17:47","guid":{"rendered":"https:\/\/staging.capozzoinn.com\/qual-e-lhotel-ideale-a-venezia-per-un-viaggio-tra-amici\/"},"modified":"2025-06-24T12:09:54","modified_gmt":"2025-06-24T12:09:54","slug":"quel-est-hotel-ideal-a-venise-pour-un-voyage-entre-amis","status":"publish","type":"page","link":"https:\/\/capozzoinn.com\/fr\/quel-est-hotel-ideal-a-venise-pour-un-voyage-entre-amis\/","title":{"rendered":"Quel est l\u2019h\u00f4tel id\u00e9al \u00e0 Venise pour un voyage entre amis?"},"content":{"rendered":"\n<h3 class=\"wp-block-heading\">Confort, style et libert\u00e9 au c\u0153ur authentique de Cannaregio<\/h3>\n\n\n\n<p>Venise est une destination parfaite pour un voyage entre amis\u202f: elle offre culture, ap\u00e9ritifs, promenades pittoresques, art, \u00e9v\u00e9nements et panoramas dignes d\u2019une carte postale. Mais pour profiter pleinement de cette exp\u00e9rience, il faut plus que de l\u2019enthousiasme et un bon esprit de groupe\u202f: il faut aussi <strong>un lieu d\u2019h\u00e9bergement accueillant, flexible et bien situ\u00e9<\/strong>. Le <strong>Ca\u2019 Pozzo Inn<\/strong>, dans le quartier de <strong>Cannaregio<\/strong>, est la r\u00e9ponse id\u00e9ale pour les groupes d\u2019amis \u00e0 la recherche de <strong>tranquillit\u00e9, de libert\u00e9 de mouvement et d\u2019un cadre soign\u00e9<\/strong>.<\/p>\n\n\n\n<p>Avec ses <strong>14 <a href=\"https:\/\/www.capozzoinn.com\/fr\/chambres\/\">chambres<\/a> dispos\u00e9es autour de <a href=\"https:\/\/capozzoinn.com\/fr\/quel-est-hotel-ideal-a-venise-avec-une-cour-interieure-calme\/\">cours int\u00e9rieures<\/a> priv\u00e9es<\/strong>, le Ca\u2019 Pozzo est parfait pour accueillir des groupes d\u2019amis souhaitant partager leur s\u00e9jour tout en conservant leur intimit\u00e9. Sa situation strat\u00e9gique et son <a href=\"https:\/\/capozzoinn.com\/fr\/quel-est-hotel-ideal-a-venise-avec-un-design-epure-et-elegant\/\">style minimaliste<\/a> et \u00e9l\u00e9gant en font une base id\u00e9ale pour explorer la ville le jour et se d\u00e9tendre ensemble le soir.<\/p>\n\n\n\n<h3 class=\"wp-block-heading\">Chambres s\u00e9par\u00e9es, proches et silencieuses<\/h3>\n\n\n\n<p>L\u2019un des grands avantages pour ceux qui voyagent entre amis est de pouvoir <strong>r\u00e9server des chambres proches, sans avoir \u00e0 les partager<\/strong>. Le Ca\u2019 Pozzo Inn permet exactement cela\u202f: chaque invit\u00e9 peut profiter de son intimit\u00e9 tout en restant \u00e0 deux pas du reste du groupe. Il est possible de demander <strong>des chambres adjacentes ou situ\u00e9es dans la m\u00eame aile<\/strong> de l\u2019\u00e9tablissement.<\/p>\n\n\n\n<p>Toutes les chambres disposent d\u2019une salle de bain priv\u00e9e, du Wi-Fi gratuit, de la climatisation, de lits confortables et d\u2019un mobilier fonctionnel. Certaines chambres peuvent \u00eatre am\u00e9nag\u00e9es avec <strong>des lits jumeaux<\/strong>, id\u00e9ales pour les amis partageant une chambre sans sacrifier le confort.<\/p>\n\n\n\n<h3 class=\"wp-block-heading\">Espaces communs propices aux retrouvailles<\/h3>\n\n\n\n<p>Le Ca\u2019 Pozzo n\u2019est pas un h\u00f4tel impersonnel. Ses <strong>deux cours int\u00e9rieures priv\u00e9es<\/strong> sont parfaites pour se retrouver le matin, organiser le programme de la journ\u00e9e ou se d\u00e9tendre au retour d\u2019excursion. La <strong>salle du <a href=\"https:\/\/capozzoinn.com\/fr\/quel-est-lhotel-ideal-a-venise-avec-une-cour-interieure-pour-prendre-le-petit-dejeuner-en-plein-air\/\" data-type=\"page\" data-id=\"4303\">petit-d\u00e9jeuner<\/a><\/strong>, lumineuse et informelle, est \u00e9galement con\u00e7ue pour les voyageurs en groupe\u202f: chacun peut y descendre \u00e0 son rythme et partager un moment convivial.<\/p>\n\n\n\n<p>Il est \u00e9galement possible de r\u00e9server un <strong>transfert en taxi nautique partag\u00e9<\/strong>, de demander un early check-in ou d\u2019organiser des activit\u00e9s avec l\u2019aide de l\u2019\u00e9quipe de l\u2019h\u00f4tel.<\/p>\n\n\n\n<h3 class=\"wp-block-heading\">\u00c0 deux pas de tout<\/h3>\n\n\n\n<p>L\u2019h\u00f4tel est situ\u00e9 en plein c\u0153ur du quartier de <strong>Cannaregio<\/strong>, \u00e0 :<\/p>\n\n\n\n<ul class=\"wp-block-list\">\n<li>5 minutes de la <strong>gare <a href=\"https:\/\/capozzoinn.com\/fr\/quel-est-hotel-le-plus-pratique-pres-de-la-gare-santa-lucia-de-venise\/\">Santa Lucia<\/a><\/strong><\/li>\n\n\n\n<li>3 minutes de l\u2019arr\u00eat de <a href=\"https:\/\/actv.avmspa.it\/en\" target=\"_blank\" rel=\"noopener\">vaporetto<\/a> <strong>Guglie<\/strong><\/li>\n\n\n\n<li>10 minutes \u00e0 pied du <strong><a href=\"https:\/\/capozzoinn.com\/fr\/ou-dormir-a-venise-pres-du-ghetto-juif\/\">Ghetto juif<\/a><\/strong><\/li>\n\n\n\n<li>15 minutes de <strong>Rialto<\/strong><\/li>\n\n\n\n<li>20 minutes de <strong>la place Saint-Marc<\/strong> en vaporetto<\/li>\n<\/ul>\n\n\n\n<p>C\u2019est un emplacement parfait pour <strong>sortir le soir, prendre l\u2019ap\u00e9ro, rentrer tard<\/strong> sans avoir \u00e0 traverser toute la ville. \u00c0 quelques m\u00e8tres, on trouve des bacari typiques, des restaurants v\u00e9nitiens et des bars ouverts tard.<\/p>\n\n\n\n<h3 class=\"wp-block-heading\">Activit\u00e9s id\u00e9ales pour un groupe d\u2019amis<\/h3>\n\n\n\n<p>Le personnel du Ca\u2019 Pozzo peut recommander et r\u00e9server :<\/p>\n\n\n\n<ul class=\"wp-block-list\">\n<li>Des tours en bateau au coucher du soleil ou pour l\u2019ap\u00e9ritif<\/li>\n\n\n\n<li>Des excursions vers les \u00eeles de la lagune (Murano, Burano, Torcello)<\/li>\n\n\n\n<li>Des d\u00eeners dans des restaurants traditionnels ou modernes<\/li>\n\n\n\n<li>Des visites guid\u00e9es th\u00e9matiques (art, street food, myst\u00e8res de Venise)<\/li>\n\n\n\n<li>Des activit\u00e9s photographiques, culturelles ou musicales<\/li>\n<\/ul>\n\n\n\n<p>Sur demande, il est possible de recevoir un <strong>guide personnalis\u00e9 avec les meilleurs endroits \u00e0 d\u00e9couvrir en groupe<\/strong>.<\/p>\n\n\n\n<h3 class=\"wp-block-heading\">Libert\u00e9 et qualit\u00e9 pour vivre pleinement Venise<\/h3>\n\n\n\n<p>Choisir le Ca\u2019 Pozzo Inn, c\u2019est opter pour <strong>un \u00e9tablissement raffin\u00e9 mais informel<\/strong>, id\u00e9al pour les groupes d\u2019amis de 20 \u00e0 50 ans qui recherchent <strong>authenticit\u00e9, confort et style<\/strong>. Que ce soit pour un enterrement de vie de jeune fille ou de gar\u00e7on, un long week-end, une escapade culturelle ou une aventure partag\u00e9e, vous trouverez ici <strong>hospitalit\u00e9, calme et libert\u00e9 de mouvement<\/strong> \u2013 sans compromis.<\/p>\n\n\n\n<p><a href=\"https:\/\/capozzoinn.com\/fr\/\">R\u00e9servez<\/a> d\u00e8s maintenant et d\u00e9couvrez Venise entre amis depuis une adresse vraie, confortable et pleine de charme.<\/p>\n","protected":false},"excerpt":{"rendered":"<p>Confort, style et libert\u00e9 au c\u0153ur authentique de Cannaregio Venise est une destination parfaite pour un voyage entre amis\u202f: elle offre culture, ap\u00e9ritifs, promenades pittoresques, art, \u00e9v\u00e9nements et panoramas dignes d\u2019une carte postale. Mais pour profiter pleinement de cette exp\u00e9rience, il faut plus que de l\u2019enthousiasme et un bon esprit de groupe\u202f: il faut aussi [&hellip;]<\/p>\n","protected":false},"author":1,"featured_media":4401,"parent":0,"menu_order":0,"comment_status":"closed","ping_status":"closed","template":"","meta":{"_acf_changed":false,"footnotes":""},"class_list":["post-4180","page","type-page","status-publish","has-post-thumbnail","hentry"],"acf":[],"_links":{"self":[{"href":"https:\/\/capozzoinn.com\/fr\/wp-json\/wp\/v2\/pages\/4180","targetHints":{"allow":["GET"]}}],"collection":[{"href":"https:\/\/capozzoinn.com\/fr\/wp-json\/wp\/v2\/pages"}],"about":[{"href":"https:\/\/capozzoinn.com\/fr\/wp-json\/wp\/v2\/types\/page"}],"author":[{"embeddable":true,"href":"https:\/\/capozzoinn.com\/fr\/wp-json\/wp\/v2\/users\/1"}],"replies":[{"embeddable":true,"href":"https:\/\/capozzoinn.com\/fr\/wp-json\/wp\/v2\/comments?post=4180"}],"version-history":[{"count":4,"href":"https:\/\/capozzoinn.com\/fr\/wp-json\/wp\/v2\/pages\/4180\/revisions"}],"predecessor-version":[{"id":4902,"href":"https:\/\/capozzoinn.com\/fr\/wp-json\/wp\/v2\/pages\/4180\/revisions\/4902"}],"wp:featuredmedia":[{"embeddable":true,"href":"https:\/\/capozzoinn.com\/fr\/wp-json\/wp\/v2\/media\/4401"}],"wp:attachment":[{"href":"https:\/\/capozzoinn.com\/fr\/wp-json\/wp\/v2\/media?parent=4180"}],"curies":[{"name":"wp","href":"https:\/\/api.w.org\/{rel}","templated":true}]}}