{"id":419,"date":"2025-01-09T16:02:36","date_gmt":"2025-01-09T16:02:36","guid":{"rendered":"https:\/\/staging.capozzoinn.com\/events\/the-venetian-carnival\/"},"modified":"2025-06-24T07:31:01","modified_gmt":"2025-06-24T07:31:01","slug":"le-carnaval-de-venise","status":"publish","type":"page","link":"https:\/\/capozzoinn.com\/fr\/evenements\/le-carnaval-de-venise\/","title":{"rendered":"Le Carnaval de Venise"},"content":{"rendered":"\n<p><strong>Les origines<\/strong><\/p>\n\n\n\n<p>Les origines sont tr\u00e8s anciennes : les premi\u00e8res preuves remontent \u00e0 un document de Doge Vitale Falier en 1094 o\u00f9 l\u2019on parle d\u2019amusements et o\u00f9 le mot Carnaval est mentionn\u00e9 pour la premi\u00e8re fois.<\/p>\n\n\n\n<p>Le Carnaval est n\u00e9 gr\u00e2ce \u00e0 l\u2019oligarchie v\u00e9nitienne qui a compris la n\u00e9cessit\u00e9 de la Serenissima de laisser les gens, surtout la classe inf\u00e9rieure, vivre une p\u00e9riode de l\u2019ann\u00e9e enti\u00e8rement d\u00e9di\u00e9e au plaisir et \u00e0 se divertir, une p\u00e9riode o\u00f9 le peuple v\u00e9nitien et les \u00e9trangers affluaient \u00e0 travers la ville pour s\u2019amuser et profiter de musiques et de danses.<\/p>\n\n\n\n<p>L\u2019anonymat accord\u00e9 par les costumes et les masques a donn\u00e9 aux gens la chance d\u2019obtenir le m\u00eame niveau de classe et d\u2019\u00eatre autoris\u00e9s \u00e0 se moquer de l\u2019autorit\u00e9 et de l\u2019aristocratie.<\/p>\n\n\n\n<p>Ces concessions ont \u00e9t\u00e9 largement tol\u00e9r\u00e9es et consid\u00e9r\u00e9es comme un exutoire providentiel aux tensions et au m\u00e9contentement qui ont surgi dans la R\u00e9publique de Venise qui a impos\u00e9 des limites strictes \u00e0 ses citoyens sur des questions de moralit\u00e9 commune et d\u2019ordre public.<\/p>\n\n\n\n<p><strong>L\u2019ancien Carnaval<\/strong><\/p>\n\n\n\n<p>Le premier document officiel qui stipule que le Carnaval v\u00e9nitien est une f\u00eate publique a \u00e9t\u00e9 \u00e9crit en 1296 lorsque le S\u00e9nat de la R\u00e9publique a annonc\u00e9 comme une f\u00eate la veille du Car\u00eame.<\/p>\n\n\n\n<p>Au cours de cette p\u00e9riode, et dans les suivants, le Carnaval a dur\u00e9 6 semaines du 26 D\u00e9cembre au Mercredi des Cendres m\u00eame si parfois les divertissements ont \u00e9t\u00e9 commenc\u00e9s les premiers jours d\u2019Octobre.<\/p>\n\n\n\n<p><strong>Masques et costumes<\/strong><\/p>\n\n\n\n<p>Les citoyens qui portent des masques et des costumes peuvent compl\u00e8tement cacher leur identit\u00e9 et effacer toutes les caract\u00e9ristiques appartenant \u00e0 une certaine classe sociale, le sexe et la religion. Tout le monde peut avoir des attitudes et des comportements appartenant aux nouveaux costumes et aux apparences modifi\u00e9es. Selon cela, le salut qui a \u00e9t\u00e9 constamment utilis\u00e9 quand un \u00ab&nbsp;personnage&nbsp;\u00bb a \u00e9t\u00e9 vu le long de la rue a \u00e9t\u00e9 \u00ab&nbsp;bonjour Mme Mask&nbsp;\u00bb.<\/p>\n\n\n\n<p><strong>La F\u00eate de \u201cMarie\u201d<\/strong><\/p>\n\n\n\n<p>Cette ancienne f\u00eate v\u00e9nitienne qui a une origine controvers\u00e9e et qui ne nous a \u00e9t\u00e9 dit \u00e0 partir de 1039, a \u00e9t\u00e9 introduite environ autour de l\u2019ann\u00e9e 943, puis a continu\u00e9 dans la p\u00e9riode du carnaval quand elle a \u00e9t\u00e9 \u00e9tablie.<\/p>\n\n\n\n<p>Pendant le jour de la Purification de Marie, 2 F\u00e9vrier, \u00e0 Venise, il y avait la b\u00e9n\u00e9diction des mari\u00e9es lorsque 12 mariages de jeunes filles ont \u00e9t\u00e9 b\u00e9nis tous ensemble en S . Pietro di Castello, dames qui ont \u00e9t\u00e9 choisies parmi les plus pauvres et parmi les plus belles de la ville.<\/p>\n\n\n\n<p>Pour aider \u00e0 \u00e9tablir la dot des mari\u00e9es, l\u2019aristocratie v\u00e9nitienne a \u00e9t\u00e9 impliqu\u00e9e dans quelques dons et le Doge a \u00e9t\u00e9 utilis\u00e9 pour pr\u00eater aux jeunes filles les merveilleux bijoux et les ors provenant des tr\u00e9sors de la ville.<\/p>\n\n\n\n<p>Apr\u00e8s les somptueux mariages qui ont eu lieu sous la pr\u00e9sence des Doges et de l\u2019aristocratie, les mari\u00e9es ont \u00e9t\u00e9 emmen\u00e9es vers la place Saint-Marc. Quand elles sont arriv\u00e9es au palais de Doge, les mari\u00e9es ont re\u00e7u les cadeaux du Doge qui les a invit\u00e9es au Palazzo.<\/p>\n\n\n\n<p>Par la suite, la procession a \u00e9t\u00e9 embarqu\u00e9e sur le Bucinturo qui a \u00e9t\u00e9 suivie par beaucoup de petits bateaux de boursiers et a navigu\u00e9 le Grand Canal jusqu\u2019au Rialto pour atteindre plus tard l\u2019\u00e9glise de Santa Maria Formosa o\u00f9 d\u2019autres c\u00e9l\u00e9brations solennelles ont eu lieu.<\/p>\n\n\n\n<p>Il semble qu\u2019en 943, \u00e0 l\u2019\u00e9poque du Dogado de Pietro III Candiano pendant les c\u00e9l\u00e9brations du mariage, des pirates istriens ont fait irruption dans l\u2019\u00e9glise de S. Mark et enlev\u00e9 les \u00e9pouses et leurs dons au milieu de l\u2019\u00e9tonnement de tout le monde.<\/p>\n\n\n\n<p>Certains V\u00e9nitiens ont poursuivi les pirates qui ont finalement \u00e9t\u00e9 captur\u00e9s et tu\u00e9s. Les 12 \u00e9pouses et les ors ont \u00e9t\u00e9 sauv\u00e9s.<\/p>\n\n\n\n<p>Afin d\u2019honorer l\u2019\u00e9v\u00e9nement, la F\u00eate de \u201cMarie\u201d a \u00e9t\u00e9 cr\u00e9\u00e9e et chaque ann\u00e9e 12 belles jeunes filles sont choisies dans chaque quartier v\u00e9nitien pour rappeler aux V\u00e9nitiens les pirates et l\u2019enl\u00e8vement des mari\u00e9es.<\/p>\n\n\n\n<p><strong>Le Vol de l\u2019Ange<\/strong><\/p>\n\n\n\n<p>Dans une \u00e9dition du carnaval au milieu du XVIe si\u00e8cle parmi les diff\u00e9rentes expositions et spectacles organis\u00e9s dans la ville, un \u00e9v\u00e9nement extraordinaire a \u00e9t\u00e9 r\u00e9alis\u00e9 sous la stup\u00e9faction de tous : un jeune acrobate turc a pu atteindre avec un b\u00e2ton le clocher de San Mark en marchant sur une longue corde qui \u00e9tait nou\u00e9e \u00e0 un bateau ancr\u00e9 sur la jet\u00e9e de la Piazzetta.<\/p>\n\n\n\n<p>Apr\u00e8s le grand succ\u00e8s de cet \u00e9v\u00e9nement, le Vol de l\u2019Ange a \u00e9t\u00e9 demand\u00e9 comme une c\u00e9r\u00e9monie officielle chaque ann\u00e9e avec des techniques similaires et de nombreuses variations.<\/p>\n","protected":false},"excerpt":{"rendered":"<p>Les origines Les origines sont tr\u00e8s anciennes : les premi\u00e8res preuves remontent \u00e0 un document de Doge Vitale Falier en 1094 o\u00f9 l\u2019on parle d\u2019amusements et o\u00f9 le mot Carnaval est mentionn\u00e9 pour la premi\u00e8re fois. Le Carnaval est n\u00e9 gr\u00e2ce \u00e0 l\u2019oligarchie v\u00e9nitienne qui a compris la n\u00e9cessit\u00e9 de la Serenissima de laisser les [&hellip;]<\/p>\n","protected":false},"author":1,"featured_media":396,"parent":288,"menu_order":0,"comment_status":"closed","ping_status":"closed","template":"templates\/lista-figlio.php","meta":{"_acf_changed":false,"footnotes":""},"class_list":["post-419","page","type-page","status-publish","has-post-thumbnail","hentry"],"acf":[],"_links":{"self":[{"href":"https:\/\/capozzoinn.com\/fr\/wp-json\/wp\/v2\/pages\/419","targetHints":{"allow":["GET"]}}],"collection":[{"href":"https:\/\/capozzoinn.com\/fr\/wp-json\/wp\/v2\/pages"}],"about":[{"href":"https:\/\/capozzoinn.com\/fr\/wp-json\/wp\/v2\/types\/page"}],"author":[{"embeddable":true,"href":"https:\/\/capozzoinn.com\/fr\/wp-json\/wp\/v2\/users\/1"}],"replies":[{"embeddable":true,"href":"https:\/\/capozzoinn.com\/fr\/wp-json\/wp\/v2\/comments?post=419"}],"version-history":[{"count":2,"href":"https:\/\/capozzoinn.com\/fr\/wp-json\/wp\/v2\/pages\/419\/revisions"}],"predecessor-version":[{"id":4690,"href":"https:\/\/capozzoinn.com\/fr\/wp-json\/wp\/v2\/pages\/419\/revisions\/4690"}],"up":[{"embeddable":true,"href":"https:\/\/capozzoinn.com\/fr\/wp-json\/wp\/v2\/pages\/288"}],"wp:featuredmedia":[{"embeddable":true,"href":"https:\/\/capozzoinn.com\/fr\/wp-json\/wp\/v2\/media\/396"}],"wp:attachment":[{"href":"https:\/\/capozzoinn.com\/fr\/wp-json\/wp\/v2\/media?parent=419"}],"curies":[{"name":"wp","href":"https:\/\/api.w.org\/{rel}","templated":true}]}}