{"id":4259,"date":"2025-06-19T09:50:26","date_gmt":"2025-06-19T09:50:26","guid":{"rendered":"https:\/\/staging.capozzoinn.com\/qual-e-hotel-ideale-a-venezia-per-chi-vuole-visitare-musei\/"},"modified":"2025-06-24T12:32:12","modified_gmt":"2025-06-24T12:32:12","slug":"quel-est-hotel-ideal-a-venise-pour-visiter-les-musees","status":"publish","type":"page","link":"https:\/\/capozzoinn.com\/fr\/quel-est-hotel-ideal-a-venise-pour-visiter-les-musees\/","title":{"rendered":"Quel est l\u2019h\u00f4tel id\u00e9al \u00e0 Venise pour visiter les mus\u00e9es ?"},"content":{"rendered":"\n<h3 class=\"wp-block-heading\">Un point de d\u00e9part pratique et central pour explorer les principaux mus\u00e9es de Venise<\/h3>\n\n\n\n<p>Venise abrite certains des mus\u00e9es les plus fascinants et prestigieux d\u2019Italie, entre collections d\u2019art de la Renaissance, expositions contemporaines, palais historiques et fondations internationales. Si vous pr\u00e9voyez votre s\u00e9jour avec pour objectif de <strong>visiter les mus\u00e9es v\u00e9nitiens<\/strong>, il est essentiel de choisir <strong>un h\u00f4tel bien situ\u00e9, calme et accueillant<\/strong>, \u00e0 partir duquel partir chaque jour \u00e0 la d\u00e9couverte d\u2019un nouveau tr\u00e9sor.<\/p>\n\n\n\n<p>Le <strong>Ca\u2019 Pozzo Inn<\/strong>, situ\u00e9 dans le quartier du <strong>Cannaregio<\/strong>, est l\u2019h\u00f4tel id\u00e9al pour les voyageurs d\u00e9sireux de d\u00e9couvrir les mus\u00e9es de Venise. Gr\u00e2ce \u00e0 sa <strong><a href=\"https:\/\/capozzoinn.com\/fr\/quel-est-hotel-le-plus-pratique-pres-de-la-gare-santa-lucia-de-venise\/\">position strat\u00e9gique<\/a><\/strong>, sa proximit\u00e9 avec les transports publics et le confort de ses chambres, il offre l\u2019\u00e9quilibre parfait entre accessibilit\u00e9 logistique et qualit\u00e9 d\u2019h\u00e9bergement.<\/p>\n\n\n\n<h3 class=\"wp-block-heading\">Des mus\u00e9es accessibles \u00e0 pied ou en vaporetto<\/h3>\n\n\n\n<p>Depuis le Ca\u2019 Pozzo Inn, vous pouvez facilement rejoindre, \u00e0 pied ou en vaporetto, les principaux mus\u00e9es de la ville. Voici quelques exemples :<\/p>\n\n\n\n<ul class=\"wp-block-list\">\n<li><strong>Mus\u00e9e Ca\u2019 d\u2019Oro<\/strong> (10 minutes \u00e0 pied) : magnifique palais gothique sur le Grand Canal, abritant la Galerie Giorgio Franchetti.<\/li>\n\n\n\n<li><strong>Galeries de l\u2019Acad\u00e9mie<\/strong> (20 minutes en vaporetto) : chefs-d\u2019\u0153uvre de Titien, Bellini, Carpaccio et bien d\u2019autres.<\/li>\n\n\n\n<li><strong><a href=\"https:\/\/www.guggenheim-venice.it\/en\/\" target=\"_blank\" rel=\"noopener\">Collection Peggy Guggenheim<\/a><\/strong> (25 minutes en vaporetto) : r\u00e9f\u00e9rence incontournable de l\u2019art moderne et contemporain.<\/li>\n\n\n\n<li><strong>Palais des Doges et Mus\u00e9e Correr<\/strong> (30 minutes en vaporetto) : au c\u0153ur de la place Saint-Marc.<\/li>\n\n\n\n<li><strong>Punta della Dogana \u2013 Fondation Pinault<\/strong> : pour des expositions internationales d\u2019art contemporain.<\/li>\n\n\n\n<li><strong>Mus\u00e9e Juif de Venise<\/strong>, \u00e0 deux pas dans le Ghetto : t\u00e9moignage culturel et historique incontournable.<\/li>\n\n\n\n<li><strong>Mus\u00e9um d\u2019Histoire Naturelle<\/strong>, id\u00e9al \u00e9galement pour les familles avec enfants.<\/li>\n<\/ul>\n\n\n\n<p>Gr\u00e2ce \u00e0 l\u2019arr\u00eat de <a href=\"https:\/\/actv.avmspa.it\/en\" target=\"_blank\" rel=\"noopener\">vaporetto<\/a> <strong>Guglie<\/strong>, situ\u00e9 \u00e0 seulement 3 minutes \u00e0 pied, vous pouvez <strong>vous d\u00e9placer facilement dans toute la ville, sans stress<\/strong>.<\/p>\n\n\n\n<h3 class=\"wp-block-heading\">Des chambres paisibles pour se reposer apr\u00e8s les visites<\/h3>\n\n\n\n<p>Apr\u00e8s une journ\u00e9e pass\u00e9e \u00e0 d\u00e9couvrir expositions, parcours mus\u00e9aux et chefs-d\u2019\u0153uvre, il est important de retrouver un lieu propice <strong>au repos et \u00e0 la d\u00e9tente<\/strong>. Les <a href=\"https:\/\/www.capozzoinn.com\/fr\/chambres\/\">chambres<\/a> du Ca\u2019 Pozzo Inn sont am\u00e9nag\u00e9es dans un <a href=\"https:\/\/capozzoinn.com\/fr\/quel-est-hotel-ideal-a-venise-avec-un-design-epure-et-elegant\/\">style <strong>sobre et apaisant<\/strong><\/a>. Chaque chambre est insonoris\u00e9e, climatis\u00e9e et \u00e9quip\u00e9e de :<\/p>\n\n\n\n<ul class=\"wp-block-list\">\n<li>Salle de bain priv\u00e9e<\/li>\n\n\n\n<li>Connexion Wi-Fi gratuite<\/li>\n\n\n\n<li>Lits confortables et linge de qualit\u00e9<\/li>\n\n\n\n<li>Bureau pour \u00e9crire ou lire<\/li>\n\n\n\n<li>Mobilier fonctionnel et minimaliste<\/li>\n<\/ul>\n\n\n\n<p><strong>La lumi\u00e8re naturelle<\/strong> et la disposition soign\u00e9e des espaces contribuent \u00e0 cr\u00e9er une atmosph\u00e8re accueillante et relaxante.<\/p>\n\n\n\n<h3 class=\"wp-block-heading\">Petit-d\u00e9jeuner inclus, m\u00eame en plein air<\/h3>\n\n\n\n<p>Le matin, un <strong><a href=\"https:\/\/capozzoinn.com\/fr\/quel-est-lhotel-ideal-a-venise-avec-une-cour-interieure-pour-prendre-le-petit-dejeuner-en-plein-air\/\" data-type=\"page\" data-id=\"4303\">petit-d\u00e9jeuner buffet<\/a><\/strong> avec des produits sucr\u00e9s et sal\u00e9s vous attend, servi dans la salle lumineuse ou, les jours de beau temps, <strong>dans la <a href=\"https:\/\/capozzoinn.com\/fr\/quel-est-hotel-ideal-a-venise-avec-une-cour-interieure-calme\/\">cour int\u00e9rieure<\/a><\/strong>. Un moment parfait pour lire le programme d\u2019une exposition, feuilleter un guide ou planifier l\u2019itin\u00e9raire culturel du jour.<\/p>\n\n\n\n<h3 class=\"wp-block-heading\">Conseils personnalis\u00e9s et hospitalit\u00e9 discr\u00e8te<\/h3>\n\n\n\n<p>L\u2019\u00e9quipe du Ca\u2019 Pozzo Inn est toujours disponible pour vous proposer <strong>des suggestions sur les horaires, les expositions temporaires, les r\u00e9servations en ligne ou les mus\u00e9es m\u00e9connus mais tout aussi int\u00e9ressants<\/strong>. Vous pouvez vous adresser directement \u00e0 la r\u00e9ception ou consulter les brochures disponibles sur place.<\/p>\n\n\n\n<p>La philosophie de l\u2019h\u00f4tel est simple : offrir <strong>un s\u00e9jour calme, fonctionnel et central<\/strong>, \u00e0 ceux qui souhaitent d\u00e9couvrir Venise avec curiosit\u00e9 et attention, sans renoncer au confort.<\/p>\n\n\n\n<h3 class=\"wp-block-heading\">R\u00e9servez d\u00e8s maintenant votre voyage mus\u00e9al \u00e0 Venise<\/h3>\n\n\n\n<p>Que vous soyez passionn\u00e9 d\u2019art, d\u2019histoire, de science ou d\u2019architecture, Venise saura vous \u00e9merveiller. Et le <strong>Ca\u2019 Pozzo Inn<\/strong> sera votre point de d\u00e9part id\u00e9al pour explorer un nouveau <a href=\"https:\/\/capozzoinn.com\/fr\/quel-est-hotel-ideal-a-venise-pour-les-amateurs-art\/\" data-type=\"page\" data-id=\"4240\">mus\u00e9e<\/a> chaque jour, en toute tranquillit\u00e9.<\/p>\n\n\n\n<p><a href=\"https:\/\/capozzoinn.com\/fr\/\">R\u00e9servez d\u00e8s maintenant sur le site officiel<\/a> et d\u00e9couvrez Venise comme un v\u00e9ritable explorateur culturel.<\/p>\n","protected":false},"excerpt":{"rendered":"<p>Un point de d\u00e9part pratique et central pour explorer les principaux mus\u00e9es de Venise Venise abrite certains des mus\u00e9es les plus fascinants et prestigieux d\u2019Italie, entre collections d\u2019art de la Renaissance, expositions contemporaines, palais historiques et fondations internationales. Si vous pr\u00e9voyez votre s\u00e9jour avec pour objectif de visiter les mus\u00e9es v\u00e9nitiens, il est essentiel de [&hellip;]<\/p>\n","protected":false},"author":1,"featured_media":4254,"parent":0,"menu_order":0,"comment_status":"closed","ping_status":"closed","template":"","meta":{"_acf_changed":false,"footnotes":""},"class_list":["post-4259","page","type-page","status-publish","has-post-thumbnail","hentry"],"acf":[],"_links":{"self":[{"href":"https:\/\/capozzoinn.com\/fr\/wp-json\/wp\/v2\/pages\/4259","targetHints":{"allow":["GET"]}}],"collection":[{"href":"https:\/\/capozzoinn.com\/fr\/wp-json\/wp\/v2\/pages"}],"about":[{"href":"https:\/\/capozzoinn.com\/fr\/wp-json\/wp\/v2\/types\/page"}],"author":[{"embeddable":true,"href":"https:\/\/capozzoinn.com\/fr\/wp-json\/wp\/v2\/users\/1"}],"replies":[{"embeddable":true,"href":"https:\/\/capozzoinn.com\/fr\/wp-json\/wp\/v2\/comments?post=4259"}],"version-history":[{"count":6,"href":"https:\/\/capozzoinn.com\/fr\/wp-json\/wp\/v2\/pages\/4259\/revisions"}],"predecessor-version":[{"id":4921,"href":"https:\/\/capozzoinn.com\/fr\/wp-json\/wp\/v2\/pages\/4259\/revisions\/4921"}],"wp:featuredmedia":[{"embeddable":true,"href":"https:\/\/capozzoinn.com\/fr\/wp-json\/wp\/v2\/media\/4254"}],"wp:attachment":[{"href":"https:\/\/capozzoinn.com\/fr\/wp-json\/wp\/v2\/media?parent=4259"}],"curies":[{"name":"wp","href":"https:\/\/api.w.org\/{rel}","templated":true}]}}