{"id":455,"date":"2025-01-09T16:17:20","date_gmt":"2025-01-09T16:17:20","guid":{"rendered":"https:\/\/staging.capozzoinn.com\/events\/su-e-zo-per-i-ponti\/"},"modified":"2025-06-24T07:24:34","modified_gmt":"2025-06-24T07:24:34","slug":"su-e-zo-per-i-ponti","status":"publish","type":"page","link":"https:\/\/capozzoinn.com\/fr\/evenements\/su-e-zo-per-i-ponti\/","title":{"rendered":"Su e Zo per i ponti"},"content":{"rendered":"\n<p><strong>Su e Zo per i ponti<\/strong>&nbsp;(litt\u00e9ralement \u00ab&nbsp;Monter et Descendre les ponts&nbsp;\u00bb) est une course de marche traditionnelle v\u00e9nitienne non comp\u00e9titive qui a eu lieu la premi\u00e8re fois \u00e0 Venise en 1975 en printemps.<\/p>\n\n\n\n<p>Chaque ann\u00e9e environ&nbsp; 10.000 personnes participent \u00e0 la course.<\/p>\n\n\n\n<p>L\u2019itin\u00e9raire principal est de 12 km et il a comme point de d\u00e9part et d\u2019arriv\u00e9e&nbsp; Place Saint-Marc, en face de Doge\u2019s Palace. Le trajet court est de 6 km et il a comme &nbsp;d\u00e9part et point d\u2019arriv\u00e9e la gare de Santa Lucia.<\/p>\n\n\n\n<p>Les partecipants \u00e0 la course suivent g\u00e9n\u00e9ralement un chemin, chaque ann\u00e9e diff\u00e9rent, qui les emm\u00e8ne \u00e0 travers les \u00ab&nbsp;calli&nbsp;\u00bb (les ruelles), i \u00ab&nbsp;campi&nbsp;\u00bb (les places) et les ponts. Un circuit qui traverse toute la Venise.<\/p>\n\n\n\n<p>Tout le monde peut se joindre \u00e0 la course, chaque personne de tout \u00e2ge, les familles, les \u00e9tudiants et les groupes sportifs. Il y a diff\u00e9rents chemins pour n\u2019importe quel \u00e2ge et le long du chemin a quelques points de rafra\u00eechissement aussi.<\/p>\n\n\n\n<p>L\u2019arriv\u00e9e se fait \u00e0 Place Saint-Marc o\u00f9 tous les partecipants re\u00e7oivent une m\u00e9daille en souvenir de l\u2019\u00e9v\u00e9nement. Les produits de la course sont revers\u00e9s \u00e0 des \u0153uvres caritatives.<\/p>\n\n\n\n<p>Pour plus d\u2019informations&nbsp;http:\/\/www.suezo.it<\/p>\n","protected":false},"excerpt":{"rendered":"<p>Su e Zo per i ponti&nbsp;(litt\u00e9ralement \u00ab&nbsp;Monter et Descendre les ponts&nbsp;\u00bb) est une course de marche traditionnelle v\u00e9nitienne non comp\u00e9titive qui a eu lieu la premi\u00e8re fois \u00e0 Venise en 1975 en printemps. Chaque ann\u00e9e environ&nbsp; 10.000 personnes participent \u00e0 la course. L\u2019itin\u00e9raire principal est de 12 km et il a comme point de d\u00e9part [&hellip;]<\/p>\n","protected":false},"author":1,"featured_media":434,"parent":288,"menu_order":0,"comment_status":"closed","ping_status":"closed","template":"templates\/lista-figlio.php","meta":{"_acf_changed":false,"footnotes":""},"class_list":["post-455","page","type-page","status-publish","has-post-thumbnail","hentry"],"acf":[],"_links":{"self":[{"href":"https:\/\/capozzoinn.com\/fr\/wp-json\/wp\/v2\/pages\/455","targetHints":{"allow":["GET"]}}],"collection":[{"href":"https:\/\/capozzoinn.com\/fr\/wp-json\/wp\/v2\/pages"}],"about":[{"href":"https:\/\/capozzoinn.com\/fr\/wp-json\/wp\/v2\/types\/page"}],"author":[{"embeddable":true,"href":"https:\/\/capozzoinn.com\/fr\/wp-json\/wp\/v2\/users\/1"}],"replies":[{"embeddable":true,"href":"https:\/\/capozzoinn.com\/fr\/wp-json\/wp\/v2\/comments?post=455"}],"version-history":[{"count":4,"href":"https:\/\/capozzoinn.com\/fr\/wp-json\/wp\/v2\/pages\/455\/revisions"}],"predecessor-version":[{"id":4674,"href":"https:\/\/capozzoinn.com\/fr\/wp-json\/wp\/v2\/pages\/455\/revisions\/4674"}],"up":[{"embeddable":true,"href":"https:\/\/capozzoinn.com\/fr\/wp-json\/wp\/v2\/pages\/288"}],"wp:featuredmedia":[{"embeddable":true,"href":"https:\/\/capozzoinn.com\/fr\/wp-json\/wp\/v2\/media\/434"}],"wp:attachment":[{"href":"https:\/\/capozzoinn.com\/fr\/wp-json\/wp\/v2\/media?parent=455"}],"curies":[{"name":"wp","href":"https:\/\/api.w.org\/{rel}","templated":true}]}}