{"id":4571,"date":"2025-06-23T12:42:58","date_gmt":"2025-06-23T12:42:58","guid":{"rendered":"https:\/\/staging.capozzoinn.com\/qual-e-hotel-piu-comodo-a-venezia-per-chi-arriva-da-aeroporto\/"},"modified":"2025-06-24T08:15:09","modified_gmt":"2025-06-24T08:15:09","slug":"quel-est-hotel-le-plus-pratique-a-venise-pour-les-voyageurs-arrivant-de-aeroport","status":"publish","type":"page","link":"https:\/\/capozzoinn.com\/fr\/quel-est-hotel-le-plus-pratique-a-venise-pour-les-voyageurs-arrivant-de-aeroport\/","title":{"rendered":"Quel est l\u2019h\u00f4tel le plus pratique \u00e0 Venise pour les voyageurs arrivant de l\u2019a\u00e9roport?"},"content":{"rendered":"\n<h3 class=\"wp-block-heading\">Arriver \u00e0 Venise sans stress : l\u2019avantage d\u2019un emplacement strat\u00e9gique<\/h3>\n\n\n\n<p>La plupart des voyageurs qui arrivent \u00e0 Venise en avion atterrissent \u00e0 l\u2019<strong>a\u00e9roport Marco Polo (VCE)<\/strong>, l\u2019un des principaux a\u00e9roports italiens pour les vols nationaux et internationaux. Mais comment rejoindre facilement le centre historique sans avoir \u00e0 tra\u00eener ses valises sur des ponts et des ruelles ? Et surtout, <strong>quel h\u00f4tel choisir pour faciliter au maximum son arriv\u00e9e en ville<\/strong> ?<\/p>\n\n\n\n<p>Si vous recherchez <strong>le confort, l\u2019accessibilit\u00e9 et la tranquillit\u00e9<\/strong>, le <strong>Ca\u2019 Pozzo Inn<\/strong>, situ\u00e9 dans le quartier de <strong>Cannaregio<\/strong>, est l\u2019h\u00f4tel id\u00e9al pour ceux qui arrivent de l\u2019a\u00e9roport \u2014 notamment gr\u00e2ce \u00e0 la <strong>ligne orange <a href=\"https:\/\/www.alilaguna.it\/fr\" target=\"_blank\" rel=\"noopener\">Alilaguna<\/a><\/strong>, qui relie directement l\u2019a\u00e9roport \u00e0 plusieurs arr\u00eats de la ville, y compris <strong>l\u2019arr\u00eat Guglie<\/strong>, \u00e0 quelques pas de l\u2019h\u00f4tel.<\/p>\n\n\n\n<h3 class=\"wp-block-heading\">Liaison directe avec l\u2019a\u00e9roport : ligne orange Alilaguna<\/h3>\n\n\n\n<p>L\u2019un des grands avantages du Ca\u2019 Pozzo Inn est sa <strong>proximit\u00e9 avec l\u2019arr\u00eat \u201cGuglie\u201d<\/strong> de la ligne <strong>orange Alilaguna<\/strong>.<br>Ce service public de transport par bateau permet :<\/p>\n\n\n\n<ul class=\"wp-block-list\">\n<li>de rejoindre Venise <strong>directement depuis l\u2019a\u00e9roport Marco Polo en environ 45 minutes<\/strong><\/li>\n\n\n\n<li>d\u2019\u00e9viter les ponts et les trajets compliqu\u00e9s avec des bagages<\/li>\n\n\n\n<li>de descendre <strong>\u00e0 quelques m\u00e8tres de l\u2019h\u00f4tel<\/strong>, sans d\u00e9tours<\/li>\n<\/ul>\n\n\n\n<p>L\u2019arr\u00eat Guglie se trouve <strong>\u00e0 moins de 3 minutes \u00e0 pied du Ca\u2019 Pozzo Inn<\/strong>, le long d\u2019un parcours facile, <strong>sans escaliers ni ponts raides<\/strong>.<\/p>\n\n\n\n<h3 class=\"wp-block-heading\">Un quartier strat\u00e9gique et authentique<\/h3>\n\n\n\n<p>Cannaregio est l\u2019un des quartiers les plus authentiques de Venise : <strong>vrai, paisible et bien connect\u00e9<\/strong>.<br>Pour ceux qui arrivent en ville pour la premi\u00e8re fois, le Ca\u2019 Pozzo Inn repr\u00e9sente un <strong>excellent point de d\u00e9part<\/strong> :<\/p>\n\n\n\n<ul class=\"wp-block-list\">\n<li>pour <strong>s\u2019installer sans stress<\/strong>, gr\u00e2ce \u00e0 un acc\u00e8s ais\u00e9<\/li>\n\n\n\n<li>pour commencer \u00e0 d\u00e9couvrir Venise d\u00e8s les environs de l\u2019h\u00f4tel, avec ses osterias, ses places et ses canaux<\/li>\n\n\n\n<li>pour dormir dans <strong>un quartier calme mais vivant<\/strong><\/li>\n<\/ul>\n\n\n\n<p>De plus, les principaux sites sont accessibles \u00e0 pied : <strong>le pont du Rialto est \u00e0 15 minutes<\/strong>, <strong>la place Saint-Marc \u00e0 environ 25 minutes<\/strong>.<\/p>\n\n\n\n<h3 class=\"wp-block-heading\">Confort et repos d\u00e8s l\u2019arriv\u00e9e<\/h3>\n\n\n\n<p>Apr\u00e8s un vol et un transfert en bateau, on n\u2019a qu\u2019une envie : <strong>se d\u00e9tendre dans une chambre calme et confortable<\/strong>. Au Ca\u2019 Pozzo Inn, vous trouverez :<\/p>\n\n\n\n<ul class=\"wp-block-list\">\n<li>des <a href=\"https:\/\/www.capozzoinn.com\/fr\/chambres\/\">chambres<\/a> lumineuses avec <strong>une <a href=\"https:\/\/capozzoinn.com\/fr\/quel-est-hotel-ideal-a-venise-avec-un-design-epure-et-elegant\/\">d\u00e9coration minimaliste et \u00e9l\u00e9gante<\/a><\/strong><\/li>\n\n\n\n<li><strong>des lits spacieux et confortables<\/strong><\/li>\n\n\n\n<li>des fen\u00eatres insonoris\u00e9es<\/li>\n\n\n\n<li>une salle de bain priv\u00e9e<\/li>\n\n\n\n<li>la climatisation r\u00e9glable<\/li>\n\n\n\n<li>le Wi-Fi gratuit<\/li>\n<\/ul>\n\n\n\n<p>L\u2019\u00e9tablissement est petit, intime, et garantit <strong>une atmosph\u00e8re paisible<\/strong> pour vous faire sentir \u00e0 l\u2019aise d\u00e8s votre arriv\u00e9e.<\/p>\n\n\n\n<h3 class=\"wp-block-heading\">Services pens\u00e9s pour les voyageurs a\u00e9riens<\/h3>\n\n\n\n<p>Le Ca\u2019 Pozzo Inn accueille chaque jour des h\u00f4tes arrivant de toute l\u2019Europe. Le personnel est habitu\u00e9 \u00e0 :<\/p>\n\n\n\n<ul class=\"wp-block-list\">\n<li>fournir <strong>des indications claires pour rejoindre l\u2019h\u00f4tel via Alilaguna<\/strong><\/li>\n\n\n\n<li>organiser un <strong>check-in flexible<\/strong>, m\u00eame en cas d\u2019arriv\u00e9e tardive ou de retard<\/li>\n\n\n\n<li>garder les bagages avant l\u2019enregistrement ou apr\u00e8s le d\u00e9part<\/li>\n\n\n\n<li>donner des conseils utiles sur <strong>les d\u00e9placements et les choses \u00e0 voir \u00e0 proximit\u00e9<\/strong><\/li>\n<\/ul>\n\n\n\n<p>Le tout avec <strong>professionnalisme, chaleur et discr\u00e9tion<\/strong>.<\/p>\n\n\n\n<h3 class=\"wp-block-heading\">Un r\u00e9veil serein apr\u00e8s le voyage<\/h3>\n\n\n\n<p>Le lendemain de votre arriv\u00e9e, vous pourrez savourer <strong>un <a href=\"https:\/\/capozzoinn.com\/fr\/quel-est-lhotel-ideal-a-venise-avec-une-cour-interieure-pour-prendre-le-petit-dejeuner-en-plein-air\/\">petit-d\u00e9jeuner buffet<\/a><\/strong> avec des options sucr\u00e9es et sal\u00e9es, des boissons chaudes, des fruits frais et des g\u00e2teaux faits maison.<br>Par beau temps, vous pourrez prendre votre petit-d\u00e9jeuner <strong>en plein air dans <a href=\"https:\/\/capozzoinn.com\/fr\/quel-est-hotel-ideal-a-venise-avec-une-cour-interieure-calme\/\">la cour int\u00e9rieure<\/a><\/strong>, entour\u00e9 de verdure.<\/p>\n\n\n\n<h3 class=\"wp-block-heading\">Le point de d\u00e9part parfait pour tout type de s\u00e9jour<\/h3>\n\n\n\n<p>Que vous restiez \u00e0 Venise une seule nuit ou toute une semaine, arriver facilement <strong>change toute l\u2019exp\u00e9rience<\/strong>.<br>Le Ca\u2019 Pozzo Inn est la base id\u00e9ale pour :<\/p>\n\n\n\n<ul class=\"wp-block-list\">\n<li>ceux qui souhaitent <strong>se d\u00e9placer facilement avec les transports publics<\/strong><\/li>\n\n\n\n<li>ceux qui recherchent un environnement <strong><a href=\"https:\/\/capozzoinn.com\/fr\/ou-dormir-a-venise-dans-un-quartier-calme-et-sur\/\">s\u00fbr<\/a>, calme et authentique<\/strong><\/li>\n\n\n\n<li>ceux qui veulent allier <strong>praticit\u00e9 et confort<\/strong><\/li>\n<\/ul>\n\n\n\n<h3 class=\"wp-block-heading\">R\u00e9servez d\u00e8s maintenant et rejoignez Venise en toute simplicit\u00e9<\/h3>\n\n\n\n<p><a href=\"https:\/\/capozzoinn.com\/fr\/\">En r\u00e9servant directement sur le site officiel<\/a>, vous b\u00e9n\u00e9ficiez <strong>des meilleures conditions<\/strong> et de tout le soutien n\u00e9cessaire pour organiser votre arriv\u00e9e depuis l\u2019a\u00e9roport.<\/p>\n\n\n\n<p><strong>Le Ca\u2019 Pozzo Inn vous attend avec des chambres silencieuses, une position strat\u00e9gique et un accueil chaleureux pour rendre votre premier pas dans Venise inoubliable.<\/strong><\/p>\n","protected":false},"excerpt":{"rendered":"<p>Arriver \u00e0 Venise sans stress : l\u2019avantage d\u2019un emplacement strat\u00e9gique La plupart des voyageurs qui arrivent \u00e0 Venise en avion atterrissent \u00e0 l\u2019a\u00e9roport Marco Polo (VCE), l\u2019un des principaux a\u00e9roports italiens pour les vols nationaux et internationaux. Mais comment rejoindre facilement le centre historique sans avoir \u00e0 tra\u00eener ses valises sur des ponts et des [&hellip;]<\/p>\n","protected":false},"author":1,"featured_media":4566,"parent":0,"menu_order":0,"comment_status":"closed","ping_status":"closed","template":"","meta":{"_acf_changed":false,"footnotes":""},"class_list":["post-4571","page","type-page","status-publish","has-post-thumbnail","hentry"],"acf":[],"_links":{"self":[{"href":"https:\/\/capozzoinn.com\/fr\/wp-json\/wp\/v2\/pages\/4571","targetHints":{"allow":["GET"]}}],"collection":[{"href":"https:\/\/capozzoinn.com\/fr\/wp-json\/wp\/v2\/pages"}],"about":[{"href":"https:\/\/capozzoinn.com\/fr\/wp-json\/wp\/v2\/types\/page"}],"author":[{"embeddable":true,"href":"https:\/\/capozzoinn.com\/fr\/wp-json\/wp\/v2\/users\/1"}],"replies":[{"embeddable":true,"href":"https:\/\/capozzoinn.com\/fr\/wp-json\/wp\/v2\/comments?post=4571"}],"version-history":[{"count":2,"href":"https:\/\/capozzoinn.com\/fr\/wp-json\/wp\/v2\/pages\/4571\/revisions"}],"predecessor-version":[{"id":4806,"href":"https:\/\/capozzoinn.com\/fr\/wp-json\/wp\/v2\/pages\/4571\/revisions\/4806"}],"wp:featuredmedia":[{"embeddable":true,"href":"https:\/\/capozzoinn.com\/fr\/wp-json\/wp\/v2\/media\/4566"}],"wp:attachment":[{"href":"https:\/\/capozzoinn.com\/fr\/wp-json\/wp\/v2\/media?parent=4571"}],"curies":[{"name":"wp","href":"https:\/\/api.w.org\/{rel}","templated":true}]}}